{"id":2280,"date":"2020-01-29T22:49:08","date_gmt":"2020-01-30T04:49:08","guid":{"rendered":"http:\/\/estateofmariafelix.com\/es\/?page_id=2280"},"modified":"2020-11-06T10:58:43","modified_gmt":"2020-11-06T16:58:43","slug":"the-prestige-of-a-name","status":"publish","type":"page","link":"https:\/\/estateofmariafelix.com\/en\/the-prestige-of-a-name\/","title":{"rendered":"THE PRESTIGE OF A NAME"},"content":{"rendered":"<p>[vc_row full_width=&#8221;stretch_row_content_no_spaces&#8221; css=&#8221;.vc_custom_1583288789533{background-color: #c8c1a2 !important;}&#8221;][vc_column el_class=&#8221;.el_prestigio_img&#8221;][vc_single_image image=&#8221;3343&#8243; img_size=&#8221;full&#8221;][\/vc_column][\/vc_row][vc_row full_width=&#8221;stretch_row_content_no_spaces&#8221; full_height=&#8221;yes&#8221; css=&#8221;.vc_custom_1580403953946{background-color: #f1d19b !important;}&#8221;][vc_column el_class=&#8221;ancho&#8221;][vc_column_text css_animation=&#8221;none&#8221; el_class=&#8221;el_prestigio&#8221;]<\/p>\n<p style=\"text-align: justify;\">Estate of Mar\u00eda F\u00e9lix is a Mexican company that promotes the exaltation of the image of Mar\u00eda F\u00e9lix, as well as a reflection of the cultural legacy that the diva built up throughout her life, a legacy that for years has made Mexicans proud, and one that is widely recognized, both inside and outside the country.<\/p>\n<p>[\/vc_column_text][\/vc_column][\/vc_row][vc_row full_width=&#8221;stretch_row_content_no_spaces&#8221;][vc_column][vc_single_image image=&#8221;3284&#8243; img_size=&#8221;full&#8221; alignment=&#8221;center&#8221; css_animation=&#8221;none&#8221;][\/vc_column][\/vc_row][vc_row full_width=&#8221;stretch_row_content_no_spaces&#8221; full_height=&#8221;yes&#8221; css=&#8221;.vc_custom_1580403823652{background-color: #c8c1a2 !important;}&#8221;][vc_column el_class=&#8221;ancho&#8221;][vc_column_text css_animation=&#8221;none&#8221; el_class=&#8221;el_prestigio&#8221;]<\/p>\n<p style=\"text-align: justify;\">Mar\u00eda F\u00e9lix is \u200b\u200ban endearing name that inspires admiration, mystery, passion. It is a characteristic icon of both urban and rural Mexico that forms part of our collective historical memory, which is why any interpretation, or adaptation, of its identity must be carried out with great care, whilst at the same time being faithful to the essence, memory and history of the name.<\/p>\n<p>[\/vc_column_text][\/vc_column][\/vc_row][vc_row full_width=&#8221;stretch_row_content_no_spaces&#8221;][vc_column][vc_single_image image=&#8221;3285&#8243; img_size=&#8221;full&#8221; alignment=&#8221;center&#8221; css_animation=&#8221;none&#8221;][\/vc_column][\/vc_row][vc_row full_width=&#8221;stretch_row_content_no_spaces&#8221; full_height=&#8221;yes&#8221; css=&#8221;.vc_custom_1580404762504{background-color: #c8c1a2 !important;}&#8221;][vc_column el_class=&#8221;ancho&#8221;][vc_column_text css_animation=&#8221;none&#8221; el_class=&#8221;el_prestigio&#8221; css=&#8221;.vc_custom_1604681874662{padding-top: 5% !important;padding-bottom: 5% !important;}&#8221;]<\/p>\n<p style=\"text-align: justify;\">The mission of Estate of Mar\u00eda F\u00e9lix is to project the extent of her image, as well as the real importance and relevance of the latter, showing its timelessness reflected in its unquestionable adaptability to the demands of today&#8217;s markets. Thus, we professionalize the name Mar\u00eda F\u00e9lix through its visual and conceptual identity, transforming it into a brand embodying all its advantages, obligations and rights.<\/p>\n<p style=\"text-align: justify;\">Interested investors can now make marketing plans taking into account some of the commercial items with availability for name use or trademark registration. For more detailed information, please click on the following link:<\/p>\n<p>[\/vc_column_text][vc_column_text css_animation=&#8221;none&#8221; css=&#8221;.vc_custom_1604681882614{padding-top: 50px !important;padding-bottom: 50px !important;}&#8221;]<\/p>\n<p style=\"text-align: center;\"><a style=\"text-align: center; margin-top: 50px; margin-bottom: 50px;\" href=\"http:\/\/estateofmariafelix.com\/en\/trademark-registration\/\"><button class=\"button_registro type1\"><br \/>\nTRADEMARK REGISTRATION<\/button><\/a><\/p>\n<p>[\/vc_column_text][\/vc_column][\/vc_row][vc_row full_width=&#8221;stretch_row_content_no_spaces&#8221;][vc_column][vc_single_image image=&#8221;3286&#8243; img_size=&#8221;full&#8221; alignment=&#8221;center&#8221; css_animation=&#8221;none&#8221;][\/vc_column][\/vc_row][vc_row full_width=&#8221;stretch_row_content_no_spaces&#8221; full_height=&#8221;yes&#8221; css=&#8221;.vc_custom_1580403953946{background-color: #f1d19b !important;}&#8221;][vc_column el_class=&#8221;ancho&#8221;][vc_column_text css_animation=&#8221;none&#8221; css=&#8221;.vc_custom_1604681907299{padding-top: 50px !important;padding-bottom: 50px !important;}&#8221; el_class=&#8221;el_prestigio&#8221;]<\/p>\n<p style=\"text-align: justify;\">We believe that Mar\u00eda F\u00e9lix can become a trend, an enduring brand in constant expansion. We are committed to continually strive in order to achieve the recognition of the significance of its past, its present and its future.<\/p>\n<p>[\/vc_column_text][vc_column_text css_animation=&#8221;none&#8221; css=&#8221;.vc_custom_1604681915291{padding-top: 50px !important;padding-bottom: 50px !important;}&#8221; el_class=&#8221;el_prestigio&#8221;]<\/p>\n<p style=\"outline: #bea98b solid 5px; outline-offset: 3px; text-align: justify; padding: 45px;\">We are well aware that at the heart of every brand lie both its purpose and its identity; that being assertive regarding its definition, management and representation are the deciding factors that will contribute to its future prosperity.<\/p>\n<p>[\/vc_column_text][\/vc_column][\/vc_row]<\/p>\n","protected":false},"excerpt":{"rendered":"<p>[vc_row full_width=&#8221;stretch_row_content_no_spaces&#8221; css=&#8221;.vc_custom_1583288789533{background-color: #c8c1a2 !important;}&#8221;][vc_column el_class=&#8221;.el_prestigio_img&#8221;][vc_single_image image=&#8221;3343&#8243; img_size=&#8221;full&#8221;][\/vc_column][\/vc_row][vc_row full_width=&#8221;stretch_row_content_no_spaces&#8221; full_height=&#8221;yes&#8221; css=&#8221;.vc_custom_1580403953946{background-color: #f1d19b !important;}&#8221;][vc_column el_class=&#8221;ancho&#8221;][vc_column_text css_animation=&#8221;none&#8221; el_class=&#8221;el_prestigio&#8221;] Estate of Mar\u00eda F\u00e9lix is a Mexican company that promotes the exaltation of the image of Mar\u00eda F\u00e9lix, as well as a reflection of the cultural legacy that the diva built up throughout her life, a legacy that for [&hellip;]<\/p>\n","protected":false},"author":2,"featured_media":0,"parent":0,"menu_order":0,"comment_status":"closed","ping_status":"closed","template":"visual-temlpate.php","meta":[],"yoast_head":"<!-- This site is optimized with the Yoast SEO plugin v17.1 - https:\/\/yoast.com\/wordpress\/plugins\/seo\/ -->\n<title>THE PRESTIGE OF A NAME - Mar\u00eda F\u00e9lix<\/title>\n<meta name=\"robots\" content=\"index, follow, max-snippet:-1, max-image-preview:large, max-video-preview:-1\" \/>\n<link rel=\"canonical\" href=\"https:\/\/estateofmariafelix.com\/en\/the-prestige-of-a-name\/\" \/>\n<meta property=\"og:locale\" content=\"en_US\" \/>\n<meta property=\"og:type\" content=\"article\" \/>\n<meta property=\"og:title\" content=\"THE PRESTIGE OF A NAME - Mar\u00eda F\u00e9lix\" \/>\n<meta property=\"og:description\" content=\"[vc_row full_width=&#8221;stretch_row_content_no_spaces&#8221; css=&#8221;.vc_custom_1583288789533{background-color: #c8c1a2 !important;}&#8221;][vc_column el_class=&#8221;.el_prestigio_img&#8221;][vc_single_image image=&#8221;3343&#8243; img_size=&#8221;full&#8221;][\/vc_column][\/vc_row][vc_row full_width=&#8221;stretch_row_content_no_spaces&#8221; full_height=&#8221;yes&#8221; css=&#8221;.vc_custom_1580403953946{background-color: #f1d19b !important;}&#8221;][vc_column el_class=&#8221;ancho&#8221;][vc_column_text css_animation=&#8221;none&#8221; el_class=&#8221;el_prestigio&#8221;] Estate of Mar\u00eda F\u00e9lix is a Mexican company that promotes the exaltation of the image of Mar\u00eda F\u00e9lix, as well as a reflection of the cultural legacy that the diva built up throughout her life, a legacy that for [&hellip;]\" \/>\n<meta property=\"og:url\" content=\"https:\/\/estateofmariafelix.com\/en\/the-prestige-of-a-name\/\" \/>\n<meta property=\"og:site_name\" content=\"Mar\u00eda F\u00e9lix\" \/>\n<meta property=\"article:modified_time\" content=\"2020-11-06T16:58:43+00:00\" \/>\n<meta name=\"twitter:card\" content=\"summary_large_image\" \/>\n<meta name=\"twitter:label1\" content=\"Est. reading time\" \/>\n\t<meta name=\"twitter:data1\" content=\"3 minutes\" \/>\n<script type=\"application\/ld+json\" class=\"yoast-schema-graph\">{\"@context\":\"https:\/\/schema.org\",\"@graph\":[{\"@type\":\"WebSite\",\"@id\":\"https:\/\/estateofmariafelix.com\/en\/#website\",\"url\":\"https:\/\/estateofmariafelix.com\/en\/\",\"name\":\"Mar\\u00eda F\\u00e9lix\",\"description\":\"Official Page\",\"potentialAction\":[{\"@type\":\"SearchAction\",\"target\":{\"@type\":\"EntryPoint\",\"urlTemplate\":\"https:\/\/estateofmariafelix.com\/en\/?s={search_term_string}\"},\"query-input\":\"required name=search_term_string\"}],\"inLanguage\":\"en-US\"},{\"@type\":\"WebPage\",\"@id\":\"https:\/\/estateofmariafelix.com\/en\/the-prestige-of-a-name\/#webpage\",\"url\":\"https:\/\/estateofmariafelix.com\/en\/the-prestige-of-a-name\/\",\"name\":\"THE PRESTIGE OF A NAME - Mar\\u00eda F\\u00e9lix\",\"isPartOf\":{\"@id\":\"https:\/\/estateofmariafelix.com\/en\/#website\"},\"datePublished\":\"2020-01-30T04:49:08+00:00\",\"dateModified\":\"2020-11-06T16:58:43+00:00\",\"breadcrumb\":{\"@id\":\"https:\/\/estateofmariafelix.com\/en\/the-prestige-of-a-name\/#breadcrumb\"},\"inLanguage\":\"en-US\",\"potentialAction\":[{\"@type\":\"ReadAction\",\"target\":[\"https:\/\/estateofmariafelix.com\/en\/the-prestige-of-a-name\/\"]}]},{\"@type\":\"BreadcrumbList\",\"@id\":\"https:\/\/estateofmariafelix.com\/en\/the-prestige-of-a-name\/#breadcrumb\",\"itemListElement\":[{\"@type\":\"ListItem\",\"position\":1,\"name\":\"Home\",\"item\":\"https:\/\/estateofmariafelix.com\/en\/\"},{\"@type\":\"ListItem\",\"position\":2,\"name\":\"THE PRESTIGE OF A NAME\"}]}]}<\/script>\n<!-- \/ Yoast SEO plugin. -->","yoast_head_json":{"title":"THE PRESTIGE OF A NAME - Mar\u00eda F\u00e9lix","robots":{"index":"index","follow":"follow","max-snippet":"max-snippet:-1","max-image-preview":"max-image-preview:large","max-video-preview":"max-video-preview:-1"},"canonical":"https:\/\/estateofmariafelix.com\/en\/the-prestige-of-a-name\/","og_locale":"en_US","og_type":"article","og_title":"THE PRESTIGE OF A NAME - Mar\u00eda F\u00e9lix","og_description":"[vc_row full_width=&#8221;stretch_row_content_no_spaces&#8221; css=&#8221;.vc_custom_1583288789533{background-color: #c8c1a2 !important;}&#8221;][vc_column el_class=&#8221;.el_prestigio_img&#8221;][vc_single_image image=&#8221;3343&#8243; img_size=&#8221;full&#8221;][\/vc_column][\/vc_row][vc_row full_width=&#8221;stretch_row_content_no_spaces&#8221; full_height=&#8221;yes&#8221; css=&#8221;.vc_custom_1580403953946{background-color: #f1d19b !important;}&#8221;][vc_column el_class=&#8221;ancho&#8221;][vc_column_text css_animation=&#8221;none&#8221; el_class=&#8221;el_prestigio&#8221;] Estate of Mar\u00eda F\u00e9lix is a Mexican company that promotes the exaltation of the image of Mar\u00eda F\u00e9lix, as well as a reflection of the cultural legacy that the diva built up throughout her life, a legacy that for [&hellip;]","og_url":"https:\/\/estateofmariafelix.com\/en\/the-prestige-of-a-name\/","og_site_name":"Mar\u00eda F\u00e9lix","article_modified_time":"2020-11-06T16:58:43+00:00","twitter_card":"summary_large_image","twitter_misc":{"Est. reading time":"3 minutes"},"schema":{"@context":"https:\/\/schema.org","@graph":[{"@type":"WebSite","@id":"https:\/\/estateofmariafelix.com\/en\/#website","url":"https:\/\/estateofmariafelix.com\/en\/","name":"Mar\u00eda F\u00e9lix","description":"Official Page","potentialAction":[{"@type":"SearchAction","target":{"@type":"EntryPoint","urlTemplate":"https:\/\/estateofmariafelix.com\/en\/?s={search_term_string}"},"query-input":"required name=search_term_string"}],"inLanguage":"en-US"},{"@type":"WebPage","@id":"https:\/\/estateofmariafelix.com\/en\/the-prestige-of-a-name\/#webpage","url":"https:\/\/estateofmariafelix.com\/en\/the-prestige-of-a-name\/","name":"THE PRESTIGE OF A NAME - Mar\u00eda F\u00e9lix","isPartOf":{"@id":"https:\/\/estateofmariafelix.com\/en\/#website"},"datePublished":"2020-01-30T04:49:08+00:00","dateModified":"2020-11-06T16:58:43+00:00","breadcrumb":{"@id":"https:\/\/estateofmariafelix.com\/en\/the-prestige-of-a-name\/#breadcrumb"},"inLanguage":"en-US","potentialAction":[{"@type":"ReadAction","target":["https:\/\/estateofmariafelix.com\/en\/the-prestige-of-a-name\/"]}]},{"@type":"BreadcrumbList","@id":"https:\/\/estateofmariafelix.com\/en\/the-prestige-of-a-name\/#breadcrumb","itemListElement":[{"@type":"ListItem","position":1,"name":"Home","item":"https:\/\/estateofmariafelix.com\/en\/"},{"@type":"ListItem","position":2,"name":"THE PRESTIGE OF A NAME"}]}]}},"_links":{"self":[{"href":"https:\/\/estateofmariafelix.com\/en\/wp-json\/wp\/v2\/pages\/2280"}],"collection":[{"href":"https:\/\/estateofmariafelix.com\/en\/wp-json\/wp\/v2\/pages"}],"about":[{"href":"https:\/\/estateofmariafelix.com\/en\/wp-json\/wp\/v2\/types\/page"}],"author":[{"embeddable":true,"href":"https:\/\/estateofmariafelix.com\/en\/wp-json\/wp\/v2\/users\/2"}],"replies":[{"embeddable":true,"href":"https:\/\/estateofmariafelix.com\/en\/wp-json\/wp\/v2\/comments?post=2280"}],"version-history":[{"count":65,"href":"https:\/\/estateofmariafelix.com\/en\/wp-json\/wp\/v2\/pages\/2280\/revisions"}],"predecessor-version":[{"id":3415,"href":"https:\/\/estateofmariafelix.com\/en\/wp-json\/wp\/v2\/pages\/2280\/revisions\/3415"}],"wp:attachment":[{"href":"https:\/\/estateofmariafelix.com\/en\/wp-json\/wp\/v2\/media?parent=2280"}],"curies":[{"name":"wp","href":"https:\/\/api.w.org\/{rel}","templated":true}]}}