{"id":2780,"date":"2020-02-21T22:48:19","date_gmt":"2020-02-22T04:48:19","guid":{"rendered":"http:\/\/estateofmariafelix.com\/es\/?page_id=2780"},"modified":"2021-03-08T22:30:24","modified_gmt":"2021-03-09T04:30:24","slug":"trademark-registration","status":"publish","type":"page","link":"https:\/\/estateofmariafelix.com\/en\/trademark-registration\/","title":{"rendered":"TRADEMARK REGISTRATION"},"content":{"rendered":"<p>[vc_row full_width=&#8221;stretch_row_content_no_spaces&#8221; full_height=&#8221;yes&#8221; columns_placement=&#8221;top&#8221; css=&#8221;.vc_custom_1583120233509{padding-bottom: 50px !important;background-color: #f1d19b !important;}&#8221; el_class=&#8221;ancho&#8221;][vc_column][vc_column_text css=&#8221;.vc_custom_1583473701931{margin-top: 50px !important;margin-bottom: 100px !important;}&#8221;]<\/p>\n<h1 style=\"text-align: center;\">TRADEMARK REGISTRATION<\/h1>\n<p>[\/vc_column_text][vc_column_text el_class=&#8221;el_prestigio&#8221;]<\/p>\n<p style=\"text-align: justify;\">The following brands and trademarks are the exclusive property of Fomento Social Mar\u00eda F\u00e9lix, A.C. If you are interested in obtaining a license for the use of any of them, please contact Estate of Mar\u00eda F\u00e9lix, S.A. de C.V., who is the sole representative of the Holder of trademark rights.<br \/>\nAny license granted by the Holder must be registered with the Mexican Institute of Industrial Property. In case of not complying with this requirement, said license will not be detrimental to third parties.<\/p>\n<p>[\/vc_column_text][vc_raw_html]JTNDZGl2JTIwc3R5bGUlM0QlMjJ0ZXh0LWFsaWduJTNBJTIwY2VudGVyJTNCJTIyJTNFJTBBJTNDdWwlMjBjbGFzcyUzRCUyMmxpc3RhLXJlZ2lzdHJvJTIyJTNFJTBBJTIwJTA5JTNDbGklMjBjbGFzcyUzRCUyMmxpc3RhLXJlZ2lzdHJvJTIyJTNFQWxjb2hvbGljJTIwYmV2ZXJhZ2VzJTNDJTJGbGklM0UlMEElMjAlMDklM0NsaSUyMGNsYXNzJTNEJTIybGlzdGEtcmVnaXN0cm8lMjIlM0VBcnQlMjBvYmplY3RzJTNDJTJGbGklM0UlMEElMjAlMDklM0NsaSUyMGNsYXNzJTNEJTIybGlzdGEtcmVnaXN0cm8lMjIlM0VCYXJzJTNDJTJGbGklM0UlMEElMjAlMDklM0NsaSUyMGNsYXNzJTNEJTIybGlzdGEtcmVnaXN0cm8lMjIlM0VCZXZlcmFnZXMlMjBhbmQlMjBwcmVwYXJlZCUyMGZvb2RzJTNDJTJGbGklM0UlMEElMjAlMDklM0NsaSUyMGNsYXNzJTNEJTIybGlzdGEtcmVnaXN0cm8lMjIlM0VDYXRlcmluZyUyMHNlcnZpY2VzJTNDJTJGbGklM0UlMEElMjAlMDklM0NsaSUyMGNsYXNzJTNEJTIybGlzdGEtcmVnaXN0cm8lMjIlM0VDbG90aGluZyUzQyUyRmxpJTNFJTBBJTIwJTA5JTNDbGklMjBjbGFzcyUzRCUyMmxpc3RhLXJlZ2lzdHJvJTIyJTNFQ29mZmVlaG91c2VzJTNDJTJGbGklM0UlMEElMjAlMDklM0NsaSUyMGNsYXNzJTNEJTIybGlzdGEtcmVnaXN0cm8lMjIlM0VDb3NtZXRpY3MlMjBhbmQlMjBkZW50aWZyaWNlcyUzQyUyRmxpJTNFJTBBJTIwJTA5JTNDbGklMjBjbGFzcyUzRCUyMmxpc3RhLXJlZ2lzdHJvJTIyJTNFRXNzZW50aWFsJTIwb2lscyUzQyUyRmxpJTNFJTBBJTNDbGklMjBjbGFzcyUzRCUyMmxpc3RhLXJlZ2lzdHJvJTIyJTNFRW50ZXJ0YWltZW50JTNDJTJGbGklM0UlMEElM0NsaSUyMGNsYXNzJTNEJTIybGlzdGEtcmVnaXN0cm8lMjIlM0VGaWxtcyUzQyUyRmxpJTNFJTBBJTIwJTA5JTNDbGklMjBjbGFzcyUzRCUyMmxpc3RhLXJlZ2lzdHJvJTIyJTNFRmFzaGlvbiUyMGRlc2lnbiUzQyUyRmxpJTNFJTBBJTIwJTA5JTNDbGklMjBjbGFzcyUzRCUyMmxpc3RhLXJlZ2lzdHJvJTIyJTNFRm9vZCUyMGFuZCUyMGRyaW5rcyUzQyUyRmxpJTNFJTBBJTIwJTA5JTNDbGklMjBjbGFzcyUzRCUyMmxpc3RhLXJlZ2lzdHJvJTIyJTNFRm9vdHdlYXIlM0MlMkZsaSUzRSUwQSUyMCUwOSUzQ2xpJTIwY2xhc3MlM0QlMjJsaXN0YS1yZWdpc3RybyUyMiUzRUZyYWdyYW5jZXMlM0MlMkZsaSUzRSUwQSUyMCUwOSUzQ2xpJTIwY2xhc3MlM0QlMjJsaXN0YS1yZWdpc3RybyUyMiUzRUZ1cm5pdHVyZSUyMGRlc2lnbiUzQyUyRmxpJTNFJTBBJTIwJTA5JTNDbGklMjBjbGFzcyUzRCUyMmxpc3RhLXJlZ2lzdHJvJTIyJTNFSGFpciUyMGR5ZWluZyUyMHByb2R1Y3RzJTNDJTJGbGklM0UlMEElMjAlMDklM0NsaSUyMGNsYXNzJTNEJTIybGlzdGEtcmVnaXN0cm8lMjIlM0VIYWlyJTIwbG90aW9ucyUzQyUyRmxpJTNFJTBBJTIwJTA5JTNDbGklMjBjbGFzcyUzRCUyMmxpc3RhLXJlZ2lzdHJvJTIyJTNFSGFpciUyMHN0eWxpbmclMjBwcm9kdWN0cyUzQyUyRmxpJTNFJTBBJTIwJTA5JTNDbGklMjBjbGFzcyUzRCUyMmxpc3RhLXJlZ2lzdHJvJTIyJTNFSG9zcGl0YWxpdHklMjBpbmR1c3RyeSUzQyUyRmxpJTNFJTBBJTIwJTA5JTNDbGklMjBjbGFzcyUzRCUyMmxpc3RhLXJlZ2lzdHJvJTIyJTNFSW5jZW5zZXMlM0MlMkZsaSUzRSUwQSUyMCUwOSUzQ2xpJTIwY2xhc3MlM0QlMjJsaXN0YS1yZWdpc3RybyUyMiUzRUludGVyaW9yJTIwZGVzaWduJTNDJTJGbGklM0UlMEElMjAlMDklM0NsaSUyMGNsYXNzJTNEJTIybGlzdGEtcmVnaXN0cm8lMjIlM0VKZXdlbHJ5JTNDJTJGbGklM0UlMEElMjAlMDklM0NsaSUyMGNsYXNzJTNEJTIybGlzdGEtcmVnaXN0cm8lMjIlM0VNYWtldXAlM0MlMkZsaSUzRSUwQSUyMCUwOSUzQ2xpJTIwY2xhc3MlM0QlMjJsaXN0YS1yZWdpc3RybyUyMiUzRU1pbGxpbmVyeSUyMGFuZCUyMGhlYWRnZWFyJTNDJTJGbGklM0UlMEElMjAlMDklM0NsaSUyMGNsYXNzJTNEJTIybGlzdGEtcmVnaXN0cm8lMjIlM0VNdXNlb2dyYXBoaWMlMjBkZXNpZ24lM0MlMkZsaSUzRSUwQSUyMCUwOSUzQ2xpJTIwY2xhc3MlM0QlMjJsaXN0YS1yZWdpc3RybyUyMiUzRU5haWwlMjBwb2xpc2glM0MlMkZsaSUzRSUwQSUyMCUwOSUzQ2xpJTIwY2xhc3MlM0QlMjJsaXN0YS1yZWdpc3RybyUyMiUzRVBlcmZ1bWVyeSUzQyUyRmxpJTNFJTBBJTIwJTA5JTNDbGklMjBjbGFzcyUzRCUyMmxpc3RhLXJlZ2lzdHJvJTIyJTNFUHJlY2lvdXMlMjBhbmQlMjBzZW1pLXByZWNpb3VzJTIwc3RvbmVzJTNDJTJGbGklM0UlMEElMjAlMDklM0NsaSUyMGNsYXNzJTNEJTIybGlzdGEtcmVnaXN0cm8lMjIlM0VQcmVjaW91cyUyMG1ldGFscyUyMGFuZCUyMHRoZWlyJTIwYWxsb3lzJTNDJTJGbGklM0UlMEElMjAlMDklM0NsaSUyMGNsYXNzJTNEJTIybGlzdGEtcmVnaXN0cm8lMjIlM0VQb3JjZWxhaW4lM0MlMkZsaSUzRSUwQSUyMCUwOSUzQ2xpJTIwY2xhc3MlM0QlMjJsaXN0YS1yZWdpc3RybyUyMiUzRVJlY2VwdGlvbnMlM0MlMkZsaSUzRSUwQSUyMCUwOSUzQ2xpJTIwY2xhc3MlM0QlMjJsaXN0YS1yZWdpc3RybyUyMiUzRVJlc3RhdXJhbnRzJTIwYW5kJTIwUHVicyUzQyUyRmxpJTNFJTBBJTIwJTA5JTNDbGklMjBjbGFzcyUzRCUyMmxpc3RhLXJlZ2lzdHJvJTIyJTNFU2hhbXBvb3MlM0MlMkZsaSUzRSUwQSUyMCUwOSUzQ2xpJTIwY2xhc3MlM0QlMjJsaXN0YS1yZWdpc3RybyUyMiUzRVNvYXBzJTNDJTJGbGklM0UlMEElMjAlMDklM0NsaSUyMGNsYXNzJTNEJTIybGlzdGEtcmVnaXN0cm8lMjIlM0VTdG9ja2luZ3MlM0MlMkZsaSUzRSUwQSUyMCUwOSUzQ2xpJTIwY2xhc3MlM0QlMjJsaXN0YS1yZWdpc3RybyUyMiUzRVRhYmxld2FyZSUzQyUyRmxpJTNFJTBBJTIwJTA5JTNDbGklMjBjbGFzcyUzRCUyMmxpc3RhLXJlZ2lzdHJvJTIyJTNFVGV4dGlsZSUyMGRlc2lnbiUzQyUyRmxpJTNFJTBBJTIwJTA5JTNDbGklMjBjbGFzcyUzRCUyMmxpc3RhLXJlZ2lzdHJvJTIyJTNFVmFjYXRpb24lMjBob21lcyUzQyUyRmxpJTNFJTBBJTIwJTA5JTNDbGklMjBjbGFzcyUzRCUyMmxpc3RhLXJlZ2lzdHJvJTIyJTNFV2F0Y2htYWtpbmclM0MlMkZsaSUzRSUwQSUyMCUwOSUzQ2xpJTIwY2xhc3MlM0QlMjJsaXN0YS1yZWdpc3RybyUyMiUzRVdpbmVzJTNDJTJGbGklM0UlMEElM0MlMkZ1bCUzRSUwQSUzQyUyRmRpdiUzRQ==[\/vc_raw_html][\/vc_column][\/vc_row]<\/p>\n","protected":false},"excerpt":{"rendered":"<p>[vc_row full_width=&#8221;stretch_row_content_no_spaces&#8221; full_height=&#8221;yes&#8221; columns_placement=&#8221;top&#8221; css=&#8221;.vc_custom_1583120233509{padding-bottom: 50px !important;background-color: #f1d19b !important;}&#8221; el_class=&#8221;ancho&#8221;][vc_column][vc_column_text css=&#8221;.vc_custom_1583473701931{margin-top: 50px !important;margin-bottom: 100px !important;}&#8221;] TRADEMARK REGISTRATION [\/vc_column_text][vc_column_text el_class=&#8221;el_prestigio&#8221;] The following brands and trademarks are the exclusive property of Fomento Social Mar\u00eda F\u00e9lix, A.C. If you are interested in obtaining a license for the use of any of them, please contact Estate of Mar\u00eda F\u00e9lix, [&hellip;]<\/p>\n","protected":false},"author":2,"featured_media":0,"parent":0,"menu_order":0,"comment_status":"closed","ping_status":"closed","template":"visual-temlpate.php","meta":[],"yoast_head":"<!-- This site is optimized with the Yoast SEO plugin v17.1 - https:\/\/yoast.com\/wordpress\/plugins\/seo\/ -->\n<title>TRADEMARK REGISTRATION - Mar\u00eda F\u00e9lix<\/title>\n<meta name=\"robots\" content=\"index, follow, max-snippet:-1, max-image-preview:large, max-video-preview:-1\" \/>\n<link rel=\"canonical\" href=\"https:\/\/estateofmariafelix.com\/en\/trademark-registration\/\" \/>\n<meta property=\"og:locale\" content=\"en_US\" \/>\n<meta property=\"og:type\" content=\"article\" \/>\n<meta property=\"og:title\" content=\"TRADEMARK REGISTRATION - Mar\u00eda F\u00e9lix\" \/>\n<meta property=\"og:description\" content=\"[vc_row full_width=&#8221;stretch_row_content_no_spaces&#8221; full_height=&#8221;yes&#8221; columns_placement=&#8221;top&#8221; css=&#8221;.vc_custom_1583120233509{padding-bottom: 50px !important;background-color: #f1d19b !important;}&#8221; el_class=&#8221;ancho&#8221;][vc_column][vc_column_text css=&#8221;.vc_custom_1583473701931{margin-top: 50px !important;margin-bottom: 100px !important;}&#8221;] TRADEMARK REGISTRATION [\/vc_column_text][vc_column_text el_class=&#8221;el_prestigio&#8221;] The following brands and trademarks are the exclusive property of Fomento Social Mar\u00eda F\u00e9lix, A.C. If you are interested in obtaining a license for the use of any of them, please contact Estate of Mar\u00eda F\u00e9lix, [&hellip;]\" \/>\n<meta property=\"og:url\" content=\"https:\/\/estateofmariafelix.com\/en\/trademark-registration\/\" \/>\n<meta property=\"og:site_name\" content=\"Mar\u00eda F\u00e9lix\" \/>\n<meta property=\"article:modified_time\" content=\"2021-03-09T04:30:24+00:00\" \/>\n<meta name=\"twitter:card\" content=\"summary_large_image\" \/>\n<meta name=\"twitter:label1\" content=\"Est. reading time\" \/>\n\t<meta name=\"twitter:data1\" content=\"2 minutes\" \/>\n<script type=\"application\/ld+json\" class=\"yoast-schema-graph\">{\"@context\":\"https:\/\/schema.org\",\"@graph\":[{\"@type\":\"WebSite\",\"@id\":\"https:\/\/estateofmariafelix.com\/en\/#website\",\"url\":\"https:\/\/estateofmariafelix.com\/en\/\",\"name\":\"Mar\\u00eda F\\u00e9lix\",\"description\":\"Official Page\",\"potentialAction\":[{\"@type\":\"SearchAction\",\"target\":{\"@type\":\"EntryPoint\",\"urlTemplate\":\"https:\/\/estateofmariafelix.com\/en\/?s={search_term_string}\"},\"query-input\":\"required name=search_term_string\"}],\"inLanguage\":\"en-US\"},{\"@type\":\"WebPage\",\"@id\":\"https:\/\/estateofmariafelix.com\/en\/trademark-registration\/#webpage\",\"url\":\"https:\/\/estateofmariafelix.com\/en\/trademark-registration\/\",\"name\":\"TRADEMARK REGISTRATION - Mar\\u00eda F\\u00e9lix\",\"isPartOf\":{\"@id\":\"https:\/\/estateofmariafelix.com\/en\/#website\"},\"datePublished\":\"2020-02-22T04:48:19+00:00\",\"dateModified\":\"2021-03-09T04:30:24+00:00\",\"breadcrumb\":{\"@id\":\"https:\/\/estateofmariafelix.com\/en\/trademark-registration\/#breadcrumb\"},\"inLanguage\":\"en-US\",\"potentialAction\":[{\"@type\":\"ReadAction\",\"target\":[\"https:\/\/estateofmariafelix.com\/en\/trademark-registration\/\"]}]},{\"@type\":\"BreadcrumbList\",\"@id\":\"https:\/\/estateofmariafelix.com\/en\/trademark-registration\/#breadcrumb\",\"itemListElement\":[{\"@type\":\"ListItem\",\"position\":1,\"name\":\"Home\",\"item\":\"https:\/\/estateofmariafelix.com\/en\/\"},{\"@type\":\"ListItem\",\"position\":2,\"name\":\"TRADEMARK REGISTRATION\"}]}]}<\/script>\n<!-- \/ Yoast SEO plugin. -->","yoast_head_json":{"title":"TRADEMARK REGISTRATION - Mar\u00eda F\u00e9lix","robots":{"index":"index","follow":"follow","max-snippet":"max-snippet:-1","max-image-preview":"max-image-preview:large","max-video-preview":"max-video-preview:-1"},"canonical":"https:\/\/estateofmariafelix.com\/en\/trademark-registration\/","og_locale":"en_US","og_type":"article","og_title":"TRADEMARK REGISTRATION - Mar\u00eda F\u00e9lix","og_description":"[vc_row full_width=&#8221;stretch_row_content_no_spaces&#8221; full_height=&#8221;yes&#8221; columns_placement=&#8221;top&#8221; css=&#8221;.vc_custom_1583120233509{padding-bottom: 50px !important;background-color: #f1d19b !important;}&#8221; el_class=&#8221;ancho&#8221;][vc_column][vc_column_text css=&#8221;.vc_custom_1583473701931{margin-top: 50px !important;margin-bottom: 100px !important;}&#8221;] TRADEMARK REGISTRATION [\/vc_column_text][vc_column_text el_class=&#8221;el_prestigio&#8221;] The following brands and trademarks are the exclusive property of Fomento Social Mar\u00eda F\u00e9lix, A.C. If you are interested in obtaining a license for the use of any of them, please contact Estate of Mar\u00eda F\u00e9lix, [&hellip;]","og_url":"https:\/\/estateofmariafelix.com\/en\/trademark-registration\/","og_site_name":"Mar\u00eda F\u00e9lix","article_modified_time":"2021-03-09T04:30:24+00:00","twitter_card":"summary_large_image","twitter_misc":{"Est. reading time":"2 minutes"},"schema":{"@context":"https:\/\/schema.org","@graph":[{"@type":"WebSite","@id":"https:\/\/estateofmariafelix.com\/en\/#website","url":"https:\/\/estateofmariafelix.com\/en\/","name":"Mar\u00eda F\u00e9lix","description":"Official Page","potentialAction":[{"@type":"SearchAction","target":{"@type":"EntryPoint","urlTemplate":"https:\/\/estateofmariafelix.com\/en\/?s={search_term_string}"},"query-input":"required name=search_term_string"}],"inLanguage":"en-US"},{"@type":"WebPage","@id":"https:\/\/estateofmariafelix.com\/en\/trademark-registration\/#webpage","url":"https:\/\/estateofmariafelix.com\/en\/trademark-registration\/","name":"TRADEMARK REGISTRATION - Mar\u00eda F\u00e9lix","isPartOf":{"@id":"https:\/\/estateofmariafelix.com\/en\/#website"},"datePublished":"2020-02-22T04:48:19+00:00","dateModified":"2021-03-09T04:30:24+00:00","breadcrumb":{"@id":"https:\/\/estateofmariafelix.com\/en\/trademark-registration\/#breadcrumb"},"inLanguage":"en-US","potentialAction":[{"@type":"ReadAction","target":["https:\/\/estateofmariafelix.com\/en\/trademark-registration\/"]}]},{"@type":"BreadcrumbList","@id":"https:\/\/estateofmariafelix.com\/en\/trademark-registration\/#breadcrumb","itemListElement":[{"@type":"ListItem","position":1,"name":"Home","item":"https:\/\/estateofmariafelix.com\/en\/"},{"@type":"ListItem","position":2,"name":"TRADEMARK REGISTRATION"}]}]}},"_links":{"self":[{"href":"https:\/\/estateofmariafelix.com\/en\/wp-json\/wp\/v2\/pages\/2780"}],"collection":[{"href":"https:\/\/estateofmariafelix.com\/en\/wp-json\/wp\/v2\/pages"}],"about":[{"href":"https:\/\/estateofmariafelix.com\/en\/wp-json\/wp\/v2\/types\/page"}],"author":[{"embeddable":true,"href":"https:\/\/estateofmariafelix.com\/en\/wp-json\/wp\/v2\/users\/2"}],"replies":[{"embeddable":true,"href":"https:\/\/estateofmariafelix.com\/en\/wp-json\/wp\/v2\/comments?post=2780"}],"version-history":[{"count":26,"href":"https:\/\/estateofmariafelix.com\/en\/wp-json\/wp\/v2\/pages\/2780\/revisions"}],"predecessor-version":[{"id":2921,"href":"https:\/\/estateofmariafelix.com\/en\/wp-json\/wp\/v2\/pages\/2780\/revisions\/2921"}],"wp:attachment":[{"href":"https:\/\/estateofmariafelix.com\/en\/wp-json\/wp\/v2\/media?parent=2780"}],"curies":[{"name":"wp","href":"https:\/\/api.w.org\/{rel}","templated":true}]}}