{"id":3071,"date":"2020-02-29T22:56:48","date_gmt":"2020-03-01T04:56:48","guid":{"rendered":"http:\/\/estateofmariafelix.com\/es\/?page_id=3071"},"modified":"2021-03-08T22:34:33","modified_gmt":"2021-03-09T04:34:33","slug":"maria-domains","status":"publish","type":"page","link":"https:\/\/estateofmariafelix.com\/en\/maria-domains\/","title":{"rendered":"MARIA S DOMAINS"},"content":{"rendered":"<p>[vc_row full_width=&#8221;stretch_row_content_no_spaces&#8221; css=&#8221;.vc_custom_1583291653242{background-color: #fbdd95 !important;}&#8221;][vc_column][vc_single_image image=&#8221;3196&#8243; img_size=&#8221;full&#8221; alignment=&#8221;center&#8221; el_class=&#8221;el_prestigio_img&#8221;][\/vc_column][\/vc_row][vc_row full_width=&#8221;stretch_row_content_no_spaces&#8221; full_height=&#8221;yes&#8221; el_class=&#8221;donde_esta_maria_1&#8243;][vc_column]<div class=\"banner-slider banner-slider2 \"><div class=\"wrap-item sv-slider \" data-item=\"1\" data-speed=\"\" data-itemres=\"\" data-animation=\"fade\" data-nav=\"banner-slider2\" data-prev=\"Prev\" data-next=\"Next\">[vc_single_image image=&#8221;3198&#8243; img_size=&#8221;full&#8221; alignment=&#8221;center&#8221; css_animation=&#8221;none&#8221; css=&#8221;.vc_custom_1604681954591{padding-top: 10% !important;padding-right: 10% !important;padding-bottom: 10% !important;padding-left: 10% !important;background-color: #ffffff !important;}&#8221;][vc_single_image image=&#8221;3328&#8243; img_size=&#8221;full&#8221; alignment=&#8221;center&#8221; css_animation=&#8221;none&#8221; css=&#8221;.vc_custom_1604681963364{padding-top: 10% !important;padding-right: 10% !important;padding-bottom: 10% !important;padding-left: 10% !important;background-color: #c8c1a2 !important;}&#8221;][vc_single_image image=&#8221;3329&#8243; img_size=&#8221;full&#8221; alignment=&#8221;center&#8221; css_animation=&#8221;none&#8221; css=&#8221;.vc_custom_1604681970777{padding-top: 10% !important;padding-right: 10% !important;padding-bottom: 10% !important;padding-left: 10% !important;background-color: #e9ccc1 !important;}&#8221;][vc_single_image image=&#8221;3330&#8243; img_size=&#8221;full&#8221; alignment=&#8221;center&#8221; css_animation=&#8221;none&#8221; css=&#8221;.vc_custom_1604681978083{padding-right: 5% !important;padding-left: 5% !important;background-color: #ffffff !important;}&#8221;][vc_column_text el_class=&#8221;el_prestigio&#8221;]<\/p>\n<div class=\"donde_puede_estar_maria_registro\">\n<h1 style=\"text-align: center;\">TRADEMARK REGISTRATION<\/h1>\n<p style=\"text-align: justify;\">The following brands and trademarks are the exclusive property of Fomento Social Mar\u00eda F\u00e9lix, A.C. If you are interested in obtaining a license for the use of any of them, please contact Estate of Mar\u00eda F\u00e9lix, S.A. de C.V., who is the sole representative of the Holder of trademark rights.<\/p>\n<p style=\"text-align: justify;\">Any license granted by the Holder must be registered with the Mexican Institute of Industrial Property. In case of not complying with this requirement, said license will not be detrimental to third parties.<\/p>\n<ul class=\"lista-registro\">\n<li class=\"lista-registro\">Alcoholic beverages<\/li>\n<li class=\"lista-registro\">Art objects<\/li>\n<li class=\"lista-registro\">Bars<\/li>\n<li class=\"lista-registro\">Beverages and prepared foods<\/li>\n<li class=\"lista-registro\">Catering services<\/li>\n<li class=\"lista-registro\">Clothing<\/li>\n<li class=\"lista-registro\">Coffeehouses<\/li>\n<li class=\"lista-registro\">Cosmetics and dentifrices<\/li>\n<li class=\"lista-registro\">Essential oils<\/li>\n<li>Entertainment<\/li>\n<li>Films<\/li>\n<li class=\"lista-registro\">Fashion design<\/li>\n<li class=\"lista-registro\">Food and drinks<\/li>\n<li class=\"lista-registro\">Footwear<\/li>\n<li class=\"lista-registro\">Fragrances<\/li>\n<li class=\"lista-registro\">Furniture design<\/li>\n<li class=\"lista-registro\">Hair dyeing products<\/li>\n<li class=\"lista-registro\">Hair lotions<\/li>\n<li class=\"lista-registro\">Hair styling products<\/li>\n<li class=\"lista-registro\">Hospitality industry<\/li>\n<li class=\"lista-registro\">Incenses<\/li>\n<li class=\"lista-registro\">Interior design<\/li>\n<li class=\"lista-registro\">Jewelry<\/li>\n<li class=\"lista-registro\">Makeup<\/li>\n<li class=\"lista-registro\">Millinery and headgear<\/li>\n<li class=\"lista-registro\">Museographic design<\/li>\n<li class=\"lista-registro\">Nail polish<\/li>\n<li class=\"lista-registro\">Perfumery<\/li>\n<li class=\"lista-registro\">Precious and semi-precious stones<\/li>\n<li class=\"lista-registro\">Precious metals and their alloys<\/li>\n<li class=\"lista-registro\">Porcelain<\/li>\n<li class=\"lista-registro\">Receptions<\/li>\n<li class=\"lista-registro\">Restaurants and Pubs<\/li>\n<li class=\"lista-registro\">Shampoos<\/li>\n<li class=\"lista-registro\">Soaps<\/li>\n<li class=\"lista-registro\">Stockings<\/li>\n<li class=\"lista-registro\">Tableware<\/li>\n<li class=\"lista-registro\">Textile design<\/li>\n<li class=\"lista-registro\">Vacation homes<\/li>\n<li class=\"lista-registro\">Watchmaking<\/li>\n<li class=\"lista-registro\">Wines<\/li>\n<\/ul>\n<\/div>\n<p>[\/vc_column_text]<\/div><\/div>[\/vc_column][\/vc_row][vc_row full_width=&#8221;stretch_row_content_no_spaces&#8221; full_height=&#8221;yes&#8221; el_class=&#8221;donde_esta_maria&#8221;][vc_column][vc_row_inner css=&#8221;.vc_custom_1583294690410{background-color: #ffffff !important;}&#8221;][vc_column_inner css=&#8221;.vc_custom_1583296290866{margin-top: 100px !important;margin-bottom: 100px !important;}&#8221;][vc_single_image image=&#8221;3243&#8243; img_size=&#8221;full&#8221; alignment=&#8221;center&#8221; css_animation=&#8221;none&#8221; css=&#8221;.vc_custom_1604681991034{background-color: #ffffff !important;}&#8221;][\/vc_column_inner][\/vc_row_inner][vc_row_inner css=&#8221;.vc_custom_1583294681676{background-color: #c8c1a2 !important;}&#8221;][vc_column_inner css=&#8221;.vc_custom_1583296297684{margin-top: 100px !important;margin-bottom: 100px !important;}&#8221;][vc_single_image image=&#8221;3331&#8243; img_size=&#8221;full&#8221;][\/vc_column_inner][\/vc_row_inner][vc_row_inner css=&#8221;.vc_custom_1583295526283{background-color: #e9ccc1 !important;}&#8221;][vc_column_inner css=&#8221;.vc_custom_1583296304338{margin-top: 100px !important;margin-bottom: 100px !important;}&#8221;][vc_single_image image=&#8221;3332&#8243; img_size=&#8221;full&#8221;][\/vc_column_inner][\/vc_row_inner][vc_row_inner css=&#8221;.vc_custom_1583294755196{background-color: #ffffff !important;}&#8221;][vc_column_inner css=&#8221;.vc_custom_1583457859509{margin-bottom: 70px !important;}&#8221;][vc_single_image image=&#8221;3333&#8243; img_size=&#8221;full&#8221;][\/vc_column_inner][\/vc_row_inner][vc_row_inner][vc_column_inner][vc_column_text el_class=&#8221;el_prestigio&#8221;]<\/p>\n<div class=\"donde_puede_estar_maria_registro\">\n<h1 style=\"text-align: center;\">TRADEMARK REGISTRATION<\/h1>\n<p style=\"text-align: justify;\">The following brands and trademarks are the exclusive property of Fomento Social Mar\u00eda F\u00e9lix, A.C. If you are interested in obtaining a license for the use of any of them, please contact Estate of Mar\u00eda F\u00e9lix, S.A. de C.V., who is the sole representative of the Holder of trademark rights.<\/p>\n<p style=\"text-align: justify;\">Any license granted by the Holder must be registered with the Mexican Institute of Industrial Property. In case of not complying with this requirement, said license will not be detrimental to third parties..<\/p>\n<ul class=\"lista-registro\">\n<li class=\"lista-registro\">Alcoholic beverages<\/li>\n<li class=\"lista-registro\">Art objects<\/li>\n<li class=\"lista-registro\">Bars<\/li>\n<li class=\"lista-registro\">Beverages and prepared foods<\/li>\n<li class=\"lista-registro\">Catering services<\/li>\n<li class=\"lista-registro\">Clothing<\/li>\n<li class=\"lista-registro\">Coffeehouses<\/li>\n<li class=\"lista-registro\">Cosmetics and dentifrices<\/li>\n<li class=\"lista-registro\">Essential oils<\/li>\n<li class=\"lista-registro\">Entertaiment<\/li>\n<li class=\"lista-registro\">Films<\/li>\n<li class=\"lista-registro\">Fashion design<\/li>\n<li class=\"lista-registro\">Food and drinks<\/li>\n<li class=\"lista-registro\">Footwear<\/li>\n<li class=\"lista-registro\">Fragrances<\/li>\n<li class=\"lista-registro\">Furniture design<\/li>\n<li class=\"lista-registro\">Hair dyeing products<\/li>\n<li class=\"lista-registro\">Hair lotions<\/li>\n<li class=\"lista-registro\">Hair styling products<\/li>\n<li class=\"lista-registro\">Hospitality industry<\/li>\n<li class=\"lista-registro\">Incenses<\/li>\n<li class=\"lista-registro\">Interior design<\/li>\n<li class=\"lista-registro\">Jewelry<\/li>\n<li class=\"lista-registro\">Makeup<\/li>\n<li class=\"lista-registro\">Millinery and headgear<\/li>\n<li class=\"lista-registro\">Museographic design<\/li>\n<li class=\"lista-registro\">Nail polish<\/li>\n<li class=\"lista-registro\">Perfumery<\/li>\n<li class=\"lista-registro\">Precious and semi-precious stones<\/li>\n<li class=\"lista-registro\">Precious metals and their alloys<\/li>\n<li class=\"lista-registro\">Porcelain<\/li>\n<li class=\"lista-registro\">Receptions<\/li>\n<li class=\"lista-registro\">Restaurants and Pubs<\/li>\n<li class=\"lista-registro\">Shampoos<\/li>\n<li class=\"lista-registro\">Soaps<\/li>\n<li class=\"lista-registro\">Stockings<\/li>\n<li class=\"lista-registro\">Tableware<\/li>\n<li class=\"lista-registro\">Textile design<\/li>\n<li class=\"lista-registro\">Vacation homes<\/li>\n<li class=\"lista-registro\">Watchmaking<\/li>\n<li class=\"lista-registro\">Wines<\/li>\n<\/ul>\n<\/div>\n<p>[\/vc_column_text][\/vc_column_inner][\/vc_row_inner][\/vc_column][\/vc_row]<\/p>\n","protected":false},"excerpt":{"rendered":"<p>[vc_row full_width=&#8221;stretch_row_content_no_spaces&#8221; css=&#8221;.vc_custom_1583291653242{background-color: #fbdd95 !important;}&#8221;][vc_column][vc_single_image image=&#8221;3196&#8243; img_size=&#8221;full&#8221; alignment=&#8221;center&#8221; el_class=&#8221;el_prestigio_img&#8221;][\/vc_column][\/vc_row][vc_row full_width=&#8221;stretch_row_content_no_spaces&#8221; full_height=&#8221;yes&#8221; el_class=&#8221;donde_esta_maria_1&#8243;][vc_column][\/vc_column][\/vc_row][vc_row full_width=&#8221;stretch_row_content_no_spaces&#8221; full_height=&#8221;yes&#8221; el_class=&#8221;donde_esta_maria&#8221;][vc_column][vc_row_inner css=&#8221;.vc_custom_1583294690410{background-color: #ffffff !important;}&#8221;][vc_column_inner css=&#8221;.vc_custom_1583296290866{margin-top: 100px !important;margin-bottom: 100px !important;}&#8221;][vc_single_image image=&#8221;3243&#8243; img_size=&#8221;full&#8221; alignment=&#8221;center&#8221; css_animation=&#8221;none&#8221; css=&#8221;.vc_custom_1604681991034{background-color: #ffffff !important;}&#8221;][\/vc_column_inner][\/vc_row_inner][vc_row_inner css=&#8221;.vc_custom_1583294681676{background-color: #c8c1a2 !important;}&#8221;][vc_column_inner css=&#8221;.vc_custom_1583296297684{margin-top: 100px !important;margin-bottom: 100px !important;}&#8221;][vc_single_image image=&#8221;3331&#8243; img_size=&#8221;full&#8221;][\/vc_column_inner][\/vc_row_inner][vc_row_inner css=&#8221;.vc_custom_1583295526283{background-color: #e9ccc1 !important;}&#8221;][vc_column_inner css=&#8221;.vc_custom_1583296304338{margin-top: 100px !important;margin-bottom: 100px !important;}&#8221;][vc_single_image image=&#8221;3332&#8243; img_size=&#8221;full&#8221;][\/vc_column_inner][\/vc_row_inner][vc_row_inner css=&#8221;.vc_custom_1583294755196{background-color: #ffffff !important;}&#8221;][vc_column_inner css=&#8221;.vc_custom_1583457859509{margin-bottom: 70px [&hellip;]<\/p>\n","protected":false},"author":2,"featured_media":0,"parent":0,"menu_order":0,"comment_status":"closed","ping_status":"closed","template":"visual-temlpate.php","meta":[],"yoast_head":"<!-- This site is optimized with the Yoast SEO plugin v17.1 - https:\/\/yoast.com\/wordpress\/plugins\/seo\/ -->\n<title>MARIA S DOMAINS - Mar\u00eda F\u00e9lix<\/title>\n<meta name=\"robots\" content=\"index, follow, max-snippet:-1, max-image-preview:large, max-video-preview:-1\" \/>\n<link rel=\"canonical\" href=\"https:\/\/estateofmariafelix.com\/en\/maria-domains\/\" \/>\n<meta property=\"og:locale\" content=\"en_US\" \/>\n<meta property=\"og:type\" content=\"article\" \/>\n<meta property=\"og:title\" content=\"MARIA S DOMAINS - Mar\u00eda F\u00e9lix\" \/>\n<meta property=\"og:description\" content=\"[vc_row full_width=&#8221;stretch_row_content_no_spaces&#8221; css=&#8221;.vc_custom_1583291653242{background-color: #fbdd95 !important;}&#8221;][vc_column][vc_single_image image=&#8221;3196&#8243; img_size=&#8221;full&#8221; alignment=&#8221;center&#8221; el_class=&#8221;el_prestigio_img&#8221;][\/vc_column][\/vc_row][vc_row full_width=&#8221;stretch_row_content_no_spaces&#8221; full_height=&#8221;yes&#8221; el_class=&#8221;donde_esta_maria_1&#8243;][vc_column][\/vc_column][\/vc_row][vc_row full_width=&#8221;stretch_row_content_no_spaces&#8221; full_height=&#8221;yes&#8221; el_class=&#8221;donde_esta_maria&#8221;][vc_column][vc_row_inner css=&#8221;.vc_custom_1583294690410{background-color: #ffffff !important;}&#8221;][vc_column_inner css=&#8221;.vc_custom_1583296290866{margin-top: 100px !important;margin-bottom: 100px !important;}&#8221;][vc_single_image image=&#8221;3243&#8243; img_size=&#8221;full&#8221; alignment=&#8221;center&#8221; css_animation=&#8221;none&#8221; css=&#8221;.vc_custom_1604681991034{background-color: #ffffff !important;}&#8221;][\/vc_column_inner][\/vc_row_inner][vc_row_inner css=&#8221;.vc_custom_1583294681676{background-color: #c8c1a2 !important;}&#8221;][vc_column_inner css=&#8221;.vc_custom_1583296297684{margin-top: 100px !important;margin-bottom: 100px !important;}&#8221;][vc_single_image image=&#8221;3331&#8243; img_size=&#8221;full&#8221;][\/vc_column_inner][\/vc_row_inner][vc_row_inner css=&#8221;.vc_custom_1583295526283{background-color: #e9ccc1 !important;}&#8221;][vc_column_inner css=&#8221;.vc_custom_1583296304338{margin-top: 100px !important;margin-bottom: 100px !important;}&#8221;][vc_single_image image=&#8221;3332&#8243; img_size=&#8221;full&#8221;][\/vc_column_inner][\/vc_row_inner][vc_row_inner css=&#8221;.vc_custom_1583294755196{background-color: #ffffff !important;}&#8221;][vc_column_inner css=&#8221;.vc_custom_1583457859509{margin-bottom: 70px [&hellip;]\" \/>\n<meta property=\"og:url\" content=\"https:\/\/estateofmariafelix.com\/en\/maria-domains\/\" \/>\n<meta property=\"og:site_name\" content=\"Mar\u00eda F\u00e9lix\" \/>\n<meta property=\"article:modified_time\" content=\"2021-03-09T04:34:33+00:00\" \/>\n<meta name=\"twitter:card\" content=\"summary_large_image\" \/>\n<meta name=\"twitter:label1\" content=\"Est. reading time\" \/>\n\t<meta name=\"twitter:data1\" content=\"4 minutes\" \/>\n<script type=\"application\/ld+json\" class=\"yoast-schema-graph\">{\"@context\":\"https:\/\/schema.org\",\"@graph\":[{\"@type\":\"WebSite\",\"@id\":\"https:\/\/estateofmariafelix.com\/en\/#website\",\"url\":\"https:\/\/estateofmariafelix.com\/en\/\",\"name\":\"Mar\\u00eda F\\u00e9lix\",\"description\":\"Official Page\",\"potentialAction\":[{\"@type\":\"SearchAction\",\"target\":{\"@type\":\"EntryPoint\",\"urlTemplate\":\"https:\/\/estateofmariafelix.com\/en\/?s={search_term_string}\"},\"query-input\":\"required name=search_term_string\"}],\"inLanguage\":\"en-US\"},{\"@type\":\"WebPage\",\"@id\":\"https:\/\/estateofmariafelix.com\/en\/maria-domains\/#webpage\",\"url\":\"https:\/\/estateofmariafelix.com\/en\/maria-domains\/\",\"name\":\"MARIA S DOMAINS - Mar\\u00eda F\\u00e9lix\",\"isPartOf\":{\"@id\":\"https:\/\/estateofmariafelix.com\/en\/#website\"},\"datePublished\":\"2020-03-01T04:56:48+00:00\",\"dateModified\":\"2021-03-09T04:34:33+00:00\",\"breadcrumb\":{\"@id\":\"https:\/\/estateofmariafelix.com\/en\/maria-domains\/#breadcrumb\"},\"inLanguage\":\"en-US\",\"potentialAction\":[{\"@type\":\"ReadAction\",\"target\":[\"https:\/\/estateofmariafelix.com\/en\/maria-domains\/\"]}]},{\"@type\":\"BreadcrumbList\",\"@id\":\"https:\/\/estateofmariafelix.com\/en\/maria-domains\/#breadcrumb\",\"itemListElement\":[{\"@type\":\"ListItem\",\"position\":1,\"name\":\"Home\",\"item\":\"https:\/\/estateofmariafelix.com\/en\/\"},{\"@type\":\"ListItem\",\"position\":2,\"name\":\"MARIA S DOMAINS\"}]}]}<\/script>\n<!-- \/ Yoast SEO plugin. -->","yoast_head_json":{"title":"MARIA S DOMAINS - Mar\u00eda F\u00e9lix","robots":{"index":"index","follow":"follow","max-snippet":"max-snippet:-1","max-image-preview":"max-image-preview:large","max-video-preview":"max-video-preview:-1"},"canonical":"https:\/\/estateofmariafelix.com\/en\/maria-domains\/","og_locale":"en_US","og_type":"article","og_title":"MARIA S DOMAINS - Mar\u00eda F\u00e9lix","og_description":"[vc_row full_width=&#8221;stretch_row_content_no_spaces&#8221; css=&#8221;.vc_custom_1583291653242{background-color: #fbdd95 !important;}&#8221;][vc_column][vc_single_image image=&#8221;3196&#8243; img_size=&#8221;full&#8221; alignment=&#8221;center&#8221; el_class=&#8221;el_prestigio_img&#8221;][\/vc_column][\/vc_row][vc_row full_width=&#8221;stretch_row_content_no_spaces&#8221; full_height=&#8221;yes&#8221; el_class=&#8221;donde_esta_maria_1&#8243;][vc_column][\/vc_column][\/vc_row][vc_row full_width=&#8221;stretch_row_content_no_spaces&#8221; full_height=&#8221;yes&#8221; el_class=&#8221;donde_esta_maria&#8221;][vc_column][vc_row_inner css=&#8221;.vc_custom_1583294690410{background-color: #ffffff !important;}&#8221;][vc_column_inner css=&#8221;.vc_custom_1583296290866{margin-top: 100px !important;margin-bottom: 100px !important;}&#8221;][vc_single_image image=&#8221;3243&#8243; img_size=&#8221;full&#8221; alignment=&#8221;center&#8221; css_animation=&#8221;none&#8221; css=&#8221;.vc_custom_1604681991034{background-color: #ffffff !important;}&#8221;][\/vc_column_inner][\/vc_row_inner][vc_row_inner css=&#8221;.vc_custom_1583294681676{background-color: #c8c1a2 !important;}&#8221;][vc_column_inner css=&#8221;.vc_custom_1583296297684{margin-top: 100px !important;margin-bottom: 100px !important;}&#8221;][vc_single_image image=&#8221;3331&#8243; img_size=&#8221;full&#8221;][\/vc_column_inner][\/vc_row_inner][vc_row_inner css=&#8221;.vc_custom_1583295526283{background-color: #e9ccc1 !important;}&#8221;][vc_column_inner css=&#8221;.vc_custom_1583296304338{margin-top: 100px !important;margin-bottom: 100px !important;}&#8221;][vc_single_image image=&#8221;3332&#8243; img_size=&#8221;full&#8221;][\/vc_column_inner][\/vc_row_inner][vc_row_inner css=&#8221;.vc_custom_1583294755196{background-color: #ffffff !important;}&#8221;][vc_column_inner css=&#8221;.vc_custom_1583457859509{margin-bottom: 70px [&hellip;]","og_url":"https:\/\/estateofmariafelix.com\/en\/maria-domains\/","og_site_name":"Mar\u00eda F\u00e9lix","article_modified_time":"2021-03-09T04:34:33+00:00","twitter_card":"summary_large_image","twitter_misc":{"Est. reading time":"4 minutes"},"schema":{"@context":"https:\/\/schema.org","@graph":[{"@type":"WebSite","@id":"https:\/\/estateofmariafelix.com\/en\/#website","url":"https:\/\/estateofmariafelix.com\/en\/","name":"Mar\u00eda F\u00e9lix","description":"Official Page","potentialAction":[{"@type":"SearchAction","target":{"@type":"EntryPoint","urlTemplate":"https:\/\/estateofmariafelix.com\/en\/?s={search_term_string}"},"query-input":"required name=search_term_string"}],"inLanguage":"en-US"},{"@type":"WebPage","@id":"https:\/\/estateofmariafelix.com\/en\/maria-domains\/#webpage","url":"https:\/\/estateofmariafelix.com\/en\/maria-domains\/","name":"MARIA S DOMAINS - Mar\u00eda F\u00e9lix","isPartOf":{"@id":"https:\/\/estateofmariafelix.com\/en\/#website"},"datePublished":"2020-03-01T04:56:48+00:00","dateModified":"2021-03-09T04:34:33+00:00","breadcrumb":{"@id":"https:\/\/estateofmariafelix.com\/en\/maria-domains\/#breadcrumb"},"inLanguage":"en-US","potentialAction":[{"@type":"ReadAction","target":["https:\/\/estateofmariafelix.com\/en\/maria-domains\/"]}]},{"@type":"BreadcrumbList","@id":"https:\/\/estateofmariafelix.com\/en\/maria-domains\/#breadcrumb","itemListElement":[{"@type":"ListItem","position":1,"name":"Home","item":"https:\/\/estateofmariafelix.com\/en\/"},{"@type":"ListItem","position":2,"name":"MARIA S DOMAINS"}]}]}},"_links":{"self":[{"href":"https:\/\/estateofmariafelix.com\/en\/wp-json\/wp\/v2\/pages\/3071"}],"collection":[{"href":"https:\/\/estateofmariafelix.com\/en\/wp-json\/wp\/v2\/pages"}],"about":[{"href":"https:\/\/estateofmariafelix.com\/en\/wp-json\/wp\/v2\/types\/page"}],"author":[{"embeddable":true,"href":"https:\/\/estateofmariafelix.com\/en\/wp-json\/wp\/v2\/users\/2"}],"replies":[{"embeddable":true,"href":"https:\/\/estateofmariafelix.com\/en\/wp-json\/wp\/v2\/comments?post=3071"}],"version-history":[{"count":59,"href":"https:\/\/estateofmariafelix.com\/en\/wp-json\/wp\/v2\/pages\/3071\/revisions"}],"predecessor-version":[{"id":3455,"href":"https:\/\/estateofmariafelix.com\/en\/wp-json\/wp\/v2\/pages\/3071\/revisions\/3455"}],"wp:attachment":[{"href":"https:\/\/estateofmariafelix.com\/en\/wp-json\/wp\/v2\/media?parent=3071"}],"curies":[{"name":"wp","href":"https:\/\/api.w.org\/{rel}","templated":true}]}}