{"id":3464,"date":"2021-05-13T19:31:35","date_gmt":"2021-05-14T01:31:35","guid":{"rendered":"https:\/\/estateofmariafelix.com\/en\/?page_id=3464"},"modified":"2021-05-13T19:32:09","modified_gmt":"2021-05-14T01:32:09","slug":"marias-world-2","status":"publish","type":"page","link":"https:\/\/estateofmariafelix.com\/en\/marias-world-2\/","title":{"rendered":"MAR\u00cdA\u2019S WORLD 2"},"content":{"rendered":"<p>[vc_row full_width=&#8221;stretch_row_content_no_spaces&#8221; css=&#8221;.vc_custom_1583291511252{background-color: #97bda1 !important;}&#8221;][vc_column width=&#8221;1\/6&#8243;][\/vc_column][vc_column width=&#8221;2\/3&#8243;][vc_column_text]<\/p>\n<h1 style=\"text-align: center;\"><b>CMG Worldwide Announces its Representation of Cinematic Icons, Mar\u00eda F\u00e9lix and Clark Gable.<\/b><\/h1>\n<p><img loading=\"lazy\" class=\"aligncenter wp-image-3465 size-full\" src=\"https:\/\/estateofmariafelix.com\/en\/wp-content\/uploads\/2021\/05\/unnamed-2.png\" alt=\"\" width=\"1000\" height=\"562\" srcset=\"https:\/\/estateofmariafelix.com\/en\/wp-content\/uploads\/2021\/05\/unnamed-2.png 1000w, https:\/\/estateofmariafelix.com\/en\/wp-content\/uploads\/2021\/05\/unnamed-2-600x337.png 600w, https:\/\/estateofmariafelix.com\/en\/wp-content\/uploads\/2021\/05\/unnamed-2-300x169.png 300w, https:\/\/estateofmariafelix.com\/en\/wp-content\/uploads\/2021\/05\/unnamed-2-768x432.png 768w\" sizes=\"(max-width: 1000px) 100vw, 1000px\" \/><\/p>\n<p>&nbsp;<\/p>\n<p style=\"font-size: 18px;\">CMG Worldwide is pleased to announce its representation of the two cinematic legends, Mar\u00eda F\u00e9lix and Clark Gable.<\/p>\n<p style=\"font-size: 18px;\">Mar\u00eda de los \u00c1ngeles F\u00e9lix G\u00fcere\u00f1a, known as Mar\u00eda F\u00e9lix, is undoubtedly the most famous Mexican actress. From the Golden Era of Mexican cinematography, Mar\u00eda F\u00e9lix is widely known to many as \u2018the most beautiful face in the history of Mexican cinema.\u201d Her impeccable taste for luxury and strong personality garnered her the title of \u201cdiva\u201d in her early career. F\u00e9lix was best known for her role in the film, Do\u00f1a B\u00e1rbara, where she donned the character of a strong woman who went beyond the traditional roles of Latin American women. F\u00e9lix\u2019s performance was so powerful that she became known as \u201cLa Do\u00f1a\u201d in honor of her unforgettable character. In addition, F\u00e9lix understood the strength of her star power and intentionally engaged it to speak up in Mexican national media toward important causes, including: female empowerment and women equality; indigenous rights; and the importance of preserving historical architecture in Mexico City. Today, despite the incredible work she did for her country, her influence and prominence spans far beyond Mexico to Latin America, Spain, Italy, and France.<\/p>\n<p><b>\u00a0<\/b><\/p>\n<p style=\"font-size: 18px;\">American film actor, William Clark Gable, is often referred to many as \u201cThe King of Hollywood\u201d or simply, \u201cThe King.\u201d Over the course of his 37 year career, Gable played roles in more than 60 motion pictures across various genres. Gable\u2019s masculine charm and magnetic performances quickly solidified his stature as a cinematic icon. Gable won an Academy Award for his role in Frank Capra\u2019s, \u201cIt Happened One Night\u201d (1934), captured audiences in \u201cMutiny on the Bounty\u201d (1935), and received tremendous success as Rhett Butler in the historical film, \u201cGone with the Wind\u201d (1939). Indeed, Gable\u2019s iconic delivery of the classical film\u2019s line, \u201cFrankly, my dear, I don\u2019t give a damn,\u201d is one of the most famous quotes in the history of cinema. Among other well known pictures, Gable appeared in films such as \u201cHell Divers,\u201d \u201cStrange Interlude,\u201d \u201cThe Hucksters,\u201d and \u201cToo Hot to Handle.\u201d For this and many of his other accomplishments, Gable has been regarded by the American Film Institute as the seventh greatest male actor of American cinema.<\/p>\n<p>&nbsp;<\/p>\n<p style=\"font-size: 18px;\">Together, CMG along with the estates of Mar\u00eda F\u00e9lix and Clark Gable look forward to preserving the image and legacy of these iconic personalities. In doing so, both personalities will be positioned to future generations with the same captivating charm and strength they exemplified through their lives and careers. CMG represents over 250+ sports, music, historical, and entertainment personalities, including Maya Angelou, James Dean, Rosa Parks, Neil Armstrong, and Amelia Earhart, among various others. For more information on CMG Worldwide, Mar\u00eda F\u00e9lix, and Clark Gable please visit<a href=\"https:\/\/cmgworldwide478.lt.acemlnc.com\/Prod\/link-tracker?notrack=1&amp;redirectUrl=aHR0cCUzQSUyRiUyRnd3dy5jbWd3b3JsZHdpZGUuY29tJTJGJTNGdXRtX3NvdXJjZSUzREFjdGl2ZUNhbXBhaWduJTI2dXRtX21lZGl1bSUzRGVtYWlsJTI2dXRtX2NvbnRlbnQlM0RDTUclMkJXb3JsZHdpZGUlMkJBbm5vdW5jZXMlMkJpdHMlMkJSZXByZXNlbnRhdGlvbiUyQm9mJTJCQ2luZW1hdGljJTJCSWNvbnMlMjUyQyUyQk1hciUyNUMzJTI1QURhJTJCRiUyNUMzJTI1QTlsaXglMkJhbmQlMkJDbGFyayUyQkdhYmxlJTI2dXRtX2NhbXBhaWduJTNEMDUlMkIwNyUyQjIxJTJCLSUyQk1hcmlhJTJCRmVsaXglMkIlMkIlMkJDbGFyayUyQkdhYmxlJTJCUHJlc3MlMkJSZWxlYXNlJTJCJTI1MjhDb3B5JTI1Mjk=&amp;a=251740499&amp;account=cmgworldwide478%2Eactivehosted%2Ecom&amp;email=NrlsQ3kCsUSYacIiYooCiRiMhkR4wzuLarB5EQuI%2FU8%3D&amp;s=d2FsdGVyQGVzdGF0ZW9mbWFyaWFmZWxpeC5jb20=&amp;i=555A550A15A18672\" target=\"_blank\" rel=\"noopener noreferrer\" data-saferedirecturl=\"https:\/\/www.google.com\/url?q=https:\/\/cmgworldwide478.lt.acemlnc.com\/Prod\/link-tracker?notrack%3D1%26redirectUrl%3DaHR0cCUzQSUyRiUyRnd3dy5jbWd3b3JsZHdpZGUuY29tJTJGJTNGdXRtX3NvdXJjZSUzREFjdGl2ZUNhbXBhaWduJTI2dXRtX21lZGl1bSUzRGVtYWlsJTI2dXRtX2NvbnRlbnQlM0RDTUclMkJXb3JsZHdpZGUlMkJBbm5vdW5jZXMlMkJpdHMlMkJSZXByZXNlbnRhdGlvbiUyQm9mJTJCQ2luZW1hdGljJTJCSWNvbnMlMjUyQyUyQk1hciUyNUMzJTI1QURhJTJCRiUyNUMzJTI1QTlsaXglMkJhbmQlMkJDbGFyayUyQkdhYmxlJTI2dXRtX2NhbXBhaWduJTNEMDUlMkIwNyUyQjIxJTJCLSUyQk1hcmlhJTJCRmVsaXglMkIlMkIlMkJDbGFyayUyQkdhYmxlJTJCUHJlc3MlMkJSZWxlYXNlJTJCJTI1MjhDb3B5JTI1Mjk%3D%26a%3D251740499%26account%3Dcmgworldwide478%252Eactivehosted%252Ecom%26email%3DNrlsQ3kCsUSYacIiYooCiRiMhkR4wzuLarB5EQuI%252FU8%253D%26s%3Dd2FsdGVyQGVzdGF0ZW9mbWFyaWFmZWxpeC5jb20%3D%26i%3D555A550A15A18672&amp;source=gmail&amp;ust=1621041316059000&amp;usg=AFQjCNFqbLUVl8fFM04qijKrhf7KSXKQ3w\">\u00a0www.cmgworldwide.com<\/a>.<\/p>\n<p>[\/vc_column_text][vc_btn title=&#8221;More info&#8221; shape=&#8221;square&#8221; align=&#8221;center&#8221; link=&#8221;url:https%3A%2F%2Fwww.cmgworldwide.com%2Fmaria-felix%2F||target:%20_blank|rel:nofollow&#8221;][\/vc_column][vc_column width=&#8221;1\/6&#8243;][\/vc_column][\/vc_row]<\/p>\n","protected":false},"excerpt":{"rendered":"<p>[vc_row full_width=&#8221;stretch_row_content_no_spaces&#8221; css=&#8221;.vc_custom_1583291511252{background-color: #97bda1 !important;}&#8221;][vc_column width=&#8221;1\/6&#8243;][\/vc_column][vc_column width=&#8221;2\/3&#8243;][vc_column_text] CMG Worldwide Announces its Representation of Cinematic Icons, Mar\u00eda F\u00e9lix and Clark Gable. &nbsp; CMG Worldwide is pleased to announce its representation of the two cinematic legends, Mar\u00eda F\u00e9lix and Clark Gable. Mar\u00eda de los \u00c1ngeles F\u00e9lix G\u00fcere\u00f1a, known as Mar\u00eda F\u00e9lix, is undoubtedly the most famous Mexican [&hellip;]<\/p>\n","protected":false},"author":2,"featured_media":0,"parent":0,"menu_order":0,"comment_status":"closed","ping_status":"closed","template":"visual-temlpate.php","meta":[],"yoast_head":"<!-- This site is optimized with the Yoast SEO plugin v17.1 - https:\/\/yoast.com\/wordpress\/plugins\/seo\/ -->\n<title>MAR\u00cdA\u2019S WORLD 2 - Mar\u00eda F\u00e9lix<\/title>\n<meta name=\"robots\" content=\"index, follow, max-snippet:-1, max-image-preview:large, max-video-preview:-1\" \/>\n<link rel=\"canonical\" href=\"https:\/\/estateofmariafelix.com\/en\/marias-world-2\/\" \/>\n<meta property=\"og:locale\" content=\"en_US\" \/>\n<meta property=\"og:type\" content=\"article\" \/>\n<meta property=\"og:title\" content=\"MAR\u00cdA\u2019S WORLD 2 - Mar\u00eda F\u00e9lix\" \/>\n<meta property=\"og:description\" content=\"[vc_row full_width=&#8221;stretch_row_content_no_spaces&#8221; css=&#8221;.vc_custom_1583291511252{background-color: #97bda1 !important;}&#8221;][vc_column width=&#8221;1\/6&#8243;][\/vc_column][vc_column width=&#8221;2\/3&#8243;][vc_column_text] CMG Worldwide Announces its Representation of Cinematic Icons, Mar\u00eda F\u00e9lix and Clark Gable. &nbsp; CMG Worldwide is pleased to announce its representation of the two cinematic legends, Mar\u00eda F\u00e9lix and Clark Gable. Mar\u00eda de los \u00c1ngeles F\u00e9lix G\u00fcere\u00f1a, known as Mar\u00eda F\u00e9lix, is undoubtedly the most famous Mexican [&hellip;]\" \/>\n<meta property=\"og:url\" content=\"https:\/\/estateofmariafelix.com\/en\/marias-world-2\/\" \/>\n<meta property=\"og:site_name\" content=\"Mar\u00eda F\u00e9lix\" \/>\n<meta property=\"article:modified_time\" content=\"2021-05-14T01:32:09+00:00\" \/>\n<meta property=\"og:image\" content=\"https:\/\/estateofmariafelix.com\/en\/wp-content\/uploads\/2021\/05\/unnamed-2.png\" \/>\n<meta name=\"twitter:card\" content=\"summary_large_image\" \/>\n<meta name=\"twitter:label1\" content=\"Est. reading time\" \/>\n\t<meta name=\"twitter:data1\" content=\"3 minutes\" \/>\n<script type=\"application\/ld+json\" class=\"yoast-schema-graph\">{\"@context\":\"https:\/\/schema.org\",\"@graph\":[{\"@type\":\"WebSite\",\"@id\":\"https:\/\/estateofmariafelix.com\/en\/#website\",\"url\":\"https:\/\/estateofmariafelix.com\/en\/\",\"name\":\"Mar\\u00eda F\\u00e9lix\",\"description\":\"Official Page\",\"potentialAction\":[{\"@type\":\"SearchAction\",\"target\":{\"@type\":\"EntryPoint\",\"urlTemplate\":\"https:\/\/estateofmariafelix.com\/en\/?s={search_term_string}\"},\"query-input\":\"required name=search_term_string\"}],\"inLanguage\":\"en-US\"},{\"@type\":\"ImageObject\",\"@id\":\"https:\/\/estateofmariafelix.com\/en\/marias-world-2\/#primaryimage\",\"inLanguage\":\"en-US\",\"url\":\"https:\/\/estateofmariafelix.com\/en\/wp-content\/uploads\/2021\/05\/unnamed-2.png\",\"contentUrl\":\"https:\/\/estateofmariafelix.com\/en\/wp-content\/uploads\/2021\/05\/unnamed-2.png\",\"width\":1000,\"height\":562},{\"@type\":\"WebPage\",\"@id\":\"https:\/\/estateofmariafelix.com\/en\/marias-world-2\/#webpage\",\"url\":\"https:\/\/estateofmariafelix.com\/en\/marias-world-2\/\",\"name\":\"MAR\\u00cdA\\u2019S WORLD 2 - Mar\\u00eda F\\u00e9lix\",\"isPartOf\":{\"@id\":\"https:\/\/estateofmariafelix.com\/en\/#website\"},\"primaryImageOfPage\":{\"@id\":\"https:\/\/estateofmariafelix.com\/en\/marias-world-2\/#primaryimage\"},\"datePublished\":\"2021-05-14T01:31:35+00:00\",\"dateModified\":\"2021-05-14T01:32:09+00:00\",\"breadcrumb\":{\"@id\":\"https:\/\/estateofmariafelix.com\/en\/marias-world-2\/#breadcrumb\"},\"inLanguage\":\"en-US\",\"potentialAction\":[{\"@type\":\"ReadAction\",\"target\":[\"https:\/\/estateofmariafelix.com\/en\/marias-world-2\/\"]}]},{\"@type\":\"BreadcrumbList\",\"@id\":\"https:\/\/estateofmariafelix.com\/en\/marias-world-2\/#breadcrumb\",\"itemListElement\":[{\"@type\":\"ListItem\",\"position\":1,\"name\":\"Home\",\"item\":\"https:\/\/estateofmariafelix.com\/en\/\"},{\"@type\":\"ListItem\",\"position\":2,\"name\":\"MAR\\u00cdA\\u2019S WORLD 2\"}]}]}<\/script>\n<!-- \/ Yoast SEO plugin. -->","yoast_head_json":{"title":"MAR\u00cdA\u2019S WORLD 2 - Mar\u00eda F\u00e9lix","robots":{"index":"index","follow":"follow","max-snippet":"max-snippet:-1","max-image-preview":"max-image-preview:large","max-video-preview":"max-video-preview:-1"},"canonical":"https:\/\/estateofmariafelix.com\/en\/marias-world-2\/","og_locale":"en_US","og_type":"article","og_title":"MAR\u00cdA\u2019S WORLD 2 - Mar\u00eda F\u00e9lix","og_description":"[vc_row full_width=&#8221;stretch_row_content_no_spaces&#8221; css=&#8221;.vc_custom_1583291511252{background-color: #97bda1 !important;}&#8221;][vc_column width=&#8221;1\/6&#8243;][\/vc_column][vc_column width=&#8221;2\/3&#8243;][vc_column_text] CMG Worldwide Announces its Representation of Cinematic Icons, Mar\u00eda F\u00e9lix and Clark Gable. &nbsp; CMG Worldwide is pleased to announce its representation of the two cinematic legends, Mar\u00eda F\u00e9lix and Clark Gable. Mar\u00eda de los \u00c1ngeles F\u00e9lix G\u00fcere\u00f1a, known as Mar\u00eda F\u00e9lix, is undoubtedly the most famous Mexican [&hellip;]","og_url":"https:\/\/estateofmariafelix.com\/en\/marias-world-2\/","og_site_name":"Mar\u00eda F\u00e9lix","article_modified_time":"2021-05-14T01:32:09+00:00","og_image":[{"url":"https:\/\/estateofmariafelix.com\/en\/wp-content\/uploads\/2021\/05\/unnamed-2.png"}],"twitter_card":"summary_large_image","twitter_misc":{"Est. reading time":"3 minutes"},"schema":{"@context":"https:\/\/schema.org","@graph":[{"@type":"WebSite","@id":"https:\/\/estateofmariafelix.com\/en\/#website","url":"https:\/\/estateofmariafelix.com\/en\/","name":"Mar\u00eda F\u00e9lix","description":"Official Page","potentialAction":[{"@type":"SearchAction","target":{"@type":"EntryPoint","urlTemplate":"https:\/\/estateofmariafelix.com\/en\/?s={search_term_string}"},"query-input":"required name=search_term_string"}],"inLanguage":"en-US"},{"@type":"ImageObject","@id":"https:\/\/estateofmariafelix.com\/en\/marias-world-2\/#primaryimage","inLanguage":"en-US","url":"https:\/\/estateofmariafelix.com\/en\/wp-content\/uploads\/2021\/05\/unnamed-2.png","contentUrl":"https:\/\/estateofmariafelix.com\/en\/wp-content\/uploads\/2021\/05\/unnamed-2.png","width":1000,"height":562},{"@type":"WebPage","@id":"https:\/\/estateofmariafelix.com\/en\/marias-world-2\/#webpage","url":"https:\/\/estateofmariafelix.com\/en\/marias-world-2\/","name":"MAR\u00cdA\u2019S WORLD 2 - Mar\u00eda F\u00e9lix","isPartOf":{"@id":"https:\/\/estateofmariafelix.com\/en\/#website"},"primaryImageOfPage":{"@id":"https:\/\/estateofmariafelix.com\/en\/marias-world-2\/#primaryimage"},"datePublished":"2021-05-14T01:31:35+00:00","dateModified":"2021-05-14T01:32:09+00:00","breadcrumb":{"@id":"https:\/\/estateofmariafelix.com\/en\/marias-world-2\/#breadcrumb"},"inLanguage":"en-US","potentialAction":[{"@type":"ReadAction","target":["https:\/\/estateofmariafelix.com\/en\/marias-world-2\/"]}]},{"@type":"BreadcrumbList","@id":"https:\/\/estateofmariafelix.com\/en\/marias-world-2\/#breadcrumb","itemListElement":[{"@type":"ListItem","position":1,"name":"Home","item":"https:\/\/estateofmariafelix.com\/en\/"},{"@type":"ListItem","position":2,"name":"MAR\u00cdA\u2019S WORLD 2"}]}]}},"_links":{"self":[{"href":"https:\/\/estateofmariafelix.com\/en\/wp-json\/wp\/v2\/pages\/3464"}],"collection":[{"href":"https:\/\/estateofmariafelix.com\/en\/wp-json\/wp\/v2\/pages"}],"about":[{"href":"https:\/\/estateofmariafelix.com\/en\/wp-json\/wp\/v2\/types\/page"}],"author":[{"embeddable":true,"href":"https:\/\/estateofmariafelix.com\/en\/wp-json\/wp\/v2\/users\/2"}],"replies":[{"embeddable":true,"href":"https:\/\/estateofmariafelix.com\/en\/wp-json\/wp\/v2\/comments?post=3464"}],"version-history":[{"count":2,"href":"https:\/\/estateofmariafelix.com\/en\/wp-json\/wp\/v2\/pages\/3464\/revisions"}],"predecessor-version":[{"id":3467,"href":"https:\/\/estateofmariafelix.com\/en\/wp-json\/wp\/v2\/pages\/3464\/revisions\/3467"}],"wp:attachment":[{"href":"https:\/\/estateofmariafelix.com\/en\/wp-json\/wp\/v2\/media?parent=3464"}],"curies":[{"name":"wp","href":"https:\/\/api.w.org\/{rel}","templated":true}]}}