{"id":1906,"date":"2016-12-05T04:38:12","date_gmt":"2016-12-05T10:38:12","guid":{"rendered":"http:\/\/7uptheme.com\/wordpress\/lucky\/?page_id=1906"},"modified":"2023-05-05T12:33:06","modified_gmt":"2023-05-05T18:33:06","slug":"contacto","status":"publish","type":"page","link":"https:\/\/estateofmariafelix.com\/es\/contacto\/","title":{"rendered":"Contacto"},"content":{"rendered":"<p>[vc_row full_width=&#8221;stretch_row&#8221; full_height=&#8221;yes&#8221; el_class=&#8221;fondo-contacto&#8221; css=&#8221;.vc_custom_1621267026321{padding-top: 100px !important;}&#8221;][vc_column][vc_column_text css=&#8221;.vc_custom_1621266388908{margin-bottom: 50px !important;}&#8221;]<\/p>\n<h1 style=\"text-align: center; color: rgba(0, 0, 0, 0.45); font-size: 58px;\">CONTACTO<\/h1>\n<p>[\/vc_column_text][vc_column_text css=&#8221;.vc_custom_1621267243388{margin-bottom: 100px !important;padding-top: 5% !important;padding-right: 5% !important;padding-bottom: 5% !important;padding-left: 5% !important;background-color: rgba(255,255,255,0.49) !important;*background-color: rgb(255,255,255) !important;}&#8221;]<\/p>\n<p style=\"text-align: justify; font-size: 18px;\">Como agente exclusivo de licenciamiento de Mar\u00eda F\u00e9lix, CMG Worldwide se dedica a mantener y desarrollar una imagen de marca positiva para nuestro cliente. CMG es l\u00edder y pionero en su campo, con m\u00e1s de 41 a\u00f1os de experiencia en la organizaci\u00f3n de acuerdos de licencia para cientos de personalidades y marcas en diversas industrias, que incluyen deportes, entretenimiento, m\u00fasica y m\u00e1s. Buscamos activamente oportunidades comerciales que sean consistentes con nuestros objetivos de posicionamiento de marca, y estamos comprometidos a perseguir estrategias que cumplan con los objetivos de nuestros clientes, as\u00ed como de nuestros socios licenciatarios.<br \/>\nComun\u00edquese con nosotros hoy mismo si est\u00e1 interesado en oportunidades de licencia con Mar\u00eda F\u00e9lix. Para obtener una lista completa de los clientes de CMG, visite nuestro sitio web <a style=\"color: #000;\" href=\"https:\/\/www.cmgworldwide.com\" target=\"_blank\" rel=\"noopener\">aqu\u00ed<\/a><\/p>\n<p>[\/vc_column_text][vc_row_inner content_placement=&#8221;middle&#8221; el_class=&#8221;ancho-contacto&#8221; css=&#8221;.vc_custom_1582604519110{padding-bottom: 200px !important;}&#8221;][vc_column_inner el_class=&#8221;contacto&#8221; width=&#8221;1\/3&#8243; css=&#8221;.vc_custom_1671511855569{padding-top: 2% !important;padding-right: 10% !important;padding-bottom: 5% !important;padding-left: 10% !important;}&#8221;][vc_column_text css=&#8221;.vc_custom_1619540887484{margin-top: 5px !important;margin-bottom: 5px !important;}&#8221;]<\/p>\n<p style=\"font-size: 26px;\">Para cualquier consulta, no dude en ponerse en contacto con Estate of Mar\u00eda F\u00e9lix.<\/p>\n<p>[\/vc_column_text][vc_column_text css=&#8221;.vc_custom_1671513367547{margin-top: 5px !important;}&#8221;]<\/p>\n<div class=\"item-contact-box\"><a href=\"mailto:info@estateofamar\u00edafelix.com\"><i class=\"fa fa-envelope\"><\/i><span class=\"hidden\">icon<\/span><\/a><\/div>\n<p>[\/vc_column_text][vc_column_text css=&#8221;.vc_custom_1671572275891{margin-top: 5px !important;margin-bottom: 5px !important;}&#8221;]<\/p>\n<div>\n<p style=\"font-size: 26px; color: #555; font-weight: bold;\">Walter L\u00f3pez Rivera<\/p>\n<\/div>\n<div>\n<p style=\"font-size: 24px; color: #555;\">Presidente y Administrador \u00danico<\/p>\n<\/div>\n<p>[\/vc_column_text][vc_column_text css=&#8221;.vc_custom_1671513357107{margin-top: 5px !important;}&#8221;]<\/p>\n<div class=\"item-contact-box\"><a href=\"mailto:thomas@estateofmariafelix.com\"><i class=\"fa fa-envelope\"><\/i><span class=\"hidden\">icon<\/span><\/a><\/div>\n<p>[\/vc_column_text][vc_column_text css=&#8221;.vc_custom_1671513303627{margin-top: 5px !important;margin-bottom: 5px !important;}&#8221;]<\/p>\n<div>\n<p style=\"font-size: 26px; color: #555; font-weight: bold;\">Thomas C. Esakin<\/p>\n<\/div>\n<div>\n<p style=\"font-size: 24px; color: #555;\">Director de Relaciones Estrat\u00e9gicas<\/p>\n<\/div>\n<p>[\/vc_column_text][vc_column_text css=&#8221;.vc_custom_1619540913012{margin-top: 5px !important;margin-bottom: 5px !important;}&#8221;]<\/p>\n<div class=\"item-contact-box\"><a href=\"#\"><i class=\"fa fa-map-marker\"><\/i><span class=\"hidden\">icon<\/span><\/a><\/div>\n<p>[\/vc_column_text][vc_column_text css=&#8221;.vc_custom_1683311583898{margin-top: 5px !important;margin-bottom: 5px !important;}&#8221;]<\/p>\n<p style=\"font-size: 26px;\">Av. Homero 538,Piso 8, Oficina 802 Polanco, Polanco V Secc, Miguel Hidalgo,<\/p>\n<p style=\"font-size: 26px;\">C.P. 11560, CDMX, M\u00c9XICO<\/p>\n<p>[\/vc_column_text][\/vc_column_inner][vc_column_inner el_class=&#8221;foto_maria&#8221; width=&#8221;1\/3&#8243;][vc_single_image image=&#8221;2974&#8243; img_size=&#8221;full&#8221; alignment=&#8221;center&#8221;][\/vc_column_inner][vc_column_inner el_class=&#8221;contacto&#8221; width=&#8221;1\/3&#8243;]<div role=\"form\" class=\"wpcf7\" id=\"wpcf7-f2807-o1\" lang=\"es-MX\" dir=\"ltr\">\n<div class=\"screen-reader-response\"><p role=\"status\" aria-live=\"polite\" aria-atomic=\"true\"><\/p> <ul><\/ul><\/div>\n<form action=\"\/es\/wp-json\/wp\/v2\/pages\/1906#wpcf7-f2807-o1\" method=\"post\" class=\"wpcf7-form init\" novalidate=\"novalidate\" data-status=\"init\">\n<div style=\"display: none;\">\n<input type=\"hidden\" name=\"_wpcf7\" value=\"2807\" \/>\n<input type=\"hidden\" name=\"_wpcf7_version\" value=\"5.4.2\" \/>\n<input type=\"hidden\" name=\"_wpcf7_locale\" value=\"es_MX\" \/>\n<input type=\"hidden\" name=\"_wpcf7_unit_tag\" value=\"wpcf7-f2807-o1\" \/>\n<input type=\"hidden\" name=\"_wpcf7_container_post\" value=\"0\" \/>\n<input type=\"hidden\" name=\"_wpcf7_posted_data_hash\" value=\"\" \/>\n<\/div>\n<p><label> NOMBRE<br \/>\n    <span class=\"wpcf7-form-control-wrap your-name\"><input type=\"text\" name=\"your-name\" value=\"\" size=\"40\" class=\"wpcf7-form-control wpcf7-text wpcf7-validates-as-required\" aria-required=\"true\" aria-invalid=\"false\" \/><\/span> <\/label><\/p>\n<p><label> COMPA\u00d1\u00cdA<br \/>\n    <span class=\"wpcf7-form-control-wrap your-company\"><input type=\"text\" name=\"your-company\" value=\"\" size=\"40\" class=\"wpcf7-form-control wpcf7-text wpcf7-validates-as-required\" aria-required=\"true\" aria-invalid=\"false\" \/><\/span> <\/label><\/p>\n<p><label> TEL\u00c9FONO<br \/>\n    <span class=\"wpcf7-form-control-wrap tel-542\"><input type=\"tel\" name=\"tel-542\" value=\"\" size=\"40\" class=\"wpcf7-form-control wpcf7-text wpcf7-tel wpcf7-validates-as-required wpcf7-validates-as-tel\" aria-required=\"true\" aria-invalid=\"false\" \/><\/span> <\/label><\/p>\n<p><label> E-MAIL<br \/>\n    <span class=\"wpcf7-form-control-wrap your-email\"><input type=\"email\" name=\"your-email\" value=\"\" size=\"40\" class=\"wpcf7-form-control wpcf7-text wpcf7-email wpcf7-validates-as-required wpcf7-validates-as-email\" aria-required=\"true\" aria-invalid=\"false\" \/><\/span> <\/label><\/p>\n<p><label> MENSAJE<br \/>\n    <span class=\"wpcf7-form-control-wrap your-message\"><textarea name=\"your-message\" cols=\"40\" rows=\"10\" class=\"wpcf7-form-control wpcf7-textarea\" aria-invalid=\"false\"><\/textarea><\/span> <\/label><\/p>\n<p><input type=\"submit\" value=\"Enviar\" class=\"wpcf7-form-control wpcf7-submit\" \/><\/p>\n<div class=\"wpcf7-response-output\" aria-hidden=\"true\"><\/div><\/form><\/div>[\/vc_column_inner][\/vc_row_inner][\/vc_column][\/vc_row]<\/p>\n","protected":false},"excerpt":{"rendered":"<p>[vc_row full_width=&#8221;stretch_row&#8221; full_height=&#8221;yes&#8221; el_class=&#8221;fondo-contacto&#8221; css=&#8221;.vc_custom_1621267026321{padding-top: 100px !important;}&#8221;][vc_column][vc_column_text css=&#8221;.vc_custom_1621266388908{margin-bottom: 50px !important;}&#8221;] CONTACTO [\/vc_column_text][vc_column_text css=&#8221;.vc_custom_1621267243388{margin-bottom: 100px !important;padding-top: 5% !important;padding-right: 5% !important;padding-bottom: 5% !important;padding-left: 5% !important;background-color: rgba(255,255,255,0.49) !important;*background-color: rgb(255,255,255) !important;}&#8221;] Como agente exclusivo de licenciamiento de Mar\u00eda F\u00e9lix, CMG Worldwide se dedica a mantener y desarrollar una imagen de marca positiva para nuestro cliente. CMG es l\u00edder y [&hellip;]<\/p>\n","protected":false},"author":2,"featured_media":0,"parent":0,"menu_order":0,"comment_status":"closed","ping_status":"closed","template":"visual-temlpate.php","meta":[],"yoast_head":"<!-- This site is optimized with the Yoast SEO plugin v17.1 - https:\/\/yoast.com\/wordpress\/plugins\/seo\/ -->\n<title>Contacto - Mar\u00eda F\u00e9lix<\/title>\n<meta name=\"robots\" content=\"index, follow, max-snippet:-1, max-image-preview:large, max-video-preview:-1\" \/>\n<link rel=\"canonical\" href=\"https:\/\/estateofmariafelix.com\/es\/contacto\/\" \/>\n<meta property=\"og:locale\" content=\"es_MX\" \/>\n<meta property=\"og:type\" content=\"article\" \/>\n<meta property=\"og:title\" content=\"Contacto - Mar\u00eda F\u00e9lix\" \/>\n<meta property=\"og:description\" content=\"[vc_row full_width=&#8221;stretch_row&#8221; full_height=&#8221;yes&#8221; el_class=&#8221;fondo-contacto&#8221; css=&#8221;.vc_custom_1621267026321{padding-top: 100px !important;}&#8221;][vc_column][vc_column_text css=&#8221;.vc_custom_1621266388908{margin-bottom: 50px !important;}&#8221;] CONTACTO [\/vc_column_text][vc_column_text css=&#8221;.vc_custom_1621267243388{margin-bottom: 100px !important;padding-top: 5% !important;padding-right: 5% !important;padding-bottom: 5% !important;padding-left: 5% !important;background-color: rgba(255,255,255,0.49) !important;*background-color: rgb(255,255,255) !important;}&#8221;] Como agente exclusivo de licenciamiento de Mar\u00eda F\u00e9lix, CMG Worldwide se dedica a mantener y desarrollar una imagen de marca positiva para nuestro cliente. CMG es l\u00edder y [&hellip;]\" \/>\n<meta property=\"og:url\" content=\"https:\/\/estateofmariafelix.com\/es\/contacto\/\" \/>\n<meta property=\"og:site_name\" content=\"Mar\u00eda F\u00e9lix\" \/>\n<meta property=\"article:publisher\" content=\"https:\/\/www.facebook.com\/EstateofMariaFelix\" \/>\n<meta property=\"article:modified_time\" content=\"2023-05-05T18:33:06+00:00\" \/>\n<meta name=\"twitter:card\" content=\"summary_large_image\" \/>\n<meta name=\"twitter:label1\" content=\"Tiempo de lectura\" \/>\n\t<meta name=\"twitter:data1\" content=\"2 minutos\" \/>\n<script type=\"application\/ld+json\" class=\"yoast-schema-graph\">{\"@context\":\"https:\/\/schema.org\",\"@graph\":[{\"@type\":\"Organization\",\"@id\":\"https:\/\/estateofmariafelix.com\/es\/#organization\",\"name\":\"Estate of Mar\\u00eda F\\u00e9lix\",\"url\":\"https:\/\/estateofmariafelix.com\/es\/\",\"sameAs\":[\"https:\/\/www.facebook.com\/EstateofMariaFelix\",\"https:\/\/www.instagram.com\/estateofmariafelix\/\"],\"logo\":{\"@type\":\"ImageObject\",\"@id\":\"https:\/\/estateofmariafelix.com\/es\/#logo\",\"inLanguage\":\"es-MX\",\"url\":\"https:\/\/estateofmariafelix.com\/es\/wp-content\/uploads\/2020\/03\/147-LOGO-EOMF-compressor.png\",\"contentUrl\":\"https:\/\/estateofmariafelix.com\/es\/wp-content\/uploads\/2020\/03\/147-LOGO-EOMF-compressor.png\",\"width\":1772,\"height\":974,\"caption\":\"Estate of Mar\\u00eda F\\u00e9lix\"},\"image\":{\"@id\":\"https:\/\/estateofmariafelix.com\/es\/#logo\"}},{\"@type\":\"WebSite\",\"@id\":\"https:\/\/estateofmariafelix.com\/es\/#website\",\"url\":\"https:\/\/estateofmariafelix.com\/es\/\",\"name\":\"Mar\\u00eda F\\u00e9lix\",\"description\":\"P\\u00e1gina Oficial\",\"publisher\":{\"@id\":\"https:\/\/estateofmariafelix.com\/es\/#organization\"},\"potentialAction\":[{\"@type\":\"SearchAction\",\"target\":{\"@type\":\"EntryPoint\",\"urlTemplate\":\"https:\/\/estateofmariafelix.com\/es\/?s={search_term_string}\"},\"query-input\":\"required name=search_term_string\"}],\"inLanguage\":\"es-MX\"},{\"@type\":\"WebPage\",\"@id\":\"https:\/\/estateofmariafelix.com\/es\/contacto\/#webpage\",\"url\":\"https:\/\/estateofmariafelix.com\/es\/contacto\/\",\"name\":\"Contacto - Mar\\u00eda F\\u00e9lix\",\"isPartOf\":{\"@id\":\"https:\/\/estateofmariafelix.com\/es\/#website\"},\"datePublished\":\"2016-12-05T10:38:12+00:00\",\"dateModified\":\"2023-05-05T18:33:06+00:00\",\"breadcrumb\":{\"@id\":\"https:\/\/estateofmariafelix.com\/es\/contacto\/#breadcrumb\"},\"inLanguage\":\"es-MX\",\"potentialAction\":[{\"@type\":\"ReadAction\",\"target\":[\"https:\/\/estateofmariafelix.com\/es\/contacto\/\"]}]},{\"@type\":\"BreadcrumbList\",\"@id\":\"https:\/\/estateofmariafelix.com\/es\/contacto\/#breadcrumb\",\"itemListElement\":[{\"@type\":\"ListItem\",\"position\":1,\"name\":\"Inicio\",\"item\":\"https:\/\/estateofmariafelix.com\/es\/\"},{\"@type\":\"ListItem\",\"position\":2,\"name\":\"Contacto\"}]}]}<\/script>\n<!-- \/ Yoast SEO plugin. -->","yoast_head_json":{"title":"Contacto - Mar\u00eda F\u00e9lix","robots":{"index":"index","follow":"follow","max-snippet":"max-snippet:-1","max-image-preview":"max-image-preview:large","max-video-preview":"max-video-preview:-1"},"canonical":"https:\/\/estateofmariafelix.com\/es\/contacto\/","og_locale":"es_MX","og_type":"article","og_title":"Contacto - Mar\u00eda F\u00e9lix","og_description":"[vc_row full_width=&#8221;stretch_row&#8221; full_height=&#8221;yes&#8221; el_class=&#8221;fondo-contacto&#8221; css=&#8221;.vc_custom_1621267026321{padding-top: 100px !important;}&#8221;][vc_column][vc_column_text css=&#8221;.vc_custom_1621266388908{margin-bottom: 50px !important;}&#8221;] CONTACTO [\/vc_column_text][vc_column_text css=&#8221;.vc_custom_1621267243388{margin-bottom: 100px !important;padding-top: 5% !important;padding-right: 5% !important;padding-bottom: 5% !important;padding-left: 5% !important;background-color: rgba(255,255,255,0.49) !important;*background-color: rgb(255,255,255) !important;}&#8221;] Como agente exclusivo de licenciamiento de Mar\u00eda F\u00e9lix, CMG Worldwide se dedica a mantener y desarrollar una imagen de marca positiva para nuestro cliente. CMG es l\u00edder y [&hellip;]","og_url":"https:\/\/estateofmariafelix.com\/es\/contacto\/","og_site_name":"Mar\u00eda F\u00e9lix","article_publisher":"https:\/\/www.facebook.com\/EstateofMariaFelix","article_modified_time":"2023-05-05T18:33:06+00:00","twitter_card":"summary_large_image","twitter_misc":{"Tiempo de lectura":"2 minutos"},"schema":{"@context":"https:\/\/schema.org","@graph":[{"@type":"Organization","@id":"https:\/\/estateofmariafelix.com\/es\/#organization","name":"Estate of Mar\u00eda F\u00e9lix","url":"https:\/\/estateofmariafelix.com\/es\/","sameAs":["https:\/\/www.facebook.com\/EstateofMariaFelix","https:\/\/www.instagram.com\/estateofmariafelix\/"],"logo":{"@type":"ImageObject","@id":"https:\/\/estateofmariafelix.com\/es\/#logo","inLanguage":"es-MX","url":"https:\/\/estateofmariafelix.com\/es\/wp-content\/uploads\/2020\/03\/147-LOGO-EOMF-compressor.png","contentUrl":"https:\/\/estateofmariafelix.com\/es\/wp-content\/uploads\/2020\/03\/147-LOGO-EOMF-compressor.png","width":1772,"height":974,"caption":"Estate of Mar\u00eda F\u00e9lix"},"image":{"@id":"https:\/\/estateofmariafelix.com\/es\/#logo"}},{"@type":"WebSite","@id":"https:\/\/estateofmariafelix.com\/es\/#website","url":"https:\/\/estateofmariafelix.com\/es\/","name":"Mar\u00eda F\u00e9lix","description":"P\u00e1gina Oficial","publisher":{"@id":"https:\/\/estateofmariafelix.com\/es\/#organization"},"potentialAction":[{"@type":"SearchAction","target":{"@type":"EntryPoint","urlTemplate":"https:\/\/estateofmariafelix.com\/es\/?s={search_term_string}"},"query-input":"required name=search_term_string"}],"inLanguage":"es-MX"},{"@type":"WebPage","@id":"https:\/\/estateofmariafelix.com\/es\/contacto\/#webpage","url":"https:\/\/estateofmariafelix.com\/es\/contacto\/","name":"Contacto - Mar\u00eda F\u00e9lix","isPartOf":{"@id":"https:\/\/estateofmariafelix.com\/es\/#website"},"datePublished":"2016-12-05T10:38:12+00:00","dateModified":"2023-05-05T18:33:06+00:00","breadcrumb":{"@id":"https:\/\/estateofmariafelix.com\/es\/contacto\/#breadcrumb"},"inLanguage":"es-MX","potentialAction":[{"@type":"ReadAction","target":["https:\/\/estateofmariafelix.com\/es\/contacto\/"]}]},{"@type":"BreadcrumbList","@id":"https:\/\/estateofmariafelix.com\/es\/contacto\/#breadcrumb","itemListElement":[{"@type":"ListItem","position":1,"name":"Inicio","item":"https:\/\/estateofmariafelix.com\/es\/"},{"@type":"ListItem","position":2,"name":"Contacto"}]}]}},"_links":{"self":[{"href":"https:\/\/estateofmariafelix.com\/es\/wp-json\/wp\/v2\/pages\/1906"}],"collection":[{"href":"https:\/\/estateofmariafelix.com\/es\/wp-json\/wp\/v2\/pages"}],"about":[{"href":"https:\/\/estateofmariafelix.com\/es\/wp-json\/wp\/v2\/types\/page"}],"author":[{"embeddable":true,"href":"https:\/\/estateofmariafelix.com\/es\/wp-json\/wp\/v2\/users\/2"}],"replies":[{"embeddable":true,"href":"https:\/\/estateofmariafelix.com\/es\/wp-json\/wp\/v2\/comments?post=1906"}],"version-history":[{"count":88,"href":"https:\/\/estateofmariafelix.com\/es\/wp-json\/wp\/v2\/pages\/1906\/revisions"}],"predecessor-version":[{"id":2794,"href":"https:\/\/estateofmariafelix.com\/es\/wp-json\/wp\/v2\/pages\/1906\/revisions\/2794"}],"wp:attachment":[{"href":"https:\/\/estateofmariafelix.com\/es\/wp-json\/wp\/v2\/media?parent=1906"}],"curies":[{"name":"wp","href":"https:\/\/api.w.org\/{rel}","templated":true}]}}