{"id":2280,"date":"2020-01-29T22:49:08","date_gmt":"2020-01-30T04:49:08","guid":{"rendered":"http:\/\/estateofmariafelix.com\/es\/?page_id=2280"},"modified":"2021-02-02T12:14:41","modified_gmt":"2021-02-02T18:14:41","slug":"el-prestigio-de-un-nombre","status":"publish","type":"page","link":"https:\/\/estateofmariafelix.com\/es\/el-prestigio-de-un-nombre\/","title":{"rendered":"El prestigio de un nombre"},"content":{"rendered":"<p>[vc_row full_width=&#8221;stretch_row_content_no_spaces&#8221; css=&#8221;.vc_custom_1583288789533{background-color: #c8c1a2 !important;}&#8221;][vc_column el_class=&#8221;.el_prestigio_img&#8221;][vc_single_image image=&#8221;3283&#8243; img_size=&#8221;full&#8221;][\/vc_column][\/vc_row][vc_row full_width=&#8221;stretch_row_content_no_spaces&#8221; full_height=&#8221;yes&#8221; css=&#8221;.vc_custom_1580403953946{background-color: #f1d19b !important;}&#8221;][vc_column el_class=&#8221;ancho&#8221;][vc_column_text css_animation=&#8221;none&#8221; el_class=&#8221;el_prestigio&#8221;]<\/p>\n<p style=\"text-align: justify;\">Estate of Mar\u00eda F\u00e9lix, es una empresa mexicana que promueve el enaltecimiento de la imagen de Mar\u00eda F\u00e9lix, as\u00ed como el legado cultural que la diva construy\u00f3 a lo largo de su vida, herencia que por a\u00f1os ha enorgullecido a las y los mexicanos y que es ampliamente reconocida dentro y fuera del pa\u00eds.<\/p>\n<p>[\/vc_column_text][\/vc_column][\/vc_row][vc_row full_width=&#8221;stretch_row_content_no_spaces&#8221;][vc_column][vc_single_image image=&#8221;3284&#8243; img_size=&#8221;full&#8221; alignment=&#8221;center&#8221; css_animation=&#8221;none&#8221;][\/vc_column][\/vc_row][vc_row full_width=&#8221;stretch_row_content_no_spaces&#8221; full_height=&#8221;yes&#8221; css=&#8221;.vc_custom_1580403823652{background-color: #c8c1a2 !important;}&#8221;][vc_column el_class=&#8221;ancho&#8221;][vc_column_text css_animation=&#8221;none&#8221; el_class=&#8221;el_prestigio&#8221;]<\/p>\n<p style=\"text-align: justify;\">Mar\u00eda F\u00e9lix es un nombre entra\u00f1able que encierra admiraci\u00f3n, misterio, apasionamiento; es un icono caracter\u00edstico del M\u00e9xico urbano y rural de nuestra memoria hist\u00f3rica. Es por eso que cualquier interpretaci\u00f3n o adaptaci\u00f3n de su identidad debe ser llevada a cabo con cuidado siendo fieles a su esencia, memoria e historia.<\/p>\n<p>[\/vc_column_text][\/vc_column][\/vc_row][vc_row full_width=&#8221;stretch_row_content_no_spaces&#8221;][vc_column][vc_single_image image=&#8221;3285&#8243; img_size=&#8221;full&#8221; alignment=&#8221;center&#8221; css_animation=&#8221;none&#8221;][\/vc_column][\/vc_row][vc_row full_width=&#8221;stretch_row_content_no_spaces&#8221; full_height=&#8221;yes&#8221; css=&#8221;.vc_custom_1580404762504{background-color: #c8c1a2 !important;}&#8221;][vc_column el_class=&#8221;ancho&#8221;][vc_column_text css_animation=&#8221;none&#8221; el_class=&#8221;el_prestigio&#8221; css=&#8221;.vc_custom_1604634456292{padding-top: 5% !important;padding-bottom: 5% !important;}&#8221;]<\/p>\n<p style=\"text-align: justify;\">La misi\u00f3n de Estate of Mar\u00eda F\u00e9lix es proyectar el alcance de su imagen, la importancia y relevancia de su trayectoria, as\u00ed como mostrar su atemporalidad reflejada en su indiscutible adaptabilidad a las exigencias de los mercados actuales. Profesionalizamos el nombre Mar\u00eda F\u00e9lix, desde su identidad visual y conceptual transform\u00e1ndolo en una marca con todas sus ventajas, obligaciones y derechos.<\/p>\n<p style=\"text-align: justify;\">Los inversionistas interesados ya pueden realizar planes de comercializaci\u00f3n tomando en cuenta algunos de los rubros comerciales con disponibilidad para uso de nombre o registro de marca. Para conocerlos a detalle vaya al siguiente enlace.<\/p>\n<p>[\/vc_column_text][vc_column_text css_animation=&#8221;none&#8221; css=&#8221;.vc_custom_1612289679579{padding-top: 50px !important;padding-bottom: 50px !important;}&#8221;]<\/p>\n<p style=\"text-align: center;\"><a style=\"text-align: center; margin-top: 50px; margin-bottom: 50px;\" href=\"https:\/\/estateofmariafelix.com\/es\/licencia-de-marca-ejemplos\/\"><button class=\"button_registro type1\"><br \/>\nREGISTROS DE MARCA<\/button><\/a><\/p>\n<p>[\/vc_column_text][\/vc_column][\/vc_row][vc_row full_width=&#8221;stretch_row_content_no_spaces&#8221;][vc_column][vc_single_image image=&#8221;3286&#8243; img_size=&#8221;full&#8221; alignment=&#8221;center&#8221; css_animation=&#8221;none&#8221;][\/vc_column][\/vc_row][vc_row full_width=&#8221;stretch_row_content_no_spaces&#8221; full_height=&#8221;yes&#8221; css=&#8221;.vc_custom_1580403953946{background-color: #f1d19b !important;}&#8221;][vc_column el_class=&#8221;ancho&#8221;][vc_column_text css_animation=&#8221;none&#8221; css=&#8221;.vc_custom_1604634405894{padding-top: 50px !important;padding-bottom: 50px !important;}&#8221; el_class=&#8221;el_prestigio&#8221;]<\/p>\n<p style=\"text-align: justify;\">Creemos que Mar\u00eda F\u00e9lix puede llegar a ser tendencia, una marca de larga vida y en expansi\u00f3n constante. Trabajamos para lograr reconocimiento a la trascendencia de su ayer, su hoy y ma\u00f1ana.<\/p>\n<p>[\/vc_column_text][vc_column_text css_animation=&#8221;none&#8221; css=&#8221;.vc_custom_1604634414894{padding-top: 50px !important;padding-bottom: 50px !important;}&#8221; el_class=&#8221;el_prestigio&#8221;]<\/p>\n<p style=\"outline: #bea98b solid 5px; outline-offset: 3px; text-align: justify; padding: 45px;\">Sabemos que el centro de toda marca es su prop\u00f3sito y su identidad, y que ser asertivos en su definici\u00f3n, manejo y representaci\u00f3n ser\u00e1 condicionante de su futuro.<\/p>\n<p>[\/vc_column_text][\/vc_column][\/vc_row]<\/p>\n","protected":false},"excerpt":{"rendered":"<p>[vc_row full_width=&#8221;stretch_row_content_no_spaces&#8221; css=&#8221;.vc_custom_1583288789533{background-color: #c8c1a2 !important;}&#8221;][vc_column el_class=&#8221;.el_prestigio_img&#8221;][vc_single_image image=&#8221;3283&#8243; img_size=&#8221;full&#8221;][\/vc_column][\/vc_row][vc_row full_width=&#8221;stretch_row_content_no_spaces&#8221; full_height=&#8221;yes&#8221; css=&#8221;.vc_custom_1580403953946{background-color: #f1d19b !important;}&#8221;][vc_column el_class=&#8221;ancho&#8221;][vc_column_text css_animation=&#8221;none&#8221; el_class=&#8221;el_prestigio&#8221;] Estate of Mar\u00eda F\u00e9lix, es una empresa mexicana que promueve el enaltecimiento de la imagen de Mar\u00eda F\u00e9lix, as\u00ed como el legado cultural que la diva construy\u00f3 a lo largo de su vida, herencia que por a\u00f1os ha enorgullecido [&hellip;]<\/p>\n","protected":false},"author":2,"featured_media":0,"parent":0,"menu_order":0,"comment_status":"closed","ping_status":"closed","template":"visual-temlpate.php","meta":[],"yoast_head":"<!-- This site is optimized with the Yoast SEO plugin v17.1 - https:\/\/yoast.com\/wordpress\/plugins\/seo\/ -->\n<title>El prestigio de un nombre - Mar\u00eda F\u00e9lix<\/title>\n<meta name=\"robots\" content=\"index, follow, max-snippet:-1, max-image-preview:large, max-video-preview:-1\" \/>\n<link rel=\"canonical\" href=\"https:\/\/estateofmariafelix.com\/es\/el-prestigio-de-un-nombre\/\" \/>\n<meta property=\"og:locale\" content=\"es_MX\" \/>\n<meta property=\"og:type\" content=\"article\" \/>\n<meta property=\"og:title\" content=\"El prestigio de un nombre - Mar\u00eda F\u00e9lix\" \/>\n<meta property=\"og:description\" content=\"[vc_row full_width=&#8221;stretch_row_content_no_spaces&#8221; css=&#8221;.vc_custom_1583288789533{background-color: #c8c1a2 !important;}&#8221;][vc_column el_class=&#8221;.el_prestigio_img&#8221;][vc_single_image image=&#8221;3283&#8243; img_size=&#8221;full&#8221;][\/vc_column][\/vc_row][vc_row full_width=&#8221;stretch_row_content_no_spaces&#8221; full_height=&#8221;yes&#8221; css=&#8221;.vc_custom_1580403953946{background-color: #f1d19b !important;}&#8221;][vc_column el_class=&#8221;ancho&#8221;][vc_column_text css_animation=&#8221;none&#8221; el_class=&#8221;el_prestigio&#8221;] Estate of Mar\u00eda F\u00e9lix, es una empresa mexicana que promueve el enaltecimiento de la imagen de Mar\u00eda F\u00e9lix, as\u00ed como el legado cultural que la diva construy\u00f3 a lo largo de su vida, herencia que por a\u00f1os ha enorgullecido [&hellip;]\" \/>\n<meta property=\"og:url\" content=\"https:\/\/estateofmariafelix.com\/es\/el-prestigio-de-un-nombre\/\" \/>\n<meta property=\"og:site_name\" content=\"Mar\u00eda F\u00e9lix\" \/>\n<meta property=\"article:publisher\" content=\"https:\/\/www.facebook.com\/EstateofMariaFelix\" \/>\n<meta property=\"article:modified_time\" content=\"2021-02-02T18:14:41+00:00\" \/>\n<meta name=\"twitter:card\" content=\"summary_large_image\" \/>\n<meta name=\"twitter:label1\" content=\"Tiempo de lectura\" \/>\n\t<meta name=\"twitter:data1\" content=\"2 minutos\" \/>\n<script type=\"application\/ld+json\" class=\"yoast-schema-graph\">{\"@context\":\"https:\/\/schema.org\",\"@graph\":[{\"@type\":\"Organization\",\"@id\":\"https:\/\/estateofmariafelix.com\/es\/#organization\",\"name\":\"Estate of Mar\\u00eda F\\u00e9lix\",\"url\":\"https:\/\/estateofmariafelix.com\/es\/\",\"sameAs\":[\"https:\/\/www.facebook.com\/EstateofMariaFelix\",\"https:\/\/www.instagram.com\/estateofmariafelix\/\"],\"logo\":{\"@type\":\"ImageObject\",\"@id\":\"https:\/\/estateofmariafelix.com\/es\/#logo\",\"inLanguage\":\"es-MX\",\"url\":\"https:\/\/estateofmariafelix.com\/es\/wp-content\/uploads\/2020\/03\/147-LOGO-EOMF-compressor.png\",\"contentUrl\":\"https:\/\/estateofmariafelix.com\/es\/wp-content\/uploads\/2020\/03\/147-LOGO-EOMF-compressor.png\",\"width\":1772,\"height\":974,\"caption\":\"Estate of Mar\\u00eda F\\u00e9lix\"},\"image\":{\"@id\":\"https:\/\/estateofmariafelix.com\/es\/#logo\"}},{\"@type\":\"WebSite\",\"@id\":\"https:\/\/estateofmariafelix.com\/es\/#website\",\"url\":\"https:\/\/estateofmariafelix.com\/es\/\",\"name\":\"Mar\\u00eda F\\u00e9lix\",\"description\":\"P\\u00e1gina Oficial\",\"publisher\":{\"@id\":\"https:\/\/estateofmariafelix.com\/es\/#organization\"},\"potentialAction\":[{\"@type\":\"SearchAction\",\"target\":{\"@type\":\"EntryPoint\",\"urlTemplate\":\"https:\/\/estateofmariafelix.com\/es\/?s={search_term_string}\"},\"query-input\":\"required name=search_term_string\"}],\"inLanguage\":\"es-MX\"},{\"@type\":\"WebPage\",\"@id\":\"https:\/\/estateofmariafelix.com\/es\/el-prestigio-de-un-nombre\/#webpage\",\"url\":\"https:\/\/estateofmariafelix.com\/es\/el-prestigio-de-un-nombre\/\",\"name\":\"El prestigio de un nombre - Mar\\u00eda F\\u00e9lix\",\"isPartOf\":{\"@id\":\"https:\/\/estateofmariafelix.com\/es\/#website\"},\"datePublished\":\"2020-01-30T04:49:08+00:00\",\"dateModified\":\"2021-02-02T18:14:41+00:00\",\"breadcrumb\":{\"@id\":\"https:\/\/estateofmariafelix.com\/es\/el-prestigio-de-un-nombre\/#breadcrumb\"},\"inLanguage\":\"es-MX\",\"potentialAction\":[{\"@type\":\"ReadAction\",\"target\":[\"https:\/\/estateofmariafelix.com\/es\/el-prestigio-de-un-nombre\/\"]}]},{\"@type\":\"BreadcrumbList\",\"@id\":\"https:\/\/estateofmariafelix.com\/es\/el-prestigio-de-un-nombre\/#breadcrumb\",\"itemListElement\":[{\"@type\":\"ListItem\",\"position\":1,\"name\":\"Inicio\",\"item\":\"https:\/\/estateofmariafelix.com\/es\/\"},{\"@type\":\"ListItem\",\"position\":2,\"name\":\"El prestigio de un nombre\"}]}]}<\/script>\n<!-- \/ Yoast SEO plugin. -->","yoast_head_json":{"title":"El prestigio de un nombre - Mar\u00eda F\u00e9lix","robots":{"index":"index","follow":"follow","max-snippet":"max-snippet:-1","max-image-preview":"max-image-preview:large","max-video-preview":"max-video-preview:-1"},"canonical":"https:\/\/estateofmariafelix.com\/es\/el-prestigio-de-un-nombre\/","og_locale":"es_MX","og_type":"article","og_title":"El prestigio de un nombre - Mar\u00eda F\u00e9lix","og_description":"[vc_row full_width=&#8221;stretch_row_content_no_spaces&#8221; css=&#8221;.vc_custom_1583288789533{background-color: #c8c1a2 !important;}&#8221;][vc_column el_class=&#8221;.el_prestigio_img&#8221;][vc_single_image image=&#8221;3283&#8243; img_size=&#8221;full&#8221;][\/vc_column][\/vc_row][vc_row full_width=&#8221;stretch_row_content_no_spaces&#8221; full_height=&#8221;yes&#8221; css=&#8221;.vc_custom_1580403953946{background-color: #f1d19b !important;}&#8221;][vc_column el_class=&#8221;ancho&#8221;][vc_column_text css_animation=&#8221;none&#8221; el_class=&#8221;el_prestigio&#8221;] Estate of Mar\u00eda F\u00e9lix, es una empresa mexicana que promueve el enaltecimiento de la imagen de Mar\u00eda F\u00e9lix, as\u00ed como el legado cultural que la diva construy\u00f3 a lo largo de su vida, herencia que por a\u00f1os ha enorgullecido [&hellip;]","og_url":"https:\/\/estateofmariafelix.com\/es\/el-prestigio-de-un-nombre\/","og_site_name":"Mar\u00eda F\u00e9lix","article_publisher":"https:\/\/www.facebook.com\/EstateofMariaFelix","article_modified_time":"2021-02-02T18:14:41+00:00","twitter_card":"summary_large_image","twitter_misc":{"Tiempo de lectura":"2 minutos"},"schema":{"@context":"https:\/\/schema.org","@graph":[{"@type":"Organization","@id":"https:\/\/estateofmariafelix.com\/es\/#organization","name":"Estate of Mar\u00eda F\u00e9lix","url":"https:\/\/estateofmariafelix.com\/es\/","sameAs":["https:\/\/www.facebook.com\/EstateofMariaFelix","https:\/\/www.instagram.com\/estateofmariafelix\/"],"logo":{"@type":"ImageObject","@id":"https:\/\/estateofmariafelix.com\/es\/#logo","inLanguage":"es-MX","url":"https:\/\/estateofmariafelix.com\/es\/wp-content\/uploads\/2020\/03\/147-LOGO-EOMF-compressor.png","contentUrl":"https:\/\/estateofmariafelix.com\/es\/wp-content\/uploads\/2020\/03\/147-LOGO-EOMF-compressor.png","width":1772,"height":974,"caption":"Estate of Mar\u00eda F\u00e9lix"},"image":{"@id":"https:\/\/estateofmariafelix.com\/es\/#logo"}},{"@type":"WebSite","@id":"https:\/\/estateofmariafelix.com\/es\/#website","url":"https:\/\/estateofmariafelix.com\/es\/","name":"Mar\u00eda F\u00e9lix","description":"P\u00e1gina Oficial","publisher":{"@id":"https:\/\/estateofmariafelix.com\/es\/#organization"},"potentialAction":[{"@type":"SearchAction","target":{"@type":"EntryPoint","urlTemplate":"https:\/\/estateofmariafelix.com\/es\/?s={search_term_string}"},"query-input":"required name=search_term_string"}],"inLanguage":"es-MX"},{"@type":"WebPage","@id":"https:\/\/estateofmariafelix.com\/es\/el-prestigio-de-un-nombre\/#webpage","url":"https:\/\/estateofmariafelix.com\/es\/el-prestigio-de-un-nombre\/","name":"El prestigio de un nombre - Mar\u00eda F\u00e9lix","isPartOf":{"@id":"https:\/\/estateofmariafelix.com\/es\/#website"},"datePublished":"2020-01-30T04:49:08+00:00","dateModified":"2021-02-02T18:14:41+00:00","breadcrumb":{"@id":"https:\/\/estateofmariafelix.com\/es\/el-prestigio-de-un-nombre\/#breadcrumb"},"inLanguage":"es-MX","potentialAction":[{"@type":"ReadAction","target":["https:\/\/estateofmariafelix.com\/es\/el-prestigio-de-un-nombre\/"]}]},{"@type":"BreadcrumbList","@id":"https:\/\/estateofmariafelix.com\/es\/el-prestigio-de-un-nombre\/#breadcrumb","itemListElement":[{"@type":"ListItem","position":1,"name":"Inicio","item":"https:\/\/estateofmariafelix.com\/es\/"},{"@type":"ListItem","position":2,"name":"El prestigio de un nombre"}]}]}},"_links":{"self":[{"href":"https:\/\/estateofmariafelix.com\/es\/wp-json\/wp\/v2\/pages\/2280"}],"collection":[{"href":"https:\/\/estateofmariafelix.com\/es\/wp-json\/wp\/v2\/pages"}],"about":[{"href":"https:\/\/estateofmariafelix.com\/es\/wp-json\/wp\/v2\/types\/page"}],"author":[{"embeddable":true,"href":"https:\/\/estateofmariafelix.com\/es\/wp-json\/wp\/v2\/users\/2"}],"replies":[{"embeddable":true,"href":"https:\/\/estateofmariafelix.com\/es\/wp-json\/wp\/v2\/comments?post=2280"}],"version-history":[{"count":60,"href":"https:\/\/estateofmariafelix.com\/es\/wp-json\/wp\/v2\/pages\/2280\/revisions"}],"predecessor-version":[{"id":3674,"href":"https:\/\/estateofmariafelix.com\/es\/wp-json\/wp\/v2\/pages\/2280\/revisions\/3674"}],"wp:attachment":[{"href":"https:\/\/estateofmariafelix.com\/es\/wp-json\/wp\/v2\/media?parent=2280"}],"curies":[{"name":"wp","href":"https:\/\/api.w.org\/{rel}","templated":true}]}}