{"id":2780,"date":"2020-02-21T22:48:19","date_gmt":"2020-02-22T04:48:19","guid":{"rendered":"http:\/\/estateofmariafelix.com\/es\/?page_id=2780"},"modified":"2021-03-08T22:35:32","modified_gmt":"2021-03-09T04:35:32","slug":"licencia-de-marca-ejemplos","status":"publish","type":"page","link":"https:\/\/estateofmariafelix.com\/es\/licencia-de-marca-ejemplos\/","title":{"rendered":"Registros de Marca"},"content":{"rendered":"<p>[vc_row full_width=&#8221;stretch_row_content_no_spaces&#8221; full_height=&#8221;yes&#8221; columns_placement=&#8221;top&#8221; css=&#8221;.vc_custom_1583120233509{padding-bottom: 50px !important;background-color: #f1d19b !important;}&#8221; el_class=&#8221;ancho&#8221;][vc_column][vc_column_text css=&#8221;.vc_custom_1583120356388{margin-top: 50px !important;margin-bottom: 100px !important;}&#8221;]<\/p>\n<h1 style=\"text-align: center;\">REGISTROS MARCA<\/h1>\n<p>[\/vc_column_text][vc_column_text el_class=&#8221;el_prestigio&#8221;]<\/p>\n<p style=\"text-align: justify;\">En caso de estar interesado en el otorgamiento de una licencia para el uso de cualquiera de los registros, deber\u00e1 ponerse en contacto con Estate of Mar\u00eda F\u00e9lix, S.A. de C.V., el cual es \u00fanico representante del Titular de los derechos de las marcas.<\/p>\n<p>[\/vc_column_text][vc_raw_html]JTNDZGl2JTIwc3R5bGUlM0QlMjJ0ZXh0LWFsaWduJTNBJTIwY2VudGVyJTNCJTIyJTNFJTBBJTNDaDIlMjBzeXRsZSUzRCUyMmNvbG9yJTNBJTIzY2NjJTNCJTIyJTNFJTNDJTJGaDIlM0UlMEElM0N1bCUyMGNsYXNzJTNEJTIybGlzdGEtcmVnaXN0cm8lMjIlM0UlMEElMjAlMDklM0NsaSUyMGNsYXNzJTNEJTIybGlzdGEtcmVnaXN0cm8lMjIlM0VBY2VpdGVzJTIwZXNlbmNpYWxlcyUzQyUyRmxpJTNFJTBBJTIwJTA5JTNDbGklMjBjbGFzcyUzRCUyMmxpc3RhLXJlZ2lzdHJvJTIyJTNFQWxpbWVudG9zJTIweSUyMGJlYmlkYXMlM0MlMkZsaSUzRSUwQSUyMCUwOSUzQ2xpJTIwY2xhc3MlM0QlMjJsaXN0YS1yZWdpc3RybyUyMiUzRUFydCVDMyVBRGN1bG9zJTIwZGUlMjBqb3llciVDMyVBRGElM0MlMkZsaSUzRSUwQSUyMCUwOSUzQ2xpJTIwY2xhc3MlM0QlMjJsaXN0YS1yZWdpc3RybyUyMiUzRUJhbnF1ZXRlcyUzQyUyRmxpJTNFJTBBJTIwJTA5JTNDbGklMjBjbGFzcyUzRCUyMmxpc3RhLXJlZ2lzdHJvJTIyJTNFQmFyZXMlM0MlMkZsaSUzRSUwQSUyMCUwOSUzQ2xpJTIwY2xhc3MlM0QlMjJsaXN0YS1yZWdpc3RybyUyMiUzRUJlYmlkYXMlMjBhbGNvaCVDMyVCM2xpY2FzJTNDJTJGbGklM0UlMEElMjAlMDklM0NsaSUyMGNsYXNzJTNEJTIybGlzdGEtcmVnaXN0cm8lMjIlM0VCZWJpZGFzJTIweSUyMGNvbWlkYXMlMjBwcmVwYXJhZGFzJTNDJTJGbGklM0UlMEElMjAlMDklM0NsaSUyMGNsYXNzJTNEJTIybGlzdGEtcmVnaXN0cm8lMjIlM0VDYWZldGVyJUMzJUFEYXMlM0MlMkZsaSUzRSUwQSUyMCUwOSUzQ2xpJTIwY2xhc3MlM0QlMjJsaXN0YS1yZWdpc3RybyUyMiUzRUNhbHphZG8lM0MlMkZsaSUzRSUwQSUyMCUwOSUzQ2xpJTIwY2xhc3MlM0QlMjJsaXN0YS1yZWdpc3RybyUyMiUzRUNhc2FzJTIwdmFjYWNpb25hbGVzJTNDJTJGbGklM0UlMEElMjAlMDklM0NsaSUyMGNsYXNzJTNEJTIybGlzdGEtcmVnaXN0cm8lMjIlM0VDb3NtJUMzJUE5dGljb3MlMjB5JTIwZGVudCVDMyVBRGZyaWNvcyUzQyUyRmxpJTNFJTBBJTIwJTA5JTNDbGklMjBjbGFzcyUzRCUyMmxpc3RhLXJlZ2lzdHJvJTIyJTNFRGlzZSVDMyVCMW8lMjBkZSUyMGludGVyaW9yZXMlM0MlMkZsaSUzRSUwQSUyMCUwOSUzQ2xpJTIwY2xhc3MlM0QlMjJsaXN0YS1yZWdpc3RybyUyMiUzRURpc2UlQzMlQjFvJTIwZGUlMjBtb2JpbGlhcmlvJTNDJTJGbGklM0UlMEElMjAlMDklM0NsaSUyMGNsYXNzJTNEJTIybGlzdGEtcmVnaXN0cm8lMjIlM0VEaXNlJUMzJUIxbyUyMGRlJTIwbW9kYSUzQyUyRmxpJTNFJTBBJTIwJTA5JTNDbGklMjBjbGFzcyUzRCUyMmxpc3RhLXJlZ2lzdHJvJTIyJTNFRGlzZSVDMyVCMW8lMjBkZSUyMG11c2VvZ3IlQzMlQTFmaWNvJTNDJTJGbGklM0UlMEElMjAlMDklM0NsaSUyMGNsYXNzJTNEJTIybGlzdGEtcmVnaXN0cm8lMjIlM0VEaXNlJUMzJUIxbyUyMGRlJTIwdGV4dGlsJTNDJTJGbGklM0UlMEElMjAlMDklM0NsaSUyMGNsYXNzJTNEJTIybGlzdGEtcmVnaXN0cm8lMjIlM0VFc21hbHRlcyUyMGRlJTIwdSVDMyVCMWFzJTNDJTJGbGklM0UlMEElM0NsaSUyMGNsYXNzJTNEJTIybGlzdGEtcmVnaXN0cm8lMjIlM0VFbnRyZXRlbmltaWVudG8lM0MlMkZsaSUzRSUwQSUzQ2xpJTIwY2xhc3MlM0QlMjJsaXN0YS1yZWdpc3RybyUyMiUzRUZpbG1lcyUzQyUyRmxpJTNFJTBBJTIwJTA5JTNDbGklMjBjbGFzcyUzRCUyMmxpc3RhLXJlZ2lzdHJvJTIyJTNFRnJhZ2FuY2lhcyUzQyUyRmxpJTNFJTBBJTIwJTA5JTNDbGklMjBjbGFzcyUzRCUyMmxpc3RhLXJlZ2lzdHJvJTIyJTNFSG90ZWxlciVDMyVBRGElM0MlMkZsaSUzRSUwQSUyMCUwOSUzQ2xpJTIwY2xhc3MlM0QlMjJsaXN0YS1yZWdpc3RybyUyMiUzRUluY2llbnNvcyUzQyUyRmxpJTNFJTBBJTIwJTA5JTNDbGklMjBjbGFzcyUzRCUyMmxpc3RhLXJlZ2lzdHJvJTIyJTNFSmFib25lcyUzQyUyRmxpJTNFJTBBJTIwJTA5JTNDbGklMjBjbGFzcyUzRCUyMmxpc3RhLXJlZ2lzdHJvJTIyJTNFTG9jaW9uZXMlMjBjYXBpbGFyZXMlM0MlMkZsaSUzRSUwQSUyMCUwOSUzQ2xpJTIwY2xhc3MlM0QlMjJsaXN0YS1yZWdpc3RybyUyMiUzRU1hcXVpbGxhamUlM0MlMkZsaSUzRSUwQSUyMCUwOSUzQ2xpJTIwY2xhc3MlM0QlMjJsaXN0YS1yZWdpc3RybyUyMiUzRU1lZGlhcyUzQyUyRmxpJTNFJTBBJTIwJTA5JTNDbGklMjBjbGFzcyUzRCUyMmxpc3RhLXJlZ2lzdHJvJTIyJTNFTWV0YWxlcyUyMHByZWNpb3NvcyUyMHklMjBzdXMlMjBhbGVhY2lvbmVzJTNDJTJGbGklM0UlMEElMjAlMDklM0NsaSUyMGNsYXNzJTNEJTIybGlzdGEtcmVnaXN0cm8lMjIlM0VPYmpldG9zJTIwZGUlMjBhcnRlJTNDJTJGbGklM0UlMEElMjAlMDklM0NsaSUyMGNsYXNzJTNEJTIybGlzdGEtcmVnaXN0cm8lMjIlM0VQZXJmdW1lciVDMyVBRGElM0MlMkZsaSUzRSUwQSUyMCUwOSUzQ2xpJTIwY2xhc3MlM0QlMjJsaXN0YS1yZWdpc3RybyUyMiUzRVBpZWRyYXMlMjBwcmVjaW9zYXMlMjB5JTIwc2VtaXByZWNpb3NhcyUzQyUyRmxpJTNFJTBBJTIwJTA5JTNDbGklMjBjbGFzcyUzRCUyMmxpc3RhLXJlZ2lzdHJvJTIyJTNFUG9yY2VsYW5hJTNDJTJGbGklM0UlMEElMjAlMDklM0NsaSUyMGNsYXNzJTNEJTIybGlzdGEtcmVnaXN0cm8lMjIlM0VQcm9kdWN0b3MlMjBwYXJhJTIwZWwlMjBjYWJlbGxvJTNDJTJGbGklM0UlMEElMjAlMDklM0NsaSUyMGNsYXNzJTNEJTIybGlzdGEtcmVnaXN0cm8lMjIlM0VSZWxvamVyJUMzJUFEYSUzQyUyRmxpJTNFJTBBJTIwJTA5JTNDbGklMjBjbGFzcyUzRCUyMmxpc3RhLXJlZ2lzdHJvJTIyJTNFUmVzdGF1cmFudGVzJTIweSUyMFB1YnMlM0MlMkZsaSUzRSUwQSUyMCUwOSUzQ2xpJTIwY2xhc3MlM0QlMjJsaXN0YS1yZWdpc3RybyUyMiUzRVNlcnZpY2lvcyUyMGRlJTIwY2F0ZXJpbmclM0MlMkZsaSUzRSUwQSUyMCUwOSUzQ2xpJTIwY2xhc3MlM0QlMjJsaXN0YS1yZWdpc3RybyUyMiUzRVNoYW1wb29zJTNDJTJGbGklM0UlMEElMjAlMDklM0NsaSUyMGNsYXNzJTNEJTIybGlzdGEtcmVnaXN0cm8lMjIlM0VTb21icmVyZXIlQzMlQURhJTNDJTJGbGklM0UlMEElMjAlMDklM0NsaSUyMGNsYXNzJTNEJTIybGlzdGEtcmVnaXN0cm8lMjIlM0VUaW50ZXMlMjBjb3NtJUMzJUE5dGljb3MlM0MlMkZsaSUzRSUwQSUyMCUwOSUzQ2xpJTIwY2xhc3MlM0QlMjJsaXN0YS1yZWdpc3RybyUyMiUzRVZhamlsbGFzJTNDJTJGbGklM0UlMEElMjAlMDklM0NsaSUyMGNsYXNzJTNEJTIybGlzdGEtcmVnaXN0cm8lMjIlM0VWZXN0aW1lbnRhJTNDJTJGbGklM0UlMEElMjAlMDklM0NsaSUyMGNsYXNzJTNEJTIybGlzdGEtcmVnaXN0cm8lMjIlM0VWaW5vcyUzQyUyRmxpJTNFJTBBJTNDJTJGdWwlM0UlMEElM0MlMkZkaXYlM0U=[\/vc_raw_html][vc_column_text]<\/p>\n<h1><span style=\"color: #f1d19b;\">Licencia de Marca Ejemplos<\/span><\/h1>\n<p><span style=\"color: #f1d19b;\">A continuaci\u00f3n mostramos la <strong>licencia de marca ejemplos<\/strong> que pretende dar respuesta a la mayor\u00eda de dudas generales que se nos plantean, pero debe quedar claro que para realizar y redactar correctamente un acuerdo de licencia de marca deben considerarse sus peculiaridades y ser analizadas y tratadas por expertos de forma individual.<\/span><\/p>\n<p><span style=\"color: #f1d19b;\">Mediante una licencia el titular de la marca registrada, o en su defecto quien tenga derecho y\/o facultad para licenciarla, autoriza a un tercero su utilizaci\u00f3n a cambio de una compensaci\u00f3n econ\u00f3mica en forma de regal\u00edas. Esta licencia se materializa mediante un acuerdo entre las partes donde el titular de la marca toma el papel de licenciante y la otra parte de licenciatario. Un acuerdo de licencia puede\/debe adem\u00e1s oficializarse inscribi\u00e9ndolo en la oficina donde se haya realizado el registro de la marca objeto de licencia.<\/span>[\/vc_column_text][\/vc_column][\/vc_row]<\/p>\n","protected":false},"excerpt":{"rendered":"<p>[vc_row full_width=&#8221;stretch_row_content_no_spaces&#8221; full_height=&#8221;yes&#8221; columns_placement=&#8221;top&#8221; css=&#8221;.vc_custom_1583120233509{padding-bottom: 50px !important;background-color: #f1d19b !important;}&#8221; el_class=&#8221;ancho&#8221;][vc_column][vc_column_text css=&#8221;.vc_custom_1583120356388{margin-top: 50px !important;margin-bottom: 100px !important;}&#8221;] REGISTROS MARCA [\/vc_column_text][vc_column_text el_class=&#8221;el_prestigio&#8221;] En caso de estar interesado en el otorgamiento de una licencia para el uso de cualquiera de los registros, deber\u00e1 ponerse en contacto con Estate of Mar\u00eda F\u00e9lix, S.A. de C.V., el cual es \u00fanico representante [&hellip;]<\/p>\n","protected":false},"author":2,"featured_media":0,"parent":0,"menu_order":0,"comment_status":"closed","ping_status":"closed","template":"visual-temlpate.php","meta":[],"yoast_head":"<!-- This site is optimized with the Yoast SEO plugin v17.1 - https:\/\/yoast.com\/wordpress\/plugins\/seo\/ -->\n<title>Registros de Marca - Mar\u00eda F\u00e9lix<\/title>\n<meta name=\"description\" content=\"Licencia de marca ejemplos se muestra a continuaci\u00f3n en que industr\u00eda puede ir el nombre de Mar\u00eda F\u00e9lix para atraer m\u00e1s atracci\u00f3n por el cliente.\" \/>\n<meta name=\"robots\" content=\"index, follow, max-snippet:-1, max-image-preview:large, max-video-preview:-1\" \/>\n<link rel=\"canonical\" href=\"https:\/\/estateofmariafelix.com\/es\/licencia-de-marca-ejemplos\/\" \/>\n<meta property=\"og:locale\" content=\"es_MX\" \/>\n<meta property=\"og:type\" content=\"article\" \/>\n<meta property=\"og:title\" content=\"Registros de Marca - Mar\u00eda F\u00e9lix\" \/>\n<meta property=\"og:description\" content=\"Licencia de marca ejemplos se muestra a continuaci\u00f3n en que industr\u00eda puede ir el nombre de Mar\u00eda F\u00e9lix para atraer m\u00e1s atracci\u00f3n por el cliente.\" \/>\n<meta property=\"og:url\" content=\"https:\/\/estateofmariafelix.com\/es\/licencia-de-marca-ejemplos\/\" \/>\n<meta property=\"og:site_name\" content=\"Mar\u00eda F\u00e9lix\" \/>\n<meta property=\"article:publisher\" content=\"https:\/\/www.facebook.com\/EstateofMariaFelix\" \/>\n<meta property=\"article:modified_time\" content=\"2021-03-09T04:35:32+00:00\" \/>\n<meta name=\"twitter:card\" content=\"summary_large_image\" \/>\n<meta name=\"twitter:label1\" content=\"Tiempo de lectura\" \/>\n\t<meta name=\"twitter:data1\" content=\"1 minuto\" \/>\n<script type=\"application\/ld+json\" class=\"yoast-schema-graph\">{\"@context\":\"https:\/\/schema.org\",\"@graph\":[{\"@type\":\"Organization\",\"@id\":\"https:\/\/estateofmariafelix.com\/es\/#organization\",\"name\":\"Estate of Mar\\u00eda F\\u00e9lix\",\"url\":\"https:\/\/estateofmariafelix.com\/es\/\",\"sameAs\":[\"https:\/\/www.facebook.com\/EstateofMariaFelix\",\"https:\/\/www.instagram.com\/estateofmariafelix\/\"],\"logo\":{\"@type\":\"ImageObject\",\"@id\":\"https:\/\/estateofmariafelix.com\/es\/#logo\",\"inLanguage\":\"es-MX\",\"url\":\"https:\/\/estateofmariafelix.com\/es\/wp-content\/uploads\/2020\/03\/147-LOGO-EOMF-compressor.png\",\"contentUrl\":\"https:\/\/estateofmariafelix.com\/es\/wp-content\/uploads\/2020\/03\/147-LOGO-EOMF-compressor.png\",\"width\":1772,\"height\":974,\"caption\":\"Estate of Mar\\u00eda F\\u00e9lix\"},\"image\":{\"@id\":\"https:\/\/estateofmariafelix.com\/es\/#logo\"}},{\"@type\":\"WebSite\",\"@id\":\"https:\/\/estateofmariafelix.com\/es\/#website\",\"url\":\"https:\/\/estateofmariafelix.com\/es\/\",\"name\":\"Mar\\u00eda F\\u00e9lix\",\"description\":\"P\\u00e1gina Oficial\",\"publisher\":{\"@id\":\"https:\/\/estateofmariafelix.com\/es\/#organization\"},\"potentialAction\":[{\"@type\":\"SearchAction\",\"target\":{\"@type\":\"EntryPoint\",\"urlTemplate\":\"https:\/\/estateofmariafelix.com\/es\/?s={search_term_string}\"},\"query-input\":\"required name=search_term_string\"}],\"inLanguage\":\"es-MX\"},{\"@type\":\"WebPage\",\"@id\":\"https:\/\/estateofmariafelix.com\/es\/licencia-de-marca-ejemplos\/#webpage\",\"url\":\"https:\/\/estateofmariafelix.com\/es\/licencia-de-marca-ejemplos\/\",\"name\":\"Registros de Marca - Mar\\u00eda F\\u00e9lix\",\"isPartOf\":{\"@id\":\"https:\/\/estateofmariafelix.com\/es\/#website\"},\"datePublished\":\"2020-02-22T04:48:19+00:00\",\"dateModified\":\"2021-03-09T04:35:32+00:00\",\"description\":\"Licencia de marca ejemplos se muestra a continuaci\\u00f3n en que industr\\u00eda puede ir el nombre de Mar\\u00eda F\\u00e9lix para atraer m\\u00e1s atracci\\u00f3n por el cliente.\",\"breadcrumb\":{\"@id\":\"https:\/\/estateofmariafelix.com\/es\/licencia-de-marca-ejemplos\/#breadcrumb\"},\"inLanguage\":\"es-MX\",\"potentialAction\":[{\"@type\":\"ReadAction\",\"target\":[\"https:\/\/estateofmariafelix.com\/es\/licencia-de-marca-ejemplos\/\"]}]},{\"@type\":\"BreadcrumbList\",\"@id\":\"https:\/\/estateofmariafelix.com\/es\/licencia-de-marca-ejemplos\/#breadcrumb\",\"itemListElement\":[{\"@type\":\"ListItem\",\"position\":1,\"name\":\"Inicio\",\"item\":\"https:\/\/estateofmariafelix.com\/es\/\"},{\"@type\":\"ListItem\",\"position\":2,\"name\":\"Registros de Marca\"}]}]}<\/script>\n<!-- \/ Yoast SEO plugin. -->","yoast_head_json":{"title":"Registros de Marca - Mar\u00eda F\u00e9lix","description":"Licencia de marca ejemplos se muestra a continuaci\u00f3n en que industr\u00eda puede ir el nombre de Mar\u00eda F\u00e9lix para atraer m\u00e1s atracci\u00f3n por el cliente.","robots":{"index":"index","follow":"follow","max-snippet":"max-snippet:-1","max-image-preview":"max-image-preview:large","max-video-preview":"max-video-preview:-1"},"canonical":"https:\/\/estateofmariafelix.com\/es\/licencia-de-marca-ejemplos\/","og_locale":"es_MX","og_type":"article","og_title":"Registros de Marca - Mar\u00eda F\u00e9lix","og_description":"Licencia de marca ejemplos se muestra a continuaci\u00f3n en que industr\u00eda puede ir el nombre de Mar\u00eda F\u00e9lix para atraer m\u00e1s atracci\u00f3n por el cliente.","og_url":"https:\/\/estateofmariafelix.com\/es\/licencia-de-marca-ejemplos\/","og_site_name":"Mar\u00eda F\u00e9lix","article_publisher":"https:\/\/www.facebook.com\/EstateofMariaFelix","article_modified_time":"2021-03-09T04:35:32+00:00","twitter_card":"summary_large_image","twitter_misc":{"Tiempo de lectura":"1 minuto"},"schema":{"@context":"https:\/\/schema.org","@graph":[{"@type":"Organization","@id":"https:\/\/estateofmariafelix.com\/es\/#organization","name":"Estate of Mar\u00eda F\u00e9lix","url":"https:\/\/estateofmariafelix.com\/es\/","sameAs":["https:\/\/www.facebook.com\/EstateofMariaFelix","https:\/\/www.instagram.com\/estateofmariafelix\/"],"logo":{"@type":"ImageObject","@id":"https:\/\/estateofmariafelix.com\/es\/#logo","inLanguage":"es-MX","url":"https:\/\/estateofmariafelix.com\/es\/wp-content\/uploads\/2020\/03\/147-LOGO-EOMF-compressor.png","contentUrl":"https:\/\/estateofmariafelix.com\/es\/wp-content\/uploads\/2020\/03\/147-LOGO-EOMF-compressor.png","width":1772,"height":974,"caption":"Estate of Mar\u00eda F\u00e9lix"},"image":{"@id":"https:\/\/estateofmariafelix.com\/es\/#logo"}},{"@type":"WebSite","@id":"https:\/\/estateofmariafelix.com\/es\/#website","url":"https:\/\/estateofmariafelix.com\/es\/","name":"Mar\u00eda F\u00e9lix","description":"P\u00e1gina Oficial","publisher":{"@id":"https:\/\/estateofmariafelix.com\/es\/#organization"},"potentialAction":[{"@type":"SearchAction","target":{"@type":"EntryPoint","urlTemplate":"https:\/\/estateofmariafelix.com\/es\/?s={search_term_string}"},"query-input":"required name=search_term_string"}],"inLanguage":"es-MX"},{"@type":"WebPage","@id":"https:\/\/estateofmariafelix.com\/es\/licencia-de-marca-ejemplos\/#webpage","url":"https:\/\/estateofmariafelix.com\/es\/licencia-de-marca-ejemplos\/","name":"Registros de Marca - Mar\u00eda F\u00e9lix","isPartOf":{"@id":"https:\/\/estateofmariafelix.com\/es\/#website"},"datePublished":"2020-02-22T04:48:19+00:00","dateModified":"2021-03-09T04:35:32+00:00","description":"Licencia de marca ejemplos se muestra a continuaci\u00f3n en que industr\u00eda puede ir el nombre de Mar\u00eda F\u00e9lix para atraer m\u00e1s atracci\u00f3n por el cliente.","breadcrumb":{"@id":"https:\/\/estateofmariafelix.com\/es\/licencia-de-marca-ejemplos\/#breadcrumb"},"inLanguage":"es-MX","potentialAction":[{"@type":"ReadAction","target":["https:\/\/estateofmariafelix.com\/es\/licencia-de-marca-ejemplos\/"]}]},{"@type":"BreadcrumbList","@id":"https:\/\/estateofmariafelix.com\/es\/licencia-de-marca-ejemplos\/#breadcrumb","itemListElement":[{"@type":"ListItem","position":1,"name":"Inicio","item":"https:\/\/estateofmariafelix.com\/es\/"},{"@type":"ListItem","position":2,"name":"Registros de Marca"}]}]}},"_links":{"self":[{"href":"https:\/\/estateofmariafelix.com\/es\/wp-json\/wp\/v2\/pages\/2780"}],"collection":[{"href":"https:\/\/estateofmariafelix.com\/es\/wp-json\/wp\/v2\/pages"}],"about":[{"href":"https:\/\/estateofmariafelix.com\/es\/wp-json\/wp\/v2\/types\/page"}],"author":[{"embeddable":true,"href":"https:\/\/estateofmariafelix.com\/es\/wp-json\/wp\/v2\/users\/2"}],"replies":[{"embeddable":true,"href":"https:\/\/estateofmariafelix.com\/es\/wp-json\/wp\/v2\/comments?post=2780"}],"version-history":[{"count":27,"href":"https:\/\/estateofmariafelix.com\/es\/wp-json\/wp\/v2\/pages\/2780\/revisions"}],"predecessor-version":[{"id":3686,"href":"https:\/\/estateofmariafelix.com\/es\/wp-json\/wp\/v2\/pages\/2780\/revisions\/3686"}],"wp:attachment":[{"href":"https:\/\/estateofmariafelix.com\/es\/wp-json\/wp\/v2\/media?parent=2780"}],"curies":[{"name":"wp","href":"https:\/\/api.w.org\/{rel}","templated":true}]}}