{"id":3071,"date":"2020-02-29T22:56:48","date_gmt":"2020-03-01T04:56:48","guid":{"rendered":"http:\/\/estateofmariafelix.com\/es\/?page_id=3071"},"modified":"2021-03-04T17:20:26","modified_gmt":"2021-03-04T23:20:26","slug":"maria-felix-belleza","status":"publish","type":"page","link":"https:\/\/estateofmariafelix.com\/es\/maria-felix-belleza\/","title":{"rendered":"Maria Felix Belleza"},"content":{"rendered":"<p>[vc_row full_width=&#8221;stretch_row_content_no_spaces&#8221; css=&#8221;.vc_custom_1583291653242{background-color: #fbdd95 !important;}&#8221;][vc_column][vc_single_image image=&#8221;3196&#8243; img_size=&#8221;full&#8221; alignment=&#8221;center&#8221; el_class=&#8221;el_prestigio_img&#8221;][\/vc_column][\/vc_row][vc_row full_width=&#8221;stretch_row_content_no_spaces&#8221; full_height=&#8221;yes&#8221; el_class=&#8221;donde_esta_maria_1&#8243;][vc_column]<div class=\"banner-slider banner-slider2 \"><div class=\"wrap-item sv-slider \" data-item=\"1\" data-speed=\"\" data-itemres=\"\" data-animation=\"fade\" data-nav=\"banner-slider2\" data-prev=\"Prev\" data-next=\"Next\">[vc_single_image image=&#8221;3198&#8243; img_size=&#8221;full&#8221; alignment=&#8221;center&#8221; css_animation=&#8221;none&#8221; css=&#8221;.vc_custom_1604634128708{padding-top: 10% !important;padding-right: 10% !important;padding-bottom: 10% !important;padding-left: 10% !important;background-color: #ffffff !important;}&#8221;][vc_single_image image=&#8221;3199&#8243; img_size=&#8221;full&#8221; alignment=&#8221;center&#8221; css_animation=&#8221;none&#8221; css=&#8221;.vc_custom_1604634138925{padding-top: 10% !important;padding-right: 10% !important;padding-bottom: 10% !important;padding-left: 10% !important;background-color: #c8c1a2 !important;}&#8221;][vc_single_image image=&#8221;3200&#8243; img_size=&#8221;full&#8221; alignment=&#8221;center&#8221; css_animation=&#8221;none&#8221; css=&#8221;.vc_custom_1604634147554{padding-top: 10% !important;padding-right: 10% !important;padding-bottom: 10% !important;padding-left: 10% !important;background-color: #e9ccc1 !important;}&#8221;][vc_single_image image=&#8221;3202&#8243; img_size=&#8221;full&#8221; alignment=&#8221;center&#8221; css_animation=&#8221;none&#8221; css=&#8221;.vc_custom_1604634156252{padding-right: 5% !important;padding-left: 5% !important;background-color: #ffffff !important;}&#8221;][vc_column_text el_class=&#8221;el_prestigio&#8221;]<\/p>\n<div class=\"donde_puede_estar_maria_registro\">\n<h1 style=\"text-align: center;\">REGISTROS DE MARCA<\/h1>\n<p style=\"text-align: justify;\">Las presentes marcas son propiedad exclusiva de Fomento Social Mar\u00eda F\u00e9lix, A.C., en caso de interesarse en el otorgamiento de una licencia para el uso de cualquiera de los registros, debe ponerse en contacto con Estate of Mar\u00eda F\u00e9lix, S.A. de C.V., el cual es \u00fanico representante del Titular de los derechos de las marcas.<\/p>\n<p style=\"text-align: justify;\">Cualquier licencia otorgada por el Titular deber\u00e1 quedar inscrita ante el Instituto Mexicano de la Propiedad Industrial, en caso de no cumplir con este requisito, dicha licencia no producir\u00e1 efectos en perjuicio de terceros.<\/p>\n<ul class=\"lista-registro\">\n<li class=\"lista-registro\">Aceites esenciales<\/li>\n<li class=\"lista-registro\">Alimentos y bebidas<\/li>\n<li class=\"lista-registro\">Art\u00edculos de joyer\u00eda<\/li>\n<li class=\"lista-registro\">Banquetes<\/li>\n<li class=\"lista-registro\">Bares<\/li>\n<li class=\"lista-registro\">Bebidas alcoh\u00f3licas<\/li>\n<li class=\"lista-registro\">Bebidas y comidas preparadas<\/li>\n<li class=\"lista-registro\">Cafeter\u00edas<\/li>\n<li class=\"lista-registro\">Calzado<\/li>\n<li class=\"lista-registro\">Casas vacacionales<\/li>\n<li class=\"lista-registro\">Cosm\u00e9ticos y dent\u00edfricos<\/li>\n<li class=\"lista-registro\">Dise\u00f1o de interiores<\/li>\n<li class=\"lista-registro\">Dise\u00f1o de mobiliario<\/li>\n<li class=\"lista-registro\">Dise\u00f1o de moda<\/li>\n<li class=\"lista-registro\">Dise\u00f1o museogr\u00e1fico<\/li>\n<li class=\"lista-registro\">Dise\u00f1o textil<\/li>\n<li class=\"lista-registro\">Esmaltes de u\u00f1as<\/li>\n<li>Entretenimiento<\/li>\n<li>Filmes<\/li>\n<li class=\"lista-registro\">Fragancias<\/li>\n<li class=\"lista-registro\">Hoteler\u00eda<\/li>\n<li class=\"lista-registro\">Inciensos<\/li>\n<li class=\"lista-registro\">Jabones<\/li>\n<li class=\"lista-registro\">Lociones capilares<\/li>\n<li class=\"lista-registro\">Maquillaje<\/li>\n<li class=\"lista-registro\">Medias<\/li>\n<li class=\"lista-registro\">Metales preciosos y sus aleaciones<\/li>\n<li class=\"lista-registro\">Objetos de arte<\/li>\n<li class=\"lista-registro\">Perfumer\u00eda<\/li>\n<li class=\"lista-registro\">Piedras preciosas y semipreciosas<\/li>\n<li class=\"lista-registro\">Porcelana<\/li>\n<li class=\"lista-registro\">Productos para el cabello<\/li>\n<li class=\"lista-registro\">Relojer\u00eda<\/li>\n<li class=\"lista-registro\">Restaurantes y Pubs<\/li>\n<li class=\"lista-registro\">Servicios de catering<\/li>\n<li class=\"lista-registro\">Shampoos<\/li>\n<li class=\"lista-registro\">Sombrerer\u00eda<\/li>\n<li class=\"lista-registro\">Tintes cosm\u00e9ticos<\/li>\n<li class=\"lista-registro\">Vajillas<\/li>\n<li class=\"lista-registro\">Vestimenta<\/li>\n<li class=\"lista-registro\">Vinos<\/li>\n<\/ul>\n<\/div>\n<p>[\/vc_column_text]<\/div><\/div>[\/vc_column][\/vc_row][vc_row full_width=&#8221;stretch_row_content_no_spaces&#8221; full_height=&#8221;yes&#8221; el_class=&#8221;donde_esta_maria&#8221;][vc_column][vc_row_inner css=&#8221;.vc_custom_1583294690410{background-color: #ffffff !important;}&#8221;][vc_column_inner css=&#8221;.vc_custom_1583296290866{margin-top: 100px !important;margin-bottom: 100px !important;}&#8221;][vc_single_image image=&#8221;3243&#8243; img_size=&#8221;full&#8221; alignment=&#8221;center&#8221; css_animation=&#8221;none&#8221; css=&#8221;.vc_custom_1604634175944{background-color: #ffffff !important;}&#8221;][\/vc_column_inner][\/vc_row_inner][vc_row_inner css=&#8221;.vc_custom_1583294681676{background-color: #c8c1a2 !important;}&#8221;][vc_column_inner css=&#8221;.vc_custom_1583296297684{margin-top: 100px !important;margin-bottom: 100px !important;}&#8221;][vc_single_image image=&#8221;3205&#8243; img_size=&#8221;full&#8221;][\/vc_column_inner][\/vc_row_inner][vc_row_inner css=&#8221;.vc_custom_1583295526283{background-color: #e9ccc1 !important;}&#8221;][vc_column_inner css=&#8221;.vc_custom_1583296304338{margin-top: 100px !important;margin-bottom: 100px !important;}&#8221;][vc_single_image image=&#8221;3206&#8243; img_size=&#8221;full&#8221;][\/vc_column_inner][\/vc_row_inner][vc_row_inner css=&#8221;.vc_custom_1583294755196{background-color: #ffffff !important;}&#8221;][vc_column_inner css=&#8221;.vc_custom_1583457859509{margin-bottom: 70px !important;}&#8221;][vc_single_image image=&#8221;3291&#8243; img_size=&#8221;full&#8221;][\/vc_column_inner][\/vc_row_inner][vc_row_inner][vc_column_inner][vc_column_text el_class=&#8221;el_prestigio&#8221;]<\/p>\n<div class=\"donde_puede_estar_maria_registro\">\n<h1 style=\"text-align: center;\">REGISTROS DE MARCA<\/h1>\n<p style=\"text-align: justify;\">Las presentes marcas son propiedad exclusiva de Fomento Social Mar\u00eda F\u00e9lix, A.C., en caso de interesarse en el otorgamiento de una licencia para el uso de cualquiera de los registros, debe ponerse en contacto con Estate of Mar\u00eda F\u00e9lix, S.A. de C.V., el cual es \u00fanico representante del Titular de los derechos de las marcas.<\/p>\n<p style=\"text-align: justify;\">Cualquier licencia otorgada por el Titular deber\u00e1 quedar inscrita ante el Instituto Mexicano de la Propiedad Industrial, en caso de no cumplir con este requisito, dicha licencia no producir\u00e1 efectos en perjuicio de terceros.<\/p>\n<ul class=\"lista-registro\">\n<li class=\"lista-registro\">Aceites esenciales<\/li>\n<li class=\"lista-registro\">Alimentos y bebidas<\/li>\n<li class=\"lista-registro\">Art\u00edculos de joyer\u00eda<\/li>\n<li class=\"lista-registro\">Banquetes<\/li>\n<li class=\"lista-registro\">Bares<\/li>\n<li class=\"lista-registro\">Bebidas alcoh\u00f3licas<\/li>\n<li class=\"lista-registro\">Bebidas y comidas preparadas<\/li>\n<li class=\"lista-registro\">Cafeter\u00edas<\/li>\n<li class=\"lista-registro\">Calzado<\/li>\n<li class=\"lista-registro\">Casas vacacionales<\/li>\n<li class=\"lista-registro\">Cosm\u00e9ticos y dent\u00edfricos<\/li>\n<li class=\"lista-registro\">Dise\u00f1o de interiores<\/li>\n<li class=\"lista-registro\">Dise\u00f1o de mobiliario<\/li>\n<li class=\"lista-registro\">Dise\u00f1o de moda<\/li>\n<li class=\"lista-registro\">Dise\u00f1o museogr\u00e1fico<\/li>\n<li class=\"lista-registro\">Dise\u00f1o textil<\/li>\n<li class=\"lista-registro\">Esmaltes de u\u00f1as<\/li>\n<li>Entretenimiento<\/li>\n<li>Filmes<\/li>\n<li class=\"lista-registro\">Fragancias<\/li>\n<li class=\"lista-registro\">Hoteler\u00eda<\/li>\n<li class=\"lista-registro\">Inciensos<\/li>\n<li class=\"lista-registro\">Jabones<\/li>\n<li class=\"lista-registro\">Lociones capilares<\/li>\n<li class=\"lista-registro\">Maquillaje<\/li>\n<li class=\"lista-registro\">Medias<\/li>\n<li class=\"lista-registro\">Metales preciosos y sus aleaciones<\/li>\n<li class=\"lista-registro\">Objetos de arte<\/li>\n<li class=\"lista-registro\">Perfumer\u00eda<\/li>\n<li class=\"lista-registro\">Piedras preciosas y semipreciosas<\/li>\n<li class=\"lista-registro\">Porcelana<\/li>\n<li class=\"lista-registro\">Productos para el cabello<\/li>\n<li class=\"lista-registro\">Relojer\u00eda<\/li>\n<li class=\"lista-registro\">Restaurantes y Pubs<\/li>\n<li class=\"lista-registro\">Servicios de catering<\/li>\n<li class=\"lista-registro\">Shampoos<\/li>\n<li class=\"lista-registro\">Sombrerer\u00eda<\/li>\n<li class=\"lista-registro\">Tintes cosm\u00e9ticos<\/li>\n<li class=\"lista-registro\">Vajillas<\/li>\n<li class=\"lista-registro\">Vestimenta<\/li>\n<li class=\"lista-registro\">Vinos<\/li>\n<\/ul>\n<\/div>\n<p>[\/vc_column_text][\/vc_column_inner][\/vc_row_inner][\/vc_column][\/vc_row][vc_row][vc_column][vc_column_text]<\/p>\n<h1 style=\"color: #3f4563;\">Maria Felix Belleza<\/h1>\n<p style=\"color: #3f4563;\">Retadora y de un car\u00e1cter indomable, <strong>Mar\u00eda F\u00e9lix belleza<\/strong> hipnotizaba a cualquiera con tan s\u00f3lo hacer acto de presencia. Resulta dif\u00edcil imaginarla sin sus joyas colgantes, sus peinados altos y rizados o sus cejas levantadas que acentuaban su facciones de mujer fr\u00edvola y desafiante, algo que rompi\u00f3 con cualquier estereotipo de mujer de su \u00e9poca. Pero \u00bfde d\u00f3nde proven\u00eda aquella belleza que destilaba? No de una crema facia, una estricta dieta o una visita al cirujano pl\u00e1stico.<\/p>\n<p>[\/vc_column_text][\/vc_column][\/vc_row]<\/p>\n","protected":false},"excerpt":{"rendered":"<p>[vc_row full_width=&#8221;stretch_row_content_no_spaces&#8221; css=&#8221;.vc_custom_1583291653242{background-color: #fbdd95 !important;}&#8221;][vc_column][vc_single_image image=&#8221;3196&#8243; img_size=&#8221;full&#8221; alignment=&#8221;center&#8221; el_class=&#8221;el_prestigio_img&#8221;][\/vc_column][\/vc_row][vc_row full_width=&#8221;stretch_row_content_no_spaces&#8221; full_height=&#8221;yes&#8221; el_class=&#8221;donde_esta_maria_1&#8243;][vc_column][\/vc_column][\/vc_row][vc_row full_width=&#8221;stretch_row_content_no_spaces&#8221; full_height=&#8221;yes&#8221; el_class=&#8221;donde_esta_maria&#8221;][vc_column][vc_row_inner css=&#8221;.vc_custom_1583294690410{background-color: #ffffff !important;}&#8221;][vc_column_inner css=&#8221;.vc_custom_1583296290866{margin-top: 100px !important;margin-bottom: 100px !important;}&#8221;][vc_single_image image=&#8221;3243&#8243; img_size=&#8221;full&#8221; alignment=&#8221;center&#8221; css_animation=&#8221;none&#8221; css=&#8221;.vc_custom_1604634175944{background-color: #ffffff !important;}&#8221;][\/vc_column_inner][\/vc_row_inner][vc_row_inner css=&#8221;.vc_custom_1583294681676{background-color: #c8c1a2 !important;}&#8221;][vc_column_inner css=&#8221;.vc_custom_1583296297684{margin-top: 100px !important;margin-bottom: 100px !important;}&#8221;][vc_single_image image=&#8221;3205&#8243; img_size=&#8221;full&#8221;][\/vc_column_inner][\/vc_row_inner][vc_row_inner css=&#8221;.vc_custom_1583295526283{background-color: #e9ccc1 !important;}&#8221;][vc_column_inner css=&#8221;.vc_custom_1583296304338{margin-top: 100px !important;margin-bottom: 100px !important;}&#8221;][vc_single_image image=&#8221;3206&#8243; img_size=&#8221;full&#8221;][\/vc_column_inner][\/vc_row_inner][vc_row_inner css=&#8221;.vc_custom_1583294755196{background-color: #ffffff !important;}&#8221;][vc_column_inner css=&#8221;.vc_custom_1583457859509{margin-bottom: 70px [&hellip;]<\/p>\n","protected":false},"author":2,"featured_media":0,"parent":0,"menu_order":0,"comment_status":"closed","ping_status":"closed","template":"visual-temlpate.php","meta":[],"yoast_head":"<!-- This site is optimized with the Yoast SEO plugin v17.1 - https:\/\/yoast.com\/wordpress\/plugins\/seo\/ -->\n<title>Maria Felix Belleza - Mar\u00eda F\u00e9lix<\/title>\n<meta name=\"description\" content=\"En caso de interesarse en el otorgamiento de una licencia para el uso de cualquiera de los registros, debe ponerse en contacto con nosotros...\" \/>\n<meta name=\"robots\" content=\"index, follow, max-snippet:-1, max-image-preview:large, max-video-preview:-1\" \/>\n<link rel=\"canonical\" href=\"https:\/\/estateofmariafelix.com\/es\/maria-felix-belleza\/\" \/>\n<meta property=\"og:locale\" content=\"es_MX\" \/>\n<meta property=\"og:type\" content=\"article\" \/>\n<meta property=\"og:title\" content=\"Maria Felix Belleza - Mar\u00eda F\u00e9lix\" \/>\n<meta property=\"og:description\" content=\"En caso de interesarse en el otorgamiento de una licencia para el uso de cualquiera de los registros, debe ponerse en contacto con nosotros...\" \/>\n<meta property=\"og:url\" content=\"https:\/\/estateofmariafelix.com\/es\/maria-felix-belleza\/\" \/>\n<meta property=\"og:site_name\" content=\"Mar\u00eda F\u00e9lix\" \/>\n<meta property=\"article:publisher\" content=\"https:\/\/www.facebook.com\/EstateofMariaFelix\" \/>\n<meta property=\"article:modified_time\" content=\"2021-03-04T23:20:26+00:00\" \/>\n<meta name=\"twitter:card\" content=\"summary_large_image\" \/>\n<meta name=\"twitter:label1\" content=\"Tiempo de lectura\" \/>\n\t<meta name=\"twitter:data1\" content=\"3 minutos\" \/>\n<script type=\"application\/ld+json\" class=\"yoast-schema-graph\">{\"@context\":\"https:\/\/schema.org\",\"@graph\":[{\"@type\":\"Organization\",\"@id\":\"https:\/\/estateofmariafelix.com\/es\/#organization\",\"name\":\"Estate of Mar\\u00eda F\\u00e9lix\",\"url\":\"https:\/\/estateofmariafelix.com\/es\/\",\"sameAs\":[\"https:\/\/www.facebook.com\/EstateofMariaFelix\",\"https:\/\/www.instagram.com\/estateofmariafelix\/\"],\"logo\":{\"@type\":\"ImageObject\",\"@id\":\"https:\/\/estateofmariafelix.com\/es\/#logo\",\"inLanguage\":\"es-MX\",\"url\":\"https:\/\/estateofmariafelix.com\/es\/wp-content\/uploads\/2020\/03\/147-LOGO-EOMF-compressor.png\",\"contentUrl\":\"https:\/\/estateofmariafelix.com\/es\/wp-content\/uploads\/2020\/03\/147-LOGO-EOMF-compressor.png\",\"width\":1772,\"height\":974,\"caption\":\"Estate of Mar\\u00eda F\\u00e9lix\"},\"image\":{\"@id\":\"https:\/\/estateofmariafelix.com\/es\/#logo\"}},{\"@type\":\"WebSite\",\"@id\":\"https:\/\/estateofmariafelix.com\/es\/#website\",\"url\":\"https:\/\/estateofmariafelix.com\/es\/\",\"name\":\"Mar\\u00eda F\\u00e9lix\",\"description\":\"P\\u00e1gina Oficial\",\"publisher\":{\"@id\":\"https:\/\/estateofmariafelix.com\/es\/#organization\"},\"potentialAction\":[{\"@type\":\"SearchAction\",\"target\":{\"@type\":\"EntryPoint\",\"urlTemplate\":\"https:\/\/estateofmariafelix.com\/es\/?s={search_term_string}\"},\"query-input\":\"required name=search_term_string\"}],\"inLanguage\":\"es-MX\"},{\"@type\":\"WebPage\",\"@id\":\"https:\/\/estateofmariafelix.com\/es\/maria-felix-belleza\/#webpage\",\"url\":\"https:\/\/estateofmariafelix.com\/es\/maria-felix-belleza\/\",\"name\":\"Maria Felix Belleza - Mar\\u00eda F\\u00e9lix\",\"isPartOf\":{\"@id\":\"https:\/\/estateofmariafelix.com\/es\/#website\"},\"datePublished\":\"2020-03-01T04:56:48+00:00\",\"dateModified\":\"2021-03-04T23:20:26+00:00\",\"description\":\"En caso de interesarse en el otorgamiento de una licencia para el uso de cualquiera de los registros, debe ponerse en contacto con nosotros...\",\"breadcrumb\":{\"@id\":\"https:\/\/estateofmariafelix.com\/es\/maria-felix-belleza\/#breadcrumb\"},\"inLanguage\":\"es-MX\",\"potentialAction\":[{\"@type\":\"ReadAction\",\"target\":[\"https:\/\/estateofmariafelix.com\/es\/maria-felix-belleza\/\"]}]},{\"@type\":\"BreadcrumbList\",\"@id\":\"https:\/\/estateofmariafelix.com\/es\/maria-felix-belleza\/#breadcrumb\",\"itemListElement\":[{\"@type\":\"ListItem\",\"position\":1,\"name\":\"Inicio\",\"item\":\"https:\/\/estateofmariafelix.com\/es\/\"},{\"@type\":\"ListItem\",\"position\":2,\"name\":\"Maria Felix Belleza\"}]}]}<\/script>\n<!-- \/ Yoast SEO plugin. -->","yoast_head_json":{"title":"Maria Felix Belleza - Mar\u00eda F\u00e9lix","description":"En caso de interesarse en el otorgamiento de una licencia para el uso de cualquiera de los registros, debe ponerse en contacto con nosotros...","robots":{"index":"index","follow":"follow","max-snippet":"max-snippet:-1","max-image-preview":"max-image-preview:large","max-video-preview":"max-video-preview:-1"},"canonical":"https:\/\/estateofmariafelix.com\/es\/maria-felix-belleza\/","og_locale":"es_MX","og_type":"article","og_title":"Maria Felix Belleza - Mar\u00eda F\u00e9lix","og_description":"En caso de interesarse en el otorgamiento de una licencia para el uso de cualquiera de los registros, debe ponerse en contacto con nosotros...","og_url":"https:\/\/estateofmariafelix.com\/es\/maria-felix-belleza\/","og_site_name":"Mar\u00eda F\u00e9lix","article_publisher":"https:\/\/www.facebook.com\/EstateofMariaFelix","article_modified_time":"2021-03-04T23:20:26+00:00","twitter_card":"summary_large_image","twitter_misc":{"Tiempo de lectura":"3 minutos"},"schema":{"@context":"https:\/\/schema.org","@graph":[{"@type":"Organization","@id":"https:\/\/estateofmariafelix.com\/es\/#organization","name":"Estate of Mar\u00eda F\u00e9lix","url":"https:\/\/estateofmariafelix.com\/es\/","sameAs":["https:\/\/www.facebook.com\/EstateofMariaFelix","https:\/\/www.instagram.com\/estateofmariafelix\/"],"logo":{"@type":"ImageObject","@id":"https:\/\/estateofmariafelix.com\/es\/#logo","inLanguage":"es-MX","url":"https:\/\/estateofmariafelix.com\/es\/wp-content\/uploads\/2020\/03\/147-LOGO-EOMF-compressor.png","contentUrl":"https:\/\/estateofmariafelix.com\/es\/wp-content\/uploads\/2020\/03\/147-LOGO-EOMF-compressor.png","width":1772,"height":974,"caption":"Estate of Mar\u00eda F\u00e9lix"},"image":{"@id":"https:\/\/estateofmariafelix.com\/es\/#logo"}},{"@type":"WebSite","@id":"https:\/\/estateofmariafelix.com\/es\/#website","url":"https:\/\/estateofmariafelix.com\/es\/","name":"Mar\u00eda F\u00e9lix","description":"P\u00e1gina Oficial","publisher":{"@id":"https:\/\/estateofmariafelix.com\/es\/#organization"},"potentialAction":[{"@type":"SearchAction","target":{"@type":"EntryPoint","urlTemplate":"https:\/\/estateofmariafelix.com\/es\/?s={search_term_string}"},"query-input":"required name=search_term_string"}],"inLanguage":"es-MX"},{"@type":"WebPage","@id":"https:\/\/estateofmariafelix.com\/es\/maria-felix-belleza\/#webpage","url":"https:\/\/estateofmariafelix.com\/es\/maria-felix-belleza\/","name":"Maria Felix Belleza - Mar\u00eda F\u00e9lix","isPartOf":{"@id":"https:\/\/estateofmariafelix.com\/es\/#website"},"datePublished":"2020-03-01T04:56:48+00:00","dateModified":"2021-03-04T23:20:26+00:00","description":"En caso de interesarse en el otorgamiento de una licencia para el uso de cualquiera de los registros, debe ponerse en contacto con nosotros...","breadcrumb":{"@id":"https:\/\/estateofmariafelix.com\/es\/maria-felix-belleza\/#breadcrumb"},"inLanguage":"es-MX","potentialAction":[{"@type":"ReadAction","target":["https:\/\/estateofmariafelix.com\/es\/maria-felix-belleza\/"]}]},{"@type":"BreadcrumbList","@id":"https:\/\/estateofmariafelix.com\/es\/maria-felix-belleza\/#breadcrumb","itemListElement":[{"@type":"ListItem","position":1,"name":"Inicio","item":"https:\/\/estateofmariafelix.com\/es\/"},{"@type":"ListItem","position":2,"name":"Maria Felix Belleza"}]}]}},"_links":{"self":[{"href":"https:\/\/estateofmariafelix.com\/es\/wp-json\/wp\/v2\/pages\/3071"}],"collection":[{"href":"https:\/\/estateofmariafelix.com\/es\/wp-json\/wp\/v2\/pages"}],"about":[{"href":"https:\/\/estateofmariafelix.com\/es\/wp-json\/wp\/v2\/types\/page"}],"author":[{"embeddable":true,"href":"https:\/\/estateofmariafelix.com\/es\/wp-json\/wp\/v2\/users\/2"}],"replies":[{"embeddable":true,"href":"https:\/\/estateofmariafelix.com\/es\/wp-json\/wp\/v2\/comments?post=3071"}],"version-history":[{"count":54,"href":"https:\/\/estateofmariafelix.com\/es\/wp-json\/wp\/v2\/pages\/3071\/revisions"}],"predecessor-version":[{"id":3683,"href":"https:\/\/estateofmariafelix.com\/es\/wp-json\/wp\/v2\/pages\/3071\/revisions\/3683"}],"wp:attachment":[{"href":"https:\/\/estateofmariafelix.com\/es\/wp-json\/wp\/v2\/media?parent=3071"}],"curies":[{"name":"wp","href":"https:\/\/api.w.org\/{rel}","templated":true}]}}