{"id":3446,"date":"2020-05-08T15:26:36","date_gmt":"2020-05-08T21:26:36","guid":{"rendered":"https:\/\/estateofmariafelix.com\/es\/?page_id=3446"},"modified":"2020-11-06T21:29:22","modified_gmt":"2020-11-07T03:29:22","slug":"fotos-d-maria-felix","status":"publish","type":"page","link":"https:\/\/estateofmariafelix.com\/es\/fotos-d-maria-felix\/","title":{"rendered":"Fotos d Mar\u00eda F\u00e9lix"},"content":{"rendered":"<p>[vc_row][vc_column width=&#8221;1\/4&#8243;][vc_single_image image=&#8221;3294&#8243; img_size=&#8221;full&#8221; alignment=&#8221;center&#8221;][\/vc_column][vc_column width=&#8221;1\/4&#8243;][vc_single_image image=&#8221;3281&#8243; img_size=&#8221;full&#8221; alignment=&#8221;center&#8221;][\/vc_column][vc_column width=&#8221;1\/4&#8243;][vc_single_image image=&#8221;3280&#8243; img_size=&#8221;full&#8221; alignment=&#8221;center&#8221;][\/vc_column][vc_column width=&#8221;1\/4&#8243;][vc_single_image image=&#8221;3279&#8243; img_size=&#8221;full&#8221; alignment=&#8221;center&#8221;][\/vc_column][\/vc_row][vc_row][vc_column width=&#8221;1\/4&#8243;][vc_single_image image=&#8221;3278&#8243; img_size=&#8221;full&#8221; alignment=&#8221;center&#8221;][\/vc_column][vc_column width=&#8221;1\/4&#8243;][vc_single_image image=&#8221;3277&#8243; img_size=&#8221;full&#8221; alignment=&#8221;center&#8221;][\/vc_column][vc_column width=&#8221;1\/4&#8243;][vc_single_image image=&#8221;3276&#8243; img_size=&#8221;full&#8221; alignment=&#8221;center&#8221;][\/vc_column][vc_column width=&#8221;1\/4&#8243;][vc_single_image image=&#8221;3275&#8243; img_size=&#8221;full&#8221; alignment=&#8221;center&#8221;][\/vc_column][\/vc_row][vc_row][vc_column][vc_column_text]<\/p>\n<h1 style=\"color: #3f4563;\">Fotos d Mar\u00eda F\u00e9lix<\/h1>\n<p style=\"color: #3f4563;\">Uno de los rostros m\u00e1s emblem\u00e1ticos de la \u00c9poca de Oro del cine mexicano, Mar\u00eda F\u00e9lix, naci\u00f3 en Alamos, Sonora, un 8 de abril de 1914.<\/p>\n<p style=\"color: #3f4563;\">La incursi\u00f3n de Mar\u00eda F\u00e9lix en el cine se dio gracias al ingeniero Fernando Palacios, quien la impuls\u00f3 a incursionar como actriz luego de verla caminar por las calles del centro hist\u00f3rico de la Ciudad de M\u00e9xico y preguntarle si no estaba interesada en ser actriz.<\/p>\n<p style=\"color: #3f4563;\">Mar\u00eda F\u00e9lix apareci\u00f3 por primera vez en la pel\u00edcula El Pe\u00f1\u00f3n de las Animas (1942) del director Miguel Zacar\u00edas junto a Jorge Negrete, quien se convertir\u00eda en su esposo en 1952.<\/p>\n<p style=\"color: #3f4563;\">La actriz comenz\u00f3 a ser llamada \u201cLa Do\u00f1a\u201d tras protagonizar Do\u00f1a B\u00e1rbara (1943) de Fernando de Fuentes. Mar\u00eda F\u00e9lix acept\u00f3 estelarizar esta cinta luego de que el novelista R\u00f3mulo Gallegos, guionista de la pel\u00edcula, la conociera en una comida en el Club Chapultepec y le insistiera para aceptar el papel.<\/p>\n<p style=\"color: #3f4563;\">Aqu\u00ed encontraras todas las<strong> fotos d Mar\u00eda F\u00e9lix:<\/strong><\/p>\n<p>[\/vc_column_text][\/vc_column][\/vc_row][vc_row][vc_column][vc_column_text]<\/p>\n<p>[\/vc_column_text][\/vc_column][\/vc_row]<\/p>\n","protected":false},"excerpt":{"rendered":"<p>[vc_row][vc_column width=&#8221;1\/4&#8243;][vc_single_image image=&#8221;3294&#8243; img_size=&#8221;full&#8221; alignment=&#8221;center&#8221;][\/vc_column][vc_column width=&#8221;1\/4&#8243;][vc_single_image image=&#8221;3281&#8243; img_size=&#8221;full&#8221; alignment=&#8221;center&#8221;][\/vc_column][vc_column width=&#8221;1\/4&#8243;][vc_single_image image=&#8221;3280&#8243; img_size=&#8221;full&#8221; alignment=&#8221;center&#8221;][\/vc_column][vc_column width=&#8221;1\/4&#8243;][vc_single_image image=&#8221;3279&#8243; img_size=&#8221;full&#8221; alignment=&#8221;center&#8221;][\/vc_column][\/vc_row][vc_row][vc_column width=&#8221;1\/4&#8243;][vc_single_image image=&#8221;3278&#8243; img_size=&#8221;full&#8221; alignment=&#8221;center&#8221;][\/vc_column][vc_column width=&#8221;1\/4&#8243;][vc_single_image image=&#8221;3277&#8243; img_size=&#8221;full&#8221; alignment=&#8221;center&#8221;][\/vc_column][vc_column width=&#8221;1\/4&#8243;][vc_single_image image=&#8221;3276&#8243; img_size=&#8221;full&#8221; alignment=&#8221;center&#8221;][\/vc_column][vc_column width=&#8221;1\/4&#8243;][vc_single_image image=&#8221;3275&#8243; img_size=&#8221;full&#8221; alignment=&#8221;center&#8221;][\/vc_column][\/vc_row][vc_row][vc_column][vc_column_text] Fotos d Mar\u00eda F\u00e9lix Uno de los rostros m\u00e1s emblem\u00e1ticos de la \u00c9poca de Oro del cine mexicano, Mar\u00eda F\u00e9lix, naci\u00f3 en [&hellip;]<\/p>\n","protected":false},"author":2,"featured_media":0,"parent":0,"menu_order":0,"comment_status":"closed","ping_status":"closed","template":"","meta":[],"yoast_head":"<!-- This site is optimized with the Yoast SEO plugin v17.1 - https:\/\/yoast.com\/wordpress\/plugins\/seo\/ -->\n<title>Fotos d Mar\u00eda F\u00e9lix - Mar\u00eda F\u00e9lix<\/title>\n<meta name=\"description\" content=\"Aqu\u00ed encontras algunas de las Fotos d Mar\u00eda F\u00e9lix donde se podra apreciar su belleza, porte y elegancia, resaltando la gran actriz que era.\" \/>\n<meta name=\"robots\" content=\"index, follow, max-snippet:-1, max-image-preview:large, max-video-preview:-1\" \/>\n<link rel=\"canonical\" href=\"https:\/\/estateofmariafelix.com\/es\/fotos-d-maria-felix\/\" \/>\n<meta property=\"og:locale\" content=\"es_MX\" \/>\n<meta property=\"og:type\" content=\"article\" \/>\n<meta property=\"og:title\" content=\"Fotos d Mar\u00eda F\u00e9lix - Mar\u00eda F\u00e9lix\" \/>\n<meta property=\"og:description\" content=\"Aqu\u00ed encontras algunas de las Fotos d Mar\u00eda F\u00e9lix donde se podra apreciar su belleza, porte y elegancia, resaltando la gran actriz que era.\" \/>\n<meta property=\"og:url\" content=\"https:\/\/estateofmariafelix.com\/es\/fotos-d-maria-felix\/\" \/>\n<meta property=\"og:site_name\" content=\"Mar\u00eda F\u00e9lix\" \/>\n<meta property=\"article:publisher\" content=\"https:\/\/www.facebook.com\/EstateofMariaFelix\" \/>\n<meta property=\"article:modified_time\" content=\"2020-11-07T03:29:22+00:00\" \/>\n<meta name=\"twitter:card\" content=\"summary_large_image\" \/>\n<meta name=\"twitter:label1\" content=\"Tiempo de lectura\" \/>\n\t<meta name=\"twitter:data1\" content=\"2 minutos\" \/>\n<script type=\"application\/ld+json\" class=\"yoast-schema-graph\">{\"@context\":\"https:\/\/schema.org\",\"@graph\":[{\"@type\":\"Organization\",\"@id\":\"https:\/\/estateofmariafelix.com\/es\/#organization\",\"name\":\"Estate of Mar\\u00eda F\\u00e9lix\",\"url\":\"https:\/\/estateofmariafelix.com\/es\/\",\"sameAs\":[\"https:\/\/www.facebook.com\/EstateofMariaFelix\",\"https:\/\/www.instagram.com\/estateofmariafelix\/\"],\"logo\":{\"@type\":\"ImageObject\",\"@id\":\"https:\/\/estateofmariafelix.com\/es\/#logo\",\"inLanguage\":\"es-MX\",\"url\":\"https:\/\/estateofmariafelix.com\/es\/wp-content\/uploads\/2020\/03\/147-LOGO-EOMF-compressor.png\",\"contentUrl\":\"https:\/\/estateofmariafelix.com\/es\/wp-content\/uploads\/2020\/03\/147-LOGO-EOMF-compressor.png\",\"width\":1772,\"height\":974,\"caption\":\"Estate of Mar\\u00eda F\\u00e9lix\"},\"image\":{\"@id\":\"https:\/\/estateofmariafelix.com\/es\/#logo\"}},{\"@type\":\"WebSite\",\"@id\":\"https:\/\/estateofmariafelix.com\/es\/#website\",\"url\":\"https:\/\/estateofmariafelix.com\/es\/\",\"name\":\"Mar\\u00eda F\\u00e9lix\",\"description\":\"P\\u00e1gina Oficial\",\"publisher\":{\"@id\":\"https:\/\/estateofmariafelix.com\/es\/#organization\"},\"potentialAction\":[{\"@type\":\"SearchAction\",\"target\":{\"@type\":\"EntryPoint\",\"urlTemplate\":\"https:\/\/estateofmariafelix.com\/es\/?s={search_term_string}\"},\"query-input\":\"required name=search_term_string\"}],\"inLanguage\":\"es-MX\"},{\"@type\":\"WebPage\",\"@id\":\"https:\/\/estateofmariafelix.com\/es\/fotos-d-maria-felix\/#webpage\",\"url\":\"https:\/\/estateofmariafelix.com\/es\/fotos-d-maria-felix\/\",\"name\":\"Fotos d Mar\\u00eda F\\u00e9lix - Mar\\u00eda F\\u00e9lix\",\"isPartOf\":{\"@id\":\"https:\/\/estateofmariafelix.com\/es\/#website\"},\"datePublished\":\"2020-05-08T21:26:36+00:00\",\"dateModified\":\"2020-11-07T03:29:22+00:00\",\"description\":\"Aqu\\u00ed encontras algunas de las Fotos d Mar\\u00eda F\\u00e9lix donde se podra apreciar su belleza, porte y elegancia, resaltando la gran actriz que era.\",\"breadcrumb\":{\"@id\":\"https:\/\/estateofmariafelix.com\/es\/fotos-d-maria-felix\/#breadcrumb\"},\"inLanguage\":\"es-MX\",\"potentialAction\":[{\"@type\":\"ReadAction\",\"target\":[\"https:\/\/estateofmariafelix.com\/es\/fotos-d-maria-felix\/\"]}]},{\"@type\":\"BreadcrumbList\",\"@id\":\"https:\/\/estateofmariafelix.com\/es\/fotos-d-maria-felix\/#breadcrumb\",\"itemListElement\":[{\"@type\":\"ListItem\",\"position\":1,\"name\":\"Inicio\",\"item\":\"https:\/\/estateofmariafelix.com\/es\/\"},{\"@type\":\"ListItem\",\"position\":2,\"name\":\"Fotos d Mar\\u00eda F\\u00e9lix\"}]}]}<\/script>\n<!-- \/ Yoast SEO plugin. -->","yoast_head_json":{"title":"Fotos d Mar\u00eda F\u00e9lix - Mar\u00eda F\u00e9lix","description":"Aqu\u00ed encontras algunas de las Fotos d Mar\u00eda F\u00e9lix donde se podra apreciar su belleza, porte y elegancia, resaltando la gran actriz que era.","robots":{"index":"index","follow":"follow","max-snippet":"max-snippet:-1","max-image-preview":"max-image-preview:large","max-video-preview":"max-video-preview:-1"},"canonical":"https:\/\/estateofmariafelix.com\/es\/fotos-d-maria-felix\/","og_locale":"es_MX","og_type":"article","og_title":"Fotos d Mar\u00eda F\u00e9lix - Mar\u00eda F\u00e9lix","og_description":"Aqu\u00ed encontras algunas de las Fotos d Mar\u00eda F\u00e9lix donde se podra apreciar su belleza, porte y elegancia, resaltando la gran actriz que era.","og_url":"https:\/\/estateofmariafelix.com\/es\/fotos-d-maria-felix\/","og_site_name":"Mar\u00eda F\u00e9lix","article_publisher":"https:\/\/www.facebook.com\/EstateofMariaFelix","article_modified_time":"2020-11-07T03:29:22+00:00","twitter_card":"summary_large_image","twitter_misc":{"Tiempo de lectura":"2 minutos"},"schema":{"@context":"https:\/\/schema.org","@graph":[{"@type":"Organization","@id":"https:\/\/estateofmariafelix.com\/es\/#organization","name":"Estate of Mar\u00eda F\u00e9lix","url":"https:\/\/estateofmariafelix.com\/es\/","sameAs":["https:\/\/www.facebook.com\/EstateofMariaFelix","https:\/\/www.instagram.com\/estateofmariafelix\/"],"logo":{"@type":"ImageObject","@id":"https:\/\/estateofmariafelix.com\/es\/#logo","inLanguage":"es-MX","url":"https:\/\/estateofmariafelix.com\/es\/wp-content\/uploads\/2020\/03\/147-LOGO-EOMF-compressor.png","contentUrl":"https:\/\/estateofmariafelix.com\/es\/wp-content\/uploads\/2020\/03\/147-LOGO-EOMF-compressor.png","width":1772,"height":974,"caption":"Estate of Mar\u00eda F\u00e9lix"},"image":{"@id":"https:\/\/estateofmariafelix.com\/es\/#logo"}},{"@type":"WebSite","@id":"https:\/\/estateofmariafelix.com\/es\/#website","url":"https:\/\/estateofmariafelix.com\/es\/","name":"Mar\u00eda F\u00e9lix","description":"P\u00e1gina Oficial","publisher":{"@id":"https:\/\/estateofmariafelix.com\/es\/#organization"},"potentialAction":[{"@type":"SearchAction","target":{"@type":"EntryPoint","urlTemplate":"https:\/\/estateofmariafelix.com\/es\/?s={search_term_string}"},"query-input":"required name=search_term_string"}],"inLanguage":"es-MX"},{"@type":"WebPage","@id":"https:\/\/estateofmariafelix.com\/es\/fotos-d-maria-felix\/#webpage","url":"https:\/\/estateofmariafelix.com\/es\/fotos-d-maria-felix\/","name":"Fotos d Mar\u00eda F\u00e9lix - Mar\u00eda F\u00e9lix","isPartOf":{"@id":"https:\/\/estateofmariafelix.com\/es\/#website"},"datePublished":"2020-05-08T21:26:36+00:00","dateModified":"2020-11-07T03:29:22+00:00","description":"Aqu\u00ed encontras algunas de las Fotos d Mar\u00eda F\u00e9lix donde se podra apreciar su belleza, porte y elegancia, resaltando la gran actriz que era.","breadcrumb":{"@id":"https:\/\/estateofmariafelix.com\/es\/fotos-d-maria-felix\/#breadcrumb"},"inLanguage":"es-MX","potentialAction":[{"@type":"ReadAction","target":["https:\/\/estateofmariafelix.com\/es\/fotos-d-maria-felix\/"]}]},{"@type":"BreadcrumbList","@id":"https:\/\/estateofmariafelix.com\/es\/fotos-d-maria-felix\/#breadcrumb","itemListElement":[{"@type":"ListItem","position":1,"name":"Inicio","item":"https:\/\/estateofmariafelix.com\/es\/"},{"@type":"ListItem","position":2,"name":"Fotos d Mar\u00eda F\u00e9lix"}]}]}},"_links":{"self":[{"href":"https:\/\/estateofmariafelix.com\/es\/wp-json\/wp\/v2\/pages\/3446"}],"collection":[{"href":"https:\/\/estateofmariafelix.com\/es\/wp-json\/wp\/v2\/pages"}],"about":[{"href":"https:\/\/estateofmariafelix.com\/es\/wp-json\/wp\/v2\/types\/page"}],"author":[{"embeddable":true,"href":"https:\/\/estateofmariafelix.com\/es\/wp-json\/wp\/v2\/users\/2"}],"replies":[{"embeddable":true,"href":"https:\/\/estateofmariafelix.com\/es\/wp-json\/wp\/v2\/comments?post=3446"}],"version-history":[{"count":12,"href":"https:\/\/estateofmariafelix.com\/es\/wp-json\/wp\/v2\/pages\/3446\/revisions"}],"predecessor-version":[{"id":3622,"href":"https:\/\/estateofmariafelix.com\/es\/wp-json\/wp\/v2\/pages\/3446\/revisions\/3622"}],"wp:attachment":[{"href":"https:\/\/estateofmariafelix.com\/es\/wp-json\/wp\/v2\/media?parent=3446"}],"curies":[{"name":"wp","href":"https:\/\/api.w.org\/{rel}","templated":true}]}}