{"id":3529,"date":"2020-10-29T15:30:20","date_gmt":"2020-10-29T21:30:20","guid":{"rendered":"https:\/\/estateofmariafelix.com\/es\/?page_id=3529"},"modified":"2020-10-29T15:47:44","modified_gmt":"2020-10-29T21:47:44","slug":"aviso-de-privacidad","status":"publish","type":"page","link":"https:\/\/estateofmariafelix.com\/es\/aviso-de-privacidad\/","title":{"rendered":"Aviso de Privacidad"},"content":{"rendered":"<p>[vc_row css=&#8221;.vc_custom_1604008062392{margin-top: 3% !important;margin-bottom: 5% !important;padding-top: 10% !important;padding-right: 5% !important;padding-bottom: 10% !important;padding-left: 5% !important;background-color: #ffffff !important;}&#8221;][vc_column][vc_column_text]Con fundamento en la Ley Federal de Protecci\u00f3n de Datos Personales en Posesi\u00f3n de los Particulares, su Reglamento y los Lineamientos del Aviso de Privacidad expedidos por la Secretar\u00eda de Econom\u00eda publicados en el Diario Oficial de la Federaci\u00f3n con fecha 17 de enero de 2013, hacemos de su conocimiento el Aviso de Privacidad de estate of mar\u00eda f\u00e9lix, s.a. de c.v.<\/p>\n<h3 style=\"text-align: center;\">Modificaci\u00f3n al Aviso de Privacidad<\/h3>\n<p>Cualquier modificaci\u00f3n a este Aviso de Privacidad podr\u00e1 consultarla en: https:\/\/estateofmariafelix.com\/es\/aviso-de-privacidad\/ \u200e\u200e<\/p>\n<h3 style=\"text-align: center;\">Responsable del tratamiento de datos personales<\/h3>\n<p>estate of mar\u00eda f\u00e9lix, s.a. de c.v., en adelante \u00abwww.estateofmariafelix.com\u00bb, con domicilio en Centro de Negocios Polanco. Laguna de T\u00e9rminos 221 Torre B\/1102 Granada C.P. 11520, Ciudad de M\u00e9xico, es responsable del uso, tratamiento y destino de sus datos personales.<\/p>\n<ul>\n<li>Tel\u00e9fono: (55) 71 55 1288<\/li>\n<li>Correo electr\u00f3nico: info@estateofmariafelix.com<\/li>\n<\/ul>\n<h3 style=\"text-align: center;\">Datos que recaba Estate of Mar\u00eda F\u00e9lix<\/h3>\n<p>A efecto de cumplir con las disposiciones legales aplicables, se le podr\u00e1n requerir los siguientes datos:<\/p>\n<ul>\n<li>Datos de identificaci\u00f3n relativos a la informaci\u00f3n concerniente a una persona f\u00edsica (nombre, fecha de nacimiento, nacionalidad, domicilio).<\/li>\n<li>Datos de contacto, con el objeto de mantener comunicaci\u00f3n con los interesados, tales como: tel\u00e9fono fijo, tel\u00e9fono m\u00f3vil, correo electr\u00f3nico.<\/li>\n<li>Datos laborales, relacionados con la informaci\u00f3n concerniente a su empleo, cargo o comisi\u00f3n; desempe\u00f1o profesional, correo electr\u00f3nico institucional, tel\u00e9fono institucional; p\u00e1gina web.<\/li>\n<\/ul>\n<p>No recabamos datos sensibles: informaci\u00f3n sobre las posturas ideol\u00f3gicas, religiosas, filos\u00f3ficas o morales, opini\u00f3n pol\u00edtica, afiliaci\u00f3n sindical, salud, vida sexual u origen \u00e9tnico o racial.<\/p>\n<p>www.estateofmariafelix.com implementa medidas de seguridad administrativas, t\u00e9cnicas y f\u00edsicas para proteger sus datos personales, mismas que igualmente exigimos sean cumplidas por los proveedores de los bienes y servicios que contratamos.<\/p>\n<h3 style=\"text-align: center;\">Finalidades del tratamiento de los datos personales que recaba nip<\/h3>\n<ul>\n<li>Proporcionarle informaci\u00f3n sobre nuestros servicios.<\/li>\n<li>Invitaci\u00f3n a eventos, reuniones, sesiones.<\/li>\n<\/ul>\n<p>De manera adicional, utilizaremos su informaci\u00f3n personal para las siguientes finalidades que no son necesarias para el servicio solicitado, pero que nos permiten facilitar y brindarle una mejor atenci\u00f3n:<\/p>\n<ul>\n<li>Ofrecer informaci\u00f3n de inter\u00e9s en materia de emprendimiento y<\/li>\n<li>Enviarle publicidad de nuestros productos o servicios.<\/li>\n<li>Elaborar estudios de mercadotecnia, encuestas o estad\u00edsticas.<\/li>\n<li>Invitaciones a eventos, concursos, sorteos o promociones.<\/li>\n<\/ul>\n<p>En caso de que no desee que sus datos personales sean tratados para estos fines adicionales, desde este momento usted nos puede comunicar lo anterior, de manera personal en el domicilio anteriormente indicado o al correo electr\u00f3nico: info@estateofmariafelix.com, en el cual deber\u00e1 proporcionar sus datos de identidad y la manifestaci\u00f3n de que no consiente que sus datos personales se utilicen para los fines enlistados.<\/p>\n<p>La negativa para el uso de sus datos personales para estas finalidades no podr\u00e1 ser un motivo para que le neguemos los servicios que solicita o contrata con nosotros.<\/p>\n<p>Para las finalidades se\u00f1aladas en el presente aviso de privacidad, \u00fanicamente podemos recabar sus datos:<\/p>\n<ol>\n<li>Personalmente a trav\u00e9s de formularios f\u00edsicos o electr\u00f3nicos.<\/li>\n<li>V\u00eda telef\u00f3nica.<\/li>\n<li>Correo electr\u00f3nico.<\/li>\n<li>Aplicaciones para tel\u00e9fonos m\u00f3viles o computadora.<\/li>\n<li>Y\/O a trav\u00e9s de otros medios \u00f3pticos, sonoros, visuales, gr\u00e1fico o por cualquier tecnolog\u00eda legalmente permitida.<\/li>\n<\/ol>\n<h3 style=\"text-align: center;\">\u00bfCon qui\u00e9n comparte sus datos personales www.estateofmariafelix.com y con qu\u00e9 finalidades?<\/h3>\n<p>Le informamos que sus datos personales pueden ser transferidos y tratados con empleados y directivos que formen parte de www.estateofmariafelix.com y con proveedores de bienes y servicios; los primeros con el objeto de generar prospectos efectivos de negocios y los segundos para brindarle los productos o servicios contratados. Asimismo, los datos recabados podr\u00e1n ser compartidos con las autoridades federales y locales, en cumplimiento a las obligaciones contempladas en la legislaci\u00f3n aplicable y en cumplimiento a requerimientos por parte de estos.<\/p>\n<h3 style=\"text-align: center;\">Derechos ARCO<br \/>\n(acceso, rectificaci\u00f3n, cancelaci\u00f3n u oposici\u00f3n)<\/h3>\n<p>En t\u00e9rminos de la Ley Federal de Protecci\u00f3n de Datos Personales en Posesi\u00f3n de los Particulares, le informamos que se entender\u00e1 que el titular consciente t\u00e1citamente el tratamiento de sus datos personales, cuando este aviso sea puesto a su disposici\u00f3n.<\/p>\n<p>Usted tiene derecho a conocer qu\u00e9 datos personales tenemos de usted, para qu\u00e9 los utilizamos y las condiciones del uso que les damos (Acceso). Asimismo, es su derecho solicitar la correcci\u00f3n de su informaci\u00f3n personal en caso de que est\u00e9 desactualizada, sea inexacta o incompleta (Rectificaci\u00f3n); que la eliminemos de nuestros registros o bases de datos cuando considere que la misma no est\u00e1 siendo utilizada conforme a los principios, deberes y obligaciones previstas en la normativa (Cancelaci\u00f3n); as\u00ed como oponerse al uso de sus datos personales para fines espec\u00edficos (Oposici\u00f3n). Estos derechos se conocen como derechos ARCO.<\/p>\n<p>Para el ejercicio de cualquiera de los derechos ARCO, usted deber\u00e1 presentar la solicitud respectiva en el domicilio del responsable, ubicado en Centro de Negocios Polanco. Laguna de T\u00e9rminos 221 Torre B\/1102 Granada C.P. 11520, Ciudad de M\u00e9xico; o, en su caso, enviar un correo electr\u00f3nico a la direcci\u00f3n: info@estateofmariafelix.com, en donde deber\u00e1 proporcionar:<\/p>\n<ol>\n<li>Nombre completo del solicitante.<\/li>\n<li>Correo electr\u00f3nico al cual solicita se le d\u00e9 seguimiento y respuesta a su solicitud.<\/li>\n<li>Documentos que acrediten su identidad o, en su caso, su calidad como representante legal del interesado.<\/li>\n<li>Descripci\u00f3n clara y precisa de los datos personales respecto de los que se solicita ejercer alguno de los Derechos ARCO o en su caso la negativa de transferencia de sus datos personales.<\/li>\n<li>Manifestaci\u00f3n expresa para revocar su consentimiento al tratamiento de sus datos personales y, por tanto, para que no se usen.<\/li>\n<li>Cualquier otro elemento que facilite la localizaci\u00f3n de los datos personales.<\/li>\n<\/ol>\n<p>Dentro de los siguientes 20 d\u00edas h\u00e1biles dar\u00e1 respuesta a la solicitud, la cual ser\u00e1 notificada por los mismos medios de contacto que haya establecido en su solicitud. En caso de que requerir m\u00e1s informaci\u00f3n, el responsable se pondr\u00e1 en contacto con usted para requerirlos, en caso de que el requerimiento no sea atendido en los tiempos indicados en el mismo, se tendr\u00e1 por no presentada la solicitud.<\/p>\n<p>Para conocer el procedimiento y requisitos para el ejercicio de los derechos ARCO, usted podr\u00e1 llamar al siguiente n\u00famero telef\u00f3nico (55) 71 55 1288; o enviar correo electr\u00f3nico a info@estateofmariafelix.com, que dar\u00e1 tr\u00e1mite a las solicitudes para el ejercicio de estos derechos, y atender\u00e1 cualquier duda que pudiera tener respecto al tratamiento de su informaci\u00f3n.<\/p>\n<h3 style=\"text-align: center;\">Revocaci\u00f3n de Consentimiento para el tratamiento de de datos personales<\/h3>\n<p>Usted podr\u00e1 revocar su consentimiento al tratamiento de sus datos personales de manera expresa. Para revocar su consentimiento deber\u00e1 presentar su solicitud de manera personal a la direcci\u00f3n del responsable o enviar correo electr\u00f3nico a info@estateofmariafelix.com<\/p>\n<p>Para conocer el procedimiento y requisitos para la revocaci\u00f3n del consentimiento, usted podr\u00e1 llamar al siguiente n\u00famero telef\u00f3nico (55) 71 55 1288; ingresar a nuestro sitio de Internet https:\/\/estateofmariafelix.com\/es\/contacto \u200eo bien, enviar correo electr\u00f3nico a info@estateofmariafelix.com<\/p>\n<p>Asimismo, le informamos que no en todos los casos podremos atender su solicitud o concluir el uso de forma inmediata, ya que es posible que por alguna obligaci\u00f3n legal requiramos seguir tratando sus datos personales y qu\u00e9 para ciertos fines, la revocaci\u00f3n de su consentimiento implicar\u00e1 que no le podamos seguir prestando el servicio que nos solicit\u00f3, o la conclusi\u00f3n de su relaci\u00f3n con nosotros.<\/p>\n<h3 style=\"text-align: center;\">Limitaci\u00f3n de uso o divulgaci\u00f3n de sus datos personales<\/h3>\n<p>Con objeto de que usted pueda limitar el uso y divulgaci\u00f3n de su informaci\u00f3n personal, le ofrecemos los siguientes medios:<\/p>\n<p>Su inscripci\u00f3n en el Registro P\u00fablico para Evitar Publicidad, que est\u00e1 a cargo de la Procuradur\u00eda Federal del Consumidor, con la finalidad de que sus datos personales no sean utilizados para recibir publicidad o promociones de empresas de bienes o servicios. Para m\u00e1s informaci\u00f3n sobre este registro, usted puede consultar el portal de Internet de la PROFECO, o bien ponerse en contacto directo con \u00e9sta.<br \/>\nSu registro en la Lista de Exclusi\u00f3n, a fin de que sus datos personales no sean tratados para fines mercadot\u00e9cnicos, publicitarios o de prospecci\u00f3n comercial por nuestra parte. Para m\u00e1s informaci\u00f3n, podr\u00e1 comunicarse con nosotros al n\u00famero telef\u00f3nico (55) 71 55 1288 o enviar un correo electr\u00f3nico a la siguiente direcci\u00f3n info@estateofmariafelix.com<\/p>\n<h3 style=\"text-align: center;\">Uso de tecnolog\u00edas en el portal de internet www.estateofmariafelix.com<\/h3>\n<p>Le informamos que en nuestra p\u00e1gina de Internet no utilizamos de tecnolog\u00edas de rastreo en Internet.<\/p>\n<p>Los datos personales que obtenemos en la p\u00e1gina de internet de www.estateofmariafelix.com son a trav\u00e9s de un formulario electr\u00f3nico para contacto relacionada a informaci\u00f3n de www.estateofmariafelix.com. Los datos recabados son: nombre, tel\u00e9fono y correo electr\u00f3nico para contacto.<\/p>\n<h3 style=\"text-align: center;\">Cambios al Aviso de Privacidad de www.estateofmariafelix.com<\/h3>\n<p>Nos reservamos el derecho de efectuar en cualquier momento modificaciones o actualizaciones derivadas de disposiciones legales, pol\u00edticas internas, nuevos requerimientos para la prestaci\u00f3n de servicio o productos que ofrecemos; de nuestras pr\u00e1cticas de privacidad; modificaciones en nuestro modelo de negocio, o por otras causas.<\/p>\n<p>Nos comprometemos a mantenerlo informado sobre los cambios que pueda sufrir el presente aviso de privacidad, a trav\u00e9s de https:\/\/estateofmariafelix.com\/es\/aviso-de-privacidad\/ \u200e<\/p>\n<p>Para cualquier duda o aclaraci\u00f3n del presente Aviso de Privacidad, se podr\u00e1 redactar un escrito libre en idioma espa\u00f1ol, dirigido a estate of maria felix, s.a. de c.v., y remitirlo por correo electr\u00f3nico a la siguiente direcci\u00f3n electr\u00f3nica: info@estateofmariafelix.com<\/p>\n<p><strong>Fecha de \u00faltima actualizaci\u00f3n 04 de marzo 2020.<\/strong>[\/vc_column_text][\/vc_column][\/vc_row]<\/p>\n","protected":false},"excerpt":{"rendered":"<p>[vc_row css=&#8221;.vc_custom_1604008062392{margin-top: 3% !important;margin-bottom: 5% !important;padding-top: 10% !important;padding-right: 5% !important;padding-bottom: 10% !important;padding-left: 5% !important;background-color: #ffffff !important;}&#8221;][vc_column][vc_column_text]Con fundamento en la Ley Federal de Protecci\u00f3n de Datos Personales en Posesi\u00f3n de los Particulares, su Reglamento y los Lineamientos del Aviso de Privacidad expedidos por la Secretar\u00eda de Econom\u00eda publicados en el Diario Oficial de la Federaci\u00f3n con [&hellip;]<\/p>\n","protected":false},"author":2,"featured_media":0,"parent":0,"menu_order":0,"comment_status":"closed","ping_status":"closed","template":"","meta":[],"yoast_head":"<!-- This site is optimized with the Yoast SEO plugin v17.1 - https:\/\/yoast.com\/wordpress\/plugins\/seo\/ -->\n<title>Aviso de Privacidad - Mar\u00eda F\u00e9lix<\/title>\n<meta name=\"robots\" content=\"index, follow, max-snippet:-1, max-image-preview:large, max-video-preview:-1\" \/>\n<link rel=\"canonical\" href=\"https:\/\/estateofmariafelix.com\/es\/aviso-de-privacidad\/\" \/>\n<meta property=\"og:locale\" content=\"es_MX\" \/>\n<meta property=\"og:type\" content=\"article\" \/>\n<meta property=\"og:title\" content=\"Aviso de Privacidad - Mar\u00eda F\u00e9lix\" \/>\n<meta property=\"og:description\" content=\"[vc_row css=&#8221;.vc_custom_1604008062392{margin-top: 3% !important;margin-bottom: 5% !important;padding-top: 10% !important;padding-right: 5% !important;padding-bottom: 10% !important;padding-left: 5% !important;background-color: #ffffff !important;}&#8221;][vc_column][vc_column_text]Con fundamento en la Ley Federal de Protecci\u00f3n de Datos Personales en Posesi\u00f3n de los Particulares, su Reglamento y los Lineamientos del Aviso de Privacidad expedidos por la Secretar\u00eda de Econom\u00eda publicados en el Diario Oficial de la Federaci\u00f3n con [&hellip;]\" \/>\n<meta property=\"og:url\" content=\"https:\/\/estateofmariafelix.com\/es\/aviso-de-privacidad\/\" \/>\n<meta property=\"og:site_name\" content=\"Mar\u00eda F\u00e9lix\" \/>\n<meta property=\"article:publisher\" content=\"https:\/\/www.facebook.com\/EstateofMariaFelix\" \/>\n<meta property=\"article:modified_time\" content=\"2020-10-29T21:47:44+00:00\" \/>\n<meta name=\"twitter:card\" content=\"summary_large_image\" \/>\n<meta name=\"twitter:label1\" content=\"Tiempo de lectura\" \/>\n\t<meta name=\"twitter:data1\" content=\"8 minutos\" \/>\n<script type=\"application\/ld+json\" class=\"yoast-schema-graph\">{\"@context\":\"https:\/\/schema.org\",\"@graph\":[{\"@type\":\"Organization\",\"@id\":\"https:\/\/estateofmariafelix.com\/es\/#organization\",\"name\":\"Estate of Mar\\u00eda F\\u00e9lix\",\"url\":\"https:\/\/estateofmariafelix.com\/es\/\",\"sameAs\":[\"https:\/\/www.facebook.com\/EstateofMariaFelix\",\"https:\/\/www.instagram.com\/estateofmariafelix\/\"],\"logo\":{\"@type\":\"ImageObject\",\"@id\":\"https:\/\/estateofmariafelix.com\/es\/#logo\",\"inLanguage\":\"es-MX\",\"url\":\"https:\/\/estateofmariafelix.com\/es\/wp-content\/uploads\/2020\/03\/147-LOGO-EOMF-compressor.png\",\"contentUrl\":\"https:\/\/estateofmariafelix.com\/es\/wp-content\/uploads\/2020\/03\/147-LOGO-EOMF-compressor.png\",\"width\":1772,\"height\":974,\"caption\":\"Estate of Mar\\u00eda F\\u00e9lix\"},\"image\":{\"@id\":\"https:\/\/estateofmariafelix.com\/es\/#logo\"}},{\"@type\":\"WebSite\",\"@id\":\"https:\/\/estateofmariafelix.com\/es\/#website\",\"url\":\"https:\/\/estateofmariafelix.com\/es\/\",\"name\":\"Mar\\u00eda F\\u00e9lix\",\"description\":\"P\\u00e1gina Oficial\",\"publisher\":{\"@id\":\"https:\/\/estateofmariafelix.com\/es\/#organization\"},\"potentialAction\":[{\"@type\":\"SearchAction\",\"target\":{\"@type\":\"EntryPoint\",\"urlTemplate\":\"https:\/\/estateofmariafelix.com\/es\/?s={search_term_string}\"},\"query-input\":\"required name=search_term_string\"}],\"inLanguage\":\"es-MX\"},{\"@type\":\"WebPage\",\"@id\":\"https:\/\/estateofmariafelix.com\/es\/aviso-de-privacidad\/#webpage\",\"url\":\"https:\/\/estateofmariafelix.com\/es\/aviso-de-privacidad\/\",\"name\":\"Aviso de Privacidad - Mar\\u00eda F\\u00e9lix\",\"isPartOf\":{\"@id\":\"https:\/\/estateofmariafelix.com\/es\/#website\"},\"datePublished\":\"2020-10-29T21:30:20+00:00\",\"dateModified\":\"2020-10-29T21:47:44+00:00\",\"breadcrumb\":{\"@id\":\"https:\/\/estateofmariafelix.com\/es\/aviso-de-privacidad\/#breadcrumb\"},\"inLanguage\":\"es-MX\",\"potentialAction\":[{\"@type\":\"ReadAction\",\"target\":[\"https:\/\/estateofmariafelix.com\/es\/aviso-de-privacidad\/\"]}]},{\"@type\":\"BreadcrumbList\",\"@id\":\"https:\/\/estateofmariafelix.com\/es\/aviso-de-privacidad\/#breadcrumb\",\"itemListElement\":[{\"@type\":\"ListItem\",\"position\":1,\"name\":\"Inicio\",\"item\":\"https:\/\/estateofmariafelix.com\/es\/\"},{\"@type\":\"ListItem\",\"position\":2,\"name\":\"Aviso de Privacidad\"}]}]}<\/script>\n<!-- \/ Yoast SEO plugin. -->","yoast_head_json":{"title":"Aviso de Privacidad - Mar\u00eda F\u00e9lix","robots":{"index":"index","follow":"follow","max-snippet":"max-snippet:-1","max-image-preview":"max-image-preview:large","max-video-preview":"max-video-preview:-1"},"canonical":"https:\/\/estateofmariafelix.com\/es\/aviso-de-privacidad\/","og_locale":"es_MX","og_type":"article","og_title":"Aviso de Privacidad - Mar\u00eda F\u00e9lix","og_description":"[vc_row css=&#8221;.vc_custom_1604008062392{margin-top: 3% !important;margin-bottom: 5% !important;padding-top: 10% !important;padding-right: 5% !important;padding-bottom: 10% !important;padding-left: 5% !important;background-color: #ffffff !important;}&#8221;][vc_column][vc_column_text]Con fundamento en la Ley Federal de Protecci\u00f3n de Datos Personales en Posesi\u00f3n de los Particulares, su Reglamento y los Lineamientos del Aviso de Privacidad expedidos por la Secretar\u00eda de Econom\u00eda publicados en el Diario Oficial de la Federaci\u00f3n con [&hellip;]","og_url":"https:\/\/estateofmariafelix.com\/es\/aviso-de-privacidad\/","og_site_name":"Mar\u00eda F\u00e9lix","article_publisher":"https:\/\/www.facebook.com\/EstateofMariaFelix","article_modified_time":"2020-10-29T21:47:44+00:00","twitter_card":"summary_large_image","twitter_misc":{"Tiempo de lectura":"8 minutos"},"schema":{"@context":"https:\/\/schema.org","@graph":[{"@type":"Organization","@id":"https:\/\/estateofmariafelix.com\/es\/#organization","name":"Estate of Mar\u00eda F\u00e9lix","url":"https:\/\/estateofmariafelix.com\/es\/","sameAs":["https:\/\/www.facebook.com\/EstateofMariaFelix","https:\/\/www.instagram.com\/estateofmariafelix\/"],"logo":{"@type":"ImageObject","@id":"https:\/\/estateofmariafelix.com\/es\/#logo","inLanguage":"es-MX","url":"https:\/\/estateofmariafelix.com\/es\/wp-content\/uploads\/2020\/03\/147-LOGO-EOMF-compressor.png","contentUrl":"https:\/\/estateofmariafelix.com\/es\/wp-content\/uploads\/2020\/03\/147-LOGO-EOMF-compressor.png","width":1772,"height":974,"caption":"Estate of Mar\u00eda F\u00e9lix"},"image":{"@id":"https:\/\/estateofmariafelix.com\/es\/#logo"}},{"@type":"WebSite","@id":"https:\/\/estateofmariafelix.com\/es\/#website","url":"https:\/\/estateofmariafelix.com\/es\/","name":"Mar\u00eda F\u00e9lix","description":"P\u00e1gina Oficial","publisher":{"@id":"https:\/\/estateofmariafelix.com\/es\/#organization"},"potentialAction":[{"@type":"SearchAction","target":{"@type":"EntryPoint","urlTemplate":"https:\/\/estateofmariafelix.com\/es\/?s={search_term_string}"},"query-input":"required name=search_term_string"}],"inLanguage":"es-MX"},{"@type":"WebPage","@id":"https:\/\/estateofmariafelix.com\/es\/aviso-de-privacidad\/#webpage","url":"https:\/\/estateofmariafelix.com\/es\/aviso-de-privacidad\/","name":"Aviso de Privacidad - Mar\u00eda F\u00e9lix","isPartOf":{"@id":"https:\/\/estateofmariafelix.com\/es\/#website"},"datePublished":"2020-10-29T21:30:20+00:00","dateModified":"2020-10-29T21:47:44+00:00","breadcrumb":{"@id":"https:\/\/estateofmariafelix.com\/es\/aviso-de-privacidad\/#breadcrumb"},"inLanguage":"es-MX","potentialAction":[{"@type":"ReadAction","target":["https:\/\/estateofmariafelix.com\/es\/aviso-de-privacidad\/"]}]},{"@type":"BreadcrumbList","@id":"https:\/\/estateofmariafelix.com\/es\/aviso-de-privacidad\/#breadcrumb","itemListElement":[{"@type":"ListItem","position":1,"name":"Inicio","item":"https:\/\/estateofmariafelix.com\/es\/"},{"@type":"ListItem","position":2,"name":"Aviso de Privacidad"}]}]}},"_links":{"self":[{"href":"https:\/\/estateofmariafelix.com\/es\/wp-json\/wp\/v2\/pages\/3529"}],"collection":[{"href":"https:\/\/estateofmariafelix.com\/es\/wp-json\/wp\/v2\/pages"}],"about":[{"href":"https:\/\/estateofmariafelix.com\/es\/wp-json\/wp\/v2\/types\/page"}],"author":[{"embeddable":true,"href":"https:\/\/estateofmariafelix.com\/es\/wp-json\/wp\/v2\/users\/2"}],"replies":[{"embeddable":true,"href":"https:\/\/estateofmariafelix.com\/es\/wp-json\/wp\/v2\/comments?post=3529"}],"version-history":[{"count":7,"href":"https:\/\/estateofmariafelix.com\/es\/wp-json\/wp\/v2\/pages\/3529\/revisions"}],"predecessor-version":[{"id":3537,"href":"https:\/\/estateofmariafelix.com\/es\/wp-json\/wp\/v2\/pages\/3529\/revisions\/3537"}],"wp:attachment":[{"href":"https:\/\/estateofmariafelix.com\/es\/wp-json\/wp\/v2\/media?parent=3529"}],"curies":[{"name":"wp","href":"https:\/\/api.w.org\/{rel}","templated":true}]}}