{"id":3713,"date":"2021-05-13T19:10:16","date_gmt":"2021-05-14T01:10:16","guid":{"rendered":"https:\/\/estateofmariafelix.com\/es\/?page_id=3713"},"modified":"2021-05-13T19:20:08","modified_gmt":"2021-05-14T01:20:08","slug":"el-mundo-de-maria-2","status":"publish","type":"page","link":"https:\/\/estateofmariafelix.com\/es\/el-mundo-de-maria-2\/","title":{"rendered":"El mundo de Mar\u00eda"},"content":{"rendered":"<p>[vc_row full_width=&#8221;stretch_row_content_no_spaces&#8221; css=&#8221;.vc_custom_1583291511252{background-color: #97bda1 !important;}&#8221;][vc_column width=&#8221;1\/6&#8243;][\/vc_column][vc_column width=&#8221;2\/3&#8243;][vc_column_text]<\/p>\n<h1 style=\"text-align: center;\">CMG Worldwide Anuncia la Representaci\u00f3n de Maria Felix<\/h1>\n<p><img loading=\"lazy\" class=\"aligncenter wp-image-3714 size-full\" src=\"https:\/\/estateofmariafelix.com\/es\/wp-content\/uploads\/2021\/05\/unnamed-1.png\" alt=\"\" width=\"1000\" height=\"562\" srcset=\"https:\/\/estateofmariafelix.com\/es\/wp-content\/uploads\/2021\/05\/unnamed-1.png 1000w, https:\/\/estateofmariafelix.com\/es\/wp-content\/uploads\/2021\/05\/unnamed-1-300x169.png 300w, https:\/\/estateofmariafelix.com\/es\/wp-content\/uploads\/2021\/05\/unnamed-1-768x432.png 768w\" sizes=\"(max-width: 1000px) 100vw, 1000px\" \/><\/p>\n<p>&nbsp;<\/p>\n<p style=\"font-size: 20px;\">CMG Worldwide tiene el orgullo de anunciar su representaci\u00f3n de Fomento Social Maria F\u00e9lix y el Estate de Maria F\u00e9lix. Mar\u00eda de los \u00c1ngeles F\u00e9lix G\u00fcere\u00f1a, m\u00e1s conocida como Mar\u00eda F\u00e9lix, es sin duda la actriz m\u00e1s emblem\u00e1tica de M\u00e9xico. Desde la \u00e9poca de oro del cine mexicano, muchos conocen a Mar\u00eda F\u00e9lix como &#8220;el rostro m\u00e1s hermosa de la historia del cine mexicano.\u201d Con gustos por lo extravagante y lujo, tambi\u00e9n con su personalidad inolvidable, F\u00e9lix recibi\u00f3 el apodo de la gran diva. F\u00e9lix fue mejor conocida por su papel en la pel\u00edcula Do\u00f1a B\u00e1rbara, donde asumi\u00f3 el personaje de una mujer poderosa. Su interpretaci\u00f3n del personaje fue memorable, tanto, que transform\u00f3 los roles tradicionales de las mujeres latinoamericanas y recibi\u00f3 el apodo de \u201cLa Do\u00f1a.\u201d<\/p>\n<p style=\"font-size: 20px;\">F\u00e9lix comprendi\u00f3 la fuerza de su fama y se involucr\u00f3 a hablar en los medios de comunicaci\u00f3n nacionales mexicanos sobre causas importantes, incluyendo: el empoderamiento de las mujeres y la igualdad de las mujeres; derechos ind\u00edgenas; y la importancia de preservar la arquitectura hist\u00f3rica en la Ciudad de M\u00e9xico. Hoy, a pesar del incre\u00edble trabajo que hizo por su pa\u00eds, su influencia y prominencia se extiende mucho m\u00e1s que en M\u00e9xico, incluyendo Am\u00e9rica Latina, Espa\u00f1a, Italia y Francia.<\/p>\n<p style=\"font-size: 20px;\">Juntos, CMG y Formento Social Maria F\u00e9lix esperan preservar la imagen y personalidad ic\u00f3nica de Maria F\u00e9lix. Al hacerlo, Felix se posicionar\u00e1 para las generaciones futuras con el mismo equilibrio, gracia y fuerza que F\u00e9lix ejemplific\u00f3 en su vida y carrera. CMG es el agente de negocios de m\u00e1s de 250 de las m\u00e1s importantes personalidades entre los deportes, la m\u00fasica, la historia y el entretenimiento, incluyendo Maya Angelou, James Dean, Rosa Parks, Neil Armstrong y Amelia Earhart, entre varios otros. Para m\u00e1s informaci\u00f3n sobre CMG Worldwide y Maria F\u00e9lix, visite\u00a0<a style=\"font-size: 18px;\" href=\"http:\/\/www.cmgworldwide.com\" target=\"_blank\" rel=\"noopener\" data-saferedirecturl=\"https:\/\/www.google.com\/url?q=https:\/\/cmgworldwide478.lt.acemlnc.com\/Prod\/link-tracker?notrack%3D1%26redirectUrl%3DaHR0cHMlM0ElMkYlMkZ3d3cuY21nd29ybGR3aWRlLmNvbSUyRiUzRnV0bV9zb3VyY2UlM0RBY3RpdmVDYW1wYWlnbiUyNnV0bV9tZWRpdW0lM0RlbWFpbCUyNnV0bV9jb250ZW50JTNEQ29tdW5pY2FkbyUyQmRlJTJCUHJlbnNhJTI1M0ElMkJDTUclMkJXb3JsZHdpZGUlMkJBbnVuY2lhJTJCbGElMkJSZXByZXNlbnRhYyUyNUMzJTI1QURvbiUyQmRlJTJCTWFyJTI1QzMlMjVBRGElMkJGJTI1QzMlMjVBOWxpeCUyNnV0bV9jYW1wYWlnbiUzRDA1JTJCMDclMkIyMSUyQi0lMkJNYXJpYSUyQkZlbGl4JTJCUHJlc3MlMkJSZWxlYXNlJTJCU3BhbmlzaCUyQiUyNTI4Q29weSUyNTI5%26a%3D251740499%26account%3Dcmgworldwide478%252Eactivehosted%252Ecom%26email%3DNrlsQ3kCsUSYacIiYooCiRiMhkR4wzuLarB5EQuI%252FU8%253D%26s%3Dd2FsdGVyQGVzdGF0ZW9mbWFyaWFmZWxpeC5jb20%3D%26i%3D556A551A14A18675&amp;source=gmail&amp;ust=1621014077098000&amp;usg=AFQjCNHfVoVVreFOZUNVjzRuSr8lu45-CA\">www.cmgworldwide.com<\/a>.<\/p>\n<p>[\/vc_column_text][vc_btn title=&#8221;Ver m\u00e1s&#8221; style=&#8221;classic&#8221; shape=&#8221;square&#8221; align=&#8221;center&#8221; link=&#8221;url:https%3A%2F%2Fwww.cmgworldwide.com%2Fmaria-felix%2F||target:%20_blank|rel:nofollow&#8221; css=&#8221;.vc_custom_1620954385701{padding-top: 5% !important;}&#8221;][\/vc_column][vc_column width=&#8221;1\/6&#8243;][\/vc_column][\/vc_row]<\/p>\n","protected":false},"excerpt":{"rendered":"<p>[vc_row full_width=&#8221;stretch_row_content_no_spaces&#8221; css=&#8221;.vc_custom_1583291511252{background-color: #97bda1 !important;}&#8221;][vc_column width=&#8221;1\/6&#8243;][\/vc_column][vc_column width=&#8221;2\/3&#8243;][vc_column_text] CMG Worldwide Anuncia la Representaci\u00f3n de Maria Felix &nbsp; CMG Worldwide tiene el orgullo de anunciar su representaci\u00f3n de Fomento Social Maria F\u00e9lix y el Estate de Maria F\u00e9lix. Mar\u00eda de los \u00c1ngeles F\u00e9lix G\u00fcere\u00f1a, m\u00e1s conocida como Mar\u00eda F\u00e9lix, es sin duda la actriz m\u00e1s emblem\u00e1tica de [&hellip;]<\/p>\n","protected":false},"author":2,"featured_media":0,"parent":0,"menu_order":0,"comment_status":"closed","ping_status":"closed","template":"visual-temlpate.php","meta":[],"yoast_head":"<!-- This site is optimized with the Yoast SEO plugin v17.1 - https:\/\/yoast.com\/wordpress\/plugins\/seo\/ -->\n<title>El mundo de Mar\u00eda - Mar\u00eda F\u00e9lix<\/title>\n<meta name=\"robots\" content=\"index, follow, max-snippet:-1, max-image-preview:large, max-video-preview:-1\" \/>\n<link rel=\"canonical\" href=\"https:\/\/estateofmariafelix.com\/es\/el-mundo-de-maria-2\/\" \/>\n<meta property=\"og:locale\" content=\"es_MX\" \/>\n<meta property=\"og:type\" content=\"article\" \/>\n<meta property=\"og:title\" content=\"El mundo de Mar\u00eda - Mar\u00eda F\u00e9lix\" \/>\n<meta property=\"og:description\" content=\"[vc_row full_width=&#8221;stretch_row_content_no_spaces&#8221; css=&#8221;.vc_custom_1583291511252{background-color: #97bda1 !important;}&#8221;][vc_column width=&#8221;1\/6&#8243;][\/vc_column][vc_column width=&#8221;2\/3&#8243;][vc_column_text] CMG Worldwide Anuncia la Representaci\u00f3n de Maria Felix &nbsp; CMG Worldwide tiene el orgullo de anunciar su representaci\u00f3n de Fomento Social Maria F\u00e9lix y el Estate de Maria F\u00e9lix. Mar\u00eda de los \u00c1ngeles F\u00e9lix G\u00fcere\u00f1a, m\u00e1s conocida como Mar\u00eda F\u00e9lix, es sin duda la actriz m\u00e1s emblem\u00e1tica de [&hellip;]\" \/>\n<meta property=\"og:url\" content=\"https:\/\/estateofmariafelix.com\/es\/el-mundo-de-maria-2\/\" \/>\n<meta property=\"og:site_name\" content=\"Mar\u00eda F\u00e9lix\" \/>\n<meta property=\"article:publisher\" content=\"https:\/\/www.facebook.com\/EstateofMariaFelix\" \/>\n<meta property=\"article:modified_time\" content=\"2021-05-14T01:20:08+00:00\" \/>\n<meta property=\"og:image\" content=\"https:\/\/estateofmariafelix.com\/es\/wp-content\/uploads\/2021\/05\/unnamed-1.png\" \/>\n<meta name=\"twitter:card\" content=\"summary_large_image\" \/>\n<meta name=\"twitter:label1\" content=\"Tiempo de lectura\" \/>\n\t<meta name=\"twitter:data1\" content=\"2 minutos\" \/>\n<script type=\"application\/ld+json\" class=\"yoast-schema-graph\">{\"@context\":\"https:\/\/schema.org\",\"@graph\":[{\"@type\":\"Organization\",\"@id\":\"https:\/\/estateofmariafelix.com\/es\/#organization\",\"name\":\"Estate of Mar\\u00eda F\\u00e9lix\",\"url\":\"https:\/\/estateofmariafelix.com\/es\/\",\"sameAs\":[\"https:\/\/www.facebook.com\/EstateofMariaFelix\",\"https:\/\/www.instagram.com\/estateofmariafelix\/\"],\"logo\":{\"@type\":\"ImageObject\",\"@id\":\"https:\/\/estateofmariafelix.com\/es\/#logo\",\"inLanguage\":\"es-MX\",\"url\":\"https:\/\/estateofmariafelix.com\/es\/wp-content\/uploads\/2020\/03\/147-LOGO-EOMF-compressor.png\",\"contentUrl\":\"https:\/\/estateofmariafelix.com\/es\/wp-content\/uploads\/2020\/03\/147-LOGO-EOMF-compressor.png\",\"width\":1772,\"height\":974,\"caption\":\"Estate of Mar\\u00eda F\\u00e9lix\"},\"image\":{\"@id\":\"https:\/\/estateofmariafelix.com\/es\/#logo\"}},{\"@type\":\"WebSite\",\"@id\":\"https:\/\/estateofmariafelix.com\/es\/#website\",\"url\":\"https:\/\/estateofmariafelix.com\/es\/\",\"name\":\"Mar\\u00eda F\\u00e9lix\",\"description\":\"P\\u00e1gina Oficial\",\"publisher\":{\"@id\":\"https:\/\/estateofmariafelix.com\/es\/#organization\"},\"potentialAction\":[{\"@type\":\"SearchAction\",\"target\":{\"@type\":\"EntryPoint\",\"urlTemplate\":\"https:\/\/estateofmariafelix.com\/es\/?s={search_term_string}\"},\"query-input\":\"required name=search_term_string\"}],\"inLanguage\":\"es-MX\"},{\"@type\":\"ImageObject\",\"@id\":\"https:\/\/estateofmariafelix.com\/es\/el-mundo-de-maria-2\/#primaryimage\",\"inLanguage\":\"es-MX\",\"url\":\"https:\/\/estateofmariafelix.com\/es\/wp-content\/uploads\/2021\/05\/unnamed-1.png\",\"contentUrl\":\"https:\/\/estateofmariafelix.com\/es\/wp-content\/uploads\/2021\/05\/unnamed-1.png\",\"width\":1000,\"height\":562},{\"@type\":\"WebPage\",\"@id\":\"https:\/\/estateofmariafelix.com\/es\/el-mundo-de-maria-2\/#webpage\",\"url\":\"https:\/\/estateofmariafelix.com\/es\/el-mundo-de-maria-2\/\",\"name\":\"El mundo de Mar\\u00eda - Mar\\u00eda F\\u00e9lix\",\"isPartOf\":{\"@id\":\"https:\/\/estateofmariafelix.com\/es\/#website\"},\"primaryImageOfPage\":{\"@id\":\"https:\/\/estateofmariafelix.com\/es\/el-mundo-de-maria-2\/#primaryimage\"},\"datePublished\":\"2021-05-14T01:10:16+00:00\",\"dateModified\":\"2021-05-14T01:20:08+00:00\",\"breadcrumb\":{\"@id\":\"https:\/\/estateofmariafelix.com\/es\/el-mundo-de-maria-2\/#breadcrumb\"},\"inLanguage\":\"es-MX\",\"potentialAction\":[{\"@type\":\"ReadAction\",\"target\":[\"https:\/\/estateofmariafelix.com\/es\/el-mundo-de-maria-2\/\"]}]},{\"@type\":\"BreadcrumbList\",\"@id\":\"https:\/\/estateofmariafelix.com\/es\/el-mundo-de-maria-2\/#breadcrumb\",\"itemListElement\":[{\"@type\":\"ListItem\",\"position\":1,\"name\":\"Inicio\",\"item\":\"https:\/\/estateofmariafelix.com\/es\/\"},{\"@type\":\"ListItem\",\"position\":2,\"name\":\"El mundo de Mar\\u00eda\"}]}]}<\/script>\n<!-- \/ Yoast SEO plugin. -->","yoast_head_json":{"title":"El mundo de Mar\u00eda - Mar\u00eda F\u00e9lix","robots":{"index":"index","follow":"follow","max-snippet":"max-snippet:-1","max-image-preview":"max-image-preview:large","max-video-preview":"max-video-preview:-1"},"canonical":"https:\/\/estateofmariafelix.com\/es\/el-mundo-de-maria-2\/","og_locale":"es_MX","og_type":"article","og_title":"El mundo de Mar\u00eda - Mar\u00eda F\u00e9lix","og_description":"[vc_row full_width=&#8221;stretch_row_content_no_spaces&#8221; css=&#8221;.vc_custom_1583291511252{background-color: #97bda1 !important;}&#8221;][vc_column width=&#8221;1\/6&#8243;][\/vc_column][vc_column width=&#8221;2\/3&#8243;][vc_column_text] CMG Worldwide Anuncia la Representaci\u00f3n de Maria Felix &nbsp; CMG Worldwide tiene el orgullo de anunciar su representaci\u00f3n de Fomento Social Maria F\u00e9lix y el Estate de Maria F\u00e9lix. Mar\u00eda de los \u00c1ngeles F\u00e9lix G\u00fcere\u00f1a, m\u00e1s conocida como Mar\u00eda F\u00e9lix, es sin duda la actriz m\u00e1s emblem\u00e1tica de [&hellip;]","og_url":"https:\/\/estateofmariafelix.com\/es\/el-mundo-de-maria-2\/","og_site_name":"Mar\u00eda F\u00e9lix","article_publisher":"https:\/\/www.facebook.com\/EstateofMariaFelix","article_modified_time":"2021-05-14T01:20:08+00:00","og_image":[{"url":"https:\/\/estateofmariafelix.com\/es\/wp-content\/uploads\/2021\/05\/unnamed-1.png"}],"twitter_card":"summary_large_image","twitter_misc":{"Tiempo de lectura":"2 minutos"},"schema":{"@context":"https:\/\/schema.org","@graph":[{"@type":"Organization","@id":"https:\/\/estateofmariafelix.com\/es\/#organization","name":"Estate of Mar\u00eda F\u00e9lix","url":"https:\/\/estateofmariafelix.com\/es\/","sameAs":["https:\/\/www.facebook.com\/EstateofMariaFelix","https:\/\/www.instagram.com\/estateofmariafelix\/"],"logo":{"@type":"ImageObject","@id":"https:\/\/estateofmariafelix.com\/es\/#logo","inLanguage":"es-MX","url":"https:\/\/estateofmariafelix.com\/es\/wp-content\/uploads\/2020\/03\/147-LOGO-EOMF-compressor.png","contentUrl":"https:\/\/estateofmariafelix.com\/es\/wp-content\/uploads\/2020\/03\/147-LOGO-EOMF-compressor.png","width":1772,"height":974,"caption":"Estate of Mar\u00eda F\u00e9lix"},"image":{"@id":"https:\/\/estateofmariafelix.com\/es\/#logo"}},{"@type":"WebSite","@id":"https:\/\/estateofmariafelix.com\/es\/#website","url":"https:\/\/estateofmariafelix.com\/es\/","name":"Mar\u00eda F\u00e9lix","description":"P\u00e1gina Oficial","publisher":{"@id":"https:\/\/estateofmariafelix.com\/es\/#organization"},"potentialAction":[{"@type":"SearchAction","target":{"@type":"EntryPoint","urlTemplate":"https:\/\/estateofmariafelix.com\/es\/?s={search_term_string}"},"query-input":"required name=search_term_string"}],"inLanguage":"es-MX"},{"@type":"ImageObject","@id":"https:\/\/estateofmariafelix.com\/es\/el-mundo-de-maria-2\/#primaryimage","inLanguage":"es-MX","url":"https:\/\/estateofmariafelix.com\/es\/wp-content\/uploads\/2021\/05\/unnamed-1.png","contentUrl":"https:\/\/estateofmariafelix.com\/es\/wp-content\/uploads\/2021\/05\/unnamed-1.png","width":1000,"height":562},{"@type":"WebPage","@id":"https:\/\/estateofmariafelix.com\/es\/el-mundo-de-maria-2\/#webpage","url":"https:\/\/estateofmariafelix.com\/es\/el-mundo-de-maria-2\/","name":"El mundo de Mar\u00eda - Mar\u00eda F\u00e9lix","isPartOf":{"@id":"https:\/\/estateofmariafelix.com\/es\/#website"},"primaryImageOfPage":{"@id":"https:\/\/estateofmariafelix.com\/es\/el-mundo-de-maria-2\/#primaryimage"},"datePublished":"2021-05-14T01:10:16+00:00","dateModified":"2021-05-14T01:20:08+00:00","breadcrumb":{"@id":"https:\/\/estateofmariafelix.com\/es\/el-mundo-de-maria-2\/#breadcrumb"},"inLanguage":"es-MX","potentialAction":[{"@type":"ReadAction","target":["https:\/\/estateofmariafelix.com\/es\/el-mundo-de-maria-2\/"]}]},{"@type":"BreadcrumbList","@id":"https:\/\/estateofmariafelix.com\/es\/el-mundo-de-maria-2\/#breadcrumb","itemListElement":[{"@type":"ListItem","position":1,"name":"Inicio","item":"https:\/\/estateofmariafelix.com\/es\/"},{"@type":"ListItem","position":2,"name":"El mundo de Mar\u00eda"}]}]}},"_links":{"self":[{"href":"https:\/\/estateofmariafelix.com\/es\/wp-json\/wp\/v2\/pages\/3713"}],"collection":[{"href":"https:\/\/estateofmariafelix.com\/es\/wp-json\/wp\/v2\/pages"}],"about":[{"href":"https:\/\/estateofmariafelix.com\/es\/wp-json\/wp\/v2\/types\/page"}],"author":[{"embeddable":true,"href":"https:\/\/estateofmariafelix.com\/es\/wp-json\/wp\/v2\/users\/2"}],"replies":[{"embeddable":true,"href":"https:\/\/estateofmariafelix.com\/es\/wp-json\/wp\/v2\/comments?post=3713"}],"version-history":[{"count":9,"href":"https:\/\/estateofmariafelix.com\/es\/wp-json\/wp\/v2\/pages\/3713\/revisions"}],"predecessor-version":[{"id":3723,"href":"https:\/\/estateofmariafelix.com\/es\/wp-json\/wp\/v2\/pages\/3713\/revisions\/3723"}],"wp:attachment":[{"href":"https:\/\/estateofmariafelix.com\/es\/wp-json\/wp\/v2\/media?parent=3713"}],"curies":[{"name":"wp","href":"https:\/\/api.w.org\/{rel}","templated":true}]}}