{"id":978,"date":"2016-10-28T07:08:43","date_gmt":"2016-10-28T07:08:43","guid":{"rendered":"http:\/\/localhost\/lucky\/?page_id=978"},"modified":"2025-03-27T12:47:51","modified_gmt":"2025-03-27T18:47:51","slug":"frases-de-maria-felix","status":"publish","type":"page","link":"https:\/\/estateofmariafelix.com\/es\/","title":{"rendered":"Frases de Maria Felix"},"content":{"rendered":"<p>[vc_row full_width=&#8221;stretch_row_content_no_spaces&#8221; full_height=&#8221;yes&#8221; content_placement=&#8221;middle&#8221; css_animation=&#8221;fadeIn&#8221; css=&#8221;.vc_custom_1604631070894{margin-bottom: 40px !important;background-color: #3f4563 !important;}&#8221;][vc_column el_class=&#8221;home_ani&#8221;][vc_single_image image=&#8221;3580&#8243; img_size=&#8221;large&#8221; alignment=&#8221;center&#8221; css_animation=&#8221;none&#8221;][vc_row_inner content_placement=&#8221;bottom&#8221; el_class=&#8221;ancho-contacto home_menu&#8221;][vc_column_inner width=&#8221;1\/6&#8243;][vc_column_text el_class=&#8221;principio&#8221;]<\/p>\n<p style=\"text-align: center; margin-top: 15px;\"><a href=\"http:\/\/estateofmariafelix.com\/es\/el-prestigio-de-un-nombre\/\">EL PRESTIGIO DE UN NOMBRE<\/a><\/p>\n<p>[\/vc_column_text][\/vc_column_inner][vc_column_inner width=&#8221;1\/6&#8243;][vc_column_text el_class=&#8221;principio&#8221;]<\/p>\n<p style=\"text-align: center; margin-top: 15px;\"><a href=\"https:\/\/estateofmariafelix.com\/es\/una-leyenda-mexicana-2\/\">UNA LEYENDA MEXICANA<\/a><\/p>\n<p>[\/vc_column_text][\/vc_column_inner][vc_column_inner width=&#8221;1\/6&#8243;][vc_column_text el_class=&#8221;principio&#8221;]<\/p>\n<p style=\"text-align: center; margin-top: 15px;\"><a href=\"\/es\/maria-felix-belleza\/\">D\u00d3NDE PUEDE ESTAR MAR\u00cdA<\/a><\/p>\n<p>[\/vc_column_text][\/vc_column_inner][vc_column_inner width=&#8221;1\/6&#8243;][vc_column_text el_class=&#8221;principio&#8221;]<\/p>\n<p style=\"text-align: center; margin-top: 15px;\"><a href=\"https:\/\/estateofmariafelix.com\/es\/licencia-de-marca-ejemplos\/\">REGISTROS DE MARCA<\/a><\/p>\n<p>[\/vc_column_text][\/vc_column_inner][vc_column_inner width=&#8221;1\/6&#8243;][vc_column_text el_class=&#8221;principio&#8221;]<\/p>\n<p style=\"text-align: center; margin-top: 15px;\"><a href=\"http:\/\/estateofmariafelix.com\/es\/en-las-redes-de-la-diva-3\/\">EN LAS REDES DE MAR\u00cdA<\/a><\/p>\n<p>[\/vc_column_text][\/vc_column_inner][vc_column_inner width=&#8221;1\/6&#8243;][vc_column_text el_class=&#8221;principio&#8221;]<\/p>\n<p style=\"text-align: center; margin-top: 15px;\"><a href=\"http:\/\/estateofmariafelix.com\/es\/el-mundo-de-maria-2\/\">EL MUNDO DE MAR\u00cdA<\/a><\/p>\n<p>[\/vc_column_text][\/vc_column_inner][\/vc_row_inner][vc_row_inner content_placement=&#8221;bottom&#8221; el_class=&#8221;home_menu_dev&#8221;][vc_column_inner][vc_column_text el_class=&#8221;principio&#8221; css=&#8221;.vc_custom_1583294086976{padding-top: 20px !important;padding-bottom: 20px !important;}&#8221;]<\/p>\n<p style=\"text-align: center; margin-top: 15px;\"><a href=\"http:\/\/estateofmariafelix.com\/es\/el-prestigio-de-un-nombre\/\">EL PRESTIGIO DE UN NOMBRE<\/a><\/p>\n<p>[\/vc_column_text][vc_column_text el_class=&#8221;principio&#8221; css=&#8221;.vc_custom_1683311345178{padding-top: 20px !important;padding-bottom: 20px !important;}&#8221;]<\/p>\n<p style=\"text-align: center; margin-top: 15px;\"><a href=\"https:\/\/estateofmariafelix.com\/es\/una-leyenda-mexicana-2\/\">UNA LEYENDA MEXICANA<\/a><\/p>\n<p>[\/vc_column_text][vc_column_text el_class=&#8221;principio&#8221; css=&#8221;.vc_custom_1588983561730{padding-top: 20px !important;padding-bottom: 20px !important;}&#8221;]<\/p>\n<p style=\"text-align: center; margin-top: 15px;\"><a href=\"\/es\/maria-felix-belleza\/\">D\u00d3NDE PUEDE ESTAR MAR\u00cdA<\/a><\/p>\n<p>[\/vc_column_text][vc_column_text el_class=&#8221;principio&#8221; css=&#8221;.vc_custom_1603782699675{padding-top: 20px !important;padding-bottom: 20px !important;}&#8221;]<\/p>\n<p style=\"text-align: center; margin-top: 15px;\"><a href=\"https:\/\/estateofmariafelix.com\/es\/licencia-de-marca-ejemplos\/\">REGISTROS DE MARCA<\/a><\/p>\n<p>[\/vc_column_text][vc_column_text el_class=&#8221;principio&#8221; css=&#8221;.vc_custom_1583293932445{padding-top: 20px !important;padding-bottom: 20px !important;}&#8221;]<\/p>\n<p style=\"text-align: center; margin-top: 15px;\"><a href=\"http:\/\/estateofmariafelix.com\/es\/en-las-redes-de-la-diva-3\/\">EN LAS REDES DE MAR\u00cdA<\/a><\/p>\n<p>[\/vc_column_text][vc_column_text el_class=&#8221;principio&#8221; css=&#8221;.vc_custom_1621028790557{padding-top: 20px !important;padding-bottom: 20px !important;}&#8221;]<\/p>\n<p style=\"text-align: center; margin-top: 15px;\"><a href=\"http:\/\/estateofmariafelix.com\/es\/el-mundo-de-maria-2\/\">EL MUNDO DE MAR\u00cdA<\/a><\/p>\n<p>[\/vc_column_text][\/vc_column_inner][\/vc_row_inner][vc_row_inner content_placement=&#8221;middle&#8221; css=&#8221;.vc_custom_1676843644317{margin-top: 30px !important;margin-bottom: 30px !important;}&#8221;][vc_column_inner css=&#8221;.vc_custom_1623977971407{margin-top: 50px !important;}&#8221;][vc_column_text]<\/p>\n<div style=\"width: 640px;\" class=\"wp-video\"><!--[if lt IE 9]><script>document.createElement('video');<\/script><![endif]-->\n<video class=\"video-maria\" id=\"video-978-1\" width=\"640\" height=\"360\" poster=\"https:\/\/estateofmariafelix.com\/es\/wp-content\/uploads\/2025\/03\/portada-video-maria-felix.png\" preload=\"metadata\" controls=\"controls\"><source type=\"video\/mp4\" src=\"https:\/\/estateofmariafelix.com\/es\/wp-content\/uploads\/2021\/06\/Estate-Of-Maria-Felix.mp4?_=1\" \/><a href=\"https:\/\/estateofmariafelix.com\/es\/wp-content\/uploads\/2021\/06\/Estate-Of-Maria-Felix.mp4\">https:\/\/estateofmariafelix.com\/es\/wp-content\/uploads\/2021\/06\/Estate-Of-Maria-Felix.mp4<\/a><\/video><\/div>\n<p>[\/vc_column_text][\/vc_column_inner][\/vc_row_inner][\/vc_column][\/vc_row][vc_row][vc_column][vc_column_text]<\/p>\n<h1 style=\"color: #3f4563;\">Frases de Mar\u00eda F\u00e9lix<\/h1>\n<p style=\"color: #3f4563;\">Aqu\u00ed encontraras informaci\u00f3n importante sobre la trayectoria artistica de Mar\u00eda F\u00e9lix, as\u00ed como su biograf\u00eda,<strong> Frases de Mar\u00eda F\u00e9lix<\/strong>, etc&#8230;<\/p>\n<p style=\"color: #3f4563;\">Mar\u00eda de los \u00c1ngeles F\u00e9lix G\u00fcere\u00f1a (\u00c1lamos, Sonora, M\u00e9xico, 8 de abril de 1914-Ciudad de M\u00e9xico, 8 de abril de 2002), m\u00e1s conocida como Mar\u00eda F\u00e9lix, fue una actriz mexicana, considerada como la m\u00e1xima diva del cine mexicano.1\u200b Es una de las figuras femeninas m\u00e1s importantes de la llamada \u00c9poca de Oro del cine mexicano. Comparti\u00f3 elenco con varios de los grandes galanes del cine latinoamericano de la \u00e9poca, y tambi\u00e9n protagoniz\u00f3 producciones internacionales, de directores como Jean Renoir y Luis Bu\u00f1uel, al lado de estrellas como Rossano Brazzi, Vittorio Gassman, Jean Gabin, Yves Montand, G\u00e9rard Philipe y Jack Palance. Junto a Pedro Infante, Jorge Negrete, Pedro Armend\u00e1riz y Dolores del R\u00edo, representa a las m\u00e1ximas figuras del cine latinoamericano de las d\u00e9cadas de 1940 y 1950.<\/p>\n<p><a style=\"color: #3f4563;\" href=\"https:\/\/estateofmariafelix.com\/es\/fotos-d-maria-felix\/\">Ver fotos de Mar\u00eda F\u00e9lix<\/a>[\/vc_column_text][\/vc_column][\/vc_row]<\/p>\n","protected":false},"excerpt":{"rendered":"<p>[vc_row full_width=&#8221;stretch_row_content_no_spaces&#8221; full_height=&#8221;yes&#8221; content_placement=&#8221;middle&#8221; css_animation=&#8221;fadeIn&#8221; css=&#8221;.vc_custom_1604631070894{margin-bottom: 40px !important;background-color: #3f4563 !important;}&#8221;][vc_column el_class=&#8221;home_ani&#8221;][vc_single_image image=&#8221;3580&#8243; img_size=&#8221;large&#8221; alignment=&#8221;center&#8221; css_animation=&#8221;none&#8221;][vc_row_inner content_placement=&#8221;bottom&#8221; el_class=&#8221;ancho-contacto home_menu&#8221;][vc_column_inner width=&#8221;1\/6&#8243;][vc_column_text el_class=&#8221;principio&#8221;] EL PRESTIGIO DE UN NOMBRE [\/vc_column_text][\/vc_column_inner][vc_column_inner width=&#8221;1\/6&#8243;][vc_column_text el_class=&#8221;principio&#8221;] UNA LEYENDA MEXICANA [\/vc_column_text][\/vc_column_inner][vc_column_inner width=&#8221;1\/6&#8243;][vc_column_text el_class=&#8221;principio&#8221;] D\u00d3NDE PUEDE ESTAR MAR\u00cdA [\/vc_column_text][\/vc_column_inner][vc_column_inner width=&#8221;1\/6&#8243;][vc_column_text el_class=&#8221;principio&#8221;] REGISTROS DE MARCA [\/vc_column_text][\/vc_column_inner][vc_column_inner width=&#8221;1\/6&#8243;][vc_column_text el_class=&#8221;principio&#8221;] EN LAS REDES DE MAR\u00cdA [\/vc_column_text][\/vc_column_inner][vc_column_inner width=&#8221;1\/6&#8243;][vc_column_text el_class=&#8221;principio&#8221;] [&hellip;]<\/p>\n","protected":false},"author":2,"featured_media":0,"parent":0,"menu_order":0,"comment_status":"closed","ping_status":"closed","template":"visual-temlpate.php","meta":[],"yoast_head":"<!-- This site is optimized with the Yoast SEO plugin v17.1 - https:\/\/yoast.com\/wordpress\/plugins\/seo\/ -->\n<title>Frases de Maria Felix - Mar\u00eda F\u00e9lix<\/title>\n<meta name=\"description\" content=\"Aqu\u00ed encontraras informaci\u00f3n importante sobre la trayectoria artistica de Mar\u00eda F\u00e9lix, as\u00ed como su biograf\u00eda, Frases de Mar\u00eda F\u00e9lix y mucho m\u00e1s.\" \/>\n<meta name=\"robots\" content=\"index, follow, max-snippet:-1, max-image-preview:large, max-video-preview:-1\" \/>\n<link rel=\"canonical\" href=\"https:\/\/estateofmariafelix.com\/es\/\" \/>\n<meta property=\"og:locale\" content=\"es_MX\" \/>\n<meta property=\"og:type\" content=\"article\" \/>\n<meta property=\"og:title\" content=\"Frases de Maria Felix - Mar\u00eda F\u00e9lix\" \/>\n<meta property=\"og:description\" content=\"Aqu\u00ed encontraras informaci\u00f3n importante sobre la trayectoria artistica de Mar\u00eda F\u00e9lix, as\u00ed como su biograf\u00eda, Frases de Mar\u00eda F\u00e9lix y mucho m\u00e1s.\" \/>\n<meta property=\"og:url\" content=\"https:\/\/estateofmariafelix.com\/es\/\" \/>\n<meta property=\"og:site_name\" content=\"Mar\u00eda F\u00e9lix\" \/>\n<meta property=\"article:publisher\" content=\"https:\/\/www.facebook.com\/EstateofMariaFelix\" \/>\n<meta property=\"article:modified_time\" content=\"2025-03-27T18:47:51+00:00\" \/>\n<meta name=\"twitter:card\" content=\"summary_large_image\" \/>\n<meta name=\"twitter:label1\" content=\"Tiempo de lectura\" \/>\n\t<meta name=\"twitter:data1\" content=\"2 minutos\" \/>\n<script type=\"application\/ld+json\" class=\"yoast-schema-graph\">{\"@context\":\"https:\/\/schema.org\",\"@graph\":[{\"@type\":\"Organization\",\"@id\":\"https:\/\/estateofmariafelix.com\/es\/#organization\",\"name\":\"Estate of Mar\\u00eda F\\u00e9lix\",\"url\":\"https:\/\/estateofmariafelix.com\/es\/\",\"sameAs\":[\"https:\/\/www.facebook.com\/EstateofMariaFelix\",\"https:\/\/www.instagram.com\/estateofmariafelix\/\"],\"logo\":{\"@type\":\"ImageObject\",\"@id\":\"https:\/\/estateofmariafelix.com\/es\/#logo\",\"inLanguage\":\"es-MX\",\"url\":\"https:\/\/estateofmariafelix.com\/es\/wp-content\/uploads\/2020\/03\/147-LOGO-EOMF-compressor.png\",\"contentUrl\":\"https:\/\/estateofmariafelix.com\/es\/wp-content\/uploads\/2020\/03\/147-LOGO-EOMF-compressor.png\",\"width\":1772,\"height\":974,\"caption\":\"Estate of Mar\\u00eda F\\u00e9lix\"},\"image\":{\"@id\":\"https:\/\/estateofmariafelix.com\/es\/#logo\"}},{\"@type\":\"WebSite\",\"@id\":\"https:\/\/estateofmariafelix.com\/es\/#website\",\"url\":\"https:\/\/estateofmariafelix.com\/es\/\",\"name\":\"Mar\\u00eda F\\u00e9lix\",\"description\":\"P\\u00e1gina Oficial\",\"publisher\":{\"@id\":\"https:\/\/estateofmariafelix.com\/es\/#organization\"},\"potentialAction\":[{\"@type\":\"SearchAction\",\"target\":{\"@type\":\"EntryPoint\",\"urlTemplate\":\"https:\/\/estateofmariafelix.com\/es\/?s={search_term_string}\"},\"query-input\":\"required name=search_term_string\"}],\"inLanguage\":\"es-MX\"},{\"@type\":\"WebPage\",\"@id\":\"https:\/\/estateofmariafelix.com\/es\/#webpage\",\"url\":\"https:\/\/estateofmariafelix.com\/es\/\",\"name\":\"Frases de Maria Felix - Mar\\u00eda F\\u00e9lix\",\"isPartOf\":{\"@id\":\"https:\/\/estateofmariafelix.com\/es\/#website\"},\"datePublished\":\"2016-10-28T07:08:43+00:00\",\"dateModified\":\"2025-03-27T18:47:51+00:00\",\"description\":\"Aqu\\u00ed encontraras informaci\\u00f3n importante sobre la trayectoria artistica de Mar\\u00eda F\\u00e9lix, as\\u00ed como su biograf\\u00eda, Frases de Mar\\u00eda F\\u00e9lix y mucho m\\u00e1s.\",\"breadcrumb\":{\"@id\":\"https:\/\/estateofmariafelix.com\/es\/#breadcrumb\"},\"inLanguage\":\"es-MX\",\"potentialAction\":[{\"@type\":\"ReadAction\",\"target\":[\"https:\/\/estateofmariafelix.com\/es\/\"]}]},{\"@type\":\"BreadcrumbList\",\"@id\":\"https:\/\/estateofmariafelix.com\/es\/#breadcrumb\",\"itemListElement\":[{\"@type\":\"ListItem\",\"position\":1,\"name\":\"Inicio\",\"item\":\"https:\/\/estateofmariafelix.com\/es\/\"},{\"@type\":\"ListItem\",\"position\":2,\"name\":\"Frases de Maria Felix\"}]}]}<\/script>\n<!-- \/ Yoast SEO plugin. -->","yoast_head_json":{"title":"Frases de Maria Felix - Mar\u00eda F\u00e9lix","description":"Aqu\u00ed encontraras informaci\u00f3n importante sobre la trayectoria artistica de Mar\u00eda F\u00e9lix, as\u00ed como su biograf\u00eda, Frases de Mar\u00eda F\u00e9lix y mucho m\u00e1s.","robots":{"index":"index","follow":"follow","max-snippet":"max-snippet:-1","max-image-preview":"max-image-preview:large","max-video-preview":"max-video-preview:-1"},"canonical":"https:\/\/estateofmariafelix.com\/es\/","og_locale":"es_MX","og_type":"article","og_title":"Frases de Maria Felix - Mar\u00eda F\u00e9lix","og_description":"Aqu\u00ed encontraras informaci\u00f3n importante sobre la trayectoria artistica de Mar\u00eda F\u00e9lix, as\u00ed como su biograf\u00eda, Frases de Mar\u00eda F\u00e9lix y mucho m\u00e1s.","og_url":"https:\/\/estateofmariafelix.com\/es\/","og_site_name":"Mar\u00eda F\u00e9lix","article_publisher":"https:\/\/www.facebook.com\/EstateofMariaFelix","article_modified_time":"2025-03-27T18:47:51+00:00","twitter_card":"summary_large_image","twitter_misc":{"Tiempo de lectura":"2 minutos"},"schema":{"@context":"https:\/\/schema.org","@graph":[{"@type":"Organization","@id":"https:\/\/estateofmariafelix.com\/es\/#organization","name":"Estate of Mar\u00eda F\u00e9lix","url":"https:\/\/estateofmariafelix.com\/es\/","sameAs":["https:\/\/www.facebook.com\/EstateofMariaFelix","https:\/\/www.instagram.com\/estateofmariafelix\/"],"logo":{"@type":"ImageObject","@id":"https:\/\/estateofmariafelix.com\/es\/#logo","inLanguage":"es-MX","url":"https:\/\/estateofmariafelix.com\/es\/wp-content\/uploads\/2020\/03\/147-LOGO-EOMF-compressor.png","contentUrl":"https:\/\/estateofmariafelix.com\/es\/wp-content\/uploads\/2020\/03\/147-LOGO-EOMF-compressor.png","width":1772,"height":974,"caption":"Estate of Mar\u00eda F\u00e9lix"},"image":{"@id":"https:\/\/estateofmariafelix.com\/es\/#logo"}},{"@type":"WebSite","@id":"https:\/\/estateofmariafelix.com\/es\/#website","url":"https:\/\/estateofmariafelix.com\/es\/","name":"Mar\u00eda F\u00e9lix","description":"P\u00e1gina Oficial","publisher":{"@id":"https:\/\/estateofmariafelix.com\/es\/#organization"},"potentialAction":[{"@type":"SearchAction","target":{"@type":"EntryPoint","urlTemplate":"https:\/\/estateofmariafelix.com\/es\/?s={search_term_string}"},"query-input":"required name=search_term_string"}],"inLanguage":"es-MX"},{"@type":"WebPage","@id":"https:\/\/estateofmariafelix.com\/es\/#webpage","url":"https:\/\/estateofmariafelix.com\/es\/","name":"Frases de Maria Felix - Mar\u00eda F\u00e9lix","isPartOf":{"@id":"https:\/\/estateofmariafelix.com\/es\/#website"},"datePublished":"2016-10-28T07:08:43+00:00","dateModified":"2025-03-27T18:47:51+00:00","description":"Aqu\u00ed encontraras informaci\u00f3n importante sobre la trayectoria artistica de Mar\u00eda F\u00e9lix, as\u00ed como su biograf\u00eda, Frases de Mar\u00eda F\u00e9lix y mucho m\u00e1s.","breadcrumb":{"@id":"https:\/\/estateofmariafelix.com\/es\/#breadcrumb"},"inLanguage":"es-MX","potentialAction":[{"@type":"ReadAction","target":["https:\/\/estateofmariafelix.com\/es\/"]}]},{"@type":"BreadcrumbList","@id":"https:\/\/estateofmariafelix.com\/es\/#breadcrumb","itemListElement":[{"@type":"ListItem","position":1,"name":"Inicio","item":"https:\/\/estateofmariafelix.com\/es\/"},{"@type":"ListItem","position":2,"name":"Frases de Maria Felix"}]}]}},"_links":{"self":[{"href":"https:\/\/estateofmariafelix.com\/es\/wp-json\/wp\/v2\/pages\/978"}],"collection":[{"href":"https:\/\/estateofmariafelix.com\/es\/wp-json\/wp\/v2\/pages"}],"about":[{"href":"https:\/\/estateofmariafelix.com\/es\/wp-json\/wp\/v2\/types\/page"}],"author":[{"embeddable":true,"href":"https:\/\/estateofmariafelix.com\/es\/wp-json\/wp\/v2\/users\/2"}],"replies":[{"embeddable":true,"href":"https:\/\/estateofmariafelix.com\/es\/wp-json\/wp\/v2\/comments?post=978"}],"version-history":[{"count":79,"href":"https:\/\/estateofmariafelix.com\/es\/wp-json\/wp\/v2\/pages\/978\/revisions"}],"predecessor-version":[{"id":3847,"href":"https:\/\/estateofmariafelix.com\/es\/wp-json\/wp\/v2\/pages\/978\/revisions\/3847"}],"wp:attachment":[{"href":"https:\/\/estateofmariafelix.com\/es\/wp-json\/wp\/v2\/media?parent=978"}],"curies":[{"name":"wp","href":"https:\/\/api.w.org\/{rel}","templated":true}]}}