{"id":2780,"date":"2020-02-21T22:48:19","date_gmt":"2020-02-22T04:48:19","guid":{"rendered":"http:\/\/estateofmariafelix.com\/es\/?page_id=2780"},"modified":"2021-03-09T05:42:57","modified_gmt":"2021-03-09T04:42:57","slug":"enregistrements-de-marques","status":"publish","type":"page","link":"https:\/\/estateofmariafelix.com\/fr\/enregistrements-de-marques\/","title":{"rendered":"Enregistrements de marques"},"content":{"rendered":"<p>[vc_row full_width=&#8221;stretch_row_content_no_spaces&#8221; full_height=&#8221;yes&#8221; columns_placement=&#8221;top&#8221; css=&#8221;.vc_custom_1583120233509{padding-bottom: 50px !important;background-color: #f1d19b !important;}&#8221; el_class=&#8221;ancho&#8221;][vc_column][vc_column_text css=&#8221;.vc_custom_1612458541181{margin-top: 50px !important;margin-bottom: 100px !important;}&#8221;]<\/p>\n<h1 style=\"text-align: center;\">Enregistrements de marques<\/h1>\n<p>[\/vc_column_text][vc_column_text el_class=&#8221;el_prestigio&#8221;]<\/p>\n<p style=\"text-align: justify;\">Si vous \u00eates int\u00e9ress\u00e9 par l&#8217;octroi d&#8217;une licence pour utiliser l&#8217;un des documents, vous devez contacter Estate of Mar\u00eda F\u00e9lix, S.A. de C.V., qui est le seul repr\u00e9sentant du titulaire des droits de marque.<\/p>\n<p>[\/vc_column_text][vc_raw_html]JTNDZGl2JTIwc3R5bGUlM0QlMjJ0ZXh0LWFsaWduJTNBJTIwY2VudGVyJTNCJTIyJTNFJTBBJTNDaDIlMjBzeXRsZSUzRCUyMmNvbG9yJTNBJTIzY2NjJTNCJTIyJTNFJTNDJTJGaDIlM0UlMEElM0N1bCUyMGNsYXNzJTNEJTIybGlzdGEtcmVnaXN0cm8lMjIlM0UlMEElMjAlMDklM0NsaSUyMGNsYXNzJTNEJTIybGlzdGEtcmVnaXN0cm8lMjIlM0VIdWlsZXMlMjBlc3NlbnRpZWxsZXMlM0MlMkZsaSUzRSUwQSUyMCUwOSUzQ2xpJTIwY2xhc3MlM0QlMjJsaXN0YS1yZWdpc3RybyUyMiUzRU5vdXJyaXR1cmUlMjBldCUyMGJvaXNzb25zJTNDJTJGbGklM0UlMEElMjAlMDklM0NsaSUyMGNsYXNzJTNEJTIybGlzdGEtcmVnaXN0cm8lMjIlM0VBcnRpY2xlcyUyMGRlJTIwYmlqb3V4JTNDJTJGbGklM0UlMEElMjAlMDklM0NsaSUyMGNsYXNzJTNEJTIybGlzdGEtcmVnaXN0cm8lMjIlM0VCYW5xdWV0cyUzQyUyRmxpJTNFJTBBJTIwJTA5JTNDbGklMjBjbGFzcyUzRCUyMmxpc3RhLXJlZ2lzdHJvJTIyJTNFUHVicyUzQyUyRmxpJTNFJTBBJTIwJTA5JTNDbGklMjBjbGFzcyUzRCUyMmxpc3RhLXJlZ2lzdHJvJTIyJTNFQm9pc3NvbnMlMjBhbGNvb2xpcyVDMyVBOWVzJTNDJTJGbGklM0UlMEElMjAlMDklM0NsaSUyMGNsYXNzJTNEJTIybGlzdGEtcmVnaXN0cm8lMjIlM0VCb2lzc29ucyUyMGV0JTIwcmVwYXMlMjBwciVDMyVBOXBhciVDMyVBOXMlM0MlMkZsaSUzRSUwQSUyMCUwOSUzQ2xpJTIwY2xhc3MlM0QlMjJsaXN0YS1yZWdpc3RybyUyMiUzRUxlcyUyMGNhZiVDMyVBOXMlM0MlMkZsaSUzRSUwQSUyMCUwOSUzQ2xpJTIwY2xhc3MlM0QlMjJsaXN0YS1yZWdpc3RybyUyMiUzRUNoYXVzc3VyZSUzQyUyRmxpJTNFJTBBJTIwJTA5JTNDbGklMjBjbGFzcyUzRCUyMmxpc3RhLXJlZ2lzdHJvJTIyJTNFTWFpc29ucyUyMGRlJTIwdmFjYW5jZXMlM0MlMkZsaSUzRSUwQSUyMCUwOSUzQ2xpJTIwY2xhc3MlM0QlMjJsaXN0YS1yZWdpc3RybyUyMiUzRUNvc20lQzMlQTl0aXF1ZXMlMjBldCUyMGRlbnRpZnJpY2VzJTNDJTJGbGklM0UlMEElMjAlMDklM0NsaSUyMGNsYXNzJTNEJTIybGlzdGEtcmVnaXN0cm8lMjIlM0VEZXNpZ24lMjBkJTI3aW50JUMzJUE5cmlldXIlM0MlMkZsaSUzRSUwQSUzQ2xpJTIwY2xhc3MlM0QlMjJsaXN0YS1yZWdpc3RybyUyMiUzRURpdmVydGlzc2VtZW50JTNDJTJGbGklM0UlMEElM0NsaSUyMGNsYXNzJTNEJTIybGlzdGEtcmVnaXN0cm8lMjIlM0VGaWxtcyUzQyUyRmxpJTNFJTBBJTIwJTA5JTNDbGklMjBjbGFzcyUzRCUyMmxpc3RhLXJlZ2lzdHJvJTIyJTNFQ29uY2VwdGlvbiUyMGRlJTIwbWV1YmxlcyUzQyUyRmxpJTNFJTBBJTIwJTA5JTNDbGklMjBjbGFzcyUzRCUyMmxpc3RhLXJlZ2lzdHJvJTIyJTNFU3R5bGlzbWUlM0MlMkZsaSUzRSUwQSUyMCUwOSUzQ2xpJTIwY2xhc3MlM0QlMjJsaXN0YS1yZWdpc3RybyUyMiUzRUNvbmNlcHRpb24lMjBkZSUyMG11cyVDMyVBOWUlM0MlMkZsaSUzRSUwQSUyMCUwOSUzQ2xpJTIwY2xhc3MlM0QlMjJsaXN0YS1yZWdpc3RybyUyMiUzRURlc2lnbiUyMHRleHRpbGUlM0MlMkZsaSUzRSUwQSUyMCUwOSUzQ2xpJTIwY2xhc3MlM0QlMjJsaXN0YS1yZWdpc3RybyUyMiUzRVZlcm5pcyUyMCVDMyVBMCUyMG9uZ2xlcyUzQyUyRmxpJTNFJTBBJTIwJTA5JTNDbGklMjBjbGFzcyUzRCUyMmxpc3RhLXJlZ2lzdHJvJTIyJTNFUGFyZnVtcyUzQyUyRmxpJTNFJTBBJTIwJTA5JTNDbGklMjBjbGFzcyUzRCUyMmxpc3RhLXJlZ2lzdHJvJTIyJTNFSG9zcGl0YWxpdCVDMyVBOSUzQyUyRmxpJTNFJTBBJTIwJTA5JTNDbGklMjBjbGFzcyUzRCUyMmxpc3RhLXJlZ2lzdHJvJTIyJTNFRW5jZW5zJTNDJTJGbGklM0UlMEElMjAlMDklM0NsaSUyMGNsYXNzJTNEJTIybGlzdGEtcmVnaXN0cm8lMjIlM0VTYXZvbnMlM0MlMkZsaSUzRSUwQSUyMCUwOSUzQ2xpJTIwY2xhc3MlM0QlMjJsaXN0YS1yZWdpc3RybyUyMiUzRUxvdGlvbnMlMjBjYXBpbGxhaXJlcyUzQyUyRmxpJTNFJTBBJTIwJTA5JTNDbGklMjBjbGFzcyUzRCUyMmxpc3RhLXJlZ2lzdHJvJTIyJTNFTWFxdWlsbGFnZSUzQyUyRmxpJTNFJTBBJTIwJTA5JTNDbGklMjBjbGFzcyUzRCUyMmxpc3RhLXJlZ2lzdHJvJTIyJTNFQ2hhdXNzZXR0ZXMlM0MlMkZsaSUzRSUwQSUyMCUwOSUzQ2xpJTIwY2xhc3MlM0QlMjJsaXN0YS1yZWdpc3RybyUyMiUzRU0lQzMlQTl0YXV4JTIwcHIlQzMlQTljaWV1eCUyMGV0JTIwbGV1cnMlMjBhbGxpYWdlcyUzQyUyRmxpJTNFJTBBJTIwJTA5JTNDbGklMjBjbGFzcyUzRCUyMmxpc3RhLXJlZ2lzdHJvJTIyJTNFT2JqZXRzJTIwZCUyN2FydCUzQyUyRmxpJTNFJTBBJTIwJTA5JTNDbGklMjBjbGFzcyUzRCUyMmxpc3RhLXJlZ2lzdHJvJTIyJTNFUGFyZnVtZXJpZSUzQyUyRmxpJTNFJTBBJTIwJTA5JTNDbGklMjBjbGFzcyUzRCUyMmxpc3RhLXJlZ2lzdHJvJTIyJTNFUGllcnJlcyUyMHByJUMzJUE5Y2lldXNlcyUyMGV0JTIwc2VtaS1wciVDMyVBOWNpZXVzZXMlM0MlMkZsaSUzRSUwQSUyMCUwOSUzQ2xpJTIwY2xhc3MlM0QlMjJsaXN0YS1yZWdpc3RybyUyMiUzRVBvcmNlbGFpbmUlM0MlMkZsaSUzRSUwQSUyMCUwOSUzQ2xpJTIwY2xhc3MlM0QlMjJsaXN0YS1yZWdpc3RybyUyMiUzRVByb2R1aXRzJTIwY2FwaWxsYWlyZXMlM0MlMkZsaSUzRSUwQSUyMCUwOSUzQ2xpJTIwY2xhc3MlM0QlMjJsaXN0YS1yZWdpc3RybyUyMiUzRUhvcmxvZ2VyaWUlM0MlMkZsaSUzRSUwQSUyMCUwOSUzQ2xpJTIwY2xhc3MlM0QlMjJsaXN0YS1yZWdpc3RybyUyMiUzRVJlc3RhdXJhbnRzJTIwZXQlMjBwdWJzJTNDJTJGbGklM0UlMEElMjAlMDklM0NsaSUyMGNsYXNzJTNEJTIybGlzdGEtcmVnaXN0cm8lMjIlM0VTZXJ2aWNlJTIwZGUlMjByZXN0YXVyYXRpb24lM0MlMkZsaSUzRSUwQSUyMCUwOSUzQ2xpJTIwY2xhc3MlM0QlMjJsaXN0YS1yZWdpc3RybyUyMiUzRVNoYW1wb2luZ3MlM0MlMkZsaSUzRSUwQSUyMCUwOSUzQ2xpJTIwY2xhc3MlM0QlMjJsaXN0YS1yZWdpc3RybyUyMiUzRUNoYXBlbGxlcmllJTNDJTJGbGklM0UlMEElMjAlMDklM0NsaSUyMGNsYXNzJTNEJTIybGlzdGEtcmVnaXN0cm8lMjIlM0VDb2xvcmFudHMlMjBjb3NtJUMzJUE5dGlxdWVzJTNDJTJGbGklM0UlMEElMjAlMDklM0NsaSUyMGNsYXNzJTNEJTIybGlzdGEtcmVnaXN0cm8lMjIlM0VWYWlzc2VsbGUlM0MlMkZsaSUzRSUwQSUyMCUwOSUzQ2xpJTIwY2xhc3MlM0QlMjJsaXN0YS1yZWdpc3RybyUyMiUzRVYlQzMlQUF0ZW1lbnRzJTNDJTJGbGklM0UlMEElMjAlMDklM0NsaSUyMGNsYXNzJTNEJTIybGlzdGEtcmVnaXN0cm8lMjIlM0VEdSUyMHZpbiUzQyUyRmxpJTNFJTBBJTNDJTJGdWwlM0UlMEElM0MlMkZkaXYlM0U=[\/vc_raw_html][\/vc_column][\/vc_row]<\/p>\n","protected":false},"excerpt":{"rendered":"<p>[vc_row full_width=&#8221;stretch_row_content_no_spaces&#8221; full_height=&#8221;yes&#8221; columns_placement=&#8221;top&#8221; css=&#8221;.vc_custom_1583120233509{padding-bottom: 50px !important;background-color: #f1d19b !important;}&#8221; el_class=&#8221;ancho&#8221;][vc_column][vc_column_text css=&#8221;.vc_custom_1612458541181{margin-top: 50px !important;margin-bottom: 100px !important;}&#8221;] Enregistrements de marques [\/vc_column_text][vc_column_text el_class=&#8221;el_prestigio&#8221;] Si vous \u00eates int\u00e9ress\u00e9 par l&#8217;octroi d&#8217;une licence pour utiliser l&#8217;un des documents, vous devez contacter Estate of Mar\u00eda F\u00e9lix, S.A. de C.V., qui est le seul repr\u00e9sentant du titulaire des droits de marque. [\/vc_column_text][vc_raw_html]JTNDZGl2JTIwc3R5bGUlM0QlMjJ0ZXh0LWFsaWduJTNBJTIwY2VudGVyJTNCJTIyJTNFJTBBJTNDaDIlMjBzeXRsZSUzRCUyMmNvbG9yJTNBJTIzY2NjJTNCJTIyJTNFJTNDJTJGaDIlM0UlMEElM0N1bCUyMGNsYXNzJTNEJTIybGlzdGEtcmVnaXN0cm8lMjIlM0UlMEElMjAlMDklM0NsaSUyMGNsYXNzJTNEJTIybGlzdGEtcmVnaXN0cm8lMjIlM0VIdWlsZXMlMjBlc3NlbnRpZWxsZXMlM0MlMkZsaSUzRSUwQSUyMCUwOSUzQ2xpJTIwY2xhc3MlM0QlMjJsaXN0YS1yZWdpc3RybyUyMiUzRU5vdXJyaXR1cmUlMjBldCUyMGJvaXNzb25zJTNDJTJGbGklM0UlMEElMjAlMDklM0NsaSUyMGNsYXNzJTNEJTIybGlzdGEtcmVnaXN0cm8lMjIlM0VBcnRpY2xlcyUyMGRlJTIwYmlqb3V4JTNDJTJGbGklM0UlMEElMjAlMDklM0NsaSUyMGNsYXNzJTNEJTIybGlzdGEtcmVnaXN0cm8lMjIlM0VCYW5xdWV0cyUzQyUyRmxpJTNFJTBBJTIwJTA5JTNDbGklMjBjbGFzcyUzRCUyMmxpc3RhLXJlZ2lzdHJvJTIyJTNFUHVicyUzQyUyRmxpJTNFJTBBJTIwJTA5JTNDbGklMjBjbGFzcyUzRCUyMmxpc3RhLXJlZ2lzdHJvJTIyJTNFQm9pc3NvbnMlMjBhbGNvb2xpcyVDMyVBOWVzJTNDJTJGbGklM0UlMEElMjAlMDklM0NsaSUyMGNsYXNzJTNEJTIybGlzdGEtcmVnaXN0cm8lMjIlM0VCb2lzc29ucyUyMGV0JTIwcmVwYXMlMjBwciVDMyVBOXBhciVDMyVBOXMlM0MlMkZsaSUzRSUwQSUyMCUwOSUzQ2xpJTIwY2xhc3MlM0QlMjJsaXN0YS1yZWdpc3RybyUyMiUzRUxlcyUyMGNhZiVDMyVBOXMlM0MlMkZsaSUzRSUwQSUyMCUwOSUzQ2xpJTIwY2xhc3MlM0QlMjJsaXN0YS1yZWdpc3RybyUyMiUzRUNoYXVzc3VyZSUzQyUyRmxpJTNFJTBBJTIwJTA5JTNDbGklMjBjbGFzcyUzRCUyMmxpc3RhLXJlZ2lzdHJvJTIyJTNFTWFpc29ucyUyMGRlJTIwdmFjYW5jZXMlM0MlMkZsaSUzRSUwQSUyMCUwOSUzQ2xpJTIwY2xhc3MlM0QlMjJsaXN0YS1yZWdpc3RybyUyMiUzRUNvc20lQzMlQTl0aXF1ZXMlMjBldCUyMGRlbnRpZnJpY2VzJTNDJTJGbGklM0UlMEElMjAlMDklM0NsaSUyMGNsYXNzJTNEJTIybGlzdGEtcmVnaXN0cm8lMjIlM0VEZXNpZ24lMjBkJTI3aW50JUMzJUE5cmlldXIlM0MlMkZsaSUzRSUwQSUzQ2xpJTIwY2xhc3MlM0QlMjJsaXN0YS1yZWdpc3RybyUyMiUzRURpdmVydGlzc2VtZW50JTNDJTJGbGklM0UlMEElM0NsaSUyMGNsYXNzJTNEJTIybGlzdGEtcmVnaXN0cm8lMjIlM0VGaWxtcyUzQyUyRmxpJTNFJTBBJTIwJTA5JTNDbGklMjBjbGFzcyUzRCUyMmxpc3RhLXJlZ2lzdHJvJTIyJTNFQ29uY2VwdGlvbiUyMGRlJTIwbWV1YmxlcyUzQyUyRmxpJTNFJTBBJTIwJTA5JTNDbGklMjBjbGFzcyUzRCUyMmxpc3RhLXJlZ2lzdHJvJTIyJTNFU3R5bGlzbWUlM0MlMkZsaSUzRSUwQSUyMCUwOSUzQ2xpJTIwY2xhc3MlM0QlMjJsaXN0YS1yZWdpc3RybyUyMiUzRUNvbmNlcHRpb24lMjBkZSUyMG11cyVDMyVBOWUlM0MlMkZsaSUzRSUwQSUyMCUwOSUzQ2xpJTIwY2xhc3MlM0QlMjJsaXN0YS1yZWdpc3RybyUyMiUzRURlc2lnbiUyMHRleHRpbGUlM0MlMkZsaSUzRSUwQSUyMCUwOSUzQ2xpJTIwY2xhc3MlM0QlMjJsaXN0YS1yZWdpc3RybyUyMiUzRVZlcm5pcyUyMCVDMyVBMCUyMG9uZ2xlcyUzQyUyRmxpJTNFJTBBJTIwJTA5JTNDbGklMjBjbGFzcyUzRCUyMmxpc3RhLXJlZ2lzdHJvJTIyJTNFUGFyZnVtcyUzQyUyRmxpJTNFJTBBJTIwJTA5JTNDbGklMjBjbGFzcyUzRCUyMmxpc3RhLXJlZ2lzdHJvJTIyJTNFSG9zcGl0YWxpdCVDMyVBOSUzQyUyRmxpJTNFJTBBJTIwJTA5JTNDbGklMjBjbGFzcyUzRCUyMmxpc3RhLXJlZ2lzdHJvJTIyJTNFRW5jZW5zJTNDJTJGbGklM0UlMEElMjAlMDklM0NsaSUyMGNsYXNzJTNEJTIybGlzdGEtcmVnaXN0cm8lMjIlM0VTYXZvbnMlM0MlMkZsaSUzRSUwQSUyMCUwOSUzQ2xpJTIwY2xhc3MlM0QlMjJsaXN0YS1yZWdpc3RybyUyMiUzRUxvdGlvbnMlMjBjYXBpbGxhaXJlcyUzQyUyRmxpJTNFJTBBJTIwJTA5JTNDbGklMjBjbGFzcyUzRCUyMmxpc3RhLXJlZ2lzdHJvJTIyJTNFTWFxdWlsbGFnZSUzQyUyRmxpJTNFJTBBJTIwJTA5JTNDbGklMjBjbGFzcyUzRCUyMmxpc3RhLXJlZ2lzdHJvJTIyJTNFQ2hhdXNzZXR0ZXMlM0MlMkZsaSUzRSUwQSUyMCUwOSUzQ2xpJTIwY2xhc3MlM0QlMjJsaXN0YS1yZWdpc3RybyUyMiUzRU0lQzMlQTl0YXV4JTIwcHIlQzMlQTljaWV1eCUyMGV0JTIwbGV1cnMlMjBhbGxpYWdlcyUzQyUyRmxpJTNFJTBBJTIwJTA5JTNDbGklMjBjbGFzcyUzRCUyMmxpc3RhLXJlZ2lzdHJvJTIyJTNFT2JqZXRzJTIwZCUyN2FydCUzQyUyRmxpJTNFJTBBJTIwJTA5JTNDbGklMjBjbGFzcyUzRCUyMmxpc3RhLXJlZ2lzdHJvJTIyJTNFUGFyZnVtZXJpZSUzQyUyRmxpJTNFJTBBJTIwJTA5JTNDbGklMjBjbGFzcyUzRCUyMmxpc3RhLXJlZ2lzdHJvJTIyJTNFUGllcnJlcyUyMHByJUMzJUE5Y2lldXNlcyUyMGV0JTIwc2VtaS1wciVDMyVBOWNpZXVzZXMlM0MlMkZsaSUzRSUwQSUyMCUwOSUzQ2xpJTIwY2xhc3MlM0QlMjJsaXN0YS1yZWdpc3RybyUyMiUzRVBvcmNlbGFpbmUlM0MlMkZsaSUzRSUwQSUyMCUwOSUzQ2xpJTIwY2xhc3MlM0QlMjJsaXN0YS1yZWdpc3RybyUyMiUzRVByb2R1aXRzJTIwY2FwaWxsYWlyZXMlM0MlMkZsaSUzRSUwQSUyMCUwOSUzQ2xpJTIwY2xhc3MlM0QlMjJsaXN0YS1yZWdpc3RybyUyMiUzRUhvcmxvZ2VyaWUlM0MlMkZsaSUzRSUwQSUyMCUwOSUzQ2xpJTIwY2xhc3MlM0QlMjJsaXN0YS1yZWdpc3RybyUyMiUzRVJlc3RhdXJhbnRzJTIwZXQlMjBwdWJzJTNDJTJGbGklM0UlMEElMjAlMDklM0NsaSUyMGNsYXNzJTNEJTIybGlzdGEtcmVnaXN0cm8lMjIlM0VTZXJ2aWNlJTIwZGUlMjByZXN0YXVyYXRpb24lM0MlMkZsaSUzRSUwQSUyMCUwOSUzQ2xpJTIwY2xhc3MlM0QlMjJsaXN0YS1yZWdpc3RybyUyMiUzRVNoYW1wb2luZ3MlM0MlMkZsaSUzRSUwQSUyMCUwOSUzQ2xpJTIwY2xhc3MlM0QlMjJsaXN0YS1yZWdpc3RybyUyMiUzRUNoYXBlbGxlcmllJTNDJTJGbGklM0UlMEElMjAlMDklM0NsaSUyMGNsYXNzJTNEJTIybGlzdGEtcmVnaXN0cm8lMjIlM0VDb2xvcmFudHMlMjBjb3NtJUMzJUE5dGlxdWVzJTNDJTJGbGklM0UlMEElMjAlMDklM0NsaSUyMGNsYXNzJTNEJTIybGlzdGEtcmVnaXN0cm8lMjIlM0VWYWlzc2VsbGUlM0MlMkZsaSUzRSUwQSUyMCUwOSUzQ2xpJTIwY2xhc3MlM0QlMjJsaXN0YS1yZWdpc3RybyUyMiUzRVYlQzMlQUF0ZW1lbnRzJTNDJTJGbGklM0UlMEElMjAlMDklM0NsaSUyMGNsYXNzJTNEJTIybGlzdGEtcmVnaXN0cm8lMjIlM0VEdSUyMHZpbiUzQyUyRmxpJTNFJTBBJTNDJTJGdWwlM0UlMEElM0MlMkZkaXYlM0U=[\/vc_raw_html][\/vc_column][\/vc_row]<\/p>\n","protected":false},"author":2,"featured_media":0,"parent":0,"menu_order":0,"comment_status":"closed","ping_status":"closed","template":"visual-temlpate.php","meta":[],"yoast_head":"<!-- This site is optimized with the Yoast SEO plugin v17.1 - https:\/\/yoast.com\/wordpress\/plugins\/seo\/ -->\n<title>Enregistrements de marques - Mar\u00eda F\u00e9lix<\/title>\n<meta name=\"description\" content=\"Si vous \u00eates int\u00e9ress\u00e9 par l&#039;octroi d&#039;une licence pour utiliser l&#039;un des documents, vous devez contacter Estate of Mar\u00eda F\u00e9lix, S.A. de C.V., qui est le seul repr\u00e9sentant du titulaire des droits de marque.\" \/>\n<meta name=\"robots\" content=\"index, follow, max-snippet:-1, max-image-preview:large, max-video-preview:-1\" \/>\n<link rel=\"canonical\" href=\"https:\/\/estateofmariafelix.com\/es\/licencia-de-marca-ejemplos\/\" \/>\n<meta property=\"og:locale\" content=\"fr_FR\" \/>\n<meta property=\"og:type\" content=\"article\" \/>\n<meta property=\"og:title\" content=\"Enregistrements de marques - Mar\u00eda F\u00e9lix\" \/>\n<meta property=\"og:description\" content=\"Si vous \u00eates int\u00e9ress\u00e9 par l&#039;octroi d&#039;une licence pour utiliser l&#039;un des documents, vous devez contacter Estate of Mar\u00eda F\u00e9lix, S.A. de C.V., qui est le seul repr\u00e9sentant du titulaire des droits de marque.\" \/>\n<meta property=\"og:url\" content=\"https:\/\/estateofmariafelix.com\/es\/licencia-de-marca-ejemplos\/\" \/>\n<meta property=\"og:site_name\" content=\"Mar\u00eda F\u00e9lix\" \/>\n<meta property=\"article:publisher\" content=\"https:\/\/www.facebook.com\/EstateofMariaFelix\" \/>\n<meta property=\"article:modified_time\" content=\"2021-03-09T04:42:57+00:00\" \/>\n<meta name=\"twitter:card\" content=\"summary_large_image\" \/>\n<meta name=\"twitter:label1\" content=\"Dur\u00e9e de lecture est.\" \/>\n\t<meta name=\"twitter:data1\" content=\"2 minutes\" \/>\n<script type=\"application\/ld+json\" class=\"yoast-schema-graph\">{\"@context\":\"https:\/\/schema.org\",\"@graph\":[{\"@type\":\"Organization\",\"@id\":\"https:\/\/estateofmariafelix.com\/fr\/#organization\",\"name\":\"Estate of Mar\\u00eda F\\u00e9lix\",\"url\":\"https:\/\/estateofmariafelix.com\/fr\/\",\"sameAs\":[\"https:\/\/www.facebook.com\/EstateofMariaFelix\",\"https:\/\/www.instagram.com\/estateofmariafelix\/\"],\"logo\":{\"@type\":\"ImageObject\",\"@id\":\"https:\/\/estateofmariafelix.com\/fr\/#logo\",\"inLanguage\":\"fr-FR\",\"url\":\"https:\/\/estateofmariafelix.com\/fr\/wp-content\/uploads\/2020\/03\/147-LOGO-EOMF-compressor.png\",\"contentUrl\":\"https:\/\/estateofmariafelix.com\/fr\/wp-content\/uploads\/2020\/03\/147-LOGO-EOMF-compressor.png\",\"width\":1772,\"height\":974,\"caption\":\"Estate of Mar\\u00eda F\\u00e9lix\"},\"image\":{\"@id\":\"https:\/\/estateofmariafelix.com\/fr\/#logo\"}},{\"@type\":\"WebSite\",\"@id\":\"https:\/\/estateofmariafelix.com\/fr\/#website\",\"url\":\"https:\/\/estateofmariafelix.com\/fr\/\",\"name\":\"Mar\\u00eda F\\u00e9lix\",\"description\":\"Page officielle\",\"publisher\":{\"@id\":\"https:\/\/estateofmariafelix.com\/fr\/#organization\"},\"potentialAction\":[{\"@type\":\"SearchAction\",\"target\":{\"@type\":\"EntryPoint\",\"urlTemplate\":\"https:\/\/estateofmariafelix.com\/fr\/?s={search_term_string}\"},\"query-input\":\"required name=search_term_string\"}],\"inLanguage\":\"fr-FR\"},{\"@type\":\"WebPage\",\"@id\":\"https:\/\/estateofmariafelix.com\/es\/licencia-de-marca-ejemplos\/#webpage\",\"url\":\"https:\/\/estateofmariafelix.com\/es\/licencia-de-marca-ejemplos\/\",\"name\":\"Enregistrements de marques - Mar\\u00eda F\\u00e9lix\",\"isPartOf\":{\"@id\":\"https:\/\/estateofmariafelix.com\/fr\/#website\"},\"datePublished\":\"2020-02-22T04:48:19+00:00\",\"dateModified\":\"2021-03-09T04:42:57+00:00\",\"description\":\"Si vous \\u00eates int\\u00e9ress\\u00e9 par l'octroi d'une licence pour utiliser l'un des documents, vous devez contacter Estate of Mar\\u00eda F\\u00e9lix, S.A. de C.V., qui est le seul repr\\u00e9sentant du titulaire des droits de marque.\",\"breadcrumb\":{\"@id\":\"https:\/\/estateofmariafelix.com\/es\/licencia-de-marca-ejemplos\/#breadcrumb\"},\"inLanguage\":\"fr-FR\",\"potentialAction\":[{\"@type\":\"ReadAction\",\"target\":[\"https:\/\/estateofmariafelix.com\/es\/licencia-de-marca-ejemplos\/\"]}]},{\"@type\":\"BreadcrumbList\",\"@id\":\"https:\/\/estateofmariafelix.com\/es\/licencia-de-marca-ejemplos\/#breadcrumb\",\"itemListElement\":[{\"@type\":\"ListItem\",\"position\":1,\"name\":\"Inicio\",\"item\":\"https:\/\/estateofmariafelix.com\/fr\/\"},{\"@type\":\"ListItem\",\"position\":2,\"name\":\"Enregistrements de marques\"}]}]}<\/script>\n<!-- \/ Yoast SEO plugin. -->","yoast_head_json":{"title":"Enregistrements de marques - Mar\u00eda F\u00e9lix","description":"Si vous \u00eates int\u00e9ress\u00e9 par l'octroi d'une licence pour utiliser l'un des documents, vous devez contacter Estate of Mar\u00eda F\u00e9lix, S.A. de C.V., qui est le seul repr\u00e9sentant du titulaire des droits de marque.","robots":{"index":"index","follow":"follow","max-snippet":"max-snippet:-1","max-image-preview":"max-image-preview:large","max-video-preview":"max-video-preview:-1"},"canonical":"https:\/\/estateofmariafelix.com\/es\/licencia-de-marca-ejemplos\/","og_locale":"fr_FR","og_type":"article","og_title":"Enregistrements de marques - Mar\u00eda F\u00e9lix","og_description":"Si vous \u00eates int\u00e9ress\u00e9 par l'octroi d'une licence pour utiliser l'un des documents, vous devez contacter Estate of Mar\u00eda F\u00e9lix, S.A. de C.V., qui est le seul repr\u00e9sentant du titulaire des droits de marque.","og_url":"https:\/\/estateofmariafelix.com\/es\/licencia-de-marca-ejemplos\/","og_site_name":"Mar\u00eda F\u00e9lix","article_publisher":"https:\/\/www.facebook.com\/EstateofMariaFelix","article_modified_time":"2021-03-09T04:42:57+00:00","twitter_card":"summary_large_image","twitter_misc":{"Dur\u00e9e de lecture est.":"2 minutes"},"schema":{"@context":"https:\/\/schema.org","@graph":[{"@type":"Organization","@id":"https:\/\/estateofmariafelix.com\/fr\/#organization","name":"Estate of Mar\u00eda F\u00e9lix","url":"https:\/\/estateofmariafelix.com\/fr\/","sameAs":["https:\/\/www.facebook.com\/EstateofMariaFelix","https:\/\/www.instagram.com\/estateofmariafelix\/"],"logo":{"@type":"ImageObject","@id":"https:\/\/estateofmariafelix.com\/fr\/#logo","inLanguage":"fr-FR","url":"https:\/\/estateofmariafelix.com\/fr\/wp-content\/uploads\/2020\/03\/147-LOGO-EOMF-compressor.png","contentUrl":"https:\/\/estateofmariafelix.com\/fr\/wp-content\/uploads\/2020\/03\/147-LOGO-EOMF-compressor.png","width":1772,"height":974,"caption":"Estate of Mar\u00eda F\u00e9lix"},"image":{"@id":"https:\/\/estateofmariafelix.com\/fr\/#logo"}},{"@type":"WebSite","@id":"https:\/\/estateofmariafelix.com\/fr\/#website","url":"https:\/\/estateofmariafelix.com\/fr\/","name":"Mar\u00eda F\u00e9lix","description":"Page officielle","publisher":{"@id":"https:\/\/estateofmariafelix.com\/fr\/#organization"},"potentialAction":[{"@type":"SearchAction","target":{"@type":"EntryPoint","urlTemplate":"https:\/\/estateofmariafelix.com\/fr\/?s={search_term_string}"},"query-input":"required name=search_term_string"}],"inLanguage":"fr-FR"},{"@type":"WebPage","@id":"https:\/\/estateofmariafelix.com\/es\/licencia-de-marca-ejemplos\/#webpage","url":"https:\/\/estateofmariafelix.com\/es\/licencia-de-marca-ejemplos\/","name":"Enregistrements de marques - Mar\u00eda F\u00e9lix","isPartOf":{"@id":"https:\/\/estateofmariafelix.com\/fr\/#website"},"datePublished":"2020-02-22T04:48:19+00:00","dateModified":"2021-03-09T04:42:57+00:00","description":"Si vous \u00eates int\u00e9ress\u00e9 par l'octroi d'une licence pour utiliser l'un des documents, vous devez contacter Estate of Mar\u00eda F\u00e9lix, S.A. de C.V., qui est le seul repr\u00e9sentant du titulaire des droits de marque.","breadcrumb":{"@id":"https:\/\/estateofmariafelix.com\/es\/licencia-de-marca-ejemplos\/#breadcrumb"},"inLanguage":"fr-FR","potentialAction":[{"@type":"ReadAction","target":["https:\/\/estateofmariafelix.com\/es\/licencia-de-marca-ejemplos\/"]}]},{"@type":"BreadcrumbList","@id":"https:\/\/estateofmariafelix.com\/es\/licencia-de-marca-ejemplos\/#breadcrumb","itemListElement":[{"@type":"ListItem","position":1,"name":"Inicio","item":"https:\/\/estateofmariafelix.com\/fr\/"},{"@type":"ListItem","position":2,"name":"Enregistrements de marques"}]}]}},"_links":{"self":[{"href":"https:\/\/estateofmariafelix.com\/fr\/wp-json\/wp\/v2\/pages\/2780"}],"collection":[{"href":"https:\/\/estateofmariafelix.com\/fr\/wp-json\/wp\/v2\/pages"}],"about":[{"href":"https:\/\/estateofmariafelix.com\/fr\/wp-json\/wp\/v2\/types\/page"}],"author":[{"embeddable":true,"href":"https:\/\/estateofmariafelix.com\/fr\/wp-json\/wp\/v2\/users\/2"}],"replies":[{"embeddable":true,"href":"https:\/\/estateofmariafelix.com\/fr\/wp-json\/wp\/v2\/comments?post=2780"}],"version-history":[{"count":27,"href":"https:\/\/estateofmariafelix.com\/fr\/wp-json\/wp\/v2\/pages\/2780\/revisions"}],"predecessor-version":[{"id":3521,"href":"https:\/\/estateofmariafelix.com\/fr\/wp-json\/wp\/v2\/pages\/2780\/revisions\/3521"}],"wp:attachment":[{"href":"https:\/\/estateofmariafelix.com\/fr\/wp-json\/wp\/v2\/media?parent=2780"}],"curies":[{"name":"wp","href":"https:\/\/api.w.org\/{rel}","templated":true}]}}