{"id":3429,"date":"2020-05-08T13:51:52","date_gmt":"2020-05-08T19:51:52","guid":{"rendered":"https:\/\/estateofmariafelix.com\/es\/?page_id=3429"},"modified":"2020-05-08T14:15:20","modified_gmt":"2020-05-08T20:15:20","slug":"maria-felix-joven","status":"publish","type":"page","link":"https:\/\/estateofmariafelix.com\/fr\/maria-felix-joven\/","title":{"rendered":"Maria Felix Joven"},"content":{"rendered":"<p>[vc_row][vc_column][vc_column_text]<\/p>\n<h1 style=\"color: #fff;\">Maria Felix Joven<\/h1>\n<h3 style=\"color: #fff;\">Infancia y juventud<\/h3>\n<p style=\"color: #fff;\">Mar\u00eda de los \u00c1ngeles F\u00e9lix G\u00fcere\u00f1a naci\u00f3 en \u00c1lamos, Sonora, el 8 de abril3\u200b de 1914. Fue hija de Bernardo F\u00e9lix Flores, militar y pol\u00edtico, descendiente de indio yaqui y espa\u00f1oles. Su madre se llamaba Josefina G\u00fcere\u00f1a Rosas y era de ascendencia vasca. Tuvo once hermanos: Josefina, Mar\u00eda de la Paz, Pablo, Bernardo, Miguel, Mercedes, Fernando, Mar\u00eda Eugenia, Ricardo, Benjam\u00edn y Ana Mar\u00eda del Sacramento.<\/p>\n<p style=\"color: #fff;\">Su infancia transcurri\u00f3 en \u00c1lamos. La familia viv\u00eda con dignidad, a pesar de no ser ricos. Durante su infancia mantuvo una estrecha relaci\u00f3n con su hermano Pablo, tanto que la madre los separ\u00f3 pensando que pudieran envolverse en una relaci\u00f3n incestuosa.5\u200b Con tal objeto, envi\u00f3 a Pablo al Heroico Colegio Militar, en la Ciudad de M\u00e9xico. Quienes conocieron a Mar\u00eda dicen que, de ni\u00f1a, disfrutaba con aficiones propias de muchacho, alejada de cuanto se esperaba de una ni\u00f1a. <strong>Maria Felix Joven<\/strong> se ejercit\u00f3 como consumada jinete. Nunca tuvo buena relaci\u00f3n con sus otras hermanas, comenzando por su diferencia f\u00edsica (todas sus hermanas eran rubias por herencia materna), as\u00ed como tambi\u00e9n por la, desde entonces, contrastante personalidad de Mar\u00eda.<\/p>\n<p style=\"color: #fff;\">Posteriormente, la familia se mud\u00f3 a Guadalajara. El tiempo transcurri\u00f3 favorablemente para su hermosura; muy pronto su aspecto comenz\u00f3 a llamar la atenci\u00f3n. Fue coronada reina de la belleza estudiantil en la Universidad de Guadalajara. Muy joven a\u00fan, en 1931, acept\u00f3 en matrimonio a Enrique \u00c1lvarez Alatorre, un vendedor de la firma de cosm\u00e9ticos Max Factor, con quien procre\u00f3, en 1934, a su \u00fanico hijo, el tambi\u00e9n actor Enrique \u00c1lvarez F\u00e9lix. Finalmente, acabar\u00eda divorci\u00e1ndose de \u00c1lvarez Alatorre en 1938. Tras su divorcio, Mar\u00eda vuelve a Guadalajara con su familia, siendo objeto de chismes y murmuraciones debido a su condici\u00f3n de divorciada. Ante esta situaci\u00f3n, Mar\u00eda decide trasladarse a Ciudad de M\u00e9xico con su hijo Enrique.<\/p>\n<p style=\"color: #fff;\">Una vez all\u00ed, consigui\u00f3 empleo como recepcionista en la consulta de un cirujano pl\u00e1stico y vivi\u00f3 en una casa de hu\u00e9spedes. Un d\u00eda, el padre de su hijo la visit\u00f3 en la capital, y de forma deliberada se lo llev\u00f3 y se neg\u00f3 a devolv\u00e9rselo, llev\u00e1ndoselo con \u00e9l a Guadalajara. Mar\u00eda le jur\u00f3 que alg\u00fan d\u00eda ser\u00eda m\u00e1s influyente que \u00e9l, y se lo quitar\u00eda.\u200b Mar\u00eda logr\u00f3 recuperar la custodia de su hijo algunos a\u00f1os despu\u00e9s con ayuda de Agust\u00edn Lara.<\/p>\n<p style=\"color: #fff;\">Para conocer m\u00e1s de la vida de esta extraordinaria actriz visita su<a href=\"https:\/\/estateofmariafelix.com\/es\/una-leyenda-mexicana-2\/\"> l\u00ednea de vida.<\/a><\/p>\n<p>[\/vc_column_text][\/vc_column][\/vc_row]<\/p>\n","protected":false},"excerpt":{"rendered":"<p>[vc_row][vc_column][vc_column_text] Maria Felix Joven Infancia y juventud Mar\u00eda de los \u00c1ngeles F\u00e9lix G\u00fcere\u00f1a naci\u00f3 en \u00c1lamos, Sonora, el 8 de abril3\u200b de 1914. Fue hija de Bernardo F\u00e9lix Flores, militar y pol\u00edtico, descendiente de indio yaqui y espa\u00f1oles. Su madre se llamaba Josefina G\u00fcere\u00f1a Rosas y era de ascendencia vasca. Tuvo once hermanos: Josefina, Mar\u00eda [&hellip;]<\/p>\n","protected":false},"author":2,"featured_media":0,"parent":0,"menu_order":0,"comment_status":"closed","ping_status":"closed","template":"","meta":[],"yoast_head":"<!-- This site is optimized with the Yoast SEO plugin v17.1 - https:\/\/yoast.com\/wordpress\/plugins\/seo\/ -->\n<title>Maria Felix Joven - Mar\u00eda F\u00e9lix<\/title>\n<meta name=\"description\" content=\"Maria Felix Joven se ejercit\u00f3 como consumada jinete. Nunca tuvo buena relaci\u00f3n con sus otras hermanas, comenzando por su diferencia f\u00edsica ...\" \/>\n<meta name=\"robots\" content=\"index, follow, max-snippet:-1, max-image-preview:large, max-video-preview:-1\" \/>\n<link rel=\"canonical\" href=\"https:\/\/estateofmariafelix.com\/fr\/maria-felix-joven\/\" \/>\n<meta property=\"og:locale\" content=\"fr_FR\" \/>\n<meta property=\"og:type\" content=\"article\" \/>\n<meta property=\"og:title\" content=\"Maria Felix Joven - Mar\u00eda F\u00e9lix\" \/>\n<meta property=\"og:description\" content=\"Maria Felix Joven se ejercit\u00f3 como consumada jinete. Nunca tuvo buena relaci\u00f3n con sus otras hermanas, comenzando por su diferencia f\u00edsica ...\" \/>\n<meta property=\"og:url\" content=\"https:\/\/estateofmariafelix.com\/fr\/maria-felix-joven\/\" \/>\n<meta property=\"og:site_name\" content=\"Mar\u00eda F\u00e9lix\" \/>\n<meta property=\"article:publisher\" content=\"https:\/\/www.facebook.com\/EstateofMariaFelix\" \/>\n<meta property=\"article:modified_time\" content=\"2020-05-08T20:15:20+00:00\" \/>\n<meta name=\"twitter:card\" content=\"summary_large_image\" \/>\n<meta name=\"twitter:label1\" content=\"Dur\u00e9e de lecture est.\" \/>\n\t<meta name=\"twitter:data1\" content=\"2 minutes\" \/>\n<script type=\"application\/ld+json\" class=\"yoast-schema-graph\">{\"@context\":\"https:\/\/schema.org\",\"@graph\":[{\"@type\":\"Organization\",\"@id\":\"https:\/\/estateofmariafelix.com\/fr\/#organization\",\"name\":\"Estate of Mar\\u00eda F\\u00e9lix\",\"url\":\"https:\/\/estateofmariafelix.com\/fr\/\",\"sameAs\":[\"https:\/\/www.facebook.com\/EstateofMariaFelix\",\"https:\/\/www.instagram.com\/estateofmariafelix\/\"],\"logo\":{\"@type\":\"ImageObject\",\"@id\":\"https:\/\/estateofmariafelix.com\/fr\/#logo\",\"inLanguage\":\"fr-FR\",\"url\":\"https:\/\/estateofmariafelix.com\/fr\/wp-content\/uploads\/2020\/03\/147-LOGO-EOMF-compressor.png\",\"contentUrl\":\"https:\/\/estateofmariafelix.com\/fr\/wp-content\/uploads\/2020\/03\/147-LOGO-EOMF-compressor.png\",\"width\":1772,\"height\":974,\"caption\":\"Estate of Mar\\u00eda F\\u00e9lix\"},\"image\":{\"@id\":\"https:\/\/estateofmariafelix.com\/fr\/#logo\"}},{\"@type\":\"WebSite\",\"@id\":\"https:\/\/estateofmariafelix.com\/fr\/#website\",\"url\":\"https:\/\/estateofmariafelix.com\/fr\/\",\"name\":\"Mar\\u00eda F\\u00e9lix\",\"description\":\"Page officielle\",\"publisher\":{\"@id\":\"https:\/\/estateofmariafelix.com\/fr\/#organization\"},\"potentialAction\":[{\"@type\":\"SearchAction\",\"target\":{\"@type\":\"EntryPoint\",\"urlTemplate\":\"https:\/\/estateofmariafelix.com\/fr\/?s={search_term_string}\"},\"query-input\":\"required name=search_term_string\"}],\"inLanguage\":\"fr-FR\"},{\"@type\":\"WebPage\",\"@id\":\"https:\/\/estateofmariafelix.com\/fr\/maria-felix-joven\/#webpage\",\"url\":\"https:\/\/estateofmariafelix.com\/fr\/maria-felix-joven\/\",\"name\":\"Maria Felix Joven - Mar\\u00eda F\\u00e9lix\",\"isPartOf\":{\"@id\":\"https:\/\/estateofmariafelix.com\/fr\/#website\"},\"datePublished\":\"2020-05-08T19:51:52+00:00\",\"dateModified\":\"2020-05-08T20:15:20+00:00\",\"description\":\"Maria Felix Joven se ejercit\\u00f3 como consumada jinete. Nunca tuvo buena relaci\\u00f3n con sus otras hermanas, comenzando por su diferencia f\\u00edsica ...\",\"breadcrumb\":{\"@id\":\"https:\/\/estateofmariafelix.com\/fr\/maria-felix-joven\/#breadcrumb\"},\"inLanguage\":\"fr-FR\",\"potentialAction\":[{\"@type\":\"ReadAction\",\"target\":[\"https:\/\/estateofmariafelix.com\/fr\/maria-felix-joven\/\"]}]},{\"@type\":\"BreadcrumbList\",\"@id\":\"https:\/\/estateofmariafelix.com\/fr\/maria-felix-joven\/#breadcrumb\",\"itemListElement\":[{\"@type\":\"ListItem\",\"position\":1,\"name\":\"Inicio\",\"item\":\"https:\/\/estateofmariafelix.com\/fr\/\"},{\"@type\":\"ListItem\",\"position\":2,\"name\":\"Maria Felix Joven\"}]}]}<\/script>\n<!-- \/ Yoast SEO plugin. -->","yoast_head_json":{"title":"Maria Felix Joven - Mar\u00eda F\u00e9lix","description":"Maria Felix Joven se ejercit\u00f3 como consumada jinete. Nunca tuvo buena relaci\u00f3n con sus otras hermanas, comenzando por su diferencia f\u00edsica ...","robots":{"index":"index","follow":"follow","max-snippet":"max-snippet:-1","max-image-preview":"max-image-preview:large","max-video-preview":"max-video-preview:-1"},"canonical":"https:\/\/estateofmariafelix.com\/fr\/maria-felix-joven\/","og_locale":"fr_FR","og_type":"article","og_title":"Maria Felix Joven - Mar\u00eda F\u00e9lix","og_description":"Maria Felix Joven se ejercit\u00f3 como consumada jinete. Nunca tuvo buena relaci\u00f3n con sus otras hermanas, comenzando por su diferencia f\u00edsica ...","og_url":"https:\/\/estateofmariafelix.com\/fr\/maria-felix-joven\/","og_site_name":"Mar\u00eda F\u00e9lix","article_publisher":"https:\/\/www.facebook.com\/EstateofMariaFelix","article_modified_time":"2020-05-08T20:15:20+00:00","twitter_card":"summary_large_image","twitter_misc":{"Dur\u00e9e de lecture est.":"2 minutes"},"schema":{"@context":"https:\/\/schema.org","@graph":[{"@type":"Organization","@id":"https:\/\/estateofmariafelix.com\/fr\/#organization","name":"Estate of Mar\u00eda F\u00e9lix","url":"https:\/\/estateofmariafelix.com\/fr\/","sameAs":["https:\/\/www.facebook.com\/EstateofMariaFelix","https:\/\/www.instagram.com\/estateofmariafelix\/"],"logo":{"@type":"ImageObject","@id":"https:\/\/estateofmariafelix.com\/fr\/#logo","inLanguage":"fr-FR","url":"https:\/\/estateofmariafelix.com\/fr\/wp-content\/uploads\/2020\/03\/147-LOGO-EOMF-compressor.png","contentUrl":"https:\/\/estateofmariafelix.com\/fr\/wp-content\/uploads\/2020\/03\/147-LOGO-EOMF-compressor.png","width":1772,"height":974,"caption":"Estate of Mar\u00eda F\u00e9lix"},"image":{"@id":"https:\/\/estateofmariafelix.com\/fr\/#logo"}},{"@type":"WebSite","@id":"https:\/\/estateofmariafelix.com\/fr\/#website","url":"https:\/\/estateofmariafelix.com\/fr\/","name":"Mar\u00eda F\u00e9lix","description":"Page officielle","publisher":{"@id":"https:\/\/estateofmariafelix.com\/fr\/#organization"},"potentialAction":[{"@type":"SearchAction","target":{"@type":"EntryPoint","urlTemplate":"https:\/\/estateofmariafelix.com\/fr\/?s={search_term_string}"},"query-input":"required name=search_term_string"}],"inLanguage":"fr-FR"},{"@type":"WebPage","@id":"https:\/\/estateofmariafelix.com\/fr\/maria-felix-joven\/#webpage","url":"https:\/\/estateofmariafelix.com\/fr\/maria-felix-joven\/","name":"Maria Felix Joven - Mar\u00eda F\u00e9lix","isPartOf":{"@id":"https:\/\/estateofmariafelix.com\/fr\/#website"},"datePublished":"2020-05-08T19:51:52+00:00","dateModified":"2020-05-08T20:15:20+00:00","description":"Maria Felix Joven se ejercit\u00f3 como consumada jinete. Nunca tuvo buena relaci\u00f3n con sus otras hermanas, comenzando por su diferencia f\u00edsica ...","breadcrumb":{"@id":"https:\/\/estateofmariafelix.com\/fr\/maria-felix-joven\/#breadcrumb"},"inLanguage":"fr-FR","potentialAction":[{"@type":"ReadAction","target":["https:\/\/estateofmariafelix.com\/fr\/maria-felix-joven\/"]}]},{"@type":"BreadcrumbList","@id":"https:\/\/estateofmariafelix.com\/fr\/maria-felix-joven\/#breadcrumb","itemListElement":[{"@type":"ListItem","position":1,"name":"Inicio","item":"https:\/\/estateofmariafelix.com\/fr\/"},{"@type":"ListItem","position":2,"name":"Maria Felix Joven"}]}]}},"_links":{"self":[{"href":"https:\/\/estateofmariafelix.com\/fr\/wp-json\/wp\/v2\/pages\/3429"}],"collection":[{"href":"https:\/\/estateofmariafelix.com\/fr\/wp-json\/wp\/v2\/pages"}],"about":[{"href":"https:\/\/estateofmariafelix.com\/fr\/wp-json\/wp\/v2\/types\/page"}],"author":[{"embeddable":true,"href":"https:\/\/estateofmariafelix.com\/fr\/wp-json\/wp\/v2\/users\/2"}],"replies":[{"embeddable":true,"href":"https:\/\/estateofmariafelix.com\/fr\/wp-json\/wp\/v2\/comments?post=3429"}],"version-history":[{"count":5,"href":"https:\/\/estateofmariafelix.com\/fr\/wp-json\/wp\/v2\/pages\/3429\/revisions"}],"predecessor-version":[{"id":3437,"href":"https:\/\/estateofmariafelix.com\/fr\/wp-json\/wp\/v2\/pages\/3429\/revisions\/3437"}],"wp:attachment":[{"href":"https:\/\/estateofmariafelix.com\/fr\/wp-json\/wp\/v2\/media?parent=3429"}],"curies":[{"name":"wp","href":"https:\/\/api.w.org\/{rel}","templated":true}]}}