{"id":3686,"date":"2021-02-02T12:02:28","date_gmt":"2021-02-02T18:02:28","guid":{"rendered":"https:\/\/estateofmariafelix.com\/fr\/?page_id=3686"},"modified":"2021-02-02T19:23:38","modified_gmt":"2021-02-02T18:23:38","slug":"le-prestige-dun-nom","status":"publish","type":"page","link":"https:\/\/estateofmariafelix.com\/fr\/le-prestige-dun-nom\/","title":{"rendered":"Le prestige d&#8217;un nom"},"content":{"rendered":"<p>[vc_row full_width=&#8221;stretch_row_content_no_spaces&#8221; css=&#8221;.vc_custom_1583288789533{background-color: #c8c1a2 !important;}&#8221;][vc_column el_class=&#8221;.el_prestigio_img&#8221;][vc_single_image image=&#8221;3283&#8243; img_size=&#8221;full&#8221;][\/vc_column][\/vc_row][vc_row full_width=&#8221;stretch_row_content_no_spaces&#8221; full_height=&#8221;yes&#8221; css=&#8221;.vc_custom_1580403953946{background-color: #f1d19b !important;}&#8221;][vc_column el_class=&#8221;ancho&#8221;][vc_column_text css_animation=&#8221;none&#8221; el_class=&#8221;el_prestigio&#8221;]<\/p>\n<p style=\"text-align: justify;\">Estate of Mar\u00eda F\u00e9lix, est une entreprise mexicaine qui promeut la valorisation de l&#8217;image de Mar\u00eda F\u00e9lix, ainsi que l&#8217;h\u00e9ritage culturel que la diva a construit tout au long de sa vie, un h\u00e9ritage qui depuis des ann\u00e9es a fait la fiert\u00e9 des Mexicains et qui est largement reconnu \u00e0 l&#8217;int\u00e9rieur et hors du pays.<\/p>\n<p>[\/vc_column_text][\/vc_column][\/vc_row][vc_row full_width=&#8221;stretch_row_content_no_spaces&#8221;][vc_column][vc_single_image image=&#8221;3284&#8243; img_size=&#8221;full&#8221; alignment=&#8221;center&#8221; css_animation=&#8221;none&#8221;][\/vc_column][\/vc_row][vc_row full_width=&#8221;stretch_row_content_no_spaces&#8221; full_height=&#8221;yes&#8221; css=&#8221;.vc_custom_1580403823652{background-color: #c8c1a2 !important;}&#8221;][vc_column el_class=&#8221;ancho&#8221;][vc_column_text css_animation=&#8221;none&#8221; el_class=&#8221;el_prestigio&#8221;]<\/p>\n<p style=\"text-align: justify;\">Mar\u00eda F\u00e9lix est un nom attachant qui contient l&#8217;admiration, le myst\u00e8re, la passion; C&#8217;est une ic\u00f4ne caract\u00e9ristique du Mexique urbain et rural dans notre m\u00e9moire historique. C&#8217;est pourquoi toute interpr\u00e9tation ou adaptation de votre identit\u00e9 doit \u00eatre effectu\u00e9e avec soin tout en \u00e9tant fid\u00e8le \u00e0 son essence, sa m\u00e9moire et son histoire.<\/p>\n<p>[\/vc_column_text][\/vc_column][\/vc_row][vc_row full_width=&#8221;stretch_row_content_no_spaces&#8221;][vc_column][vc_single_image image=&#8221;3285&#8243; img_size=&#8221;full&#8221; alignment=&#8221;center&#8221; css_animation=&#8221;none&#8221;][\/vc_column][\/vc_row][vc_row full_width=&#8221;stretch_row_content_no_spaces&#8221; full_height=&#8221;yes&#8221; css=&#8221;.vc_custom_1580404762504{background-color: #c8c1a2 !important;}&#8221;][vc_column el_class=&#8221;ancho&#8221;][vc_column_text css_animation=&#8221;none&#8221; el_class=&#8221;el_prestigio&#8221; css=&#8221;.vc_custom_1612287999941{padding-top: 5% !important;padding-bottom: 5% !important;}&#8221;]La mission de Estate of Mar\u00eda F\u00e9lix est de projeter l&#8217;\u00e9tendue de son image, l&#8217;importance et la pertinence de sa trajectoire, ainsi que de montrer son intemporalit\u00e9 refl\u00e9t\u00e9e dans son adaptabilit\u00e9 incontestable aux demandes des march\u00e9s actuels. Nous professionnalisons le nom Mar\u00eda F\u00e9lix, de son identit\u00e9 visuelle et conceptuelle, en le transformant en une marque avec tous ses avantages, obligations et droits.<\/p>\n<p>Les investisseurs int\u00e9ress\u00e9s peuvent d\u00e9j\u00e0 r\u00e9aliser des plans de marketing en tenant compte de certains des \u00e9l\u00e9ments commerciaux avec disponibilit\u00e9 pour l&#8217;utilisation d&#8217;un nom ou d&#8217;un enregistrement de marque. Pour les conna\u00eetre en d\u00e9tail, rendez-vous sur le lien suivant.[\/vc_column_text][vc_column_text css_animation=&#8221;none&#8221; css=&#8221;.vc_custom_1612288015772{padding-top: 50px !important;padding-bottom: 50px !important;}&#8221;]<\/p>\n<p style=\"text-align: center;\"><a style=\"text-align: center; margin-top: 50px; margin-bottom: 50px;\" href=\"http:\/\/estateofmariafelix.com\/es\/registros-de-marca\/\"><button class=\"button_registro type1\"><br \/>\nDOSSIERS DE MARQUES DE COMMERCE<\/button><\/a><\/p>\n<p>[\/vc_column_text][\/vc_column][\/vc_row][vc_row full_width=&#8221;stretch_row_content_no_spaces&#8221;][vc_column][vc_single_image image=&#8221;3286&#8243; img_size=&#8221;full&#8221; alignment=&#8221;center&#8221; css_animation=&#8221;none&#8221;][\/vc_column][\/vc_row][vc_row full_width=&#8221;stretch_row_content_no_spaces&#8221; full_height=&#8221;yes&#8221; css=&#8221;.vc_custom_1580403953946{background-color: #f1d19b !important;}&#8221;][vc_column el_class=&#8221;ancho&#8221;][vc_column_text css_animation=&#8221;none&#8221; css=&#8221;.vc_custom_1612288030268{padding-top: 50px !important;padding-bottom: 50px !important;}&#8221; el_class=&#8221;el_prestigio&#8221;]<\/p>\n<p style=\"text-align: justify;\">Nous pensons que Mar\u00eda F\u00e9lix peut devenir une tendance, une marque p\u00e9renne et en constante expansion. Nous travaillons pour obtenir la reconnaissance de l&#8217;importance de votre hier, de votre aujourd&#8217;hui et de demain.<\/p>\n<p>[\/vc_column_text][vc_column_text css_animation=&#8221;none&#8221; css=&#8221;.vc_custom_1612288045252{padding-top: 50px !important;padding-bottom: 50px !important;}&#8221; el_class=&#8221;el_prestigio&#8221;]<\/p>\n<p style=\"outline: #bea98b solid 5px; outline-offset: 3px; text-align: justify; padding: 45px;\">Nous savons que le centre de chaque marque est sa raison d&#8217;\u00eatre et son identit\u00e9, et que s&#8217;affirmer dans sa d\u00e9finition, sa gestion et sa repr\u00e9sentation d\u00e9terminera son avenir.<\/p>\n<p>[\/vc_column_text][\/vc_column][\/vc_row]<\/p>\n","protected":false},"excerpt":{"rendered":"<p>[vc_row full_width=&#8221;stretch_row_content_no_spaces&#8221; css=&#8221;.vc_custom_1583288789533{background-color: #c8c1a2 !important;}&#8221;][vc_column el_class=&#8221;.el_prestigio_img&#8221;][vc_single_image image=&#8221;3283&#8243; img_size=&#8221;full&#8221;][\/vc_column][\/vc_row][vc_row full_width=&#8221;stretch_row_content_no_spaces&#8221; full_height=&#8221;yes&#8221; css=&#8221;.vc_custom_1580403953946{background-color: #f1d19b !important;}&#8221;][vc_column el_class=&#8221;ancho&#8221;][vc_column_text css_animation=&#8221;none&#8221; el_class=&#8221;el_prestigio&#8221;] Estate of Mar\u00eda F\u00e9lix, est une entreprise mexicaine qui promeut la valorisation de l&#8217;image de Mar\u00eda F\u00e9lix, ainsi que l&#8217;h\u00e9ritage culturel que la diva a construit tout au long de sa vie, un h\u00e9ritage qui depuis des ann\u00e9es a [&hellip;]<\/p>\n","protected":false},"author":2,"featured_media":0,"parent":0,"menu_order":0,"comment_status":"closed","ping_status":"closed","template":"","meta":[],"yoast_head":"<!-- This site is optimized with the Yoast SEO plugin v17.1 - https:\/\/yoast.com\/wordpress\/plugins\/seo\/ -->\n<title>Le prestige d&#039;un nom - Mar\u00eda F\u00e9lix<\/title>\n<meta name=\"robots\" content=\"index, follow, max-snippet:-1, max-image-preview:large, max-video-preview:-1\" \/>\n<link rel=\"canonical\" href=\"https:\/\/estateofmariafelix.com\/fr\/le-prestige-dun-nom\/\" \/>\n<meta property=\"og:locale\" content=\"fr_FR\" \/>\n<meta property=\"og:type\" content=\"article\" \/>\n<meta property=\"og:title\" content=\"Le prestige d&#039;un nom - Mar\u00eda F\u00e9lix\" \/>\n<meta property=\"og:description\" content=\"[vc_row full_width=&#8221;stretch_row_content_no_spaces&#8221; css=&#8221;.vc_custom_1583288789533{background-color: #c8c1a2 !important;}&#8221;][vc_column el_class=&#8221;.el_prestigio_img&#8221;][vc_single_image image=&#8221;3283&#8243; img_size=&#8221;full&#8221;][\/vc_column][\/vc_row][vc_row full_width=&#8221;stretch_row_content_no_spaces&#8221; full_height=&#8221;yes&#8221; css=&#8221;.vc_custom_1580403953946{background-color: #f1d19b !important;}&#8221;][vc_column el_class=&#8221;ancho&#8221;][vc_column_text css_animation=&#8221;none&#8221; el_class=&#8221;el_prestigio&#8221;] Estate of Mar\u00eda F\u00e9lix, est une entreprise mexicaine qui promeut la valorisation de l&#8217;image de Mar\u00eda F\u00e9lix, ainsi que l&#8217;h\u00e9ritage culturel que la diva a construit tout au long de sa vie, un h\u00e9ritage qui depuis des ann\u00e9es a [&hellip;]\" \/>\n<meta property=\"og:url\" content=\"https:\/\/estateofmariafelix.com\/fr\/le-prestige-dun-nom\/\" \/>\n<meta property=\"og:site_name\" content=\"Mar\u00eda F\u00e9lix\" \/>\n<meta property=\"article:publisher\" content=\"https:\/\/www.facebook.com\/EstateofMariaFelix\" \/>\n<meta property=\"article:modified_time\" content=\"2021-02-02T18:23:38+00:00\" \/>\n<meta name=\"twitter:card\" content=\"summary_large_image\" \/>\n<meta name=\"twitter:label1\" content=\"Dur\u00e9e de lecture est.\" \/>\n\t<meta name=\"twitter:data1\" content=\"3 minutes\" \/>\n<script type=\"application\/ld+json\" class=\"yoast-schema-graph\">{\"@context\":\"https:\/\/schema.org\",\"@graph\":[{\"@type\":\"Organization\",\"@id\":\"https:\/\/estateofmariafelix.com\/fr\/#organization\",\"name\":\"Estate of Mar\\u00eda F\\u00e9lix\",\"url\":\"https:\/\/estateofmariafelix.com\/fr\/\",\"sameAs\":[\"https:\/\/www.facebook.com\/EstateofMariaFelix\",\"https:\/\/www.instagram.com\/estateofmariafelix\/\"],\"logo\":{\"@type\":\"ImageObject\",\"@id\":\"https:\/\/estateofmariafelix.com\/fr\/#logo\",\"inLanguage\":\"fr-FR\",\"url\":\"https:\/\/estateofmariafelix.com\/fr\/wp-content\/uploads\/2020\/03\/147-LOGO-EOMF-compressor.png\",\"contentUrl\":\"https:\/\/estateofmariafelix.com\/fr\/wp-content\/uploads\/2020\/03\/147-LOGO-EOMF-compressor.png\",\"width\":1772,\"height\":974,\"caption\":\"Estate of Mar\\u00eda F\\u00e9lix\"},\"image\":{\"@id\":\"https:\/\/estateofmariafelix.com\/fr\/#logo\"}},{\"@type\":\"WebSite\",\"@id\":\"https:\/\/estateofmariafelix.com\/fr\/#website\",\"url\":\"https:\/\/estateofmariafelix.com\/fr\/\",\"name\":\"Mar\\u00eda F\\u00e9lix\",\"description\":\"Page officielle\",\"publisher\":{\"@id\":\"https:\/\/estateofmariafelix.com\/fr\/#organization\"},\"potentialAction\":[{\"@type\":\"SearchAction\",\"target\":{\"@type\":\"EntryPoint\",\"urlTemplate\":\"https:\/\/estateofmariafelix.com\/fr\/?s={search_term_string}\"},\"query-input\":\"required name=search_term_string\"}],\"inLanguage\":\"fr-FR\"},{\"@type\":\"WebPage\",\"@id\":\"https:\/\/estateofmariafelix.com\/fr\/le-prestige-dun-nom\/#webpage\",\"url\":\"https:\/\/estateofmariafelix.com\/fr\/le-prestige-dun-nom\/\",\"name\":\"Le prestige d'un nom - Mar\\u00eda F\\u00e9lix\",\"isPartOf\":{\"@id\":\"https:\/\/estateofmariafelix.com\/fr\/#website\"},\"datePublished\":\"2021-02-02T18:02:28+00:00\",\"dateModified\":\"2021-02-02T18:23:38+00:00\",\"breadcrumb\":{\"@id\":\"https:\/\/estateofmariafelix.com\/fr\/le-prestige-dun-nom\/#breadcrumb\"},\"inLanguage\":\"fr-FR\",\"potentialAction\":[{\"@type\":\"ReadAction\",\"target\":[\"https:\/\/estateofmariafelix.com\/fr\/le-prestige-dun-nom\/\"]}]},{\"@type\":\"BreadcrumbList\",\"@id\":\"https:\/\/estateofmariafelix.com\/fr\/le-prestige-dun-nom\/#breadcrumb\",\"itemListElement\":[{\"@type\":\"ListItem\",\"position\":1,\"name\":\"Inicio\",\"item\":\"https:\/\/estateofmariafelix.com\/fr\/\"},{\"@type\":\"ListItem\",\"position\":2,\"name\":\"Le prestige d&#8217;un nom\"}]}]}<\/script>\n<!-- \/ Yoast SEO plugin. -->","yoast_head_json":{"title":"Le prestige d'un nom - Mar\u00eda F\u00e9lix","robots":{"index":"index","follow":"follow","max-snippet":"max-snippet:-1","max-image-preview":"max-image-preview:large","max-video-preview":"max-video-preview:-1"},"canonical":"https:\/\/estateofmariafelix.com\/fr\/le-prestige-dun-nom\/","og_locale":"fr_FR","og_type":"article","og_title":"Le prestige d'un nom - Mar\u00eda F\u00e9lix","og_description":"[vc_row full_width=&#8221;stretch_row_content_no_spaces&#8221; css=&#8221;.vc_custom_1583288789533{background-color: #c8c1a2 !important;}&#8221;][vc_column el_class=&#8221;.el_prestigio_img&#8221;][vc_single_image image=&#8221;3283&#8243; img_size=&#8221;full&#8221;][\/vc_column][\/vc_row][vc_row full_width=&#8221;stretch_row_content_no_spaces&#8221; full_height=&#8221;yes&#8221; css=&#8221;.vc_custom_1580403953946{background-color: #f1d19b !important;}&#8221;][vc_column el_class=&#8221;ancho&#8221;][vc_column_text css_animation=&#8221;none&#8221; el_class=&#8221;el_prestigio&#8221;] Estate of Mar\u00eda F\u00e9lix, est une entreprise mexicaine qui promeut la valorisation de l&#8217;image de Mar\u00eda F\u00e9lix, ainsi que l&#8217;h\u00e9ritage culturel que la diva a construit tout au long de sa vie, un h\u00e9ritage qui depuis des ann\u00e9es a [&hellip;]","og_url":"https:\/\/estateofmariafelix.com\/fr\/le-prestige-dun-nom\/","og_site_name":"Mar\u00eda F\u00e9lix","article_publisher":"https:\/\/www.facebook.com\/EstateofMariaFelix","article_modified_time":"2021-02-02T18:23:38+00:00","twitter_card":"summary_large_image","twitter_misc":{"Dur\u00e9e de lecture est.":"3 minutes"},"schema":{"@context":"https:\/\/schema.org","@graph":[{"@type":"Organization","@id":"https:\/\/estateofmariafelix.com\/fr\/#organization","name":"Estate of Mar\u00eda F\u00e9lix","url":"https:\/\/estateofmariafelix.com\/fr\/","sameAs":["https:\/\/www.facebook.com\/EstateofMariaFelix","https:\/\/www.instagram.com\/estateofmariafelix\/"],"logo":{"@type":"ImageObject","@id":"https:\/\/estateofmariafelix.com\/fr\/#logo","inLanguage":"fr-FR","url":"https:\/\/estateofmariafelix.com\/fr\/wp-content\/uploads\/2020\/03\/147-LOGO-EOMF-compressor.png","contentUrl":"https:\/\/estateofmariafelix.com\/fr\/wp-content\/uploads\/2020\/03\/147-LOGO-EOMF-compressor.png","width":1772,"height":974,"caption":"Estate of Mar\u00eda F\u00e9lix"},"image":{"@id":"https:\/\/estateofmariafelix.com\/fr\/#logo"}},{"@type":"WebSite","@id":"https:\/\/estateofmariafelix.com\/fr\/#website","url":"https:\/\/estateofmariafelix.com\/fr\/","name":"Mar\u00eda F\u00e9lix","description":"Page officielle","publisher":{"@id":"https:\/\/estateofmariafelix.com\/fr\/#organization"},"potentialAction":[{"@type":"SearchAction","target":{"@type":"EntryPoint","urlTemplate":"https:\/\/estateofmariafelix.com\/fr\/?s={search_term_string}"},"query-input":"required name=search_term_string"}],"inLanguage":"fr-FR"},{"@type":"WebPage","@id":"https:\/\/estateofmariafelix.com\/fr\/le-prestige-dun-nom\/#webpage","url":"https:\/\/estateofmariafelix.com\/fr\/le-prestige-dun-nom\/","name":"Le prestige d'un nom - Mar\u00eda F\u00e9lix","isPartOf":{"@id":"https:\/\/estateofmariafelix.com\/fr\/#website"},"datePublished":"2021-02-02T18:02:28+00:00","dateModified":"2021-02-02T18:23:38+00:00","breadcrumb":{"@id":"https:\/\/estateofmariafelix.com\/fr\/le-prestige-dun-nom\/#breadcrumb"},"inLanguage":"fr-FR","potentialAction":[{"@type":"ReadAction","target":["https:\/\/estateofmariafelix.com\/fr\/le-prestige-dun-nom\/"]}]},{"@type":"BreadcrumbList","@id":"https:\/\/estateofmariafelix.com\/fr\/le-prestige-dun-nom\/#breadcrumb","itemListElement":[{"@type":"ListItem","position":1,"name":"Inicio","item":"https:\/\/estateofmariafelix.com\/fr\/"},{"@type":"ListItem","position":2,"name":"Le prestige d&#8217;un nom"}]}]}},"_links":{"self":[{"href":"https:\/\/estateofmariafelix.com\/fr\/wp-json\/wp\/v2\/pages\/3686"}],"collection":[{"href":"https:\/\/estateofmariafelix.com\/fr\/wp-json\/wp\/v2\/pages"}],"about":[{"href":"https:\/\/estateofmariafelix.com\/fr\/wp-json\/wp\/v2\/types\/page"}],"author":[{"embeddable":true,"href":"https:\/\/estateofmariafelix.com\/fr\/wp-json\/wp\/v2\/users\/2"}],"replies":[{"embeddable":true,"href":"https:\/\/estateofmariafelix.com\/fr\/wp-json\/wp\/v2\/comments?post=3686"}],"version-history":[{"count":2,"href":"https:\/\/estateofmariafelix.com\/fr\/wp-json\/wp\/v2\/pages\/3686\/revisions"}],"predecessor-version":[{"id":3688,"href":"https:\/\/estateofmariafelix.com\/fr\/wp-json\/wp\/v2\/pages\/3686\/revisions\/3688"}],"wp:attachment":[{"href":"https:\/\/estateofmariafelix.com\/fr\/wp-json\/wp\/v2\/media?parent=3686"}],"curies":[{"name":"wp","href":"https:\/\/api.w.org\/{rel}","templated":true}]}}