{"id":3701,"date":"2021-02-04T15:56:39","date_gmt":"2021-02-04T14:56:39","guid":{"rendered":"https:\/\/estateofmariafelix.com\/fr\/?page_id=3701"},"modified":"2021-03-09T05:44:42","modified_gmt":"2021-03-09T04:44:42","slug":"ou-peut-etre-maria-felix","status":"publish","type":"page","link":"https:\/\/estateofmariafelix.com\/fr\/ou-peut-etre-maria-felix\/","title":{"rendered":"O\u00f9 peut \u00eatre Mar\u00eda F\u00e9lix?"},"content":{"rendered":"<p>[vc_row full_width=&#8221;stretch_row_content_no_spaces&#8221; css=&#8221;.vc_custom_1612450488480{background-color: #fbdd95 !important;}&#8221;][vc_column el_class=&#8221;.el_prestigio_img&#8221;][vc_single_image image=&#8221;3196&#8243; img_size=&#8221;full&#8221;][\/vc_column][\/vc_row][vc_row full_width=&#8221;stretch_row_content_no_spaces&#8221; full_height=&#8221;yes&#8221; css=&#8221;.vc_custom_1612451511199{background-color: #ffffff !important;}&#8221;][vc_column el_class=&#8221;ancho&#8221;][vc_single_image image=&#8221;3198&#8243; img_size=&#8221;full&#8221;][\/vc_column][\/vc_row][vc_row full_width=&#8221;stretch_row_content_no_spaces&#8221; full_height=&#8221;yes&#8221; css=&#8221;.vc_custom_1612451175337{background-color: #c8c1a2 !important;}&#8221;][vc_column el_class=&#8221;ancho&#8221;][vc_column_text css_animation=&#8221;none&#8221; el_class=&#8221;el_prestigio&#8221;]<\/p>\n<p style=\"text-align: justify;\">Se rapprocher de Mar\u00eda, c&#8217;est s&#8217;entourer de ce halo embl\u00e9matique \u00e9vocateur, provocateur et ostentatoire mexicain qui capture les d\u00e9sirs et les regards, qui construit l&#8217;\u00e9l\u00e9gance et la f\u00e9minit\u00e9 ainsi que l&#8217;autonomisation. Construire le mythe d\u00e9sireux et la r\u00e9alit\u00e9 \u00e9blouissante qui apportent un soutien solide aux marques qui cherchent vraiment \u00e0 se d\u00e9marquer.<br \/>\nMar\u00eda est dans le luxe, o\u00f9 son nom s\u00e9duit par son prestige et sa beaut\u00e9.<\/p>\n<p>[\/vc_column_text][\/vc_column][\/vc_row][vc_row full_width=&#8221;stretch_row_content_no_spaces&#8221; full_height=&#8221;yes&#8221; css=&#8221;.vc_custom_1612451199082{background-color: #e9ccc1 !important;}&#8221;][vc_column el_class=&#8221;ancho&#8221;][vc_column_text css_animation=&#8221;none&#8221; el_class=&#8221;el_prestigio&#8221;]<\/p>\n<p style=\"text-align: justify;\">Dans des entreprises de haute qualit\u00e9 qui cherchent \u00e0 se envelopper d&#8217;une l\u00e9gende de partie myst\u00e8re; timbre et marque personnels qui impr\u00e8gnent des ar\u00f4mes ambitieux de classe, d&#8217;intelligence et de puissance.<\/p>\n<p>[\/vc_column_text][\/vc_column][\/vc_row][vc_row full_width=&#8221;stretch_row_content_no_spaces&#8221; el_class=&#8221;donde_esta_maria_1&#8243; css=&#8221;.vc_custom_1612452375246{background-color: #f1d19b !important;}&#8221;][vc_column][vc_column_text css_animation=&#8221;none&#8221; el_class=&#8221;el_prestigio&#8221; css=&#8221;.vc_custom_1615265039581{padding-top: 5% !important;padding-bottom: 5% !important;}&#8221;]<\/p>\n<div class=\"donde_puede_estar_maria_registro\">\n<h1 style=\"text-align: center;\">DOSSIERS DE MARQUES DE COMMERCE<\/h1>\n<p style=\"text-align: justify;\">Ces marques sont la propri\u00e9t\u00e9 exclusive de Fomento Social Mar\u00eda F\u00e9lix, A.C., si vous \u00eates int\u00e9ress\u00e9 par l&#8217;octroi d&#8217;une licence pour utiliser l&#8217;un des enregistrements, vous devez contacter Estate of Mar\u00eda F\u00e9lix, S.A. de C.V., qui est le seul repr\u00e9sentant du titulaire des droits de marque.<\/p>\n<p style=\"text-align: justify;\">Toute licence accord\u00e9e par le titulaire doit \u00eatre enregistr\u00e9e aupr\u00e8s de l&#8217;Institut mexicain de la propri\u00e9t\u00e9 industrielle, en cas de non-respect de cette exigence, ladite licence ne produira pas d&#8217;effets au d\u00e9triment des tiers.<\/p>\n<ul class=\"lista-registro\">\n<li class=\"lista-registro\">Huiles essentielles<\/li>\n<li class=\"lista-registro\">Nourriture et boissons<\/li>\n<li class=\"lista-registro\">Articles de bijoux<\/li>\n<li class=\"lista-registro\">Banquets<\/li>\n<li class=\"lista-registro\">Pubs<\/li>\n<li class=\"lista-registro\">Boissons alcoolis\u00e9es<\/li>\n<li class=\"lista-registro\">Boissons et repas pr\u00e9par\u00e9s<\/li>\n<li class=\"lista-registro\">Les caf\u00e9s<\/li>\n<li class=\"lista-registro\">Chaussure<\/li>\n<li class=\"lista-registro\">Maisons de vacances<\/li>\n<li class=\"lista-registro\">Cosm\u00e9tiques et dentifrices<\/li>\n<li class=\"lista-registro\">Design d&#8217;int\u00e9rieur<\/li>\n<li class=\"lista-registro\">Divertissement<\/li>\n<li class=\"lista-registro\">Films<\/li>\n<li class=\"lista-registro\">Conception de meubles<\/li>\n<li class=\"lista-registro\">Stylisme<\/li>\n<li class=\"lista-registro\">Conception de mus\u00e9e<\/li>\n<li class=\"lista-registro\">Design textile<\/li>\n<li class=\"lista-registro\">Vernis \u00e0 ongles<\/li>\n<li class=\"lista-registro\">Parfums<\/li>\n<li class=\"lista-registro\">Hospitalit\u00e9<\/li>\n<li class=\"lista-registro\">Encens<\/li>\n<li class=\"lista-registro\">Savons<\/li>\n<li class=\"lista-registro\">Lotions capillaires<\/li>\n<li class=\"lista-registro\">Maquillage<\/li>\n<li class=\"lista-registro\">Chaussettes<\/li>\n<li class=\"lista-registro\">M\u00e9taux pr\u00e9cieux et leurs alliages<\/li>\n<li class=\"lista-registro\">Objets d&#8217;art<\/li>\n<li class=\"lista-registro\">Parfumerie<\/li>\n<li class=\"lista-registro\">Pierres pr\u00e9cieuses et semi-pr\u00e9cieuses<\/li>\n<li class=\"lista-registro\">Porcelaine<\/li>\n<li class=\"lista-registro\">Produits capillaires<\/li>\n<li class=\"lista-registro\">Horlogerie<\/li>\n<li class=\"lista-registro\">Restaurants et pubs<\/li>\n<li class=\"lista-registro\">Service de restauration<\/li>\n<li class=\"lista-registro\">Shampoings<\/li>\n<li class=\"lista-registro\">Chapellerie<\/li>\n<li class=\"lista-registro\">Colorants cosm\u00e9tiques<\/li>\n<li class=\"lista-registro\">Vaisselle<\/li>\n<li class=\"lista-registro\">V\u00eatements<\/li>\n<li class=\"lista-registro\">Du vin<\/li>\n<\/ul>\n<\/div>\n<p>[\/vc_column_text][\/vc_column][\/vc_row]<\/p>\n","protected":false},"excerpt":{"rendered":"<p>[vc_row full_width=&#8221;stretch_row_content_no_spaces&#8221; css=&#8221;.vc_custom_1612450488480{background-color: #fbdd95 !important;}&#8221;][vc_column el_class=&#8221;.el_prestigio_img&#8221;][vc_single_image image=&#8221;3196&#8243; img_size=&#8221;full&#8221;][\/vc_column][\/vc_row][vc_row full_width=&#8221;stretch_row_content_no_spaces&#8221; full_height=&#8221;yes&#8221; css=&#8221;.vc_custom_1612451511199{background-color: #ffffff !important;}&#8221;][vc_column el_class=&#8221;ancho&#8221;][vc_single_image image=&#8221;3198&#8243; img_size=&#8221;full&#8221;][\/vc_column][\/vc_row][vc_row full_width=&#8221;stretch_row_content_no_spaces&#8221; full_height=&#8221;yes&#8221; css=&#8221;.vc_custom_1612451175337{background-color: #c8c1a2 !important;}&#8221;][vc_column el_class=&#8221;ancho&#8221;][vc_column_text css_animation=&#8221;none&#8221; el_class=&#8221;el_prestigio&#8221;] Se rapprocher de Mar\u00eda, c&#8217;est s&#8217;entourer de ce halo embl\u00e9matique \u00e9vocateur, provocateur et ostentatoire mexicain qui capture les d\u00e9sirs et les regards, qui construit l&#8217;\u00e9l\u00e9gance et la f\u00e9minit\u00e9 ainsi que l&#8217;autonomisation. [&hellip;]<\/p>\n","protected":false},"author":2,"featured_media":0,"parent":0,"menu_order":0,"comment_status":"closed","ping_status":"closed","template":"","meta":[],"yoast_head":"<!-- This site is optimized with the Yoast SEO plugin v17.1 - https:\/\/yoast.com\/wordpress\/plugins\/seo\/ -->\n<title>O\u00f9 peut \u00eatre Mar\u00eda F\u00e9lix? - Mar\u00eda F\u00e9lix<\/title>\n<meta name=\"robots\" content=\"index, follow, max-snippet:-1, max-image-preview:large, max-video-preview:-1\" \/>\n<link rel=\"canonical\" href=\"https:\/\/estateofmariafelix.com\/fr\/ou-peut-etre-maria-felix\/\" \/>\n<meta property=\"og:locale\" content=\"fr_FR\" \/>\n<meta property=\"og:type\" content=\"article\" \/>\n<meta property=\"og:title\" content=\"O\u00f9 peut \u00eatre Mar\u00eda F\u00e9lix? - Mar\u00eda F\u00e9lix\" \/>\n<meta property=\"og:description\" content=\"[vc_row full_width=&#8221;stretch_row_content_no_spaces&#8221; css=&#8221;.vc_custom_1612450488480{background-color: #fbdd95 !important;}&#8221;][vc_column el_class=&#8221;.el_prestigio_img&#8221;][vc_single_image image=&#8221;3196&#8243; img_size=&#8221;full&#8221;][\/vc_column][\/vc_row][vc_row full_width=&#8221;stretch_row_content_no_spaces&#8221; full_height=&#8221;yes&#8221; css=&#8221;.vc_custom_1612451511199{background-color: #ffffff !important;}&#8221;][vc_column el_class=&#8221;ancho&#8221;][vc_single_image image=&#8221;3198&#8243; img_size=&#8221;full&#8221;][\/vc_column][\/vc_row][vc_row full_width=&#8221;stretch_row_content_no_spaces&#8221; full_height=&#8221;yes&#8221; css=&#8221;.vc_custom_1612451175337{background-color: #c8c1a2 !important;}&#8221;][vc_column el_class=&#8221;ancho&#8221;][vc_column_text css_animation=&#8221;none&#8221; el_class=&#8221;el_prestigio&#8221;] Se rapprocher de Mar\u00eda, c&#8217;est s&#8217;entourer de ce halo embl\u00e9matique \u00e9vocateur, provocateur et ostentatoire mexicain qui capture les d\u00e9sirs et les regards, qui construit l&#8217;\u00e9l\u00e9gance et la f\u00e9minit\u00e9 ainsi que l&#8217;autonomisation. [&hellip;]\" \/>\n<meta property=\"og:url\" content=\"https:\/\/estateofmariafelix.com\/fr\/ou-peut-etre-maria-felix\/\" \/>\n<meta property=\"og:site_name\" content=\"Mar\u00eda F\u00e9lix\" \/>\n<meta property=\"article:publisher\" content=\"https:\/\/www.facebook.com\/EstateofMariaFelix\" \/>\n<meta property=\"article:modified_time\" content=\"2021-03-09T04:44:42+00:00\" \/>\n<meta name=\"twitter:card\" content=\"summary_large_image\" \/>\n<meta name=\"twitter:label1\" content=\"Dur\u00e9e de lecture est.\" \/>\n\t<meta name=\"twitter:data1\" content=\"3 minutes\" \/>\n<script type=\"application\/ld+json\" class=\"yoast-schema-graph\">{\"@context\":\"https:\/\/schema.org\",\"@graph\":[{\"@type\":\"Organization\",\"@id\":\"https:\/\/estateofmariafelix.com\/fr\/#organization\",\"name\":\"Estate of Mar\\u00eda F\\u00e9lix\",\"url\":\"https:\/\/estateofmariafelix.com\/fr\/\",\"sameAs\":[\"https:\/\/www.facebook.com\/EstateofMariaFelix\",\"https:\/\/www.instagram.com\/estateofmariafelix\/\"],\"logo\":{\"@type\":\"ImageObject\",\"@id\":\"https:\/\/estateofmariafelix.com\/fr\/#logo\",\"inLanguage\":\"fr-FR\",\"url\":\"https:\/\/estateofmariafelix.com\/fr\/wp-content\/uploads\/2020\/03\/147-LOGO-EOMF-compressor.png\",\"contentUrl\":\"https:\/\/estateofmariafelix.com\/fr\/wp-content\/uploads\/2020\/03\/147-LOGO-EOMF-compressor.png\",\"width\":1772,\"height\":974,\"caption\":\"Estate of Mar\\u00eda F\\u00e9lix\"},\"image\":{\"@id\":\"https:\/\/estateofmariafelix.com\/fr\/#logo\"}},{\"@type\":\"WebSite\",\"@id\":\"https:\/\/estateofmariafelix.com\/fr\/#website\",\"url\":\"https:\/\/estateofmariafelix.com\/fr\/\",\"name\":\"Mar\\u00eda F\\u00e9lix\",\"description\":\"Page officielle\",\"publisher\":{\"@id\":\"https:\/\/estateofmariafelix.com\/fr\/#organization\"},\"potentialAction\":[{\"@type\":\"SearchAction\",\"target\":{\"@type\":\"EntryPoint\",\"urlTemplate\":\"https:\/\/estateofmariafelix.com\/fr\/?s={search_term_string}\"},\"query-input\":\"required name=search_term_string\"}],\"inLanguage\":\"fr-FR\"},{\"@type\":\"WebPage\",\"@id\":\"https:\/\/estateofmariafelix.com\/fr\/ou-peut-etre-maria-felix\/#webpage\",\"url\":\"https:\/\/estateofmariafelix.com\/fr\/ou-peut-etre-maria-felix\/\",\"name\":\"O\\u00f9 peut \\u00eatre Mar\\u00eda F\\u00e9lix? - Mar\\u00eda F\\u00e9lix\",\"isPartOf\":{\"@id\":\"https:\/\/estateofmariafelix.com\/fr\/#website\"},\"datePublished\":\"2021-02-04T14:56:39+00:00\",\"dateModified\":\"2021-03-09T04:44:42+00:00\",\"breadcrumb\":{\"@id\":\"https:\/\/estateofmariafelix.com\/fr\/ou-peut-etre-maria-felix\/#breadcrumb\"},\"inLanguage\":\"fr-FR\",\"potentialAction\":[{\"@type\":\"ReadAction\",\"target\":[\"https:\/\/estateofmariafelix.com\/fr\/ou-peut-etre-maria-felix\/\"]}]},{\"@type\":\"BreadcrumbList\",\"@id\":\"https:\/\/estateofmariafelix.com\/fr\/ou-peut-etre-maria-felix\/#breadcrumb\",\"itemListElement\":[{\"@type\":\"ListItem\",\"position\":1,\"name\":\"Inicio\",\"item\":\"https:\/\/estateofmariafelix.com\/fr\/\"},{\"@type\":\"ListItem\",\"position\":2,\"name\":\"O\\u00f9 peut \\u00eatre Mar\\u00eda F\\u00e9lix?\"}]}]}<\/script>\n<!-- \/ Yoast SEO plugin. -->","yoast_head_json":{"title":"O\u00f9 peut \u00eatre Mar\u00eda F\u00e9lix? - Mar\u00eda F\u00e9lix","robots":{"index":"index","follow":"follow","max-snippet":"max-snippet:-1","max-image-preview":"max-image-preview:large","max-video-preview":"max-video-preview:-1"},"canonical":"https:\/\/estateofmariafelix.com\/fr\/ou-peut-etre-maria-felix\/","og_locale":"fr_FR","og_type":"article","og_title":"O\u00f9 peut \u00eatre Mar\u00eda F\u00e9lix? - Mar\u00eda F\u00e9lix","og_description":"[vc_row full_width=&#8221;stretch_row_content_no_spaces&#8221; css=&#8221;.vc_custom_1612450488480{background-color: #fbdd95 !important;}&#8221;][vc_column el_class=&#8221;.el_prestigio_img&#8221;][vc_single_image image=&#8221;3196&#8243; img_size=&#8221;full&#8221;][\/vc_column][\/vc_row][vc_row full_width=&#8221;stretch_row_content_no_spaces&#8221; full_height=&#8221;yes&#8221; css=&#8221;.vc_custom_1612451511199{background-color: #ffffff !important;}&#8221;][vc_column el_class=&#8221;ancho&#8221;][vc_single_image image=&#8221;3198&#8243; img_size=&#8221;full&#8221;][\/vc_column][\/vc_row][vc_row full_width=&#8221;stretch_row_content_no_spaces&#8221; full_height=&#8221;yes&#8221; css=&#8221;.vc_custom_1612451175337{background-color: #c8c1a2 !important;}&#8221;][vc_column el_class=&#8221;ancho&#8221;][vc_column_text css_animation=&#8221;none&#8221; el_class=&#8221;el_prestigio&#8221;] Se rapprocher de Mar\u00eda, c&#8217;est s&#8217;entourer de ce halo embl\u00e9matique \u00e9vocateur, provocateur et ostentatoire mexicain qui capture les d\u00e9sirs et les regards, qui construit l&#8217;\u00e9l\u00e9gance et la f\u00e9minit\u00e9 ainsi que l&#8217;autonomisation. [&hellip;]","og_url":"https:\/\/estateofmariafelix.com\/fr\/ou-peut-etre-maria-felix\/","og_site_name":"Mar\u00eda F\u00e9lix","article_publisher":"https:\/\/www.facebook.com\/EstateofMariaFelix","article_modified_time":"2021-03-09T04:44:42+00:00","twitter_card":"summary_large_image","twitter_misc":{"Dur\u00e9e de lecture est.":"3 minutes"},"schema":{"@context":"https:\/\/schema.org","@graph":[{"@type":"Organization","@id":"https:\/\/estateofmariafelix.com\/fr\/#organization","name":"Estate of Mar\u00eda F\u00e9lix","url":"https:\/\/estateofmariafelix.com\/fr\/","sameAs":["https:\/\/www.facebook.com\/EstateofMariaFelix","https:\/\/www.instagram.com\/estateofmariafelix\/"],"logo":{"@type":"ImageObject","@id":"https:\/\/estateofmariafelix.com\/fr\/#logo","inLanguage":"fr-FR","url":"https:\/\/estateofmariafelix.com\/fr\/wp-content\/uploads\/2020\/03\/147-LOGO-EOMF-compressor.png","contentUrl":"https:\/\/estateofmariafelix.com\/fr\/wp-content\/uploads\/2020\/03\/147-LOGO-EOMF-compressor.png","width":1772,"height":974,"caption":"Estate of Mar\u00eda F\u00e9lix"},"image":{"@id":"https:\/\/estateofmariafelix.com\/fr\/#logo"}},{"@type":"WebSite","@id":"https:\/\/estateofmariafelix.com\/fr\/#website","url":"https:\/\/estateofmariafelix.com\/fr\/","name":"Mar\u00eda F\u00e9lix","description":"Page officielle","publisher":{"@id":"https:\/\/estateofmariafelix.com\/fr\/#organization"},"potentialAction":[{"@type":"SearchAction","target":{"@type":"EntryPoint","urlTemplate":"https:\/\/estateofmariafelix.com\/fr\/?s={search_term_string}"},"query-input":"required name=search_term_string"}],"inLanguage":"fr-FR"},{"@type":"WebPage","@id":"https:\/\/estateofmariafelix.com\/fr\/ou-peut-etre-maria-felix\/#webpage","url":"https:\/\/estateofmariafelix.com\/fr\/ou-peut-etre-maria-felix\/","name":"O\u00f9 peut \u00eatre Mar\u00eda F\u00e9lix? - Mar\u00eda F\u00e9lix","isPartOf":{"@id":"https:\/\/estateofmariafelix.com\/fr\/#website"},"datePublished":"2021-02-04T14:56:39+00:00","dateModified":"2021-03-09T04:44:42+00:00","breadcrumb":{"@id":"https:\/\/estateofmariafelix.com\/fr\/ou-peut-etre-maria-felix\/#breadcrumb"},"inLanguage":"fr-FR","potentialAction":[{"@type":"ReadAction","target":["https:\/\/estateofmariafelix.com\/fr\/ou-peut-etre-maria-felix\/"]}]},{"@type":"BreadcrumbList","@id":"https:\/\/estateofmariafelix.com\/fr\/ou-peut-etre-maria-felix\/#breadcrumb","itemListElement":[{"@type":"ListItem","position":1,"name":"Inicio","item":"https:\/\/estateofmariafelix.com\/fr\/"},{"@type":"ListItem","position":2,"name":"O\u00f9 peut \u00eatre Mar\u00eda F\u00e9lix?"}]}]}},"_links":{"self":[{"href":"https:\/\/estateofmariafelix.com\/fr\/wp-json\/wp\/v2\/pages\/3701"}],"collection":[{"href":"https:\/\/estateofmariafelix.com\/fr\/wp-json\/wp\/v2\/pages"}],"about":[{"href":"https:\/\/estateofmariafelix.com\/fr\/wp-json\/wp\/v2\/types\/page"}],"author":[{"embeddable":true,"href":"https:\/\/estateofmariafelix.com\/fr\/wp-json\/wp\/v2\/users\/2"}],"replies":[{"embeddable":true,"href":"https:\/\/estateofmariafelix.com\/fr\/wp-json\/wp\/v2\/comments?post=3701"}],"version-history":[{"count":10,"href":"https:\/\/estateofmariafelix.com\/fr\/wp-json\/wp\/v2\/pages\/3701\/revisions"}],"predecessor-version":[{"id":3753,"href":"https:\/\/estateofmariafelix.com\/fr\/wp-json\/wp\/v2\/pages\/3701\/revisions\/3753"}],"wp:attachment":[{"href":"https:\/\/estateofmariafelix.com\/fr\/wp-json\/wp\/v2\/media?parent=3701"}],"curies":[{"name":"wp","href":"https:\/\/api.w.org\/{rel}","templated":true}]}}