{"id":3758,"date":"2021-05-28T22:46:42","date_gmt":"2021-05-28T20:46:42","guid":{"rendered":"https:\/\/estateofmariafelix.com\/fr\/?page_id=3758"},"modified":"2021-05-28T22:49:26","modified_gmt":"2021-05-28T20:49:26","slug":"le-monde-de-marie-2","status":"publish","type":"page","link":"https:\/\/estateofmariafelix.com\/fr\/le-monde-de-marie-2\/","title":{"rendered":"Le monde de Marie"},"content":{"rendered":"<p>[vc_row full_width=&#8221;stretch_row_content_no_spaces&#8221; css=&#8221;.vc_custom_1583291511252{background-color: #97bda1 !important;}&#8221;][vc_column width=&#8221;1\/6&#8243;][\/vc_column][vc_column width=&#8221;2\/3&#8243;][vc_column_text]<\/p>\n<h1 style=\"text-align: center;\">CMG Worldwide annonce la repr\u00e9sentation de Maria Felix<\/h1>\n<p><img loading=\"lazy\" class=\"aligncenter wp-image-3714 size-full\" src=\"https:\/\/estateofmariafelix.com\/es\/wp-content\/uploads\/2021\/05\/unnamed-1.png\" alt=\"\" width=\"1000\" height=\"562\" \/><\/p>\n<p>&nbsp;<\/p>\n<p style=\"font-size: 20px;\">CMG Worldwide est fier d&#8217;annoncer sa repr\u00e9sentation de Fomento Social Maria F\u00e9lix et de la succession de Maria F\u00e9lix. Mar\u00eda de los \u00c1ngeles F\u00e9lix G\u00fcere\u00f1a, plus connue sous le nom de Mar\u00eda F\u00e9lix, est sans aucun doute l&#8217;actrice la plus embl\u00e9matique du Mexique. Depuis l&#8217;\u00e2ge d&#8217;or du cin\u00e9ma mexicain, beaucoup ont connu Mar\u00eda F\u00e9lix comme \u00able plus beau visage de l&#8217;histoire du cin\u00e9ma mexicain\u00bb. Avec des go\u00fbts pour l&#8217;extravagant et le luxe, aussi avec sa personnalit\u00e9 inoubliable, F\u00e9lix a re\u00e7u le surnom de la grande diva. Felix \u00e9tait surtout connue pour son r\u00f4le dans le film Do\u00f1a B\u00e1rbara, o\u00f9 elle a endoss\u00e9 le personnage d&#8217;une femme puissante. Son portrait du personnage \u00e9tait si m\u00e9morable qu&#8217;il a transform\u00e9 les r\u00f4les traditionnels des femmes latino-am\u00e9ricaines et a re\u00e7u le surnom de \u00abLa Do\u00f1a\u00bb.<\/p>\n<p style=\"font-size: 20px;\">Felix a compris la force de sa renomm\u00e9e et s&#8217;est engag\u00e9e \u00e0 parler dans les m\u00e9dias nationaux mexicains de causes importantes, notamment: l&#8217;autonomisation des femmes et l&#8217;\u00e9galit\u00e9 des femmes; les droits des autochtones; et l&#8217;importance de pr\u00e9server l&#8217;architecture historique \u00e0 Mexico. Aujourd&#8217;hui, malgr\u00e9 le travail incroyable qu&#8217;il a accompli pour son pays, son influence et sa notori\u00e9t\u00e9 vont bien au-del\u00e0 du Mexique, notamment en Am\u00e9rique latine, en Espagne, en Italie et en France.<\/p>\n<p style=\"font-size: 20px;\">Ensemble, CMG et Formento Social Maria F\u00e9lix esp\u00e8rent pr\u00e9server l&#8217;image et la personnalit\u00e9 embl\u00e9matiques de Maria F\u00e9lix. Ce faisant, F\u00e9lix se positionnera pour les g\u00e9n\u00e9rations futures avec le m\u00eame \u00e9quilibre, la m\u00eame gr\u00e2ce et la m\u00eame force que Felix a illustr\u00e9e dans sa vie et sa carri\u00e8re. CMG est l&#8217;agent commercial de plus de 250 des personnalit\u00e9s les plus importantes du sport, de la musique, de l&#8217;histoire et du divertissement, notamment Maya Angelou, James Dean, Rosa Parks, Neil Armstrong et Amelia Earhart, entre autres. Pour plus d&#8217;informations sur CMG Worldwide et Maria F\u00e9lix, visitez<\/p>\n<p><a style=\"font-size: 18px;\" href=\"http:\/\/www.cmgworldwide.com\" target=\"_blank\" rel=\"noopener noreferrer\" data-saferedirecturl=\"https:\/\/www.google.com\/url?q=https:\/\/cmgworldwide478.lt.acemlnc.com\/Prod\/link-tracker?notrack%3D1%26redirectUrl%3DaHR0cHMlM0ElMkYlMkZ3d3cuY21nd29ybGR3aWRlLmNvbSUyRiUzRnV0bV9zb3VyY2UlM0RBY3RpdmVDYW1wYWlnbiUyNnV0bV9tZWRpdW0lM0RlbWFpbCUyNnV0bV9jb250ZW50JTNEQ29tdW5pY2FkbyUyQmRlJTJCUHJlbnNhJTI1M0ElMkJDTUclMkJXb3JsZHdpZGUlMkJBbnVuY2lhJTJCbGElMkJSZXByZXNlbnRhYyUyNUMzJTI1QURvbiUyQmRlJTJCTWFyJTI1QzMlMjVBRGElMkJGJTI1QzMlMjVBOWxpeCUyNnV0bV9jYW1wYWlnbiUzRDA1JTJCMDclMkIyMSUyQi0lMkJNYXJpYSUyQkZlbGl4JTJCUHJlc3MlMkJSZWxlYXNlJTJCU3BhbmlzaCUyQiUyNTI4Q29weSUyNTI5%26a%3D251740499%26account%3Dcmgworldwide478%252Eactivehosted%252Ecom%26email%3DNrlsQ3kCsUSYacIiYooCiRiMhkR4wzuLarB5EQuI%252FU8%253D%26s%3Dd2FsdGVyQGVzdGF0ZW9mbWFyaWFmZWxpeC5jb20%3D%26i%3D556A551A14A18675&amp;source=gmail&amp;ust=1621014077098000&amp;usg=AFQjCNHfVoVVreFOZUNVjzRuSr8lu45-CA\">www.cmgworldwide.com<\/a>.[\/vc_column_text][vc_btn title=&#8221;Ver m\u00e1s&#8221; style=&#8221;classic&#8221; shape=&#8221;square&#8221; align=&#8221;center&#8221; link=&#8221;url:https%3A%2F%2Fwww.cmgworldwide.com%2Fmaria-felix%2F||target:%20_blank|rel:nofollow&#8221; css=&#8221;.vc_custom_1620954385701{padding-top: 5% !important;}&#8221;][\/vc_column][vc_column width=&#8221;1\/6&#8243;][\/vc_column][\/vc_row]<\/p>\n","protected":false},"excerpt":{"rendered":"<p>[vc_row full_width=&#8221;stretch_row_content_no_spaces&#8221; css=&#8221;.vc_custom_1583291511252{background-color: #97bda1 !important;}&#8221;][vc_column width=&#8221;1\/6&#8243;][\/vc_column][vc_column width=&#8221;2\/3&#8243;][vc_column_text] CMG Worldwide annonce la repr\u00e9sentation de Maria Felix &nbsp; CMG Worldwide est fier d&#8217;annoncer sa repr\u00e9sentation de Fomento Social Maria F\u00e9lix et de la succession de Maria F\u00e9lix. Mar\u00eda de los \u00c1ngeles F\u00e9lix G\u00fcere\u00f1a, plus connue sous le nom de Mar\u00eda F\u00e9lix, est sans aucun doute l&#8217;actrice la [&hellip;]<\/p>\n","protected":false},"author":2,"featured_media":0,"parent":0,"menu_order":0,"comment_status":"closed","ping_status":"closed","template":"visual-temlpate.php","meta":[],"yoast_head":"<!-- This site is optimized with the Yoast SEO plugin v17.1 - https:\/\/yoast.com\/wordpress\/plugins\/seo\/ -->\n<title>Le monde de Marie - Mar\u00eda F\u00e9lix<\/title>\n<meta name=\"robots\" content=\"index, follow, max-snippet:-1, max-image-preview:large, max-video-preview:-1\" \/>\n<link rel=\"canonical\" href=\"https:\/\/estateofmariafelix.com\/fr\/le-monde-de-marie-2\/\" \/>\n<meta property=\"og:locale\" content=\"fr_FR\" \/>\n<meta property=\"og:type\" content=\"article\" \/>\n<meta property=\"og:title\" content=\"Le monde de Marie - Mar\u00eda F\u00e9lix\" \/>\n<meta property=\"og:description\" content=\"[vc_row full_width=&#8221;stretch_row_content_no_spaces&#8221; css=&#8221;.vc_custom_1583291511252{background-color: #97bda1 !important;}&#8221;][vc_column width=&#8221;1\/6&#8243;][\/vc_column][vc_column width=&#8221;2\/3&#8243;][vc_column_text] CMG Worldwide annonce la repr\u00e9sentation de Maria Felix &nbsp; CMG Worldwide est fier d&#8217;annoncer sa repr\u00e9sentation de Fomento Social Maria F\u00e9lix et de la succession de Maria F\u00e9lix. Mar\u00eda de los \u00c1ngeles F\u00e9lix G\u00fcere\u00f1a, plus connue sous le nom de Mar\u00eda F\u00e9lix, est sans aucun doute l&#8217;actrice la [&hellip;]\" \/>\n<meta property=\"og:url\" content=\"https:\/\/estateofmariafelix.com\/fr\/le-monde-de-marie-2\/\" \/>\n<meta property=\"og:site_name\" content=\"Mar\u00eda F\u00e9lix\" \/>\n<meta property=\"article:publisher\" content=\"https:\/\/www.facebook.com\/EstateofMariaFelix\" \/>\n<meta property=\"article:modified_time\" content=\"2021-05-28T20:49:26+00:00\" \/>\n<meta property=\"og:image\" content=\"https:\/\/estateofmariafelix.com\/es\/wp-content\/uploads\/2021\/05\/unnamed-1.png\" \/>\n<meta name=\"twitter:card\" content=\"summary_large_image\" \/>\n<meta name=\"twitter:label1\" content=\"Dur\u00e9e de lecture est.\" \/>\n\t<meta name=\"twitter:data1\" content=\"2 minutes\" \/>\n<script type=\"application\/ld+json\" class=\"yoast-schema-graph\">{\"@context\":\"https:\/\/schema.org\",\"@graph\":[{\"@type\":\"Organization\",\"@id\":\"https:\/\/estateofmariafelix.com\/fr\/#organization\",\"name\":\"Estate of Mar\\u00eda F\\u00e9lix\",\"url\":\"https:\/\/estateofmariafelix.com\/fr\/\",\"sameAs\":[\"https:\/\/www.facebook.com\/EstateofMariaFelix\",\"https:\/\/www.instagram.com\/estateofmariafelix\/\"],\"logo\":{\"@type\":\"ImageObject\",\"@id\":\"https:\/\/estateofmariafelix.com\/fr\/#logo\",\"inLanguage\":\"fr-FR\",\"url\":\"https:\/\/estateofmariafelix.com\/fr\/wp-content\/uploads\/2020\/03\/147-LOGO-EOMF-compressor.png\",\"contentUrl\":\"https:\/\/estateofmariafelix.com\/fr\/wp-content\/uploads\/2020\/03\/147-LOGO-EOMF-compressor.png\",\"width\":1772,\"height\":974,\"caption\":\"Estate of Mar\\u00eda F\\u00e9lix\"},\"image\":{\"@id\":\"https:\/\/estateofmariafelix.com\/fr\/#logo\"}},{\"@type\":\"WebSite\",\"@id\":\"https:\/\/estateofmariafelix.com\/fr\/#website\",\"url\":\"https:\/\/estateofmariafelix.com\/fr\/\",\"name\":\"Mar\\u00eda F\\u00e9lix\",\"description\":\"Page officielle\",\"publisher\":{\"@id\":\"https:\/\/estateofmariafelix.com\/fr\/#organization\"},\"potentialAction\":[{\"@type\":\"SearchAction\",\"target\":{\"@type\":\"EntryPoint\",\"urlTemplate\":\"https:\/\/estateofmariafelix.com\/fr\/?s={search_term_string}\"},\"query-input\":\"required name=search_term_string\"}],\"inLanguage\":\"fr-FR\"},{\"@type\":\"ImageObject\",\"@id\":\"https:\/\/estateofmariafelix.com\/fr\/le-monde-de-marie-2\/#primaryimage\",\"inLanguage\":\"fr-FR\",\"url\":\"https:\/\/estateofmariafelix.com\/es\/wp-content\/uploads\/2021\/05\/unnamed-1.png\",\"contentUrl\":\"https:\/\/estateofmariafelix.com\/es\/wp-content\/uploads\/2021\/05\/unnamed-1.png\"},{\"@type\":\"WebPage\",\"@id\":\"https:\/\/estateofmariafelix.com\/fr\/le-monde-de-marie-2\/#webpage\",\"url\":\"https:\/\/estateofmariafelix.com\/fr\/le-monde-de-marie-2\/\",\"name\":\"Le monde de Marie - Mar\\u00eda F\\u00e9lix\",\"isPartOf\":{\"@id\":\"https:\/\/estateofmariafelix.com\/fr\/#website\"},\"primaryImageOfPage\":{\"@id\":\"https:\/\/estateofmariafelix.com\/fr\/le-monde-de-marie-2\/#primaryimage\"},\"datePublished\":\"2021-05-28T20:46:42+00:00\",\"dateModified\":\"2021-05-28T20:49:26+00:00\",\"breadcrumb\":{\"@id\":\"https:\/\/estateofmariafelix.com\/fr\/le-monde-de-marie-2\/#breadcrumb\"},\"inLanguage\":\"fr-FR\",\"potentialAction\":[{\"@type\":\"ReadAction\",\"target\":[\"https:\/\/estateofmariafelix.com\/fr\/le-monde-de-marie-2\/\"]}]},{\"@type\":\"BreadcrumbList\",\"@id\":\"https:\/\/estateofmariafelix.com\/fr\/le-monde-de-marie-2\/#breadcrumb\",\"itemListElement\":[{\"@type\":\"ListItem\",\"position\":1,\"name\":\"Inicio\",\"item\":\"https:\/\/estateofmariafelix.com\/fr\/\"},{\"@type\":\"ListItem\",\"position\":2,\"name\":\"Le monde de Marie\"}]}]}<\/script>\n<!-- \/ Yoast SEO plugin. -->","yoast_head_json":{"title":"Le monde de Marie - Mar\u00eda F\u00e9lix","robots":{"index":"index","follow":"follow","max-snippet":"max-snippet:-1","max-image-preview":"max-image-preview:large","max-video-preview":"max-video-preview:-1"},"canonical":"https:\/\/estateofmariafelix.com\/fr\/le-monde-de-marie-2\/","og_locale":"fr_FR","og_type":"article","og_title":"Le monde de Marie - Mar\u00eda F\u00e9lix","og_description":"[vc_row full_width=&#8221;stretch_row_content_no_spaces&#8221; css=&#8221;.vc_custom_1583291511252{background-color: #97bda1 !important;}&#8221;][vc_column width=&#8221;1\/6&#8243;][\/vc_column][vc_column width=&#8221;2\/3&#8243;][vc_column_text] CMG Worldwide annonce la repr\u00e9sentation de Maria Felix &nbsp; CMG Worldwide est fier d&#8217;annoncer sa repr\u00e9sentation de Fomento Social Maria F\u00e9lix et de la succession de Maria F\u00e9lix. Mar\u00eda de los \u00c1ngeles F\u00e9lix G\u00fcere\u00f1a, plus connue sous le nom de Mar\u00eda F\u00e9lix, est sans aucun doute l&#8217;actrice la [&hellip;]","og_url":"https:\/\/estateofmariafelix.com\/fr\/le-monde-de-marie-2\/","og_site_name":"Mar\u00eda F\u00e9lix","article_publisher":"https:\/\/www.facebook.com\/EstateofMariaFelix","article_modified_time":"2021-05-28T20:49:26+00:00","og_image":[{"url":"https:\/\/estateofmariafelix.com\/es\/wp-content\/uploads\/2021\/05\/unnamed-1.png"}],"twitter_card":"summary_large_image","twitter_misc":{"Dur\u00e9e de lecture est.":"2 minutes"},"schema":{"@context":"https:\/\/schema.org","@graph":[{"@type":"Organization","@id":"https:\/\/estateofmariafelix.com\/fr\/#organization","name":"Estate of Mar\u00eda F\u00e9lix","url":"https:\/\/estateofmariafelix.com\/fr\/","sameAs":["https:\/\/www.facebook.com\/EstateofMariaFelix","https:\/\/www.instagram.com\/estateofmariafelix\/"],"logo":{"@type":"ImageObject","@id":"https:\/\/estateofmariafelix.com\/fr\/#logo","inLanguage":"fr-FR","url":"https:\/\/estateofmariafelix.com\/fr\/wp-content\/uploads\/2020\/03\/147-LOGO-EOMF-compressor.png","contentUrl":"https:\/\/estateofmariafelix.com\/fr\/wp-content\/uploads\/2020\/03\/147-LOGO-EOMF-compressor.png","width":1772,"height":974,"caption":"Estate of Mar\u00eda F\u00e9lix"},"image":{"@id":"https:\/\/estateofmariafelix.com\/fr\/#logo"}},{"@type":"WebSite","@id":"https:\/\/estateofmariafelix.com\/fr\/#website","url":"https:\/\/estateofmariafelix.com\/fr\/","name":"Mar\u00eda F\u00e9lix","description":"Page officielle","publisher":{"@id":"https:\/\/estateofmariafelix.com\/fr\/#organization"},"potentialAction":[{"@type":"SearchAction","target":{"@type":"EntryPoint","urlTemplate":"https:\/\/estateofmariafelix.com\/fr\/?s={search_term_string}"},"query-input":"required name=search_term_string"}],"inLanguage":"fr-FR"},{"@type":"ImageObject","@id":"https:\/\/estateofmariafelix.com\/fr\/le-monde-de-marie-2\/#primaryimage","inLanguage":"fr-FR","url":"https:\/\/estateofmariafelix.com\/es\/wp-content\/uploads\/2021\/05\/unnamed-1.png","contentUrl":"https:\/\/estateofmariafelix.com\/es\/wp-content\/uploads\/2021\/05\/unnamed-1.png"},{"@type":"WebPage","@id":"https:\/\/estateofmariafelix.com\/fr\/le-monde-de-marie-2\/#webpage","url":"https:\/\/estateofmariafelix.com\/fr\/le-monde-de-marie-2\/","name":"Le monde de Marie - Mar\u00eda F\u00e9lix","isPartOf":{"@id":"https:\/\/estateofmariafelix.com\/fr\/#website"},"primaryImageOfPage":{"@id":"https:\/\/estateofmariafelix.com\/fr\/le-monde-de-marie-2\/#primaryimage"},"datePublished":"2021-05-28T20:46:42+00:00","dateModified":"2021-05-28T20:49:26+00:00","breadcrumb":{"@id":"https:\/\/estateofmariafelix.com\/fr\/le-monde-de-marie-2\/#breadcrumb"},"inLanguage":"fr-FR","potentialAction":[{"@type":"ReadAction","target":["https:\/\/estateofmariafelix.com\/fr\/le-monde-de-marie-2\/"]}]},{"@type":"BreadcrumbList","@id":"https:\/\/estateofmariafelix.com\/fr\/le-monde-de-marie-2\/#breadcrumb","itemListElement":[{"@type":"ListItem","position":1,"name":"Inicio","item":"https:\/\/estateofmariafelix.com\/fr\/"},{"@type":"ListItem","position":2,"name":"Le monde de Marie"}]}]}},"_links":{"self":[{"href":"https:\/\/estateofmariafelix.com\/fr\/wp-json\/wp\/v2\/pages\/3758"}],"collection":[{"href":"https:\/\/estateofmariafelix.com\/fr\/wp-json\/wp\/v2\/pages"}],"about":[{"href":"https:\/\/estateofmariafelix.com\/fr\/wp-json\/wp\/v2\/types\/page"}],"author":[{"embeddable":true,"href":"https:\/\/estateofmariafelix.com\/fr\/wp-json\/wp\/v2\/users\/2"}],"replies":[{"embeddable":true,"href":"https:\/\/estateofmariafelix.com\/fr\/wp-json\/wp\/v2\/comments?post=3758"}],"version-history":[{"count":2,"href":"https:\/\/estateofmariafelix.com\/fr\/wp-json\/wp\/v2\/pages\/3758\/revisions"}],"predecessor-version":[{"id":3762,"href":"https:\/\/estateofmariafelix.com\/fr\/wp-json\/wp\/v2\/pages\/3758\/revisions\/3762"}],"wp:attachment":[{"href":"https:\/\/estateofmariafelix.com\/fr\/wp-json\/wp\/v2\/media?parent=3758"}],"curies":[{"name":"wp","href":"https:\/\/api.w.org\/{rel}","templated":true}]}}