{"id":3804,"date":"2025-03-25T04:51:52","date_gmt":"2025-03-25T03:51:52","guid":{"rendered":"https:\/\/estateofmariafelix.com\/fr\/?page_id=3804"},"modified":"2025-03-27T20:00:46","modified_gmt":"2025-03-27T19:00:46","slug":"une-legende-mexicaine-2020-2025","status":"publish","type":"page","link":"https:\/\/estateofmariafelix.com\/fr\/une-legende-mexicaine-2020-2025\/","title":{"rendered":"Une l\u00e9gende mexicaine 2020-2025"},"content":{"rendered":"<p>[vc_row full_width=&#8221;stretch_row_content_no_spaces&#8221; css=&#8221;.vc_custom_1583291201701{background-color: #c8c1a2 !important;}&#8221;][vc_column][vc_single_image image=&#8221;2142&#8243; img_size=&#8221;full&#8221; alignment=&#8221;center&#8221; el_class=&#8221;el_prestigio_img&#8221;][\/vc_column][\/vc_row][vc_section full_width=&#8221;stretch_row_content&#8221; content_placement=&#8221;middle&#8221; css=&#8221;.vc_custom_1583547391402{background-image: url(https:\/\/estateofmariafelix.com\/es\/wp-content\/uploads\/2020\/03\/pattern_marmol_3-1.jpg?id=3305) !important;background-position: 0 0 !important;background-repeat: repeat !important;}&#8221;][vc_row full_width=&#8221;stretch_row_content_no_spaces&#8221; content_placement=&#8221;middle&#8221; css_animation=&#8221;fadeIn&#8221; el_class=&#8221;ajuste-caja&#8221;][vc_column][vc_row_inner][vc_column_inner][vc_wp_text el_class=&#8221;linea-tiempo&#8221;]<\/p>\n<h3 style=\"text-align: center;\">2020<\/h3>\n<p>[\/vc_wp_text][\/vc_column_inner][\/vc_row_inner][vc_row_inner content_placement=&#8221;middle&#8221; el_class=&#8221;cajas-linea&#8221;][vc_column_inner el_class=&#8221;cajas-linea-info-b&#8221; width=&#8221;1\/3&#8243;][vc_single_image image=&#8221;3806&#8243; img_size=&#8221;large&#8221; alignment=&#8221;center&#8221;][\/vc_column_inner][vc_column_inner el_class=&#8221;cajas-linea-info-c&#8221; width=&#8221;1\/3&#8243;][vc_column_text]<\/p>\n<div class=\"rectangulo-2\"><\/div>\n<p>[\/vc_column_text][\/vc_column_inner][vc_column_inner el_class=&#8221;cajas-linea-info-a&#8221; width=&#8221;1\/3&#8243; css=&#8221;.vc_custom_1742954364637{padding-top: 50% !important;}&#8221;][vc_column_text el_class=&#8221;linea-tiempo texto-linea&#8221;]<strong>Janvier 2020:<\/strong><br \/>\nLa maison de haute couture a rendu hommage \u00e0 Mar\u00eda F\u00e9lix, en inspirant de la richesse culturelle du Mexique, en pr\u00e9sentant quelques mod\u00e8les en chevaux.[\/vc_column_text][\/vc_column_inner][\/vc_row_inner][\/vc_column][\/vc_row][vc_row full_width=&#8221;stretch_row_content_no_spaces&#8221; content_placement=&#8221;middle&#8221; css_animation=&#8221;fadeIn&#8221; el_class=&#8221;ajuste-caja&#8221;][vc_column][vc_row_inner][vc_column_inner][vc_wp_text el_class=&#8221;linea-tiempo&#8221;]<\/p>\n<h3 style=\"text-align: center;\">2022<\/h3>\n<p>[\/vc_wp_text][\/vc_column_inner][\/vc_row_inner][vc_row_inner content_placement=&#8221;middle&#8221; el_class=&#8221;cajas-linea&#8221;][vc_column_inner el_class=&#8221;cajas-linea-info-a&#8221; width=&#8221;1\/3&#8243; css=&#8221;.vc_custom_1742954725477{padding-top: 50% !important;}&#8221;][vc_column_text el_class=&#8221;linea-tiempo texto-linea&#8221;]<strong>F\u00e9vrier 2022:<\/strong><br \/>\nLa Mexicaine a rendu hommage \u00e0 actrice mexicaine Mar\u00eda F\u00e9lix dans le magazine Vogue M\u00e9xico avec les v\u00eatements originaux de Maria pr\u00eat\u00e9s par la succession de Maria Felix, dans le cadre de sa campagne pour le prochain film biographique de \u00ab La Do\u00f1a \u00bb.[\/vc_column_text][\/vc_column_inner][vc_column_inner el_class=&#8221;cajas-linea-info-c&#8221; width=&#8221;1\/3&#8243;][vc_column_text]<\/p>\n<div class=\"rectangulo-2\"><\/div>\n<p>[\/vc_column_text][\/vc_column_inner][vc_column_inner el_class=&#8221;cajas-linea-info-b&#8221; width=&#8221;1\/3&#8243; css=&#8221;.vc_custom_1742954378429{padding-top: 50% !important;}&#8221;][vc_single_image image=&#8221;3808&#8243; img_size=&#8221;large&#8221; alignment=&#8221;center&#8221;][\/vc_column_inner][\/vc_row_inner][vc_row_inner content_placement=&#8221;middle&#8221; el_class=&#8221;cajas-linea&#8221;][vc_column_inner el_class=&#8221;cajas-linea-info-a&#8221; width=&#8221;1\/3&#8243;][vc_column_text el_class=&#8221;linea-tiempo texto-linea&#8221;]<strong>Juillet 2022:<\/strong><br \/>\nLa premi\u00e8re s\u00e9rie nous raconte histoire de la vie de une des femmes les plus fascinantes du si\u00e8cle dernier dans notre Mexique. La succession de Maria Felix fournit une licence pour utiliser son nom sur le biopic.[\/vc_column_text][\/vc_column_inner][vc_column_inner el_class=&#8221;cajas-linea-info-c&#8221; width=&#8221;1\/3&#8243;][vc_column_text]<\/p>\n<div class=\"rectangulo-2\"><\/div>\n<p>[\/vc_column_text][\/vc_column_inner][vc_column_inner el_class=&#8221;cajas-linea-info-b&#8221; width=&#8221;1\/3&#8243;][vc_single_image image=&#8221;3805&#8243; img_size=&#8221;large&#8221; alignment=&#8221;center&#8221;][\/vc_column_inner][\/vc_row_inner][\/vc_column][\/vc_row][vc_row full_width=&#8221;stretch_row_content_no_spaces&#8221; content_placement=&#8221;middle&#8221; css_animation=&#8221;fadeIn&#8221; el_class=&#8221;ajuste-caja&#8221;][vc_column][vc_row_inner][vc_column_inner][vc_wp_text el_class=&#8221;linea-tiempo&#8221;]<\/p>\n<h3 style=\"text-align: center;\">2023<\/h3>\n<p>[\/vc_wp_text][\/vc_column_inner][\/vc_row_inner][vc_row_inner content_placement=&#8221;middle&#8221; el_class=&#8221;cajas-linea&#8221;][vc_column_inner el_class=&#8221;cajas-linea-info-b&#8221; width=&#8221;1\/3&#8243;][vc_single_image image=&#8221;3814&#8243; img_size=&#8221;large&#8221; alignment=&#8221;center&#8221;][\/vc_column_inner][vc_column_inner el_class=&#8221;cajas-linea-info-c&#8221; width=&#8221;1\/3&#8243;][vc_column_text]<\/p>\n<div class=\"rectangulo-2\"><\/div>\n<p>[\/vc_column_text][\/vc_column_inner][vc_column_inner el_class=&#8221;cajas-linea-info-a&#8221; width=&#8221;1\/3&#8243;][vc_column_text el_class=&#8221;linea-tiempo texto-linea&#8221;]<strong>Mars 2023:<\/strong><br \/>\nLa maison fran\u00e7aise horlogerie et de joaillerie fond\u00e9e en 1847 pr\u00e9sente au mus\u00e9e JUMEX une exposition qui propose un parcours depuis sa fondation jusqu\u00e0 nos jours \u00e0 travers ses bijoux.Parmi les bijoux de La Do\u00f1a, se distinguent le collier en crocodile ainsi que celui en serpent.[\/vc_column_text][\/vc_column_inner][\/vc_row_inner][vc_row_inner content_placement=&#8221;middle&#8221; el_class=&#8221;cajas-linea&#8221;][vc_column_inner el_class=&#8221;cajas-linea-info-b&#8221; width=&#8221;1\/3&#8243;][vc_single_image image=&#8221;3810&#8243; img_size=&#8221;large&#8221; alignment=&#8221;center&#8221;][vc_single_image image=&#8221;3813&#8243; img_size=&#8221;large&#8221; alignment=&#8221;center&#8221;][\/vc_column_inner][vc_column_inner el_class=&#8221;cajas-linea-info-c&#8221; width=&#8221;1\/3&#8243;][vc_column_text]<\/p>\n<div class=\"rectangulo-2\"><\/div>\n<p>[\/vc_column_text][\/vc_column_inner][vc_column_inner el_class=&#8221;cajas-linea-info-a&#8221; width=&#8221;1\/3&#8243;][vc_column_text el_class=&#8221;linea-tiempo texto-linea&#8221;]<strong>Ao\u00fbt 2023:<\/strong><br \/>\nMattel lance Mar\u00eda F\u00e9lix Barbie, \u00e0 partir de sa ligne signature, en comm\u00e9moration de la Journ\u00e9e du cin\u00e9ma mexicain avec une r\u00e9ponse r\u00e9ussie du public, qui est vendu quelques minutes apr\u00e8s sa sortie. Sous la supervision et la licence de Estate of Maria Felix.[\/vc_column_text][\/vc_column_inner][\/vc_row_inner][\/vc_column][\/vc_row][vc_row full_width=&#8221;stretch_row_content_no_spaces&#8221; content_placement=&#8221;middle&#8221; css_animation=&#8221;fadeIn&#8221; el_class=&#8221;ajuste-caja&#8221;][vc_column][vc_row_inner][vc_column_inner][vc_wp_text el_class=&#8221;linea-tiempo&#8221;]<\/p>\n<h3 style=\"text-align: center;\">2024<\/h3>\n<p>[\/vc_wp_text][\/vc_column_inner][\/vc_row_inner][vc_row_inner content_placement=&#8221;middle&#8221; el_class=&#8221;cajas-linea&#8221;][vc_column_inner el_class=&#8221;cajas-linea-info-a&#8221; width=&#8221;1\/3&#8243;][vc_column_text el_class=&#8221;linea-tiempo texto-linea&#8221;]<strong>Avril 2024:<\/strong><br \/>\nEstate of Mar\u00eda F\u00e9lix c\u00e9l\u00e8bre avec la prestigieuse boutique El Palacio de Hierro une exposition de certains des looks les plus embl\u00e9matiques, d\u00e9di\u00e9e \u00e0 celle nomm\u00e9e \u00ab La femme la mieux habill\u00e9e \u00bb en 1984. Lors de exposition, nous avons pu d\u00e9couvrir le go\u00fbt exquis de Mar\u00eda pour les pi\u00e8ces uniques de sa garde-robe et de son mobilier.[\/vc_column_text][\/vc_column_inner][vc_column_inner el_class=&#8221;cajas-linea-info-c&#8221; width=&#8221;1\/3&#8243;][vc_column_text]<\/p>\n<div class=\"rectangulo-2\"><\/div>\n<p>[\/vc_column_text][\/vc_column_inner][vc_column_inner el_class=&#8221;cajas-linea-info-b&#8221; width=&#8221;1\/3&#8243;][vc_single_image image=&#8221;3812&#8243; img_size=&#8221;large&#8221; alignment=&#8221;center&#8221;][vc_single_image image=&#8221;3811&#8243; img_size=&#8221;large&#8221; alignment=&#8221;center&#8221;][\/vc_column_inner][\/vc_row_inner][vc_row_inner content_placement=&#8221;middle&#8221; el_class=&#8221;cajas-linea&#8221;][vc_column_inner el_class=&#8221;cajas-linea-info-a&#8221; width=&#8221;1\/3&#8243;][vc_column_text el_class=&#8221;linea-tiempo texto-linea&#8221;]<strong>Octobre 2024:<\/strong><br \/>\nLe Mus\u00e9e du Carmen a consacr\u00e9 une exposition en honneur de la grande carri\u00e8re acteur dans le cadre de la c\u00e9l\u00e9bration du Jour des Morts, exposant 90 pi\u00e8ces ayant appartenu \u00e0 Mar\u00eda et pr\u00eat\u00e9es par la Estate of Maria Felix.[\/vc_column_text][\/vc_column_inner][vc_column_inner el_class=&#8221;cajas-linea-info-c&#8221; width=&#8221;1\/3&#8243;][vc_column_text]<\/p>\n<div class=\"rectangulo-2\"><\/div>\n<p>[\/vc_column_text][\/vc_column_inner][vc_column_inner el_class=&#8221;cajas-linea-info-b&#8221; width=&#8221;1\/3&#8243;][vc_single_image image=&#8221;3821&#8243; img_size=&#8221;large&#8221; alignment=&#8221;center&#8221;][\/vc_column_inner][\/vc_row_inner][vc_row_inner content_placement=&#8221;middle&#8221; el_class=&#8221;cajas-linea&#8221;][vc_column_inner el_class=&#8221;cajas-linea-info-a&#8221; width=&#8221;1\/3&#8243;][vc_column_text el_class=&#8221;linea-tiempo texto-linea&#8221;]<strong>D\u00e9cembre 2024:<\/strong><br \/>\nCartier pr\u00e9sente cette exposition en Chine \u00e0 occasion de son 60e anniversaire de relation avec cette nation, avec un total de 348 pi\u00e8ces, dont le magnifique collier serpent de \u00ab La Do\u00f1a \u00bb ainsi que le collier crocodile.[\/vc_column_text][\/vc_column_inner][vc_column_inner el_class=&#8221;cajas-linea-info-c&#8221; width=&#8221;1\/3&#8243;][vc_column_text]<\/p>\n<div class=\"rectangulo-2\"><\/div>\n<p>[\/vc_column_text][\/vc_column_inner][vc_column_inner el_class=&#8221;cajas-linea-info-b&#8221; width=&#8221;1\/3&#8243;][vc_single_image image=&#8221;3815&#8243; img_size=&#8221;large&#8221; alignment=&#8221;center&#8221;][vc_single_image image=&#8221;3809&#8243; img_size=&#8221;large&#8221; alignment=&#8221;center&#8221;][\/vc_column_inner][\/vc_row_inner][\/vc_column][\/vc_row][vc_row full_width=&#8221;stretch_row_content_no_spaces&#8221; content_placement=&#8221;middle&#8221; css_animation=&#8221;fadeIn&#8221; el_class=&#8221;ajuste-caja&#8221;][vc_column][vc_row_inner][vc_column_inner][vc_wp_text el_class=&#8221;linea-tiempo&#8221;]<\/p>\n<h3 style=\"text-align: center;\">2025<\/h3>\n<p>[\/vc_wp_text][\/vc_column_inner][\/vc_row_inner][vc_row_inner content_placement=&#8221;middle&#8221; el_class=&#8221;cajas-linea&#8221;][vc_column_inner el_class=&#8221;cajas-linea-info-a&#8221; width=&#8221;1\/3&#8243;][vc_single_image image=&#8221;3816&#8243; img_size=&#8221;large&#8221; alignment=&#8221;center&#8221;][\/vc_column_inner][vc_column_inner el_class=&#8221;cajas-linea-info-c&#8221; width=&#8221;1\/3&#8243;][vc_column_text]<\/p>\n<div class=\"rectangulo-2\"><\/div>\n<p>[\/vc_column_text][\/vc_column_inner][vc_column_inner el_class=&#8221;cajas-linea-info-b&#8221; width=&#8221;1\/3&#8243; css=&#8221;.vc_custom_1742954694087{padding-top: 50% !important;}&#8221;][vc_column_text el_class=&#8221;linea-tiempo texto-linea&#8221;]<strong>Avril 2025<\/strong> :<br \/>\nVictoria and Albert Museum associe \u00e0 Cartier pour pr\u00e9senter \u00ab A South Kensington \u00bb au Royaume-Uni apr\u00e8s pr\u00e8s de 30 ans absence du monde des expositions. Lors de cet \u00e9v\u00e9nement, 350 pi\u00e8ces seront pr\u00e9sent\u00e9es qui nous feront voyager \u00e0 travers le savoir-faire de Cartier.[\/vc_column_text][\/vc_column_inner][\/vc_row_inner][\/vc_column][\/vc_row][\/vc_section]<\/p>\n","protected":false},"excerpt":{"rendered":"<p>[vc_row full_width=&#8221;stretch_row_content_no_spaces&#8221; css=&#8221;.vc_custom_1583291201701{background-color: #c8c1a2 !important;}&#8221;][vc_column][vc_single_image image=&#8221;2142&#8243; img_size=&#8221;full&#8221; alignment=&#8221;center&#8221; el_class=&#8221;el_prestigio_img&#8221;][\/vc_column][\/vc_row][vc_section full_width=&#8221;stretch_row_content&#8221; content_placement=&#8221;middle&#8221; css=&#8221;.vc_custom_1583547391402{background-image: url(https:\/\/estateofmariafelix.com\/es\/wp-content\/uploads\/2020\/03\/pattern_marmol_3-1.jpg?id=3305) !important;background-position: 0 0 !important;background-repeat: repeat !important;}&#8221;][vc_row full_width=&#8221;stretch_row_content_no_spaces&#8221; content_placement=&#8221;middle&#8221; css_animation=&#8221;fadeIn&#8221; el_class=&#8221;ajuste-caja&#8221;][vc_column][vc_row_inner][vc_column_inner][vc_wp_text el_class=&#8221;linea-tiempo&#8221;] 2020 [\/vc_wp_text][\/vc_column_inner][\/vc_row_inner][vc_row_inner content_placement=&#8221;middle&#8221; el_class=&#8221;cajas-linea&#8221;][vc_column_inner el_class=&#8221;cajas-linea-info-b&#8221; width=&#8221;1\/3&#8243;][vc_single_image image=&#8221;3806&#8243; img_size=&#8221;large&#8221; alignment=&#8221;center&#8221;][\/vc_column_inner][vc_column_inner el_class=&#8221;cajas-linea-info-c&#8221; width=&#8221;1\/3&#8243;][vc_column_text] [\/vc_column_text][\/vc_column_inner][vc_column_inner el_class=&#8221;cajas-linea-info-a&#8221; width=&#8221;1\/3&#8243; css=&#8221;.vc_custom_1742954364637{padding-top: 50% !important;}&#8221;][vc_column_text el_class=&#8221;linea-tiempo texto-linea&#8221;]Janvier 2020: La maison de haute couture a rendu hommage \u00e0 Mar\u00eda F\u00e9lix, [&hellip;]<\/p>\n","protected":false},"author":2,"featured_media":0,"parent":0,"menu_order":0,"comment_status":"closed","ping_status":"closed","template":"visual-temlpate.php","meta":[],"yoast_head":"<!-- This site is optimized with the Yoast SEO plugin v17.1 - https:\/\/yoast.com\/wordpress\/plugins\/seo\/ -->\n<title>Une l\u00e9gende mexicaine 2020-2025 - Mar\u00eda F\u00e9lix<\/title>\n<meta name=\"robots\" content=\"index, follow, max-snippet:-1, max-image-preview:large, max-video-preview:-1\" \/>\n<link rel=\"canonical\" href=\"https:\/\/estateofmariafelix.com\/fr\/une-legende-mexicaine-2020-2025\/\" \/>\n<meta property=\"og:locale\" content=\"fr_FR\" \/>\n<meta property=\"og:type\" content=\"article\" \/>\n<meta property=\"og:title\" content=\"Une l\u00e9gende mexicaine 2020-2025 - Mar\u00eda F\u00e9lix\" \/>\n<meta property=\"og:description\" content=\"[vc_row full_width=&#8221;stretch_row_content_no_spaces&#8221; css=&#8221;.vc_custom_1583291201701{background-color: #c8c1a2 !important;}&#8221;][vc_column][vc_single_image image=&#8221;2142&#8243; img_size=&#8221;full&#8221; alignment=&#8221;center&#8221; el_class=&#8221;el_prestigio_img&#8221;][\/vc_column][\/vc_row][vc_section full_width=&#8221;stretch_row_content&#8221; content_placement=&#8221;middle&#8221; css=&#8221;.vc_custom_1583547391402{background-image: url(https:\/\/estateofmariafelix.com\/es\/wp-content\/uploads\/2020\/03\/pattern_marmol_3-1.jpg?id=3305) !important;background-position: 0 0 !important;background-repeat: repeat !important;}&#8221;][vc_row full_width=&#8221;stretch_row_content_no_spaces&#8221; content_placement=&#8221;middle&#8221; css_animation=&#8221;fadeIn&#8221; el_class=&#8221;ajuste-caja&#8221;][vc_column][vc_row_inner][vc_column_inner][vc_wp_text el_class=&#8221;linea-tiempo&#8221;] 2020 [\/vc_wp_text][\/vc_column_inner][\/vc_row_inner][vc_row_inner content_placement=&#8221;middle&#8221; el_class=&#8221;cajas-linea&#8221;][vc_column_inner el_class=&#8221;cajas-linea-info-b&#8221; width=&#8221;1\/3&#8243;][vc_single_image image=&#8221;3806&#8243; img_size=&#8221;large&#8221; alignment=&#8221;center&#8221;][\/vc_column_inner][vc_column_inner el_class=&#8221;cajas-linea-info-c&#8221; width=&#8221;1\/3&#8243;][vc_column_text] [\/vc_column_text][\/vc_column_inner][vc_column_inner el_class=&#8221;cajas-linea-info-a&#8221; width=&#8221;1\/3&#8243; css=&#8221;.vc_custom_1742954364637{padding-top: 50% !important;}&#8221;][vc_column_text el_class=&#8221;linea-tiempo texto-linea&#8221;]Janvier 2020: La maison de haute couture a rendu hommage \u00e0 Mar\u00eda F\u00e9lix, [&hellip;]\" \/>\n<meta property=\"og:url\" content=\"https:\/\/estateofmariafelix.com\/fr\/une-legende-mexicaine-2020-2025\/\" \/>\n<meta property=\"og:site_name\" content=\"Mar\u00eda F\u00e9lix\" \/>\n<meta property=\"article:publisher\" content=\"https:\/\/www.facebook.com\/EstateofMariaFelix\" \/>\n<meta property=\"article:modified_time\" content=\"2025-03-27T19:00:46+00:00\" \/>\n<meta name=\"twitter:card\" content=\"summary_large_image\" \/>\n<meta name=\"twitter:label1\" content=\"Dur\u00e9e de lecture est.\" \/>\n\t<meta name=\"twitter:data1\" content=\"3 minutes\" \/>\n<script type=\"application\/ld+json\" class=\"yoast-schema-graph\">{\"@context\":\"https:\/\/schema.org\",\"@graph\":[{\"@type\":\"Organization\",\"@id\":\"https:\/\/estateofmariafelix.com\/fr\/#organization\",\"name\":\"Estate of Mar\\u00eda F\\u00e9lix\",\"url\":\"https:\/\/estateofmariafelix.com\/fr\/\",\"sameAs\":[\"https:\/\/www.facebook.com\/EstateofMariaFelix\",\"https:\/\/www.instagram.com\/estateofmariafelix\/\"],\"logo\":{\"@type\":\"ImageObject\",\"@id\":\"https:\/\/estateofmariafelix.com\/fr\/#logo\",\"inLanguage\":\"fr-FR\",\"url\":\"https:\/\/estateofmariafelix.com\/fr\/wp-content\/uploads\/2020\/03\/147-LOGO-EOMF-compressor.png\",\"contentUrl\":\"https:\/\/estateofmariafelix.com\/fr\/wp-content\/uploads\/2020\/03\/147-LOGO-EOMF-compressor.png\",\"width\":1772,\"height\":974,\"caption\":\"Estate of Mar\\u00eda F\\u00e9lix\"},\"image\":{\"@id\":\"https:\/\/estateofmariafelix.com\/fr\/#logo\"}},{\"@type\":\"WebSite\",\"@id\":\"https:\/\/estateofmariafelix.com\/fr\/#website\",\"url\":\"https:\/\/estateofmariafelix.com\/fr\/\",\"name\":\"Mar\\u00eda F\\u00e9lix\",\"description\":\"Page officielle\",\"publisher\":{\"@id\":\"https:\/\/estateofmariafelix.com\/fr\/#organization\"},\"potentialAction\":[{\"@type\":\"SearchAction\",\"target\":{\"@type\":\"EntryPoint\",\"urlTemplate\":\"https:\/\/estateofmariafelix.com\/fr\/?s={search_term_string}\"},\"query-input\":\"required name=search_term_string\"}],\"inLanguage\":\"fr-FR\"},{\"@type\":\"WebPage\",\"@id\":\"https:\/\/estateofmariafelix.com\/fr\/une-legende-mexicaine-2020-2025\/#webpage\",\"url\":\"https:\/\/estateofmariafelix.com\/fr\/une-legende-mexicaine-2020-2025\/\",\"name\":\"Une l\\u00e9gende mexicaine 2020-2025 - Mar\\u00eda F\\u00e9lix\",\"isPartOf\":{\"@id\":\"https:\/\/estateofmariafelix.com\/fr\/#website\"},\"datePublished\":\"2025-03-25T03:51:52+00:00\",\"dateModified\":\"2025-03-27T19:00:46+00:00\",\"breadcrumb\":{\"@id\":\"https:\/\/estateofmariafelix.com\/fr\/une-legende-mexicaine-2020-2025\/#breadcrumb\"},\"inLanguage\":\"fr-FR\",\"potentialAction\":[{\"@type\":\"ReadAction\",\"target\":[\"https:\/\/estateofmariafelix.com\/fr\/une-legende-mexicaine-2020-2025\/\"]}]},{\"@type\":\"BreadcrumbList\",\"@id\":\"https:\/\/estateofmariafelix.com\/fr\/une-legende-mexicaine-2020-2025\/#breadcrumb\",\"itemListElement\":[{\"@type\":\"ListItem\",\"position\":1,\"name\":\"Inicio\",\"item\":\"https:\/\/estateofmariafelix.com\/fr\/\"},{\"@type\":\"ListItem\",\"position\":2,\"name\":\"Une l\\u00e9gende mexicaine 2020-2025\"}]}]}<\/script>\n<!-- \/ Yoast SEO plugin. -->","yoast_head_json":{"title":"Une l\u00e9gende mexicaine 2020-2025 - Mar\u00eda F\u00e9lix","robots":{"index":"index","follow":"follow","max-snippet":"max-snippet:-1","max-image-preview":"max-image-preview:large","max-video-preview":"max-video-preview:-1"},"canonical":"https:\/\/estateofmariafelix.com\/fr\/une-legende-mexicaine-2020-2025\/","og_locale":"fr_FR","og_type":"article","og_title":"Une l\u00e9gende mexicaine 2020-2025 - Mar\u00eda F\u00e9lix","og_description":"[vc_row full_width=&#8221;stretch_row_content_no_spaces&#8221; css=&#8221;.vc_custom_1583291201701{background-color: #c8c1a2 !important;}&#8221;][vc_column][vc_single_image image=&#8221;2142&#8243; img_size=&#8221;full&#8221; alignment=&#8221;center&#8221; el_class=&#8221;el_prestigio_img&#8221;][\/vc_column][\/vc_row][vc_section full_width=&#8221;stretch_row_content&#8221; content_placement=&#8221;middle&#8221; css=&#8221;.vc_custom_1583547391402{background-image: url(https:\/\/estateofmariafelix.com\/es\/wp-content\/uploads\/2020\/03\/pattern_marmol_3-1.jpg?id=3305) !important;background-position: 0 0 !important;background-repeat: repeat !important;}&#8221;][vc_row full_width=&#8221;stretch_row_content_no_spaces&#8221; content_placement=&#8221;middle&#8221; css_animation=&#8221;fadeIn&#8221; el_class=&#8221;ajuste-caja&#8221;][vc_column][vc_row_inner][vc_column_inner][vc_wp_text el_class=&#8221;linea-tiempo&#8221;] 2020 [\/vc_wp_text][\/vc_column_inner][\/vc_row_inner][vc_row_inner content_placement=&#8221;middle&#8221; el_class=&#8221;cajas-linea&#8221;][vc_column_inner el_class=&#8221;cajas-linea-info-b&#8221; width=&#8221;1\/3&#8243;][vc_single_image image=&#8221;3806&#8243; img_size=&#8221;large&#8221; alignment=&#8221;center&#8221;][\/vc_column_inner][vc_column_inner el_class=&#8221;cajas-linea-info-c&#8221; width=&#8221;1\/3&#8243;][vc_column_text] [\/vc_column_text][\/vc_column_inner][vc_column_inner el_class=&#8221;cajas-linea-info-a&#8221; width=&#8221;1\/3&#8243; css=&#8221;.vc_custom_1742954364637{padding-top: 50% !important;}&#8221;][vc_column_text el_class=&#8221;linea-tiempo texto-linea&#8221;]Janvier 2020: La maison de haute couture a rendu hommage \u00e0 Mar\u00eda F\u00e9lix, [&hellip;]","og_url":"https:\/\/estateofmariafelix.com\/fr\/une-legende-mexicaine-2020-2025\/","og_site_name":"Mar\u00eda F\u00e9lix","article_publisher":"https:\/\/www.facebook.com\/EstateofMariaFelix","article_modified_time":"2025-03-27T19:00:46+00:00","twitter_card":"summary_large_image","twitter_misc":{"Dur\u00e9e de lecture est.":"3 minutes"},"schema":{"@context":"https:\/\/schema.org","@graph":[{"@type":"Organization","@id":"https:\/\/estateofmariafelix.com\/fr\/#organization","name":"Estate of Mar\u00eda F\u00e9lix","url":"https:\/\/estateofmariafelix.com\/fr\/","sameAs":["https:\/\/www.facebook.com\/EstateofMariaFelix","https:\/\/www.instagram.com\/estateofmariafelix\/"],"logo":{"@type":"ImageObject","@id":"https:\/\/estateofmariafelix.com\/fr\/#logo","inLanguage":"fr-FR","url":"https:\/\/estateofmariafelix.com\/fr\/wp-content\/uploads\/2020\/03\/147-LOGO-EOMF-compressor.png","contentUrl":"https:\/\/estateofmariafelix.com\/fr\/wp-content\/uploads\/2020\/03\/147-LOGO-EOMF-compressor.png","width":1772,"height":974,"caption":"Estate of Mar\u00eda F\u00e9lix"},"image":{"@id":"https:\/\/estateofmariafelix.com\/fr\/#logo"}},{"@type":"WebSite","@id":"https:\/\/estateofmariafelix.com\/fr\/#website","url":"https:\/\/estateofmariafelix.com\/fr\/","name":"Mar\u00eda F\u00e9lix","description":"Page officielle","publisher":{"@id":"https:\/\/estateofmariafelix.com\/fr\/#organization"},"potentialAction":[{"@type":"SearchAction","target":{"@type":"EntryPoint","urlTemplate":"https:\/\/estateofmariafelix.com\/fr\/?s={search_term_string}"},"query-input":"required name=search_term_string"}],"inLanguage":"fr-FR"},{"@type":"WebPage","@id":"https:\/\/estateofmariafelix.com\/fr\/une-legende-mexicaine-2020-2025\/#webpage","url":"https:\/\/estateofmariafelix.com\/fr\/une-legende-mexicaine-2020-2025\/","name":"Une l\u00e9gende mexicaine 2020-2025 - Mar\u00eda F\u00e9lix","isPartOf":{"@id":"https:\/\/estateofmariafelix.com\/fr\/#website"},"datePublished":"2025-03-25T03:51:52+00:00","dateModified":"2025-03-27T19:00:46+00:00","breadcrumb":{"@id":"https:\/\/estateofmariafelix.com\/fr\/une-legende-mexicaine-2020-2025\/#breadcrumb"},"inLanguage":"fr-FR","potentialAction":[{"@type":"ReadAction","target":["https:\/\/estateofmariafelix.com\/fr\/une-legende-mexicaine-2020-2025\/"]}]},{"@type":"BreadcrumbList","@id":"https:\/\/estateofmariafelix.com\/fr\/une-legende-mexicaine-2020-2025\/#breadcrumb","itemListElement":[{"@type":"ListItem","position":1,"name":"Inicio","item":"https:\/\/estateofmariafelix.com\/fr\/"},{"@type":"ListItem","position":2,"name":"Une l\u00e9gende mexicaine 2020-2025"}]}]}},"_links":{"self":[{"href":"https:\/\/estateofmariafelix.com\/fr\/wp-json\/wp\/v2\/pages\/3804"}],"collection":[{"href":"https:\/\/estateofmariafelix.com\/fr\/wp-json\/wp\/v2\/pages"}],"about":[{"href":"https:\/\/estateofmariafelix.com\/fr\/wp-json\/wp\/v2\/types\/page"}],"author":[{"embeddable":true,"href":"https:\/\/estateofmariafelix.com\/fr\/wp-json\/wp\/v2\/users\/2"}],"replies":[{"embeddable":true,"href":"https:\/\/estateofmariafelix.com\/fr\/wp-json\/wp\/v2\/comments?post=3804"}],"version-history":[{"count":5,"href":"https:\/\/estateofmariafelix.com\/fr\/wp-json\/wp\/v2\/pages\/3804\/revisions"}],"predecessor-version":[{"id":3825,"href":"https:\/\/estateofmariafelix.com\/fr\/wp-json\/wp\/v2\/pages\/3804\/revisions\/3825"}],"wp:attachment":[{"href":"https:\/\/estateofmariafelix.com\/fr\/wp-json\/wp\/v2\/media?parent=3804"}],"curies":[{"name":"wp","href":"https:\/\/api.w.org\/{rel}","templated":true}]}}