{"id":978,"date":"2016-10-28T07:08:43","date_gmt":"2016-10-28T07:08:43","guid":{"rendered":"http:\/\/localhost\/lucky\/?page_id=978"},"modified":"2025-03-27T19:51:58","modified_gmt":"2025-03-27T18:51:58","slug":"domaine-de-maria-felix","status":"publish","type":"page","link":"https:\/\/estateofmariafelix.com\/fr\/","title":{"rendered":"Domaine de Maria Felix"},"content":{"rendered":"<p>[vc_row full_width=&#8221;stretch_row_content_no_spaces&#8221; full_height=&#8221;yes&#8221; content_placement=&#8221;middle&#8221; css_animation=&#8221;fadeIn&#8221; css=&#8221;.vc_custom_1604631070894{margin-bottom: 40px !important;background-color: #3f4563 !important;}&#8221;][vc_column el_class=&#8221;home_ani&#8221;][vc_single_image image=&#8221;3580&#8243; img_size=&#8221;large&#8221; alignment=&#8221;center&#8221; css_animation=&#8221;none&#8221;][vc_row_inner content_placement=&#8221;bottom&#8221; el_class=&#8221;ancho-contacto home_menu&#8221;][vc_column_inner width=&#8221;1\/6&#8243;][vc_column_text el_class=&#8221;principio&#8221;]<\/p>\n<p style=\"text-align: center; margin-top: 15px;\"><a href=\"https:\/\/estateofmariafelix.com\/fr\/le-prestige-dun-nom\/\">LE PRESTIGE D&#8217;UN NOM<\/a><\/p>\n<p>[\/vc_column_text][\/vc_column_inner][vc_column_inner width=&#8221;1\/6&#8243;][vc_column_text el_class=&#8221;principio&#8221;]<\/p>\n<p style=\"text-align: center; margin-top: 15px;\"><a href=\"https:\/\/estateofmariafelix.com\/fr\/une-legende-mexicaine\/\/\">UNE L\u00c9GENDE MEXICAINE<\/a><\/p>\n<p>[\/vc_column_text][\/vc_column_inner][vc_column_inner width=&#8221;1\/6&#8243;][vc_column_text el_class=&#8221;principio&#8221;]<\/p>\n<p style=\"text-align: center; margin-top: 15px;\"><a href=\"https:\/\/estateofmariafelix.com\/fr\/ou-peut-etre-maria-felix\/\">OU PEUT ETRE MARIA FELIX?<\/a><\/p>\n<p>[\/vc_column_text][\/vc_column_inner][vc_column_inner width=&#8221;1\/6&#8243;][vc_column_text el_class=&#8221;principio&#8221;]<\/p>\n<p style=\"text-align: center; margin-top: 15px;\"><a href=\"https:\/\/estateofmariafelix.com\/es\/licencia-de-marca-ejemplos\/\">ENREGISTREMENTS DE MARQUES<\/a><\/p>\n<p>[\/vc_column_text][\/vc_column_inner][vc_column_inner width=&#8221;1\/6&#8243;][vc_column_text el_class=&#8221;principio&#8221;]<\/p>\n<p style=\"text-align: center; margin-top: 15px;\"><a href=\"https:\/\/estateofmariafelix.com\/fr\/dans-les-reseaux-de-la-diva\/\">DANS LES R\u00c9SEAUX DE MAR\u00cdA<\/a><\/p>\n<p>[\/vc_column_text][\/vc_column_inner][vc_column_inner width=&#8221;1\/6&#8243;][vc_column_text el_class=&#8221;principio&#8221;]<\/p>\n<p style=\"text-align: center; margin-top: 15px;\"><a href=\"https:\/\/estateofmariafelix.com\/fr\/le-monde-de-marie-2\/\">LE MONDE DE MARIE<\/a><\/p>\n<p>[\/vc_column_text][\/vc_column_inner][\/vc_row_inner][vc_row_inner content_placement=&#8221;bottom&#8221; el_class=&#8221;home_menu_dev&#8221;][vc_column_inner][vc_column_text el_class=&#8221;principio&#8221; css=&#8221;.vc_custom_1612288326451{padding-top: 20px !important;padding-bottom: 20px !important;}&#8221;]<\/p>\n<p style=\"text-align: center; margin-top: 15px;\"><a href=\"https:\/\/estateofmariafelix.com\/fr\/le-prestige-dun-nom\/\">LE PRESTIGE D&#8217;UN NOM<\/a><\/p>\n<p>[\/vc_column_text][vc_column_text el_class=&#8221;principio&#8221; css=&#8221;.vc_custom_1742872733509{padding-top: 20px !important;padding-bottom: 20px !important;}&#8221;]<\/p>\n<p style=\"text-align: center; margin-top: 15px;\"><a href=\"https:\/\/estateofmariafelix.com\/fr\/une-legende-mexicaine\/\">UNE L\u00c9GENDE MEXICAINE<\/a><\/p>\n<p>[\/vc_column_text][vc_column_text el_class=&#8221;principio&#8221; css=&#8221;.vc_custom_1588983561730{padding-top: 20px !important;padding-bottom: 20px !important;}&#8221;]<\/p>\n<p style=\"text-align: center; margin-top: 15px;\"><a href=\"\/es\/maria-felix-belleza\/\">D\u00d3NDE PUEDE ESTAR MAR\u00cdA<\/a><\/p>\n<p>[\/vc_column_text][vc_column_text el_class=&#8221;principio&#8221; css=&#8221;.vc_custom_1742873106419{padding-top: 20px !important;padding-bottom: 20px !important;}&#8221;]<\/p>\n<p style=\"text-align: center; margin-top: 15px;\"><a href=\"https:\/\/estateofmariafelix.com\/es\/licencia-de-marca-ejemplos\/\">ENREGISTREMENTS DE MARQUES<\/a><\/p>\n<p>[\/vc_column_text][vc_column_text el_class=&#8221;principio&#8221; css=&#8221;.vc_custom_1742873134139{padding-top: 20px !important;padding-bottom: 20px !important;}&#8221;]<\/p>\n<p style=\"text-align: center; margin-top: 15px;\"><a href=\"https:\/\/estateofmariafelix.com\/fr\/dans-les-reseaux-de-la-diva\/\">DANS LES R\u00c9SEAUX DE MAR\u00cdA<\/a><\/p>\n<p>[\/vc_column_text][vc_column_text el_class=&#8221;principio&#8221; css=&#8221;.vc_custom_1742873149731{padding-top: 20px !important;padding-bottom: 20px !important;}&#8221;]<\/p>\n<p style=\"text-align: center; margin-top: 15px;\"><a href=\"https:\/\/estateofmariafelix.com\/fr\/le-monde-de-marie-2\/\">LE MONDE DE MARIE<\/a><\/p>\n<p>[\/vc_column_text][\/vc_column_inner][\/vc_row_inner][\/vc_column][\/vc_row][vc_row css=&#8221;.vc_custom_1676845100775{margin-top: 30px !important;}&#8221;][vc_column][vc_column_text]<\/p>\n<div style=\"width: 640px;\" class=\"wp-video\"><!--[if lt IE 9]><script>document.createElement('video');<\/script><![endif]-->\n<video class=\"video-maria\" id=\"video-978-1\" width=\"640\" height=\"360\" poster=\"https:\/\/estateofmariafelix.com\/fr\/wp-content\/uploads\/2025\/03\/portada-video-maria-felix.png\" preload=\"metadata\" controls=\"controls\"><source type=\"video\/mp4\" src=\"https:\/\/estateofmariafelix.com\/es\/wp-content\/uploads\/2021\/06\/Estate-Of-Maria-Felix.mp4?_=1\" \/><a href=\"https:\/\/estateofmariafelix.com\/es\/wp-content\/uploads\/2021\/06\/Estate-Of-Maria-Felix.mp4\">https:\/\/estateofmariafelix.com\/es\/wp-content\/uploads\/2021\/06\/Estate-Of-Maria-Felix.mp4<\/a><\/video><\/div>\n<p>[\/vc_column_text][\/vc_column][\/vc_row][vc_row][vc_column][vc_column_text]<\/p>\n<h1 style=\"color: #3f4563;\">Domaine de Maria Felix<\/h1>\n<p style=\"color: #3f4563;\">Vous trouverez ici des informations importantes sur la carri\u00e8re artistique de Mar\u00eda F\u00e9lix, ainsi que sa biographie, <strong>domaine de maria felix<\/strong>, etc &#8230;<\/p>\n<p style=\"color: #3f4563;\">Mar\u00eda de los \u00c1ngeles F\u00e9lix G\u00fcere\u00f1a (\u00c1lamos, Sonora, Mexique, 8 avril 1914 &#8211; Mexico, 8 avril 2002), mieux connue sous le nom de Mar\u00eda F\u00e9lix, \u00e9tait une actrice mexicaine, consid\u00e9r\u00e9e comme la plus grande diva du cin\u00e9ma mexicain.1 Elle en est une des figures f\u00e9minines les plus importantes de ce qu&#8217;on appelle l&#8217;\u00e2ge d&#8217;or du cin\u00e9ma mexicain. Il a partag\u00e9 un casting avec plusieurs des grandes stars du cin\u00e9ma latino-am\u00e9ricain de l&#8217;\u00e9poque, et a \u00e9galement jou\u00e9 dans des productions internationales, par des r\u00e9alisateurs tels que Jean Renoir et Luis Bu\u00f1uel, aux c\u00f4t\u00e9s de stars telles que Rossano Brazzi, Vittorio Gassman, Jean Gabin, Yves Montand, G\u00e9rard Philipe et Jack Palance. Avec Pedro Infante, Jorge Negrete, Pedro Armend\u00e1riz et Dolores del R\u00edo, il repr\u00e9sente les plus grandes figures du cin\u00e9ma latino-am\u00e9ricain des ann\u00e9es 40 et 50.<\/p>\n<p>[\/vc_column_text][\/vc_column][\/vc_row]<\/p>\n","protected":false},"excerpt":{"rendered":"<p>[vc_row full_width=&#8221;stretch_row_content_no_spaces&#8221; full_height=&#8221;yes&#8221; content_placement=&#8221;middle&#8221; css_animation=&#8221;fadeIn&#8221; css=&#8221;.vc_custom_1604631070894{margin-bottom: 40px !important;background-color: #3f4563 !important;}&#8221;][vc_column el_class=&#8221;home_ani&#8221;][vc_single_image image=&#8221;3580&#8243; img_size=&#8221;large&#8221; alignment=&#8221;center&#8221; css_animation=&#8221;none&#8221;][vc_row_inner content_placement=&#8221;bottom&#8221; el_class=&#8221;ancho-contacto home_menu&#8221;][vc_column_inner width=&#8221;1\/6&#8243;][vc_column_text el_class=&#8221;principio&#8221;] LE PRESTIGE D&#8217;UN NOM [\/vc_column_text][\/vc_column_inner][vc_column_inner width=&#8221;1\/6&#8243;][vc_column_text el_class=&#8221;principio&#8221;] UNE L\u00c9GENDE MEXICAINE [\/vc_column_text][\/vc_column_inner][vc_column_inner width=&#8221;1\/6&#8243;][vc_column_text el_class=&#8221;principio&#8221;] OU PEUT ETRE MARIA FELIX? [\/vc_column_text][\/vc_column_inner][vc_column_inner width=&#8221;1\/6&#8243;][vc_column_text el_class=&#8221;principio&#8221;] ENREGISTREMENTS DE MARQUES [\/vc_column_text][\/vc_column_inner][vc_column_inner width=&#8221;1\/6&#8243;][vc_column_text el_class=&#8221;principio&#8221;] DANS LES R\u00c9SEAUX DE MAR\u00cdA [\/vc_column_text][\/vc_column_inner][vc_column_inner width=&#8221;1\/6&#8243;][vc_column_text el_class=&#8221;principio&#8221;] [&hellip;]<\/p>\n","protected":false},"author":2,"featured_media":0,"parent":0,"menu_order":0,"comment_status":"closed","ping_status":"closed","template":"visual-temlpate.php","meta":[],"yoast_head":"<!-- This site is optimized with the Yoast SEO plugin v17.1 - https:\/\/yoast.com\/wordpress\/plugins\/seo\/ -->\n<title>Domaine de Maria Felix - Mar\u00eda F\u00e9lix<\/title>\n<meta name=\"description\" content=\"Vous trouverez ici des informations importantes sur la carri\u00e8re artistique de Mar\u00eda F\u00e9lix, ainsi que sa biographie, les phrases de Mar\u00eda F\u00e9lix et bien plus encore. Ainsi que la propri\u00e9t\u00e9 des droits d&#039;auteur de l&#039;actrice, Domaine de Maria Felix\" \/>\n<meta name=\"robots\" content=\"index, follow, max-snippet:-1, max-image-preview:large, max-video-preview:-1\" \/>\n<link rel=\"canonical\" href=\"https:\/\/estateofmariafelix.com\/es\/\" \/>\n<meta property=\"og:locale\" content=\"fr_FR\" \/>\n<meta property=\"og:type\" content=\"article\" \/>\n<meta property=\"og:title\" content=\"Domaine de Maria Felix - Mar\u00eda F\u00e9lix\" \/>\n<meta property=\"og:description\" content=\"Vous trouverez ici des informations importantes sur la carri\u00e8re artistique de Mar\u00eda F\u00e9lix, ainsi que sa biographie, les phrases de Mar\u00eda F\u00e9lix et bien plus encore. Ainsi que la propri\u00e9t\u00e9 des droits d&#039;auteur de l&#039;actrice, Domaine de Maria Felix\" \/>\n<meta property=\"og:url\" content=\"https:\/\/estateofmariafelix.com\/es\/\" \/>\n<meta property=\"og:site_name\" content=\"Mar\u00eda F\u00e9lix\" \/>\n<meta property=\"article:publisher\" content=\"https:\/\/www.facebook.com\/EstateofMariaFelix\" \/>\n<meta property=\"article:modified_time\" content=\"2025-03-27T18:51:58+00:00\" \/>\n<meta name=\"twitter:card\" content=\"summary_large_image\" \/>\n<meta name=\"twitter:label1\" content=\"Dur\u00e9e de lecture est.\" \/>\n\t<meta name=\"twitter:data1\" content=\"2 minutes\" \/>\n<script type=\"application\/ld+json\" class=\"yoast-schema-graph\">{\"@context\":\"https:\/\/schema.org\",\"@graph\":[{\"@type\":\"Organization\",\"@id\":\"https:\/\/estateofmariafelix.com\/fr\/#organization\",\"name\":\"Estate of Mar\\u00eda F\\u00e9lix\",\"url\":\"https:\/\/estateofmariafelix.com\/fr\/\",\"sameAs\":[\"https:\/\/www.facebook.com\/EstateofMariaFelix\",\"https:\/\/www.instagram.com\/estateofmariafelix\/\"],\"logo\":{\"@type\":\"ImageObject\",\"@id\":\"https:\/\/estateofmariafelix.com\/fr\/#logo\",\"inLanguage\":\"fr-FR\",\"url\":\"https:\/\/estateofmariafelix.com\/fr\/wp-content\/uploads\/2020\/03\/147-LOGO-EOMF-compressor.png\",\"contentUrl\":\"https:\/\/estateofmariafelix.com\/fr\/wp-content\/uploads\/2020\/03\/147-LOGO-EOMF-compressor.png\",\"width\":1772,\"height\":974,\"caption\":\"Estate of Mar\\u00eda F\\u00e9lix\"},\"image\":{\"@id\":\"https:\/\/estateofmariafelix.com\/fr\/#logo\"}},{\"@type\":\"WebSite\",\"@id\":\"https:\/\/estateofmariafelix.com\/fr\/#website\",\"url\":\"https:\/\/estateofmariafelix.com\/fr\/\",\"name\":\"Mar\\u00eda F\\u00e9lix\",\"description\":\"Page officielle\",\"publisher\":{\"@id\":\"https:\/\/estateofmariafelix.com\/fr\/#organization\"},\"potentialAction\":[{\"@type\":\"SearchAction\",\"target\":{\"@type\":\"EntryPoint\",\"urlTemplate\":\"https:\/\/estateofmariafelix.com\/fr\/?s={search_term_string}\"},\"query-input\":\"required name=search_term_string\"}],\"inLanguage\":\"fr-FR\"},{\"@type\":\"WebPage\",\"@id\":\"https:\/\/estateofmariafelix.com\/es\/#webpage\",\"url\":\"https:\/\/estateofmariafelix.com\/es\/\",\"name\":\"Domaine de Maria Felix - Mar\\u00eda F\\u00e9lix\",\"isPartOf\":{\"@id\":\"https:\/\/estateofmariafelix.com\/fr\/#website\"},\"datePublished\":\"2016-10-28T07:08:43+00:00\",\"dateModified\":\"2025-03-27T18:51:58+00:00\",\"description\":\"Vous trouverez ici des informations importantes sur la carri\\u00e8re artistique de Mar\\u00eda F\\u00e9lix, ainsi que sa biographie, les phrases de Mar\\u00eda F\\u00e9lix et bien plus encore. Ainsi que la propri\\u00e9t\\u00e9 des droits d'auteur de l'actrice, Domaine de Maria Felix\",\"breadcrumb\":{\"@id\":\"https:\/\/estateofmariafelix.com\/es\/#breadcrumb\"},\"inLanguage\":\"fr-FR\",\"potentialAction\":[{\"@type\":\"ReadAction\",\"target\":[\"https:\/\/estateofmariafelix.com\/es\/\"]}]},{\"@type\":\"BreadcrumbList\",\"@id\":\"https:\/\/estateofmariafelix.com\/es\/#breadcrumb\",\"itemListElement\":[{\"@type\":\"ListItem\",\"position\":1,\"name\":\"Inicio\",\"item\":\"https:\/\/estateofmariafelix.com\/fr\/\"},{\"@type\":\"ListItem\",\"position\":2,\"name\":\"Domaine de Maria Felix\"}]}]}<\/script>\n<!-- \/ Yoast SEO plugin. -->","yoast_head_json":{"title":"Domaine de Maria Felix - Mar\u00eda F\u00e9lix","description":"Vous trouverez ici des informations importantes sur la carri\u00e8re artistique de Mar\u00eda F\u00e9lix, ainsi que sa biographie, les phrases de Mar\u00eda F\u00e9lix et bien plus encore. Ainsi que la propri\u00e9t\u00e9 des droits d'auteur de l'actrice, Domaine de Maria Felix","robots":{"index":"index","follow":"follow","max-snippet":"max-snippet:-1","max-image-preview":"max-image-preview:large","max-video-preview":"max-video-preview:-1"},"canonical":"https:\/\/estateofmariafelix.com\/es\/","og_locale":"fr_FR","og_type":"article","og_title":"Domaine de Maria Felix - Mar\u00eda F\u00e9lix","og_description":"Vous trouverez ici des informations importantes sur la carri\u00e8re artistique de Mar\u00eda F\u00e9lix, ainsi que sa biographie, les phrases de Mar\u00eda F\u00e9lix et bien plus encore. Ainsi que la propri\u00e9t\u00e9 des droits d'auteur de l'actrice, Domaine de Maria Felix","og_url":"https:\/\/estateofmariafelix.com\/es\/","og_site_name":"Mar\u00eda F\u00e9lix","article_publisher":"https:\/\/www.facebook.com\/EstateofMariaFelix","article_modified_time":"2025-03-27T18:51:58+00:00","twitter_card":"summary_large_image","twitter_misc":{"Dur\u00e9e de lecture est.":"2 minutes"},"schema":{"@context":"https:\/\/schema.org","@graph":[{"@type":"Organization","@id":"https:\/\/estateofmariafelix.com\/fr\/#organization","name":"Estate of Mar\u00eda F\u00e9lix","url":"https:\/\/estateofmariafelix.com\/fr\/","sameAs":["https:\/\/www.facebook.com\/EstateofMariaFelix","https:\/\/www.instagram.com\/estateofmariafelix\/"],"logo":{"@type":"ImageObject","@id":"https:\/\/estateofmariafelix.com\/fr\/#logo","inLanguage":"fr-FR","url":"https:\/\/estateofmariafelix.com\/fr\/wp-content\/uploads\/2020\/03\/147-LOGO-EOMF-compressor.png","contentUrl":"https:\/\/estateofmariafelix.com\/fr\/wp-content\/uploads\/2020\/03\/147-LOGO-EOMF-compressor.png","width":1772,"height":974,"caption":"Estate of Mar\u00eda F\u00e9lix"},"image":{"@id":"https:\/\/estateofmariafelix.com\/fr\/#logo"}},{"@type":"WebSite","@id":"https:\/\/estateofmariafelix.com\/fr\/#website","url":"https:\/\/estateofmariafelix.com\/fr\/","name":"Mar\u00eda F\u00e9lix","description":"Page officielle","publisher":{"@id":"https:\/\/estateofmariafelix.com\/fr\/#organization"},"potentialAction":[{"@type":"SearchAction","target":{"@type":"EntryPoint","urlTemplate":"https:\/\/estateofmariafelix.com\/fr\/?s={search_term_string}"},"query-input":"required name=search_term_string"}],"inLanguage":"fr-FR"},{"@type":"WebPage","@id":"https:\/\/estateofmariafelix.com\/es\/#webpage","url":"https:\/\/estateofmariafelix.com\/es\/","name":"Domaine de Maria Felix - Mar\u00eda F\u00e9lix","isPartOf":{"@id":"https:\/\/estateofmariafelix.com\/fr\/#website"},"datePublished":"2016-10-28T07:08:43+00:00","dateModified":"2025-03-27T18:51:58+00:00","description":"Vous trouverez ici des informations importantes sur la carri\u00e8re artistique de Mar\u00eda F\u00e9lix, ainsi que sa biographie, les phrases de Mar\u00eda F\u00e9lix et bien plus encore. Ainsi que la propri\u00e9t\u00e9 des droits d'auteur de l'actrice, Domaine de Maria Felix","breadcrumb":{"@id":"https:\/\/estateofmariafelix.com\/es\/#breadcrumb"},"inLanguage":"fr-FR","potentialAction":[{"@type":"ReadAction","target":["https:\/\/estateofmariafelix.com\/es\/"]}]},{"@type":"BreadcrumbList","@id":"https:\/\/estateofmariafelix.com\/es\/#breadcrumb","itemListElement":[{"@type":"ListItem","position":1,"name":"Inicio","item":"https:\/\/estateofmariafelix.com\/fr\/"},{"@type":"ListItem","position":2,"name":"Domaine de Maria Felix"}]}]}},"_links":{"self":[{"href":"https:\/\/estateofmariafelix.com\/fr\/wp-json\/wp\/v2\/pages\/978"}],"collection":[{"href":"https:\/\/estateofmariafelix.com\/fr\/wp-json\/wp\/v2\/pages"}],"about":[{"href":"https:\/\/estateofmariafelix.com\/fr\/wp-json\/wp\/v2\/types\/page"}],"author":[{"embeddable":true,"href":"https:\/\/estateofmariafelix.com\/fr\/wp-json\/wp\/v2\/users\/2"}],"replies":[{"embeddable":true,"href":"https:\/\/estateofmariafelix.com\/fr\/wp-json\/wp\/v2\/comments?post=978"}],"version-history":[{"count":75,"href":"https:\/\/estateofmariafelix.com\/fr\/wp-json\/wp\/v2\/pages\/978\/revisions"}],"predecessor-version":[{"id":3824,"href":"https:\/\/estateofmariafelix.com\/fr\/wp-json\/wp\/v2\/pages\/978\/revisions\/3824"}],"wp:attachment":[{"href":"https:\/\/estateofmariafelix.com\/fr\/wp-json\/wp\/v2\/media?parent=978"}],"curies":[{"name":"wp","href":"https:\/\/api.w.org\/{rel}","templated":true}]}}